{"id":5893,"date":"2025-05-29T10:46:11","date_gmt":"2025-05-29T08:46:11","guid":{"rendered":"https:\/\/snabb.xyz\/kontakti\/karjera\/latvian-business-development-manager\/"},"modified":"2025-06-05T10:37:54","modified_gmt":"2025-06-05T08:37:54","slug":"latvijas-biznesa-attistibas-menedzeris","status":"publish","type":"page","link":"https:\/\/snabb.xyz\/lv\/kontakti\/karjera\/latvijas-biznesa-attistibas-menedzeris\/","title":{"rendered":"Latvijas biznesa att\u012bst\u012bbas mened\u017eeris"},"content":{"rendered":"\t\t<div data-elementor-type=\"wp-page\" data-elementor-id=\"5893\" class=\"elementor elementor-5893\" data-elementor-post-type=\"page\">\n\t\t\t\t<section class=\"elementor-element elementor-element-236c055 e-con-full e-flex e-con e-parent\" data-id=\"236c055\" data-element_type=\"container\">\n\t\t<div class=\"elementor-element elementor-element-4e705f5 e-con-full e-flex e-con e-child\" data-id=\"4e705f5\" data-element_type=\"container\">\n\t\t<div class=\"elementor-element elementor-element-6df7460 e-flex e-con-boxed e-con e-child\" data-id=\"6df7460\" data-element_type=\"container\" data-settings=\"{&quot;background_background&quot;:&quot;classic&quot;}\">\n\t\t\t\t\t<div class=\"e-con-inner\">\n\t\t<div class=\"elementor-element elementor-element-1730906 e-flex e-con-boxed e-con e-child\" data-id=\"1730906\" data-element_type=\"container\">\n\t\t\t\t\t<div class=\"e-con-inner\">\n\t\t<div class=\"elementor-element elementor-element-163bc8d e-con-full e-flex e-con e-child\" data-id=\"163bc8d\" data-element_type=\"container\">\n\t\t<div class=\"elementor-element elementor-element-f895d8e e-con-full e-flex e-con e-child\" data-id=\"f895d8e\" data-element_type=\"container\" data-settings=\"{&quot;sticky&quot;:&quot;top&quot;,&quot;sticky_on&quot;:[&quot;desktop&quot;,&quot;tablet&quot;],&quot;sticky_offset&quot;:140,&quot;sticky_offset_tablet&quot;:80,&quot;sticky_parent&quot;:&quot;yes&quot;,&quot;sticky_effects_offset&quot;:0,&quot;sticky_anchor_link_offset&quot;:0}\">\n\t\t\t\t<div class=\"elementor-element elementor-element-b040fd7 animated-fast elementor-invisible elementor-widget elementor-widget-heading\" data-id=\"b040fd7\" data-element_type=\"widget\" data-settings=\"{&quot;_animation&quot;:&quot;fadeInUp&quot;}\" data-widget_type=\"heading.default\">\n\t\t\t\t<div class=\"elementor-widget-container\">\n\t\t\t\t\t<h3 class=\"elementor-heading-title elementor-size-default\">Pievienojies mums<\/h3>\t\t\t\t<\/div>\n\t\t\t\t<\/div>\n\t\t\t\t<div class=\"elementor-element elementor-element-883d75b animated-fast elementor-invisible elementor-widget elementor-widget-heading\" data-id=\"883d75b\" data-element_type=\"widget\" data-settings=\"{&quot;_animation&quot;:&quot;fadeInUp&quot;}\" data-widget_type=\"heading.default\">\n\t\t\t\t<div class=\"elementor-widget-container\">\n\t\t\t\t\t<h1 class=\"elementor-heading-title elementor-size-default\">Latvijas biznesa att\u012bst\u012bbas mened\u017eeris<\/h1>\t\t\t\t<\/div>\n\t\t\t\t<\/div>\n\t\t\t\t<div class=\"elementor-element elementor-element-1e664cb animated-fast elementor-invisible elementor-widget elementor-widget-heading\" data-id=\"1e664cb\" data-element_type=\"widget\" data-settings=\"{&quot;_animation&quot;:&quot;fadeInUp&quot;}\" data-widget_type=\"heading.default\">\n\t\t\t\t<div class=\"elementor-widget-container\">\n\t\t\t\t\t<p class=\"elementor-heading-title elementor-size-default\">Atra\u0161an\u0101s vieta: R\u012bga\n\n<\/p>\t\t\t\t<\/div>\n\t\t\t\t<\/div>\n\t\t<div class=\"elementor-element elementor-element-6234d6f e-con-full animated-fast e-flex elementor-invisible e-con e-child\" data-id=\"6234d6f\" data-element_type=\"container\" data-settings=\"{&quot;animation&quot;:&quot;fadeIn&quot;}\">\n\t\t\t\t<div class=\"elementor-element elementor-element-d37c251 elementor-widget elementor-widget-heading\" data-id=\"d37c251\" data-element_type=\"widget\" data-widget_type=\"heading.default\">\n\t\t\t\t<div class=\"elementor-widget-container\">\n\t\t\t\t\t<span class=\"elementor-heading-title elementor-size-default\">Dalies ar darba sludin\u0101jumu:\n\n<\/span>\t\t\t\t<\/div>\n\t\t\t\t<\/div>\n\t\t<div class=\"elementor-element elementor-element-9a654a5 e-con-full e-flex e-con e-child\" data-id=\"9a654a5\" data-element_type=\"container\">\n\t\t\t\t<div class=\"elementor-element elementor-element-72c3c95 elementor-share-buttons--skin-minimal elementor-share-buttons--shape-rounded elementor-share-buttons--color-custom custom_social_share elementor-share-buttons--view-icon-text elementor-grid-0 elementor-widget elementor-widget-share-buttons\" data-id=\"72c3c95\" data-element_type=\"widget\" data-widget_type=\"share-buttons.default\">\n\t\t\t\t<div class=\"elementor-widget-container\">\n\t\t\t\t\t\t\t<div class=\"elementor-grid\">\n\t\t\t\t\t\t\t\t<div class=\"elementor-grid-item\">\n\t\t\t\t\t\t<div\n\t\t\t\t\t\t\tclass=\"elementor-share-btn elementor-share-btn_facebook\"\n\t\t\t\t\t\t\trole=\"button\"\n\t\t\t\t\t\t\ttabindex=\"0\"\n\t\t\t\t\t\t\taria-label=\"Share on facebook\"\n\t\t\t\t\t\t>\n\t\t\t\t\t\t\t\t\t\t\t\t\t\t\t<span class=\"elementor-share-btn__icon\">\n\t\t\t\t\t\t\t\t<svg class=\"e-font-icon-svg e-fab-facebook\" viewBox=\"0 0 512 512\" xmlns=\"http:\/\/www.w3.org\/2000\/svg\"><path d=\"M504 256C504 119 393 8 256 8S8 119 8 256c0 123.78 90.69 226.38 209.25 245V327.69h-63V256h63v-54.64c0-62.15 37-96.48 93.67-96.48 27.14 0 55.52 4.84 55.52 4.84v61h-31.28c-30.8 0-40.41 19.12-40.41 38.73V256h68.78l-11 71.69h-57.78V501C413.31 482.38 504 379.78 504 256z\"><\/path><\/svg>\t\t\t\t\t\t\t<\/span>\n\t\t\t\t\t\t\t\t\t\t\t\t\t\t\t\t\t\t\t\t\t\t<div class=\"elementor-share-btn__text\">\n\t\t\t\t\t\t\t\t\t\t\t\t\t\t\t\t\t\t\t<span class=\"elementor-share-btn__title\">\n\t\t\t\t\t\t\t\t\t\tFacebook\t\t\t\t\t\t\t\t\t<\/span>\n\t\t\t\t\t\t\t\t\t\t\t\t\t\t\t\t\t<\/div>\n\t\t\t\t\t\t\t\t\t\t\t\t\t<\/div>\n\t\t\t\t\t<\/div>\n\t\t\t\t\t\t\t\t\t<div class=\"elementor-grid-item\">\n\t\t\t\t\t\t<div\n\t\t\t\t\t\t\tclass=\"elementor-share-btn elementor-share-btn_linkedin\"\n\t\t\t\t\t\t\trole=\"button\"\n\t\t\t\t\t\t\ttabindex=\"0\"\n\t\t\t\t\t\t\taria-label=\"Share on linkedin\"\n\t\t\t\t\t\t>\n\t\t\t\t\t\t\t\t\t\t\t\t\t\t\t<span class=\"elementor-share-btn__icon\">\n\t\t\t\t\t\t\t\t<svg class=\"e-font-icon-svg e-fab-linkedin\" viewBox=\"0 0 448 512\" xmlns=\"http:\/\/www.w3.org\/2000\/svg\"><path d=\"M416 32H31.9C14.3 32 0 46.5 0 64.3v383.4C0 465.5 14.3 480 31.9 480H416c17.6 0 32-14.5 32-32.3V64.3c0-17.8-14.4-32.3-32-32.3zM135.4 416H69V202.2h66.5V416zm-33.2-243c-21.3 0-38.5-17.3-38.5-38.5S80.9 96 102.2 96c21.2 0 38.5 17.3 38.5 38.5 0 21.3-17.2 38.5-38.5 38.5zm282.1 243h-66.4V312c0-24.8-.5-56.7-34.5-56.7-34.6 0-39.9 27-39.9 54.9V416h-66.4V202.2h63.7v29.2h.9c8.9-16.8 30.6-34.5 62.9-34.5 67.2 0 79.7 44.3 79.7 101.9V416z\"><\/path><\/svg>\t\t\t\t\t\t\t<\/span>\n\t\t\t\t\t\t\t\t\t\t\t\t\t\t\t\t\t\t\t\t\t\t<div class=\"elementor-share-btn__text\">\n\t\t\t\t\t\t\t\t\t\t\t\t\t\t\t\t\t\t\t<span class=\"elementor-share-btn__title\">\n\t\t\t\t\t\t\t\t\t\tLinkedIn\t\t\t\t\t\t\t\t\t<\/span>\n\t\t\t\t\t\t\t\t\t\t\t\t\t\t\t\t\t<\/div>\n\t\t\t\t\t\t\t\t\t\t\t\t\t<\/div>\n\t\t\t\t\t<\/div>\n\t\t\t\t\t\t\t\t\t<div class=\"elementor-grid-item\">\n\t\t\t\t\t\t<div\n\t\t\t\t\t\t\tclass=\"elementor-share-btn elementor-share-btn_twitter\"\n\t\t\t\t\t\t\trole=\"button\"\n\t\t\t\t\t\t\ttabindex=\"0\"\n\t\t\t\t\t\t\taria-label=\"Share on twitter\"\n\t\t\t\t\t\t>\n\t\t\t\t\t\t\t\t\t\t\t\t\t\t\t<span class=\"elementor-share-btn__icon\">\n\t\t\t\t\t\t\t\t<svg class=\"e-font-icon-svg e-fab-twitter\" viewBox=\"0 0 512 512\" xmlns=\"http:\/\/www.w3.org\/2000\/svg\"><path d=\"M459.37 151.716c.325 4.548.325 9.097.325 13.645 0 138.72-105.583 298.558-298.558 298.558-59.452 0-114.68-17.219-161.137-47.106 8.447.974 16.568 1.299 25.34 1.299 49.055 0 94.213-16.568 130.274-44.832-46.132-.975-84.792-31.188-98.112-72.772 6.498.974 12.995 1.624 19.818 1.624 9.421 0 18.843-1.3 27.614-3.573-48.081-9.747-84.143-51.98-84.143-102.985v-1.299c13.969 7.797 30.214 12.67 47.431 13.319-28.264-18.843-46.781-51.005-46.781-87.391 0-19.492 5.197-37.36 14.294-52.954 51.655 63.675 129.3 105.258 216.365 109.807-1.624-7.797-2.599-15.918-2.599-24.04 0-57.828 46.782-104.934 104.934-104.934 30.213 0 57.502 12.67 76.67 33.137 23.715-4.548 46.456-13.32 66.599-25.34-7.798 24.366-24.366 44.833-46.132 57.827 21.117-2.273 41.584-8.122 60.426-16.243-14.292 20.791-32.161 39.308-52.628 54.253z\"><\/path><\/svg>\t\t\t\t\t\t\t<\/span>\n\t\t\t\t\t\t\t\t\t\t\t\t\t\t\t\t\t\t\t\t\t\t<div class=\"elementor-share-btn__text\">\n\t\t\t\t\t\t\t\t\t\t\t\t\t\t\t\t\t\t\t<span class=\"elementor-share-btn__title\">\n\t\t\t\t\t\t\t\t\t\tTwitter\/X\t\t\t\t\t\t\t\t\t<\/span>\n\t\t\t\t\t\t\t\t\t\t\t\t\t\t\t\t\t<\/div>\n\t\t\t\t\t\t\t\t\t\t\t\t\t<\/div>\n\t\t\t\t\t<\/div>\n\t\t\t\t\t\t<\/div>\n\t\t\t\t\t\t<\/div>\n\t\t\t\t<\/div>\n\t\t\t\t<\/div>\n\t\t\t\t<\/div>\n\t\t\t\t<\/div>\n\t\t\t\t<\/div>\n\t\t<div class=\"elementor-element elementor-element-858b35f e-flex e-con-boxed e-con e-child\" data-id=\"858b35f\" data-element_type=\"container\">\n\t\t\t\t\t<div class=\"e-con-inner\">\n\t\t\t\t<div class=\"elementor-element elementor-element-6511fcf list_kollaste_tappidega animated-fast elementor-invisible elementor-widget elementor-widget-text-editor\" data-id=\"6511fcf\" data-element_type=\"widget\" data-settings=\"{&quot;_animation&quot;:&quot;fadeIn&quot;}\" data-widget_type=\"text-editor.default\">\n\t\t\t\t<div class=\"elementor-widget-container\">\n\t\t\t\t\t\t\t\t\t<p data-start=\"63\" data-end=\"310\">M\u0113s mekl\u0113jam Latvijas Biznesa att\u012bst\u012bbas vad\u012bt\u0101ju, kas pievienotos m\u016bsu komandai. \u0160aj\u0101 amat\u0101 Tu identific\u0113si jaunus un m\u0113r\u0137\u0113si uz eso\u0161iem autost\u0101vvietu objektiem, pied\u0101v\u0101si tiem Snabb tehniskos un finan\u0161u risin\u0101jumus, k\u0101 ar\u012b veiksi p\u0101rrunas un nosl\u0113gsi l\u012bgumus ar zemes \u012bpa\u0161niekiem.<\/p><p data-start=\"63\" data-end=\"310\">Snabb ir ce\u013c\u0101 uz tirgus l\u012bdera poz\u012bciju, un, lai to sasniegtu, m\u0113s mekl\u0113jam disciplin\u0113tu, m\u0113r\u0137tiec\u012bgu biznesa att\u012bst\u012bt\u0101ju, kur\u0161 ir ambiciozs un koncentr\u0113ts uz KPI sasnieg\u0161anu. \u0160\u012b poz\u012bcija pied\u0101v\u0101 lielu br\u012bv\u012bbu un pilnvaras, k\u0101 ar\u012b iesp\u0113ju katru m\u0113nesi sl\u0113gt noz\u012bm\u012bgus dar\u012bjumus ar nekustam\u0101 \u012bpa\u0161uma \u012bpa\u0161niekiem. \u0160obr\u012bd ir lielisks br\u012bdis pievienoties strauji augo\u0161am uz\u0146\u0113mumam un ie\u0146emt svar\u012bgu lomu t\u0101 n\u0101kotnes veido\u0161an\u0101.<\/p><p data-start=\"63\" data-end=\"310\">V\u0113lamais kandid\u0101ts b\u016bs uz rezult\u0101tiem orient\u0113ts, komunikabls un gatavs izmantot jaunas iesp\u0113jas. Proakt\u012bva dom\u0101\u0161ana, sp\u0113c\u012bgas p\u0101rrunu prasmes un sp\u0113ja g\u016bt rezult\u0101tus ir b\u016btiskas \u0161aj\u0101 amat\u0101.<\/p><div class=\"p-rich_text_section\"><b data-stringify-type=\"bold\">Amata pien\u0101kumi:<\/b><\/div><ul class=\"p-rich_text_list p-rich_text_list__bullet p-rich_text_list--nested\" data-stringify-type=\"unordered-list\" data-list-tree=\"true\" data-indent=\"0\" data-border=\"0\"><li data-stringify-indent=\"0\" data-stringify-border=\"0\">Identific\u0113t jaunas un eso\u0161as autost\u0101vvietu iesp\u0113jas;<\/li><li data-stringify-indent=\"0\" data-stringify-border=\"0\">Sazin\u0101ties un att\u012bst\u012bt jaunas attiec\u012bbas ar nekustam\u0101 \u012bpa\u0161uma \u012bpa\u0161niekiem;<\/li><li data-stringify-indent=\"0\" data-stringify-border=\"0\">Veikt p\u0101rrunas un sl\u0113gt B2B l\u012bgumus;<\/li><li data-stringify-indent=\"0\" data-stringify-border=\"0\">Uztur\u0113t eso\u0161os dar\u012bjumus;<\/li><li data-stringify-indent=\"0\" data-stringify-border=\"0\">Kritiski pl\u0101not, lai nodro\u0161in\u0101tu projektu veiksm\u012bgu \u012bsteno\u0161anu.<\/li><\/ul><div class=\"p-rich_text_section\"><b data-stringify-type=\"bold\">Par tevi:<\/b><\/div><ul class=\"p-rich_text_list p-rich_text_list__bullet p-rich_text_list--nested\" data-stringify-type=\"unordered-list\" data-list-tree=\"true\" data-indent=\"0\" data-border=\"0\"><li data-stringify-indent=\"0\" data-stringify-border=\"0\">Bakalaura gr\u0101ds vai l\u012bdzv\u0113rt\u012bga pieredze;<\/li><li data-stringify-indent=\"0\" data-stringify-border=\"0\">2+ gadu iepriek\u0161\u0113ja B2B p\u0101rdo\u0161anas pieredze;<\/li><li data-stringify-indent=\"0\" data-stringify-border=\"0\">Sp\u0113c\u012bgas komunik\u0101cijas prasmes un pa\u0161discipl\u012bna;<\/li><li data-stringify-indent=\"0\" data-stringify-border=\"0\">Pier\u0101d\u012btas zin\u0101\u0161anas un pieredze veiksm\u012bgu att\u012bst\u012bbas strat\u0113\u0123iju \u012bsteno\u0161an\u0101;<\/li><li data-stringify-indent=\"0\" data-stringify-border=\"0\">M\u0113r\u0137tiec\u012bgs un orient\u0113ts uz rezult\u0101tiem;<\/li><li data-stringify-indent=\"0\" data-stringify-border=\"0\"><strong>Bonuss:<\/strong> eso\u0161s kontaktu t\u012bkls nekustam\u0101 \u012bpa\u0161uma jom\u0101.<\/li><\/ul><div class=\"p-rich_text_section\"><strong>Vai \u0161\u0137iet, ka \u0161is amats ir dom\u0101ts tie\u0161i Tev? S\u016bti savu CV vai jaut\u0101jumus uz<\/strong>\u00a0<b data-stringify-type=\"bold\"><a class=\"c-link\" href=\"mailto:kustas@snabb.ee\" target=\"_blank\" rel=\"noopener noreferrer\" data-stringify-link=\"mailto:kustas@snabb.ee\" data-sk=\"tooltip_parent\" aria-haspopup=\"menu\">kustas@snabb.ee<\/a><\/b>.<\/div>\t\t\t\t\t\t\t\t<\/div>\n\t\t\t\t<\/div>\n\t\t\t\t\t<\/div>\n\t\t\t\t<\/div>\n\t\t\t\t\t<\/div>\n\t\t\t\t<\/div>\n\t\t\t\t\t<\/div>\n\t\t\t\t<\/div>\n\t\t\t\t<\/div>\n\t\t\t\t<\/section>\n\t\t\t\t<\/div>\n\t\t","protected":false},"excerpt":{"rendered":"<p>Pievienojies mums Atra\u0161an\u0101s vieta: R\u012bga Dalies ar darba sludin\u0101jumu: Facebook LinkedIn Twitter\/X M\u0113s mekl\u0113jam Latvijas Biznesa att\u012bst\u012bbas vad\u012bt\u0101ju, kas pievienotos m\u016bsu komandai. \u0160aj\u0101 amat\u0101 Tu identific\u0113si jaunus un m\u0113r\u0137\u0113si uz eso\u0161iem autost\u0101vvietu objektiem, pied\u0101v\u0101si tiem Snabb tehniskos un finan\u0161u risin\u0101jumus, k\u0101 ar\u012b veiksi p\u0101rrunas un nosl\u0113gsi l\u012bgumus ar zemes \u012bpa\u0161niekiem. Snabb ir ce\u013c\u0101 uz tirgus [&hellip;]<\/p>\n","protected":false},"author":2,"featured_media":4576,"parent":5867,"menu_order":0,"comment_status":"closed","ping_status":"closed","template":"elementor_header_footer","meta":{"footnotes":""},"class_list":["post-5893","page","type-page","status-publish","has-post-thumbnail","hentry"],"_links":{"self":[{"href":"https:\/\/snabb.xyz\/lv\/wp-json\/wp\/v2\/pages\/5893","targetHints":{"allow":["GET"]}}],"collection":[{"href":"https:\/\/snabb.xyz\/lv\/wp-json\/wp\/v2\/pages"}],"about":[{"href":"https:\/\/snabb.xyz\/lv\/wp-json\/wp\/v2\/types\/page"}],"author":[{"embeddable":true,"href":"https:\/\/snabb.xyz\/lv\/wp-json\/wp\/v2\/users\/2"}],"replies":[{"embeddable":true,"href":"https:\/\/snabb.xyz\/lv\/wp-json\/wp\/v2\/comments?post=5893"}],"version-history":[{"count":10,"href":"https:\/\/snabb.xyz\/lv\/wp-json\/wp\/v2\/pages\/5893\/revisions"}],"predecessor-version":[{"id":5912,"href":"https:\/\/snabb.xyz\/lv\/wp-json\/wp\/v2\/pages\/5893\/revisions\/5912"}],"up":[{"embeddable":true,"href":"https:\/\/snabb.xyz\/lv\/wp-json\/wp\/v2\/pages\/5867"}],"wp:featuredmedia":[{"embeddable":true,"href":"https:\/\/snabb.xyz\/lv\/wp-json\/wp\/v2\/media\/4576"}],"wp:attachment":[{"href":"https:\/\/snabb.xyz\/lv\/wp-json\/wp\/v2\/media?parent=5893"}],"curies":[{"name":"wp","href":"https:\/\/api.w.org\/{rel}","templated":true}]}}