{"id":5617,"date":"2024-11-04T23:19:32","date_gmt":"2024-11-04T21:19:32","guid":{"rendered":"https:\/\/snabb.xyz\/noteikumi-un-nosacijumi\/parkimistingimused\/"},"modified":"2025-12-10T10:47:21","modified_gmt":"2025-12-10T08:47:21","slug":"autostavvietas-lietosanas-noteikumi","status":"publish","type":"page","link":"https:\/\/snabb.xyz\/lv\/noteikumi-un-nosacijumi\/autostavvietas-lietosanas-noteikumi\/","title":{"rendered":"Autost\u0101vvietas lieto\u0161anas noteikumi"},"content":{"rendered":"\t\t<div data-elementor-type=\"wp-page\" data-elementor-id=\"5617\" class=\"elementor elementor-5617 elementor-987\" data-elementor-post-type=\"page\">\n\t\t\t\t<section class=\"elementor-element elementor-element-43889d4 e-flex e-con-boxed e-con e-parent\" data-id=\"43889d4\" data-element_type=\"container\">\n\t\t\t\t\t<div class=\"e-con-inner\">\n\t\t<div class=\"elementor-element elementor-element-2d5db8f e-flex e-con-boxed e-con e-child\" data-id=\"2d5db8f\" data-element_type=\"container\">\n\t\t\t\t\t<div class=\"e-con-inner\">\n\t\t<div class=\"elementor-element elementor-element-ae062c1 e-con-full e-flex e-con e-child\" data-id=\"ae062c1\" data-element_type=\"container\">\n\t\t\t\t<div class=\"elementor-element elementor-element-ec1b590 animated-fast elementor-invisible elementor-widget elementor-widget-heading\" data-id=\"ec1b590\" data-element_type=\"widget\" data-settings=\"{&quot;_animation&quot;:&quot;fadeInUp&quot;}\" data-widget_type=\"heading.default\">\n\t\t\t\t<div class=\"elementor-widget-container\">\n\t\t\t\t\t<h1 class=\"elementor-heading-title elementor-size-default\">Autost\u0101vvietas lieto\u0161anas noteikumi\n<\/h1>\t\t\t\t<\/div>\n\t\t\t\t<\/div>\n\t\t<div class=\"elementor-element elementor-element-5d5b62b e-con-full e-flex e-con e-child\" data-id=\"5d5b62b\" data-element_type=\"container\">\n\t\t\t\t<div class=\"elementor-element elementor-element-741c1a9 tingimused_textbox animated-fast elementor-invisible elementor-widget elementor-widget-text-editor\" data-id=\"741c1a9\" data-element_type=\"widget\" data-settings=\"{&quot;_animation&quot;:&quot;fadeInUp&quot;,&quot;_animation_delay&quot;:200}\" data-widget_type=\"text-editor.default\">\n\t\t\t\t<div class=\"elementor-widget-container\">\n\t\t\t\t\t\t\t\t\t<p data-pm-slice=\"0 0 []\"><strong>1. L\u012bguma nosl\u0113g\u0161ana.<\/strong> Saska\u0146\u0101 ar Latvijas Civillikuma 1428., 1535., 1537. pantiem, \u0161ie Autost\u0101vvietas lieto\u0161anas noteikumi (\u201c<strong>Noteikumi<\/strong>\u201d) veido autost\u0101vvietas (\u201c<strong>Autost\u0101vvieta<\/strong>\u201d) lieto\u0161anas l\u012bgumu starp starp SIA Snabb, re\u0123.Nr.: 4020361695, juridisk\u0101 adrese: Dzirnavu iela 57A &#8211; 4, R\u012bga, LV-1010, t\u0101lrunis: +371 20369626 (\u201c<strong>Operators<\/strong>\u201d) un transportl\u012bdzek\u013ca lietot\u0101ju (\u201c<strong>Vad\u012bt\u0101js<\/strong>\u201d), k\u0101 starp kl\u0101tneeso\u0161\u0101m pus\u0113m. L\u012bdz transportl\u012bdzek\u013ca (\u201c<strong>Transportl\u012bdzeklis<\/strong>\u201d) novieto\u0161anai Autost\u0101vviet\u0101 Noteikumi veido Operatora oferti nosl\u0113gt Autost\u0101vvietas lieto\u0161anas l\u012bgumu (\u201c<strong>L\u012bgums<\/strong>\u201d), kuru Vad\u012bt\u0101js akcept\u0113, novietojot Transportl\u012bdzekli Autost\u0101vviet\u0101.<\/p><p data-pm-slice=\"0 0 []\"><strong>2. Darba laiks.<\/strong> Autost\u0101vvieta darbojas katru dienu visu diennakti, bet Operators ir ties\u012bgs p\u0113c nepiecie\u0161am\u012bbas ierobe\u017eot vai aizliegt t\u0101s lieto\u0161anu.<\/p><p data-pm-slice=\"0 0 []\"><strong>3. Maksa par Autost\u0101vvietas izmanto\u0161anu.<\/strong> Autost\u0101vvietas izmanto\u0161ana ir maksas pakalpojums. Inform\u0101cija par Autost\u0101vvietas izmanto\u0161anas maksu un t\u0101s apmaksas veidiem ir atrodami uz Autost\u0101vviet\u0101 izvietotaj\u0101m z\u012bm\u0113m un\/vai Autost\u0101vviet\u0101 uzst\u0101d\u012btajiem kases autom\u0101tiem (\u201c<strong>Autom\u0101ts<\/strong>\u201d), k\u0101 ar\u012b Operatora un cit\u0101s pieejamaj\u0101s mobilaj\u0101s lietotn\u0113s (\u201c<strong>Mobil\u0101 lietotne<\/strong>\u201d).<\/p><p data-pm-slice=\"0 0 []\"><strong>4. Transportl\u012bdzek\u013ci, kurus at\u013cauts novietot Autost\u0101vviet\u0101.<\/strong> Autost\u0101vviet\u0101 at\u013cauts novietot tikai atbilsto\u0161i re\u0123istr\u0113tus Transportl\u012bdzek\u013cus ar der\u012bgu valsts re\u0123istr\u0101cijas numura z\u012bmi un t\u0101d\u0101 tehnisk\u0101 st\u0101vokl\u012b, kas nerada b\u012bstam\u012bbu citiem Autost\u0101vvietas lietot\u0101jiem, un nepies\u0101r\u0146o vidi.<\/p><p data-pm-slice=\"0 0 []\"><strong>5. Maks\u0101jumu k\u0101rt\u012bba.<\/strong><\/p><p data-pm-slice=\"0 0 []\"><strong>Variants 1:<\/strong> Ja Autost\u0101vviet\u0101 ir uzst\u0101d\u012bta autom\u0101tisk\u0101 iebrauk\u0161anas kontroles barjera, sist\u0113ma fiks\u0113 Transportl\u012bdzek\u013ca re\u0123istr\u0101cijas numuru iebrauk\u0161anas br\u012bd\u012b, uzs\u0101kot Autost\u0101vvietas izmanto\u0161anas laika uzskaiti. Vad\u012bt\u0101js var 5 min\u016b\u0161u laik\u0101 izbraukt no Autost\u0101vvietas bez samaksas. Izbraucot v\u0113l\u0101k, Vad\u012bt\u0101jam ir pien\u0101kums pirms izbrauk\u0161anas no Autost\u0101vvietas veikt samaksu par Autost\u0101vvietas lieto\u0161anu Autom\u0101t\u0101 vai Mobilaj\u0101 lietotn\u0113.<\/p><p data-pm-slice=\"0 0 []\"><strong>Variants 2:<\/strong> Transportl\u012bdzeklim iebraucot Autost\u0101vviet\u0101, kur\u0101 nav uzst\u0101d\u012bta autom\u0101tisk\u0101 barjera, Vad\u012bt\u0101jam ir j\u0101veic priek\u0161apmaksu vai nu Autom\u0101t\u0101 vai Mobilaj\u0101 lietotn\u0113. Vad\u012bt\u0101js ir ties\u012bgs lietot Autost\u0101vvietu tikai l\u012bdz apmaks\u0101t\u0101 laika beig\u0101m.<\/p><p data-pm-slice=\"0 0 []\"><strong>6. L\u012bguma atjauno\u0161ana.<\/strong> Ja p\u0113c apmaks\u0101t\u0101 laika beig\u0101m Transportl\u012bdzeklis bez kav\u0113\u0161an\u0101s neizbrauc no Autost\u0101vvietas teritorijas, tad uzskat\u0101ms, ka Vad\u012bt\u0101js atk\u0101rtoti akcept\u0113 Noteikumus un nosl\u0113dz jaunu l\u012bgumu par Autost\u0101vvietas lieto\u0161anu.<\/p><p data-pm-slice=\"0 0 []\"><strong>7. Maksim\u0101lais Autost\u0101vvietas izmanto\u0161anas ilgums.<\/strong> Maksim\u0101lais Transportl\u012bdzek\u013ca st\u0101v\u0113\u0161anas ilgums Autost\u0101vviet\u0101 ir 28 dienas p\u0113c k\u0101rtas. Lai izmantotu Autost\u0101vvietu ilg\u0101k, ir j\u0101ieg\u0101d\u0101jas abonements (\u201c<strong>At\u013cauja<\/strong>\u201d), vai nu nosl\u0113dzot l\u012bgumu ar Operatoru rakstveid\u0101 vai Mobilaj\u0101 lietotn\u0113, kur\u0161, cita starp\u0101, noteiks maksu par Autost\u0101vvietas lieto\u0161anu un t\u0101s samaksas k\u0101rt\u012bbu.<\/p><p data-pm-slice=\"0 0 []\"><strong>8. Visp\u0101r\u012bgie noteikumi.<\/strong> Lietojot Autost\u0101vvietu, Vad\u012bt\u0101jam j\u0101iev\u0113ro \u0161o Noteikumu un normat\u012bvo aktu pras\u012bbas, Autost\u0101vviet\u0101 izvietot\u0101s informat\u012bv\u0101s z\u012bmes, mar\u0137\u0113jumi un ce\u013ca apz\u012bm\u0113jumi. Cita starp\u0101, Transportl\u012bdzekli at\u013cauts novietot st\u0101v\u0113\u0161anai tikai atbilsto\u0161i mar\u0137\u0113t\u0101s viet\u0101s. Atrodoties Autost\u0101vvietas teritorij\u0101, j\u0101iev\u0113ro visp\u0101rpie\u0146emtie uzved\u012bbas noteikumi, k\u0101 ar\u012b Autost\u0101vvietas darbinieku mutiski sniegtie nor\u0101d\u012bjumi satiksmes organiz\u0113\u0161anai.<\/p><p data-pm-slice=\"0 0 []\"><strong>9. Transportl\u012bdzek\u013ca uzl\u0101de.<\/strong> Novietot Transportl\u012bdzekli Autost\u0101vvietas da\u013c\u0101, kas apz\u012bm\u0113ta k\u0101 elektrotransportl\u012bdzek\u013cu uzl\u0101des vieta, at\u013cauts tikai uzl\u0101des laik\u0101. Papildus apmaksai par elektrouzl\u0101di j\u0101maks\u0101 maksa par Autost\u0101vvietas lieto\u0161anu.<\/p><p data-pm-slice=\"0 0 []\"><strong> 10. Noteikumu p\u0101rk\u0101pums.<\/strong> Ja tiek p\u0101rk\u0101ptas \u0161o noteikumu 4., 7. vai 8. punkt\u0101 min\u0113t\u0101s pras\u012bbas, Operatoram ir ties\u012bbas veikt Transportl\u012bdzek\u013ca piespiedu p\u0101rvieto\u0161anu vai evaku\u0113\u0161anu. Izdevumus, kas radu\u0161ies piespiedu p\u0101rvieto\u0161anas vai evaku\u0113\u0161anas rezult\u0101t\u0101, sedz Vad\u012bt\u0101js.<\/p><p data-pm-slice=\"0 0 []\"><strong>11. L\u012bgumsods.<\/strong> Operators ir ties\u012bgs piem\u0113rot l\u012bgumsodu EUR 35 apm\u0113r\u0101, nos\u016btot r\u0113\u0137inu par l\u012bgumsodu vai novietojot to uz Transportl\u012bdzek\u013ca priek\u0161\u0113j\u0101 v\u0113jstikla:<\/p><p data-pm-slice=\"0 0 []\">a) Ja tiek lietota Autost\u0101vvieta bez autom\u0101tisk\u0101s iebrauk\u0161anas kontroles barjeras, un Vad\u012bt\u0101js nav izv\u0113l\u0113jies Autost\u0101vvietas izmanto\u0161anas laiku un veicis par to priek\u0161apmaksu;<\/p><p data-pm-slice=\"0 0 []\">b) Ja Autost\u0101vvieta tiek lietota ilg\u0101k par 28 dien\u0101m p\u0113c k\u0101rtas;<\/p><p data-pm-slice=\"0 0 []\">c) Ja Autost\u0101vvieta tiek lietota bez der\u012bgas At\u013caujas;<\/p><p data-pm-slice=\"0 0 []\">d) Ja Autost\u0101vvieta tiek lietota, p\u0101rk\u0101pjot Noteikumu 4., 7. vai 8. punkta pras\u012bbas.<\/p><p data-pm-slice=\"0 0 []\">Saska\u0146\u0101 ar Latvijas Civillikuma 1722.pantu l\u012bgumsods izsl\u0113dz zaud\u0113jumu atl\u012bdz\u012bbu. L\u012bgumsoda samaksa j\u0101veic 14 (\u010detrpadsmit) dienu laik\u0101 no r\u0113\u0137ina sa\u0146em\u0161anas. P\u0113c l\u012bgumsoda piem\u0113ro\u0161anas Transportl\u012bdzeklis bez kav\u0113\u0161an\u0101s j\u0101izbrauc no Autost\u0101vvietas. L\u012bgumsoda samaksa neatbr\u012bvo no Noteikumu izpildes.<\/p><p data-pm-slice=\"0 0 []\"><strong>12. Datu apstr\u0101de.<\/strong> \u0160o Noteikumu izpildes nodro\u0161in\u0101\u0161anai Operators veic Transportl\u012bdzek\u013ca \u012bpa\u0161nieka\/tur\u0113t\u0101ja\/faktisk\u0101 lietot\u0101ja personas datu apstr\u0101di izmantojot tehniskos l\u012bdzek\u013cus, piem\u0113ram, videonov\u0113ro\u0161anu, autom\u0101tisko numura z\u012bmju atpaz\u012b\u0161anu un autost\u0101vvietu p\u0101rvald\u012bbas sist\u0113mas. \u0160\u012bs apstr\u0101des likum\u012bgais pamats ir l\u012bguma izpilde. Operatora personas datu apstr\u0101des politika tostarp s\u012bk\u0101ka inform\u0101cija par datu glab\u0101\u0161anu, datu subjektu ties\u012bb\u0101m un kontaktinform\u0101cija ir pieejama Operatora m\u0101jaslap\u0101 https:\/\/snabb.lv.<\/p><p data-pm-slice=\"0 0 []\"><strong> 13. Atbild\u012bba.<\/strong> Operators nav atbild\u012bgs par kait\u0113jumu, kas nodar\u012bts Transportl\u012bdzeklim vai Vad\u012bt\u0101jam Autost\u0101vviet\u0101, cikt\u0101l tas nav pretrun\u0101 ar oblig\u0101taj\u0101m ties\u012bbu norm\u0101m (piem\u0113ram, \u013cauna nol\u016bka vai rupjas neuzman\u012bbas gad\u012bjum\u0101).<\/p><p data-pm-slice=\"0 0 []\"><strong>14. Str\u012bdu risin\u0101\u0161ana.<\/strong> Visi str\u012bdi Vad\u012bt\u0101ja un Operatora starp\u0101 saist\u012bb\u0101 ar Noteikumiem un to izpildi, ja tos puses nesp\u0113s atrisin\u0101t savstarp\u0113ju sarunu ce\u013c\u0101, tiks risin\u0101ti ties\u0101 saska\u0146\u0101 ar Latvijas Republikas normat\u012bvajiem aktiem. Operators ir ties\u012bgs ced\u0113t no \u0161iem Noteikumiem izrieto\u0161os pras\u012bjumus.<\/p><p data-pm-slice=\"0 0 []\">\u00a0<\/p><p data-pm-slice=\"0 0 []\"><strong>Uzziniet vair\u0101k par Snabb citiem <a href=\"https:\/\/snabb.xyz\/lv\/noteikumi-un-nosacijumi\/\">lieto\u0161anas noteikumiem<\/a>.<\/strong><\/p>\t\t\t\t\t\t\t\t<\/div>\n\t\t\t\t<\/div>\n\t\t\t\t<\/div>\n\t\t\t\t<\/div>\n\t\t\t\t\t<\/div>\n\t\t\t\t<\/div>\n\t\t\t\t\t<\/div>\n\t\t\t\t<\/section>\n\t\t\t\t<\/div>\n\t\t","protected":false},"excerpt":{"rendered":"<p>Autost\u0101vvietas lieto\u0161anas noteikumi 1. L\u012bguma nosl\u0113g\u0161ana. Saska\u0146\u0101 ar Latvijas Civillikuma 1428., 1535., 1537. pantiem, \u0161ie Autost\u0101vvietas lieto\u0161anas noteikumi (\u201cNoteikumi\u201d) veido autost\u0101vvietas (\u201cAutost\u0101vvieta\u201d) lieto\u0161anas l\u012bgumu starp starp SIA Snabb, re\u0123.Nr.: 4020361695, juridisk\u0101 adrese: Dzirnavu iela 57A &#8211; 4, R\u012bga, LV-1010, t\u0101lrunis: +371 20369626 (\u201cOperators\u201d) un transportl\u012bdzek\u013ca lietot\u0101ju (\u201cVad\u012bt\u0101js\u201d), k\u0101 starp kl\u0101tneeso\u0161\u0101m pus\u0113m. L\u012bdz transportl\u012bdzek\u013ca (\u201cTransportl\u012bdzeklis\u201d) novieto\u0161anai [&hellip;]<\/p>\n","protected":false},"author":1,"featured_media":4576,"parent":4606,"menu_order":0,"comment_status":"closed","ping_status":"closed","template":"elementor_header_footer","meta":{"footnotes":""},"class_list":["post-5617","page","type-page","status-publish","has-post-thumbnail","hentry"],"_links":{"self":[{"href":"https:\/\/snabb.xyz\/lv\/wp-json\/wp\/v2\/pages\/5617","targetHints":{"allow":["GET"]}}],"collection":[{"href":"https:\/\/snabb.xyz\/lv\/wp-json\/wp\/v2\/pages"}],"about":[{"href":"https:\/\/snabb.xyz\/lv\/wp-json\/wp\/v2\/types\/page"}],"author":[{"embeddable":true,"href":"https:\/\/snabb.xyz\/lv\/wp-json\/wp\/v2\/users\/1"}],"replies":[{"embeddable":true,"href":"https:\/\/snabb.xyz\/lv\/wp-json\/wp\/v2\/comments?post=5617"}],"version-history":[{"count":8,"href":"https:\/\/snabb.xyz\/lv\/wp-json\/wp\/v2\/pages\/5617\/revisions"}],"predecessor-version":[{"id":6836,"href":"https:\/\/snabb.xyz\/lv\/wp-json\/wp\/v2\/pages\/5617\/revisions\/6836"}],"up":[{"embeddable":true,"href":"https:\/\/snabb.xyz\/lv\/wp-json\/wp\/v2\/pages\/4606"}],"wp:featuredmedia":[{"embeddable":true,"href":"https:\/\/snabb.xyz\/lv\/wp-json\/wp\/v2\/media\/4576"}],"wp:attachment":[{"href":"https:\/\/snabb.xyz\/lv\/wp-json\/wp\/v2\/media?parent=5617"}],"curies":[{"name":"wp","href":"https:\/\/api.w.org\/{rel}","templated":true}]}}