{"id":4647,"date":"2024-11-02T22:42:41","date_gmt":"2024-11-02T20:42:41","guid":{"rendered":"https:\/\/snabb.xyz\/soferim\/teenuste-tutvustus\/parkimine\/"},"modified":"2025-03-14T15:28:11","modified_gmt":"2025-03-14T13:28:11","slug":"stavvietas","status":"publish","type":"page","link":"https:\/\/snabb.xyz\/lv\/autovaditajiem\/pakalpojumu-apraksts\/stavvietas\/","title":{"rendered":"St\u0101vvietas"},"content":{"rendered":"\t\t<div data-elementor-type=\"wp-page\" data-elementor-id=\"4647\" class=\"elementor elementor-4647 elementor-639\" data-elementor-post-type=\"page\">\n\t\t\t\t<section class=\"elementor-element elementor-element-fe3d64e e-flex e-con-boxed e-con e-parent\" data-id=\"fe3d64e\" data-element_type=\"container\">\n\t\t\t\t\t<div class=\"e-con-inner\">\n\t\t<div class=\"elementor-element elementor-element-d803c60 e-con-full e-flex e-con e-child\" data-id=\"d803c60\" data-element_type=\"container\">\n\t\t\t\t<div class=\"elementor-element elementor-element-e8341a7 elementor-widget__width-initial animated-fast elementor-invisible elementor-widget elementor-widget-heading\" data-id=\"e8341a7\" data-element_type=\"widget\" data-settings=\"{&quot;_animation&quot;:&quot;fadeInUp&quot;}\" data-widget_type=\"heading.default\">\n\t\t\t\t<div class=\"elementor-widget-container\">\n\t\t\t\t\t<h1 class=\"elementor-heading-title elementor-size-default\">St\u0101vvietas ir tikai Snabb t\u0101lu!<\/h1>\t\t\t\t<\/div>\n\t\t\t\t<\/div>\n\t\t\t\t<\/div>\n\t\t\t\t\t<\/div>\n\t\t\t\t<\/section>\n\t\t<section class=\"elementor-element elementor-element-2fa4e2d map_container e-flex e-con-boxed e-con e-parent\" data-id=\"2fa4e2d\" data-element_type=\"container\">\n\t\t\t\t\t<div class=\"e-con-inner\">\n\t\t\t\t<div class=\"elementor-element elementor-element-86f35f5 elementor-invisible elementor-widget elementor-widget-html\" data-id=\"86f35f5\" data-element_type=\"widget\" data-settings=\"{&quot;_animation&quot;:&quot;fadeIn&quot;}\" data-widget_type=\"html.default\">\n\t\t\t\t<div class=\"elementor-widget-container\">\n\t\t\t\t\t<iframe src=\"https:\/\/admin.barking.ee\/static\/map-snabb-style.html?type=PARKING&zoomCoodrinates=56.96807290741098,24.111159889292338&zoomLevel=12&language=lv\" frameborder=\"0\" allow=\"accelerometer; autoplay; clipboard-write; encrypted-media; gyroscope; picture-in-picture\" allowfullscreen=\"allowfullscreen\" class=\"absolute-cover\" height=\"860\"><\/iframe>\t\t\t\t<\/div>\n\t\t\t\t<\/div>\n\t\t\t\t\t<\/div>\n\t\t\t\t<\/section>\n\t\t<div class=\"elementor-element elementor-element-216339b imageSwitcherWrapper e-flex e-con-boxed e-con e-parent\" data-id=\"216339b\" data-element_type=\"container\">\n\t\t\t\t\t<div class=\"e-con-inner\">\n\t\t<div class=\"elementor-element elementor-element-51a9dfa e-con-full animated-fast e-flex elementor-invisible e-con e-child\" data-id=\"51a9dfa\" data-element_type=\"container\" data-settings=\"{&quot;animation&quot;:&quot;fadeIn&quot;}\">\n\t\t\t\t<div class=\"elementor-element elementor-element-068818e imageSwitcherImage elementor-widget elementor-widget-image\" data-id=\"068818e\" data-element_type=\"widget\" data-widget_type=\"image.default\">\n\t\t\t\t<div class=\"elementor-widget-container\">\n\t\t\t\t\t\t\t\t\t\t\t\t\t\t\t<img loading=\"lazy\" decoding=\"async\" loading=\"lazy\" width=\"1301\" height=\"1337\" src=\"https:\/\/snabb.xyz\/wp-content\/uploads\/2024\/12\/kuidas-snabbiga-parkida_mock-up-1.png\" class=\"attachment-full size-full wp-image-4650\" alt=\"\" srcset=\"https:\/\/snabb.xyz\/wp-content\/uploads\/2024\/12\/kuidas-snabbiga-parkida_mock-up-1.png 1301w, https:\/\/snabb.xyz\/wp-content\/uploads\/2024\/12\/kuidas-snabbiga-parkida_mock-up-1-292x300.png 292w, https:\/\/snabb.xyz\/wp-content\/uploads\/2024\/12\/kuidas-snabbiga-parkida_mock-up-1-996x1024.png 996w, https:\/\/snabb.xyz\/wp-content\/uploads\/2024\/12\/kuidas-snabbiga-parkida_mock-up-1-768x789.png 768w\" sizes=\"auto, (max-width: 1301px) 100vw, 1301px\" \/>\t\t\t\t\t\t\t\t\t\t\t\t\t\t\t<\/div>\n\t\t\t\t<\/div>\n\t\t\t\t<div class=\"elementor-element elementor-element-0fe6cab imageSwitcherImage elementor-widget elementor-widget-image\" data-id=\"0fe6cab\" data-element_type=\"widget\" data-widget_type=\"image.default\">\n\t\t\t\t<div class=\"elementor-widget-container\">\n\t\t\t\t\t\t\t\t\t\t\t\t\t\t\t<img loading=\"lazy\" decoding=\"async\" loading=\"lazy\" width=\"1301\" height=\"1337\" src=\"https:\/\/snabb.xyz\/wp-content\/uploads\/2024\/12\/kuidas-snabbiga-parkida_mock-up-2-1.png\" class=\"attachment-full size-full wp-image-4651\" alt=\"\" srcset=\"https:\/\/snabb.xyz\/wp-content\/uploads\/2024\/12\/kuidas-snabbiga-parkida_mock-up-2-1.png 1301w, https:\/\/snabb.xyz\/wp-content\/uploads\/2024\/12\/kuidas-snabbiga-parkida_mock-up-2-1-292x300.png 292w, https:\/\/snabb.xyz\/wp-content\/uploads\/2024\/12\/kuidas-snabbiga-parkida_mock-up-2-1-996x1024.png 996w, https:\/\/snabb.xyz\/wp-content\/uploads\/2024\/12\/kuidas-snabbiga-parkida_mock-up-2-1-768x789.png 768w\" sizes=\"auto, (max-width: 1301px) 100vw, 1301px\" \/>\t\t\t\t\t\t\t\t\t\t\t\t\t\t\t<\/div>\n\t\t\t\t<\/div>\n\t\t\t\t<div class=\"elementor-element elementor-element-977cd53 imageSwitcherImage elementor-widget elementor-widget-image\" data-id=\"977cd53\" data-element_type=\"widget\" data-widget_type=\"image.default\">\n\t\t\t\t<div class=\"elementor-widget-container\">\n\t\t\t\t\t\t\t\t\t\t\t\t\t\t\t<img loading=\"lazy\" decoding=\"async\" loading=\"lazy\" width=\"1301\" height=\"1337\" src=\"https:\/\/snabb.xyz\/wp-content\/uploads\/2024\/12\/kuidas-snabbiga-parkida_mock-up-3-1.png\" class=\"attachment-full size-full wp-image-4652\" alt=\"\" srcset=\"https:\/\/snabb.xyz\/wp-content\/uploads\/2024\/12\/kuidas-snabbiga-parkida_mock-up-3-1.png 1301w, https:\/\/snabb.xyz\/wp-content\/uploads\/2024\/12\/kuidas-snabbiga-parkida_mock-up-3-1-292x300.png 292w, https:\/\/snabb.xyz\/wp-content\/uploads\/2024\/12\/kuidas-snabbiga-parkida_mock-up-3-1-996x1024.png 996w, https:\/\/snabb.xyz\/wp-content\/uploads\/2024\/12\/kuidas-snabbiga-parkida_mock-up-3-1-768x789.png 768w\" sizes=\"auto, (max-width: 1301px) 100vw, 1301px\" \/>\t\t\t\t\t\t\t\t\t\t\t\t\t\t\t<\/div>\n\t\t\t\t<\/div>\n\t\t\t\t<\/div>\n\t\t<div class=\"elementor-element elementor-element-4c2a95a e-con-full e-flex e-con e-child\" data-id=\"4c2a95a\" data-element_type=\"container\">\n\t\t\t\t<div class=\"elementor-element elementor-element-406089e animated-fast elementor-invisible elementor-widget elementor-widget-heading\" data-id=\"406089e\" data-element_type=\"widget\" data-settings=\"{&quot;_animation&quot;:&quot;fadeInUp&quot;}\" data-widget_type=\"heading.default\">\n\t\t\t\t<div class=\"elementor-widget-container\">\n\t\t\t\t\t<h3 class=\"elementor-heading-title elementor-size-default\">K\u0101 uzs\u0101kt st\u0101vvietas sesiju izmantojot Snabb lietotni?<\/h3>\t\t\t\t<\/div>\n\t\t\t\t<\/div>\n\t\t<div class=\"elementor-element elementor-element-40043b9 e-con-full e-flex e-con e-child\" data-id=\"40043b9\" data-element_type=\"container\">\n\t\t<div class=\"elementor-element elementor-element-51088f7 e-con-full image_switcher_tab e-flex e-con e-child\" data-id=\"51088f7\" data-element_type=\"container\">\n\t\t\t\t<div class=\"elementor-element elementor-element-c667ebb elementor-widget elementor-widget-heading\" data-id=\"c667ebb\" data-element_type=\"widget\" data-widget_type=\"heading.default\">\n\t\t\t\t<div class=\"elementor-widget-container\">\n\t\t\t\t\t<h4 class=\"elementor-heading-title elementor-size-default\">Izv\u0113lies st\u0101vvietu<\/h4>\t\t\t\t<\/div>\n\t\t\t\t<\/div>\n\t\t\t\t<div class=\"elementor-element elementor-element-b2ca048 elementor-widget elementor-widget-text-editor\" data-id=\"b2ca048\" data-element_type=\"widget\" data-widget_type=\"text-editor.default\">\n\t\t\t\t<div class=\"elementor-widget-container\">\n\t\t\t\t\t\t\t\t\t<p><span data-sheets-root=\"1\">Lietotne atrad\u012bs jums tuv\u0101k\u0101s un izdev\u012bg\u0101k\u0101s st\u0101vvietas vai izmantos ievad\u012bto adresi.<\/span><\/p>\t\t\t\t\t\t\t\t<\/div>\n\t\t\t\t<\/div>\n\t\t\t\t<\/div>\n\t\t<div class=\"elementor-element elementor-element-99a3fb0 e-con-full image_switcher_tab e-flex e-con e-child\" data-id=\"99a3fb0\" data-element_type=\"container\">\n\t\t\t\t<div class=\"elementor-element elementor-element-b60633d elementor-widget elementor-widget-heading\" data-id=\"b60633d\" data-element_type=\"widget\" data-widget_type=\"heading.default\">\n\t\t\t\t<div class=\"elementor-widget-container\">\n\t\t\t\t\t<h4 class=\"elementor-heading-title elementor-size-default\">Uzs\u0101c st\u0101vvietas sesiju<\/h4>\t\t\t\t<\/div>\n\t\t\t\t<\/div>\n\t\t\t\t<div class=\"elementor-element elementor-element-1b3c1e6 elementor-widget elementor-widget-text-editor\" data-id=\"1b3c1e6\" data-element_type=\"widget\" data-widget_type=\"text-editor.default\">\n\t\t\t\t<div class=\"elementor-widget-container\">\n\t\t\t\t\t\t\t\t\t<p><span data-sheets-root=\"1\">P\u0101rliecinieties, ka numura z\u012bme ir redzama un maks\u0101juma metode ir pievienota. Lai uzs\u0101ktu st\u0101vvietas lieto\u0161anu, velciet pogu ekr\u0101na apak\u0161\u0101 no kreis\u0101s uz labo pusi.<\/span><\/p>\t\t\t\t\t\t\t\t<\/div>\n\t\t\t\t<\/div>\n\t\t\t\t<\/div>\n\t\t<div class=\"elementor-element elementor-element-15733f1 e-con-full image_switcher_tab e-flex e-con e-child\" data-id=\"15733f1\" data-element_type=\"container\">\n\t\t\t\t<div class=\"elementor-element elementor-element-b436251 elementor-widget elementor-widget-heading\" data-id=\"b436251\" data-element_type=\"widget\" data-widget_type=\"heading.default\">\n\t\t\t\t<div class=\"elementor-widget-container\">\n\t\t\t\t\t<h4 class=\"elementor-heading-title elementor-size-default\">P\u0101rtrauc st\u0101vvietas sesiju<\/h4>\t\t\t\t<\/div>\n\t\t\t\t<\/div>\n\t\t\t\t<div class=\"elementor-element elementor-element-dcbc5cf elementor-widget elementor-widget-text-editor\" data-id=\"dcbc5cf\" data-element_type=\"widget\" data-widget_type=\"text-editor.default\">\n\t\t\t\t<div class=\"elementor-widget-container\">\n\t\t\t\t\t\t\t\t\t<p><span data-sheets-root=\"1\">Kad dodaties prom, p\u0101rtrauciet st\u0101vvietas sesiju, v\u0113lreiz pavelkot to pa\u0161u pogu, un st\u0101vvietas maksa tiks autom\u0101tiski iekas\u0113ta, izmantojot nor\u0101d\u012bto maks\u0101juma metodi.<\/span><\/p>\t\t\t\t\t\t\t\t<\/div>\n\t\t\t\t<\/div>\n\t\t\t\t<\/div>\n\t\t\t\t<\/div>\n\t\t\t\t<\/div>\n\t\t\t\t\t<\/div>\n\t\t\t\t<\/div>\n\t\t<section class=\"elementor-element elementor-element-e1a8692 e-flex e-con-boxed e-con e-parent\" data-id=\"e1a8692\" data-element_type=\"container\">\n\t\t\t\t\t<div class=\"e-con-inner\">\n\t\t<div class=\"elementor-element elementor-element-6185c30 e-con-full e-flex e-con e-child\" data-id=\"6185c30\" data-element_type=\"container\">\n\t\t\t\t<div class=\"elementor-element elementor-element-32e03b6 elementor-invisible elementor-widget elementor-widget-heading\" data-id=\"32e03b6\" data-element_type=\"widget\" data-settings=\"{&quot;_animation&quot;:&quot;fadeInUp&quot;}\" data-widget_type=\"heading.default\">\n\t\t\t\t<div class=\"elementor-widget-container\">\n\t\t\t\t\t<h2 class=\"elementor-heading-title elementor-size-default\">Snabb ir vienk\u0101r\u0161s<\/h2>\t\t\t\t<\/div>\n\t\t\t\t<\/div>\n\t\t\t\t<\/div>\n\t\t<div class=\"elementor-element elementor-element-fd9efd5 e-con-full e-flex e-con e-child\" data-id=\"fd9efd5\" data-element_type=\"container\">\n\t\t<div class=\"elementor-element elementor-element-29f8adc e-con-full animated-fast e-flex elementor-invisible e-con e-child\" data-id=\"29f8adc\" data-element_type=\"container\" data-settings=\"{&quot;animation&quot;:&quot;fadeInUp&quot;}\">\n\t\t\t\t<div class=\"elementor-element elementor-element-1646658 elementor-widget elementor-widget-image\" data-id=\"1646658\" data-element_type=\"widget\" data-widget_type=\"image.default\">\n\t\t\t\t<div class=\"elementor-widget-container\">\n\t\t\t\t\t\t\t\t\t\t\t\t\t\t\t<img loading=\"lazy\" decoding=\"async\" loading=\"lazy\" width=\"280\" height=\"280\" src=\"https:\/\/snabb.xyz\/wp-content\/uploads\/2024\/10\/Snabb_numbers_1.png\" class=\"attachment-large size-large wp-image-29\" alt=\"\" srcset=\"https:\/\/snabb.xyz\/wp-content\/uploads\/2024\/10\/Snabb_numbers_1.png 280w, https:\/\/snabb.xyz\/wp-content\/uploads\/2024\/10\/Snabb_numbers_1-150x150.png 150w\" sizes=\"auto, (max-width: 280px) 100vw, 280px\" \/>\t\t\t\t\t\t\t\t\t\t\t\t\t\t\t<\/div>\n\t\t\t\t<\/div>\n\t\t\t\t<div class=\"elementor-element elementor-element-74b8ec9 elementor-widget elementor-widget-heading\" data-id=\"74b8ec9\" data-element_type=\"widget\" data-widget_type=\"heading.default\">\n\t\t\t\t<div class=\"elementor-widget-container\">\n\t\t\t\t\t<h3 class=\"elementor-heading-title elementor-size-default\">Izv\u0113lieties autost\u0101vvietu<\/h3>\t\t\t\t<\/div>\n\t\t\t\t<\/div>\n\t\t\t\t<div class=\"elementor-element elementor-element-8069ddc elementor-widget elementor-widget-text-editor\" data-id=\"8069ddc\" data-element_type=\"widget\" data-widget_type=\"text-editor.default\">\n\t\t\t\t<div class=\"elementor-widget-container\">\n\t\t\t\t\t\t\t\t\t<p><span data-sheets-root=\"1\">Lietotne atrod jums tuv\u0101k\u0101s un izdev\u012bg\u0101k\u0101s autost\u0101vvietas vai ievad\u012bto adresi.<\/span><\/p>\t\t\t\t\t\t\t\t<\/div>\n\t\t\t\t<\/div>\n\t\t\t\t<\/div>\n\t\t<div class=\"elementor-element elementor-element-8eb0a8f e-con-full animated-fast e-flex elementor-invisible e-con e-child\" data-id=\"8eb0a8f\" data-element_type=\"container\" data-settings=\"{&quot;animation&quot;:&quot;fadeInUp&quot;,&quot;animation_delay&quot;:200}\">\n\t\t\t\t<div class=\"elementor-element elementor-element-4ccd3e8 elementor-widget elementor-widget-image\" data-id=\"4ccd3e8\" data-element_type=\"widget\" data-widget_type=\"image.default\">\n\t\t\t\t<div class=\"elementor-widget-container\">\n\t\t\t\t\t\t\t\t\t\t\t\t\t\t\t<img loading=\"lazy\" decoding=\"async\" loading=\"lazy\" width=\"280\" height=\"280\" src=\"https:\/\/snabb.xyz\/wp-content\/uploads\/2024\/10\/Snabb_numbers_2.png\" class=\"attachment-large size-large wp-image-30\" alt=\"\" srcset=\"https:\/\/snabb.xyz\/wp-content\/uploads\/2024\/10\/Snabb_numbers_2.png 280w, https:\/\/snabb.xyz\/wp-content\/uploads\/2024\/10\/Snabb_numbers_2-150x150.png 150w\" sizes=\"auto, (max-width: 280px) 100vw, 280px\" \/>\t\t\t\t\t\t\t\t\t\t\t\t\t\t\t<\/div>\n\t\t\t\t<\/div>\n\t\t\t\t<div class=\"elementor-element elementor-element-aa1e68d elementor-widget elementor-widget-heading\" data-id=\"aa1e68d\" data-element_type=\"widget\" data-widget_type=\"heading.default\">\n\t\t\t\t<div class=\"elementor-widget-container\">\n\t\t\t\t\t<h3 class=\"elementor-heading-title elementor-size-default\">St\u0101vvieta ar vienu piesk\u0101rienu<\/h3>\t\t\t\t<\/div>\n\t\t\t\t<\/div>\n\t\t\t\t<div class=\"elementor-element elementor-element-a4eefe8 elementor-widget elementor-widget-text-editor\" data-id=\"a4eefe8\" data-element_type=\"widget\" data-widget_type=\"text-editor.default\">\n\t\t\t\t<div class=\"elementor-widget-container\">\n\t\t\t\t\t\t\t\t\t<p><span data-sheets-root=\"1\">St\u0101vvietas uzs\u0101k\u0161ana ar Snabb lietotni prasa tikai vienu piesk\u0101rienu. Tas ir tik vienk\u0101r\u0161i.<\/span><\/p>\t\t\t\t\t\t\t\t<\/div>\n\t\t\t\t<\/div>\n\t\t\t\t<\/div>\n\t\t<div class=\"elementor-element elementor-element-d2948bb e-con-full animated-fast e-flex elementor-invisible e-con e-child\" data-id=\"d2948bb\" data-element_type=\"container\" data-settings=\"{&quot;animation&quot;:&quot;fadeInUp&quot;,&quot;animation_delay&quot;:400}\">\n\t\t\t\t<div class=\"elementor-element elementor-element-e61a132 elementor-widget elementor-widget-image\" data-id=\"e61a132\" data-element_type=\"widget\" data-widget_type=\"image.default\">\n\t\t\t\t<div class=\"elementor-widget-container\">\n\t\t\t\t\t\t\t\t\t\t\t\t\t\t\t<img loading=\"lazy\" decoding=\"async\" loading=\"lazy\" width=\"280\" height=\"280\" src=\"https:\/\/snabb.xyz\/wp-content\/uploads\/2024\/10\/Snabb_numbers_3.png\" class=\"attachment-large size-large wp-image-31\" alt=\"\" srcset=\"https:\/\/snabb.xyz\/wp-content\/uploads\/2024\/10\/Snabb_numbers_3.png 280w, https:\/\/snabb.xyz\/wp-content\/uploads\/2024\/10\/Snabb_numbers_3-150x150.png 150w\" sizes=\"auto, (max-width: 280px) 100vw, 280px\" \/>\t\t\t\t\t\t\t\t\t\t\t\t\t\t\t<\/div>\n\t\t\t\t<\/div>\n\t\t\t\t<div class=\"elementor-element elementor-element-78717e9 elementor-widget elementor-widget-heading\" data-id=\"78717e9\" data-element_type=\"widget\" data-widget_type=\"heading.default\">\n\t\t\t\t<div class=\"elementor-widget-container\">\n\t\t\t\t\t<h3 class=\"elementor-heading-title elementor-size-default\">Atg\u0101din\u0101jums p\u0101rtraukt st\u0101vvietas sesiju<\/h3>\t\t\t\t<\/div>\n\t\t\t\t<\/div>\n\t\t\t\t<div class=\"elementor-element elementor-element-dd87888 elementor-widget elementor-widget-text-editor\" data-id=\"dd87888\" data-element_type=\"widget\" data-widget_type=\"text-editor.default\">\n\t\t\t\t<div class=\"elementor-widget-container\">\n\t\t\t\t\t\t\t\t\t<p><span data-sheets-root=\"1\">Izlemiet pa\u0161i, kad un cik bie\u017ei Snabb jums atg\u0101din\u0101s p\u0101rtraukt st\u0101vvietas sesiju. M\u0113s par\u016bp\u0113simies, lai j\u016bs par to nekad neaizmirstu.<\/span><\/p>\t\t\t\t\t\t\t\t<\/div>\n\t\t\t\t<\/div>\n\t\t\t\t<\/div>\n\t\t\t\t<\/div>\n\t\t\t\t\t<\/div>\n\t\t\t\t<\/section>\n\t\t<section class=\"elementor-element elementor-element-f934149 e-flex e-con-boxed e-con e-parent\" data-id=\"f934149\" data-element_type=\"container\">\n\t\t\t\t\t<div class=\"e-con-inner\">\n\t\t<div class=\"elementor-element elementor-element-282b3b4 e-con-full e-flex e-con e-child\" data-id=\"282b3b4\" data-element_type=\"container\">\n\t\t<div class=\"elementor-element elementor-element-33c27bc e-con-full e-flex e-con e-child\" data-id=\"33c27bc\" data-element_type=\"container\">\n\t\t\t\t<div class=\"elementor-element elementor-element-e94ad3e animated-fast elementor-invisible elementor-widget elementor-widget-image\" data-id=\"e94ad3e\" data-element_type=\"widget\" data-settings=\"{&quot;_animation&quot;:&quot;fadeIn&quot;}\" data-widget_type=\"image.default\">\n\t\t\t\t<div class=\"elementor-widget-container\">\n\t\t\t\t\t\t\t\t\t\t\t\t\t\t\t<img loading=\"lazy\" decoding=\"async\" loading=\"lazy\" width=\"800\" height=\"500\" src=\"https:\/\/snabb.xyz\/wp-content\/uploads\/2024\/11\/Snabb_photos_13_large-1024x640.webp\" class=\"attachment-large size-large wp-image-4648\" alt=\"\" srcset=\"https:\/\/snabb.xyz\/wp-content\/uploads\/2024\/11\/Snabb_photos_13_large-1024x640.webp 1024w, https:\/\/snabb.xyz\/wp-content\/uploads\/2024\/11\/Snabb_photos_13_large-300x188.webp 300w, https:\/\/snabb.xyz\/wp-content\/uploads\/2024\/11\/Snabb_photos_13_large-768x480.webp 768w, https:\/\/snabb.xyz\/wp-content\/uploads\/2024\/11\/Snabb_photos_13_large.webp 1280w\" sizes=\"auto, (max-width: 800px) 100vw, 800px\" \/>\t\t\t\t\t\t\t\t\t\t\t\t\t\t\t<\/div>\n\t\t\t\t<\/div>\n\t\t\t\t<\/div>\n\t\t<div class=\"elementor-element elementor-element-953eaa9 e-con-full animated-fast e-flex elementor-invisible e-con e-child\" data-id=\"953eaa9\" data-element_type=\"container\" data-settings=\"{&quot;animation&quot;:&quot;fadeInUp&quot;,&quot;animation_delay&quot;:300}\">\n\t\t\t\t<div class=\"elementor-element elementor-element-65cc7a3 animated-fast elementor-invisible elementor-widget elementor-widget-heading\" data-id=\"65cc7a3\" data-element_type=\"widget\" data-settings=\"{&quot;_animation&quot;:&quot;fadeInUp&quot;}\" data-widget_type=\"heading.default\">\n\t\t\t\t<div class=\"elementor-widget-container\">\n\t\t\t\t\t<h3 class=\"elementor-heading-title elementor-size-default\">K\u0101p\u0113c izmantot Snabb autost\u0101vviet\u0101s?<\/h3>\t\t\t\t<\/div>\n\t\t\t\t<\/div>\n\t\t\t\t<div class=\"elementor-element elementor-element-455ec16 list_kollaste_tappidega elementor-widget elementor-widget-text-editor\" data-id=\"455ec16\" data-element_type=\"widget\" data-widget_type=\"text-editor.default\">\n\t\t\t\t<div class=\"elementor-widget-container\">\n\t\t\t\t\t\t\t\t\t<p><span data-sheets-root=\"1\">Lietas, ko j\u016bs vairs nekad nepieredz\u0113siet ar Snabb: nepamatotus sodus par st\u0101vvietu, nepiekl\u0101j\u012bgu klientu atbalstu un st\u0101vvietas zonas mekl\u0113\u0161anu sliktos laikaapst\u0101k\u013cos.<\/span><\/p><p><span data-sheets-root=\"1\">Lab\u0101k baud\u012bsiet:<\/span><\/p><ul><li><span data-sheets-root=\"1\">visbie\u017e\u0101k izmantot\u0101s maks\u0101jumu metodes, piem\u0113ram, Google un Apple Pay<\/span><\/li><li>vienu r\u0113\u0137inu par vis\u0101m st\u0101vvietu sesij\u0101m m\u0113ne\u0161a garum\u0101 (iesp\u0113jams ar\u012b uz\u0146\u0113muma kontam)\u00a0<\/li><li><span data-sheets-root=\"1\">prec\u012bzu navig\u0101ciju izmantojot Waze vai Maps lietotnes<\/span><\/li><li><span data-sheets-root=\"1\">draudz\u012bgu un izpal\u012bdz\u012bgu klientu atbalstu 24\/7<\/span><\/li><li><span data-sheets-root=\"1\">iesp\u0113ju maks\u0101t par automa\u0161\u012bnu mazg\u0101\u0161anu liel\u0101kaj\u0101 da\u013c\u0101 Igaunijas automazg\u0101tavu<\/span><\/li><\/ul><p><span data-sheets-root=\"1\">Pievienojies vair\u0101k nek\u0101 75 000 Snabberiem, kuri jau lieto Snabb!<\/span><\/p>\t\t\t\t\t\t\t\t<\/div>\n\t\t\t\t<\/div>\n\t\t\t\t<\/div>\n\t\t\t\t<\/div>\n\t\t\t\t\t<\/div>\n\t\t\t\t<\/section>\n\t\t<section class=\"elementor-element elementor-element-cdb9296 e-flex e-con-boxed e-con e-parent\" data-id=\"cdb9296\" data-element_type=\"container\">\n\t\t\t\t\t<div class=\"e-con-inner\">\n\t\t<div class=\"elementor-element elementor-element-868d326 e-con-full e-flex e-con e-child\" data-id=\"868d326\" data-element_type=\"container\">\n\t\t<div class=\"elementor-element elementor-element-93169a9 e-con-full animated-fast e-flex elementor-invisible e-con e-child\" data-id=\"93169a9\" data-element_type=\"container\" data-settings=\"{&quot;animation&quot;:&quot;fadeInUp&quot;,&quot;animation_delay&quot;:300}\">\n\t\t\t\t<div class=\"elementor-element elementor-element-1e009c3 animated-fast elementor-invisible elementor-widget elementor-widget-heading\" data-id=\"1e009c3\" data-element_type=\"widget\" data-settings=\"{&quot;_animation&quot;:&quot;fadeInUp&quot;}\" data-widget_type=\"heading.default\">\n\t\t\t\t<div class=\"elementor-widget-container\">\n\t\t\t\t\t<h3 class=\"elementor-heading-title elementor-size-default\">Pievienojiet savu st\u0101vvietu Snabb<\/h3>\t\t\t\t<\/div>\n\t\t\t\t<\/div>\n\t\t\t\t<div class=\"elementor-element elementor-element-9001ee3 elementor-widget elementor-widget-text-editor\" data-id=\"9001ee3\" data-element_type=\"widget\" data-widget_type=\"text-editor.default\">\n\t\t\t\t<div class=\"elementor-widget-container\">\n\t\t\t\t\t\t\t\t\t<p><span data-sheets-root=\"1\">Sazinieties un izbaudiet bezmaksas konsult\u0101ciju un pied\u0101v\u0101to risin\u0101jumu.<\/span><\/p>\t\t\t\t\t\t\t\t<\/div>\n\t\t\t\t<\/div>\n\t\t\t\t<div class=\"elementor-element elementor-element-698731d animated-fast ripple elementor-invisible elementor-widget elementor-widget-button\" data-id=\"698731d\" data-element_type=\"widget\" data-settings=\"{&quot;_animation&quot;:&quot;fadeInUp&quot;,&quot;_animation_delay&quot;:250}\" data-widget_type=\"button.default\">\n\t\t\t\t<div class=\"elementor-widget-container\">\n\t\t\t\t\t\t\t\t\t<div class=\"elementor-button-wrapper\">\n\t\t\t\t\t<a class=\"elementor-button elementor-button-link elementor-size-sm\" href=\"https:\/\/snabb.xyz\/lv\/kontakti\/\">\n\t\t\t\t\t\t<span class=\"elementor-button-content-wrapper\">\n\t\t\t\t\t\t\t\t\t<span class=\"elementor-button-text\">Sazinies ar mums<\/span>\n\t\t\t\t\t<\/span>\n\t\t\t\t\t<\/a>\n\t\t\t\t<\/div>\n\t\t\t\t\t\t\t\t<\/div>\n\t\t\t\t<\/div>\n\t\t\t\t<\/div>\n\t\t<div class=\"elementor-element elementor-element-4aa7440 e-con-full e-flex e-con e-child\" data-id=\"4aa7440\" data-element_type=\"container\">\n\t\t\t\t<div class=\"elementor-element elementor-element-912272b animated-fast elementor-invisible elementor-widget elementor-widget-image\" data-id=\"912272b\" data-element_type=\"widget\" data-settings=\"{&quot;_animation&quot;:&quot;fadeIn&quot;}\" data-widget_type=\"image.default\">\n\t\t\t\t<div class=\"elementor-widget-container\">\n\t\t\t\t\t\t\t\t\t\t\t\t\t\t\t<img loading=\"lazy\" decoding=\"async\" loading=\"lazy\" width=\"800\" height=\"500\" src=\"https:\/\/snabb.xyz\/wp-content\/uploads\/2024\/11\/Snabb_photos_16_large-1024x640.webp\" class=\"attachment-large size-large wp-image-4649\" alt=\"\" srcset=\"https:\/\/snabb.xyz\/wp-content\/uploads\/2024\/11\/Snabb_photos_16_large-1024x640.webp 1024w, https:\/\/snabb.xyz\/wp-content\/uploads\/2024\/11\/Snabb_photos_16_large-300x188.webp 300w, https:\/\/snabb.xyz\/wp-content\/uploads\/2024\/11\/Snabb_photos_16_large-768x480.webp 768w, https:\/\/snabb.xyz\/wp-content\/uploads\/2024\/11\/Snabb_photos_16_large.webp 1280w\" sizes=\"auto, (max-width: 800px) 100vw, 800px\" \/>\t\t\t\t\t\t\t\t\t\t\t\t\t\t\t<\/div>\n\t\t\t\t<\/div>\n\t\t\t\t<\/div>\n\t\t\t\t<\/div>\n\t\t\t\t\t<\/div>\n\t\t\t\t<\/section>\n\t\t\t\t<\/div>\n\t\t","protected":false},"excerpt":{"rendered":"<p>St\u0101vvietas ir tikai Snabb t\u0101lu! K\u0101 uzs\u0101kt st\u0101vvietas sesiju izmantojot Snabb lietotni? Izv\u0113lies st\u0101vvietu Lietotne atrad\u012bs jums tuv\u0101k\u0101s un izdev\u012bg\u0101k\u0101s st\u0101vvietas vai izmantos ievad\u012bto adresi. Uzs\u0101c st\u0101vvietas sesiju P\u0101rliecinieties, ka numura z\u012bme ir redzama un maks\u0101juma metode ir pievienota. Lai uzs\u0101ktu st\u0101vvietas lieto\u0161anu, velciet pogu ekr\u0101na apak\u0161\u0101 no kreis\u0101s uz labo pusi. P\u0101rtrauc st\u0101vvietas sesiju [&hellip;]<\/p>\n","protected":false},"author":1,"featured_media":4576,"parent":4630,"menu_order":0,"comment_status":"closed","ping_status":"closed","template":"elementor_header_footer","meta":{"footnotes":""},"class_list":["post-4647","page","type-page","status-publish","has-post-thumbnail","hentry"],"_links":{"self":[{"href":"https:\/\/snabb.xyz\/lv\/wp-json\/wp\/v2\/pages\/4647","targetHints":{"allow":["GET"]}}],"collection":[{"href":"https:\/\/snabb.xyz\/lv\/wp-json\/wp\/v2\/pages"}],"about":[{"href":"https:\/\/snabb.xyz\/lv\/wp-json\/wp\/v2\/types\/page"}],"author":[{"embeddable":true,"href":"https:\/\/snabb.xyz\/lv\/wp-json\/wp\/v2\/users\/1"}],"replies":[{"embeddable":true,"href":"https:\/\/snabb.xyz\/lv\/wp-json\/wp\/v2\/comments?post=4647"}],"version-history":[{"count":23,"href":"https:\/\/snabb.xyz\/lv\/wp-json\/wp\/v2\/pages\/4647\/revisions"}],"predecessor-version":[{"id":5188,"href":"https:\/\/snabb.xyz\/lv\/wp-json\/wp\/v2\/pages\/4647\/revisions\/5188"}],"up":[{"embeddable":true,"href":"https:\/\/snabb.xyz\/lv\/wp-json\/wp\/v2\/pages\/4630"}],"wp:featuredmedia":[{"embeddable":true,"href":"https:\/\/snabb.xyz\/lv\/wp-json\/wp\/v2\/media\/4576"}],"wp:attachment":[{"href":"https:\/\/snabb.xyz\/lv\/wp-json\/wp\/v2\/media?parent=4647"}],"curies":[{"name":"wp","href":"https:\/\/api.w.org\/{rel}","templated":true}]}}