{"id":4632,"date":"2024-11-04T22:10:42","date_gmt":"2024-11-04T20:10:42","guid":{"rendered":"https:\/\/snabb.xyz\/soferim\/teenuste-tutvustus\/elektriauto-laadimine\/"},"modified":"2025-04-14T15:02:02","modified_gmt":"2025-04-14T13:02:02","slug":"elektroauto-uzlade","status":"publish","type":"page","link":"https:\/\/snabb.xyz\/lv\/autovaditajiem\/pakalpojumu-apraksts\/elektroauto-uzlade\/","title":{"rendered":"Elektroauto uzl\u0101de"},"content":{"rendered":"\t\t<div data-elementor-type=\"wp-page\" data-elementor-id=\"4632\" class=\"elementor elementor-4632 elementor-926\" data-elementor-post-type=\"page\">\n\t\t\t\t<section class=\"elementor-element elementor-element-fe3d64e e-flex e-con-boxed e-con e-parent\" data-id=\"fe3d64e\" data-element_type=\"container\">\n\t\t\t\t\t<div class=\"e-con-inner\">\n\t\t<div class=\"elementor-element elementor-element-d803c60 e-con-full e-flex e-con e-child\" data-id=\"d803c60\" data-element_type=\"container\">\n\t\t\t\t<div class=\"elementor-element elementor-element-e8341a7 elementor-widget__width-initial animated-fast elementor-invisible elementor-widget elementor-widget-heading\" data-id=\"e8341a7\" data-element_type=\"widget\" data-settings=\"{&quot;_animation&quot;:&quot;fadeInUp&quot;}\" data-widget_type=\"heading.default\">\n\t\t\t\t<div class=\"elementor-widget-container\">\n\t\t\t\t\t<h1 class=\"elementor-heading-title elementor-size-default\">Elektroauto uzl\u0101de vis\u0101 Baltij\u0101 ar Snabb<\/h1>\t\t\t\t<\/div>\n\t\t\t\t<\/div>\n\t\t\t\t<\/div>\n\t\t\t\t\t<\/div>\n\t\t\t\t<\/section>\n\t\t<section class=\"elementor-element elementor-element-2fa4e2d map_container e-flex e-con-boxed e-con e-parent\" data-id=\"2fa4e2d\" data-element_type=\"container\">\n\t\t\t\t\t<div class=\"e-con-inner\">\n\t\t\t\t<div class=\"elementor-element elementor-element-86f35f5 elementor-invisible elementor-widget elementor-widget-html\" data-id=\"86f35f5\" data-element_type=\"widget\" data-settings=\"{&quot;_animation&quot;:&quot;fadeIn&quot;}\" data-widget_type=\"html.default\">\n\t\t\t\t<div class=\"elementor-widget-container\">\n\t\t\t\t\t<iframe src=\"https:\/\/admin.barking.ee\/static\/map-snabb-style.html?type=EV_CHARGING&zoomCoodrinates=56.92423065860861,24.444060909738216&zoomLevel=8&language=lv\" frameborder=\"0\" allow=\"accelerometer; autoplay; clipboard-write; encrypted-media; gyroscope; picture-in-picture\" allowfullscreen=\"allowfullscreen\" class=\"absolute-cover\" height=\"860\"><\/iframe>\t\t\t\t<\/div>\n\t\t\t\t<\/div>\n\t\t\t\t\t<\/div>\n\t\t\t\t<\/section>\n\t\t<div class=\"elementor-element elementor-element-216339b imageSwitcherWrapper e-flex e-con-boxed e-con e-parent\" data-id=\"216339b\" data-element_type=\"container\">\n\t\t\t\t\t<div class=\"e-con-inner\">\n\t\t<div class=\"elementor-element elementor-element-51a9dfa e-con-full animated-fast e-flex elementor-invisible e-con e-child\" data-id=\"51a9dfa\" data-element_type=\"container\" data-settings=\"{&quot;animation&quot;:&quot;fadeIn&quot;}\">\n\t\t\t\t<div class=\"elementor-element elementor-element-068818e imageSwitcherImage elementor-widget elementor-widget-image\" data-id=\"068818e\" data-element_type=\"widget\" data-widget_type=\"image.default\">\n\t\t\t\t<div class=\"elementor-widget-container\">\n\t\t\t\t\t\t\t\t\t\t\t\t\t\t\t<img loading=\"lazy\" decoding=\"async\" loading=\"lazy\" width=\"1301\" height=\"1337\" src=\"https:\/\/snabb.xyz\/wp-content\/uploads\/2024\/11\/laadimine-kaart.webp\" class=\"attachment-full size-full wp-image-4633\" alt=\"\" srcset=\"https:\/\/snabb.xyz\/wp-content\/uploads\/2024\/11\/laadimine-kaart.webp 1301w, https:\/\/snabb.xyz\/wp-content\/uploads\/2024\/11\/laadimine-kaart-292x300.webp 292w, https:\/\/snabb.xyz\/wp-content\/uploads\/2024\/11\/laadimine-kaart-996x1024.webp 996w, https:\/\/snabb.xyz\/wp-content\/uploads\/2024\/11\/laadimine-kaart-768x789.webp 768w\" sizes=\"auto, (max-width: 1301px) 100vw, 1301px\" \/>\t\t\t\t\t\t\t\t\t\t\t\t\t\t\t<\/div>\n\t\t\t\t<\/div>\n\t\t\t\t<div class=\"elementor-element elementor-element-0fe6cab imageSwitcherImage elementor-widget elementor-widget-image\" data-id=\"0fe6cab\" data-element_type=\"widget\" data-widget_type=\"image.default\">\n\t\t\t\t<div class=\"elementor-widget-container\">\n\t\t\t\t\t\t\t\t\t\t\t\t\t\t\t<img loading=\"lazy\" decoding=\"async\" loading=\"lazy\" width=\"1301\" height=\"1337\" src=\"https:\/\/snabb.xyz\/wp-content\/uploads\/2024\/11\/laaadimine-asukoht.webp\" class=\"attachment-full size-full wp-image-4634\" alt=\"\" srcset=\"https:\/\/snabb.xyz\/wp-content\/uploads\/2024\/11\/laaadimine-asukoht.webp 1301w, https:\/\/snabb.xyz\/wp-content\/uploads\/2024\/11\/laaadimine-asukoht-292x300.webp 292w, https:\/\/snabb.xyz\/wp-content\/uploads\/2024\/11\/laaadimine-asukoht-996x1024.webp 996w, https:\/\/snabb.xyz\/wp-content\/uploads\/2024\/11\/laaadimine-asukoht-768x789.webp 768w\" sizes=\"auto, (max-width: 1301px) 100vw, 1301px\" \/>\t\t\t\t\t\t\t\t\t\t\t\t\t\t\t<\/div>\n\t\t\t\t<\/div>\n\t\t\t\t<div class=\"elementor-element elementor-element-977cd53 imageSwitcherImage elementor-widget elementor-widget-image\" data-id=\"977cd53\" data-element_type=\"widget\" data-widget_type=\"image.default\">\n\t\t\t\t<div class=\"elementor-widget-container\">\n\t\t\t\t\t\t\t\t\t\t\t\t\t\t\t<img loading=\"lazy\" decoding=\"async\" loading=\"lazy\" width=\"1301\" height=\"1337\" src=\"https:\/\/snabb.xyz\/wp-content\/uploads\/2024\/11\/aktiivne-laadimine.webp\" class=\"attachment-full size-full wp-image-4635\" alt=\"\" srcset=\"https:\/\/snabb.xyz\/wp-content\/uploads\/2024\/11\/aktiivne-laadimine.webp 1301w, https:\/\/snabb.xyz\/wp-content\/uploads\/2024\/11\/aktiivne-laadimine-292x300.webp 292w, https:\/\/snabb.xyz\/wp-content\/uploads\/2024\/11\/aktiivne-laadimine-996x1024.webp 996w, https:\/\/snabb.xyz\/wp-content\/uploads\/2024\/11\/aktiivne-laadimine-768x789.webp 768w\" sizes=\"auto, (max-width: 1301px) 100vw, 1301px\" \/>\t\t\t\t\t\t\t\t\t\t\t\t\t\t\t<\/div>\n\t\t\t\t<\/div>\n\t\t\t\t<\/div>\n\t\t<div class=\"elementor-element elementor-element-4c2a95a e-con-full e-flex e-con e-child\" data-id=\"4c2a95a\" data-element_type=\"container\">\n\t\t\t\t<div class=\"elementor-element elementor-element-406089e animated-fast elementor-invisible elementor-widget elementor-widget-heading\" data-id=\"406089e\" data-element_type=\"widget\" data-settings=\"{&quot;_animation&quot;:&quot;fadeInUp&quot;}\" data-widget_type=\"heading.default\">\n\t\t\t\t<div class=\"elementor-widget-container\">\n\t\t\t\t\t<h3 class=\"elementor-heading-title elementor-size-default\">K\u0101 s\u0101kt uzl\u0101di ar Snabb lietotni?<\/h3>\t\t\t\t<\/div>\n\t\t\t\t<\/div>\n\t\t<div class=\"elementor-element elementor-element-40043b9 e-con-full e-flex e-con e-child\" data-id=\"40043b9\" data-element_type=\"container\">\n\t\t<div class=\"elementor-element elementor-element-51088f7 e-con-full image_switcher_tab e-flex e-con e-child\" data-id=\"51088f7\" data-element_type=\"container\">\n\t\t\t\t<div class=\"elementor-element elementor-element-c667ebb elementor-widget elementor-widget-heading\" data-id=\"c667ebb\" data-element_type=\"widget\" data-widget_type=\"heading.default\">\n\t\t\t\t<div class=\"elementor-widget-container\">\n\t\t\t\t\t<h4 class=\"elementor-heading-title elementor-size-default\">Izv\u0113lieties uzl\u0101des staciju\n<\/h4>\t\t\t\t<\/div>\n\t\t\t\t<\/div>\n\t\t\t\t<div class=\"elementor-element elementor-element-b2ca048 elementor-widget elementor-widget-text-editor\" data-id=\"b2ca048\" data-element_type=\"widget\" data-widget_type=\"text-editor.default\">\n\t\t\t\t<div class=\"elementor-widget-container\">\n\t\t\t\t\t\t\t\t\t<p><span data-sheets-root=\"1\">Snabb lietotn\u0113 ir pla\u0161s uzl\u0101des staciju kl\u0101sts vis\u0101 Baltij\u0101.<\/span><\/p>\t\t\t\t\t\t\t\t<\/div>\n\t\t\t\t<\/div>\n\t\t\t\t<\/div>\n\t\t<div class=\"elementor-element elementor-element-99a3fb0 e-con-full image_switcher_tab e-flex e-con e-child\" data-id=\"99a3fb0\" data-element_type=\"container\">\n\t\t\t\t<div class=\"elementor-element elementor-element-b60633d elementor-widget elementor-widget-heading\" data-id=\"b60633d\" data-element_type=\"widget\" data-widget_type=\"heading.default\">\n\t\t\t\t<div class=\"elementor-widget-container\">\n\t\t\t\t\t<h4 class=\"elementor-heading-title elementor-size-default\">Izv\u0113lieties uzl\u0101des staciju un piem\u0113rotu spraudni\n<\/h4>\t\t\t\t<\/div>\n\t\t\t\t<\/div>\n\t\t\t\t<div class=\"elementor-element elementor-element-1b3c1e6 elementor-widget elementor-widget-text-editor\" data-id=\"1b3c1e6\" data-element_type=\"widget\" data-widget_type=\"text-editor.default\">\n\t\t\t\t<div class=\"elementor-widget-container\">\n\t\t\t\t\t\t\t\t\t<p>Atz\u012bm\u0113jiet, kur\u0101 stacij\u0101 atrodaties un aktiviz\u0113jiet atbilsto\u0161o spraudni izmantojot lietotni.<\/p>\t\t\t\t\t\t\t\t<\/div>\n\t\t\t\t<\/div>\n\t\t\t\t<\/div>\n\t\t<div class=\"elementor-element elementor-element-15733f1 e-con-full image_switcher_tab e-flex e-con e-child\" data-id=\"15733f1\" data-element_type=\"container\">\n\t\t\t\t<div class=\"elementor-element elementor-element-b436251 elementor-widget elementor-widget-heading\" data-id=\"b436251\" data-element_type=\"widget\" data-widget_type=\"heading.default\">\n\t\t\t\t<div class=\"elementor-widget-container\">\n\t\t\t\t\t<h4 class=\"elementor-heading-title elementor-size-default\">Ievietojiet spraudni automa\u0161\u012bn\u0101\n<\/h4>\t\t\t\t<\/div>\n\t\t\t\t<\/div>\n\t\t\t\t<div class=\"elementor-element elementor-element-dcbc5cf elementor-widget elementor-widget-text-editor\" data-id=\"dcbc5cf\" data-element_type=\"widget\" data-widget_type=\"text-editor.default\">\n\t\t\t\t<div class=\"elementor-widget-container\">\n\t\t\t\t\t\t\t\t\t<p><span data-sheets-root=\"1\">Lietotn\u0113 spiediet \u201cS\u0101kt\u201d un uzl\u0101de tiks uzs\u0101kta.<\/span><\/p>\t\t\t\t\t\t\t\t<\/div>\n\t\t\t\t<\/div>\n\t\t\t\t<\/div>\n\t\t\t\t<\/div>\n\t\t\t\t<\/div>\n\t\t\t\t\t<\/div>\n\t\t\t\t<\/div>\n\t\t<section class=\"elementor-element elementor-element-e1a8692 e-flex e-con-boxed e-con e-parent\" data-id=\"e1a8692\" data-element_type=\"container\">\n\t\t\t\t\t<div class=\"e-con-inner\">\n\t\t<div class=\"elementor-element elementor-element-6185c30 e-con-full e-flex e-con e-child\" data-id=\"6185c30\" data-element_type=\"container\">\n\t\t\t\t<div class=\"elementor-element elementor-element-32e03b6 elementor-invisible elementor-widget elementor-widget-heading\" data-id=\"32e03b6\" data-element_type=\"widget\" data-settings=\"{&quot;_animation&quot;:&quot;fadeInUp&quot;}\" data-widget_type=\"heading.default\">\n\t\t\t\t<div class=\"elementor-widget-container\">\n\t\t\t\t\t<h2 class=\"elementor-heading-title elementor-size-default\">Snabb ir vienk\u0101r\u0161s un \u0101trs!<\/h2>\t\t\t\t<\/div>\n\t\t\t\t<\/div>\n\t\t\t\t<\/div>\n\t\t<div class=\"elementor-element elementor-element-fd9efd5 e-con-full e-flex e-con e-child\" data-id=\"fd9efd5\" data-element_type=\"container\">\n\t\t<div class=\"elementor-element elementor-element-29f8adc e-con-full animated-fast e-flex elementor-invisible e-con e-child\" data-id=\"29f8adc\" data-element_type=\"container\" data-settings=\"{&quot;animation&quot;:&quot;fadeInUp&quot;}\">\n\t\t\t\t<div class=\"elementor-element elementor-element-1646658 elementor-widget elementor-widget-image\" data-id=\"1646658\" data-element_type=\"widget\" data-widget_type=\"image.default\">\n\t\t\t\t<div class=\"elementor-widget-container\">\n\t\t\t\t\t\t\t\t\t\t\t\t\t\t\t<img loading=\"lazy\" decoding=\"async\" loading=\"lazy\" width=\"280\" height=\"280\" src=\"https:\/\/snabb.xyz\/wp-content\/uploads\/2024\/10\/Snabb_numbers_1.png\" class=\"attachment-large size-large wp-image-29\" alt=\"\" srcset=\"https:\/\/snabb.xyz\/wp-content\/uploads\/2024\/10\/Snabb_numbers_1.png 280w, https:\/\/snabb.xyz\/wp-content\/uploads\/2024\/10\/Snabb_numbers_1-150x150.png 150w\" sizes=\"auto, (max-width: 280px) 100vw, 280px\" \/>\t\t\t\t\t\t\t\t\t\t\t\t\t\t\t<\/div>\n\t\t\t\t<\/div>\n\t\t\t\t<div class=\"elementor-element elementor-element-74b8ec9 elementor-widget elementor-widget-heading\" data-id=\"74b8ec9\" data-element_type=\"widget\" data-widget_type=\"heading.default\">\n\t\t\t\t<div class=\"elementor-widget-container\">\n\t\t\t\t\t<h3 class=\"elementor-heading-title elementor-size-default\">Izv\u0113lieties uzl\u0101des staciju<\/h3>\t\t\t\t<\/div>\n\t\t\t\t<\/div>\n\t\t\t\t<div class=\"elementor-element elementor-element-8069ddc elementor-widget elementor-widget-text-editor\" data-id=\"8069ddc\" data-element_type=\"widget\" data-widget_type=\"text-editor.default\">\n\t\t\t\t<div class=\"elementor-widget-container\">\n\t\t\t\t\t\t\t\t\t<p><span data-sheets-root=\"1\">Noklik\u0161\u0137iniet uz pogas \u201cUzl\u0101des stacijas\u201d aug\u0161\u0113j\u0101 labaj\u0101 st\u016br\u012b un mekl\u0113jiet tuv\u0101k\u0101s elektroauto uzl\u0101des stacijas.<\/span><\/p>\t\t\t\t\t\t\t\t<\/div>\n\t\t\t\t<\/div>\n\t\t\t\t<\/div>\n\t\t<div class=\"elementor-element elementor-element-8eb0a8f e-con-full animated-fast e-flex elementor-invisible e-con e-child\" data-id=\"8eb0a8f\" data-element_type=\"container\" data-settings=\"{&quot;animation&quot;:&quot;fadeInUp&quot;,&quot;animation_delay&quot;:200}\">\n\t\t\t\t<div class=\"elementor-element elementor-element-4ccd3e8 elementor-widget elementor-widget-image\" data-id=\"4ccd3e8\" data-element_type=\"widget\" data-widget_type=\"image.default\">\n\t\t\t\t<div class=\"elementor-widget-container\">\n\t\t\t\t\t\t\t\t\t\t\t\t\t\t\t<img loading=\"lazy\" decoding=\"async\" loading=\"lazy\" width=\"280\" height=\"280\" src=\"https:\/\/snabb.xyz\/wp-content\/uploads\/2024\/10\/Snabb_numbers_2.png\" class=\"attachment-large size-large wp-image-30\" alt=\"\" srcset=\"https:\/\/snabb.xyz\/wp-content\/uploads\/2024\/10\/Snabb_numbers_2.png 280w, https:\/\/snabb.xyz\/wp-content\/uploads\/2024\/10\/Snabb_numbers_2-150x150.png 150w\" sizes=\"auto, (max-width: 280px) 100vw, 280px\" \/>\t\t\t\t\t\t\t\t\t\t\t\t\t\t\t<\/div>\n\t\t\t\t<\/div>\n\t\t\t\t<div class=\"elementor-element elementor-element-aa1e68d elementor-widget elementor-widget-heading\" data-id=\"aa1e68d\" data-element_type=\"widget\" data-widget_type=\"heading.default\">\n\t\t\t\t<div class=\"elementor-widget-container\">\n\t\t\t\t\t<h3 class=\"elementor-heading-title elementor-size-default\">Ievietojiet spraudni automa\u0161\u012bn\u0101<\/h3>\t\t\t\t<\/div>\n\t\t\t\t<\/div>\n\t\t\t\t<div class=\"elementor-element elementor-element-a4eefe8 elementor-widget elementor-widget-text-editor\" data-id=\"a4eefe8\" data-element_type=\"widget\" data-widget_type=\"text-editor.default\">\n\t\t\t\t<div class=\"elementor-widget-container\">\n\t\t\t\t\t\t\t\t\t<p><span data-sheets-root=\"1\">Snabb lietotn\u0113 spiediet \u201cS\u0101kt\u201d, un uzl\u0101de tiks uzs\u0101kta.<\/span><\/p>\t\t\t\t\t\t\t\t<\/div>\n\t\t\t\t<\/div>\n\t\t\t\t<\/div>\n\t\t<div class=\"elementor-element elementor-element-d2948bb e-con-full animated-fast e-flex elementor-invisible e-con e-child\" data-id=\"d2948bb\" data-element_type=\"container\" data-settings=\"{&quot;animation&quot;:&quot;fadeInUp&quot;,&quot;animation_delay&quot;:400}\">\n\t\t\t\t<div class=\"elementor-element elementor-element-e61a132 elementor-widget elementor-widget-image\" data-id=\"e61a132\" data-element_type=\"widget\" data-widget_type=\"image.default\">\n\t\t\t\t<div class=\"elementor-widget-container\">\n\t\t\t\t\t\t\t\t\t\t\t\t\t\t\t<img loading=\"lazy\" decoding=\"async\" loading=\"lazy\" width=\"280\" height=\"280\" src=\"https:\/\/snabb.xyz\/wp-content\/uploads\/2024\/10\/Snabb_numbers_3.png\" class=\"attachment-large size-large wp-image-31\" alt=\"\" srcset=\"https:\/\/snabb.xyz\/wp-content\/uploads\/2024\/10\/Snabb_numbers_3.png 280w, https:\/\/snabb.xyz\/wp-content\/uploads\/2024\/10\/Snabb_numbers_3-150x150.png 150w\" sizes=\"auto, (max-width: 280px) 100vw, 280px\" \/>\t\t\t\t\t\t\t\t\t\t\t\t\t\t\t<\/div>\n\t\t\t\t<\/div>\n\t\t\t\t<div class=\"elementor-element elementor-element-78717e9 elementor-widget elementor-widget-heading\" data-id=\"78717e9\" data-element_type=\"widget\" data-widget_type=\"heading.default\">\n\t\t\t\t<div class=\"elementor-widget-container\">\n\t\t\t\t\t<h3 class=\"elementor-heading-title elementor-size-default\">Izbaudiet \u0113rt\u012bbu\n<\/h3>\t\t\t\t<\/div>\n\t\t\t\t<\/div>\n\t\t\t\t<div class=\"elementor-element elementor-element-dd87888 elementor-widget elementor-widget-text-editor\" data-id=\"dd87888\" data-element_type=\"widget\" data-widget_type=\"text-editor.default\">\n\t\t\t\t<div class=\"elementor-widget-container\">\n\t\t\t\t\t\t\t\t\t<p><span data-sheets-root=\"1\">\u0100tr\u0101kais un \u0113rt\u0101kais uzl\u0101des process, izbaudot autost\u0101vvietu iesp\u0113jas un automazg\u0101tavas, kas pieejamas Snabb.<\/span><\/p>\t\t\t\t\t\t\t\t<\/div>\n\t\t\t\t<\/div>\n\t\t\t\t<\/div>\n\t\t\t\t<\/div>\n\t\t\t\t\t<\/div>\n\t\t\t\t<\/section>\n\t\t<section class=\"elementor-element elementor-element-cdb9296 e-flex e-con-boxed e-con e-parent\" data-id=\"cdb9296\" data-element_type=\"container\">\n\t\t\t\t\t<div class=\"e-con-inner\">\n\t\t<div class=\"elementor-element elementor-element-868d326 e-con-full e-flex e-con e-child\" data-id=\"868d326\" data-element_type=\"container\">\n\t\t<div class=\"elementor-element elementor-element-93169a9 e-con-full animated-fast e-flex elementor-invisible e-con e-child\" data-id=\"93169a9\" data-element_type=\"container\" data-settings=\"{&quot;animation&quot;:&quot;fadeInUp&quot;,&quot;animation_delay&quot;:300}\">\n\t\t\t\t<div class=\"elementor-element elementor-element-1e009c3 animated-fast elementor-invisible elementor-widget elementor-widget-heading\" data-id=\"1e009c3\" data-element_type=\"widget\" data-settings=\"{&quot;_animation&quot;:&quot;fadeInUp&quot;}\" data-widget_type=\"heading.default\">\n\t\t\t\t<div class=\"elementor-widget-container\">\n\t\t\t\t\t<h3 class=\"elementor-heading-title elementor-size-default\">Vai j\u016bs p\u0101rvald\u0101t vai esat elektroauto uzl\u0101des staciju \u012bpa\u0161nieks?<\/h3>\t\t\t\t<\/div>\n\t\t\t\t<\/div>\n\t\t\t\t<div class=\"elementor-element elementor-element-9001ee3 elementor-widget elementor-widget-text-editor\" data-id=\"9001ee3\" data-element_type=\"widget\" data-widget_type=\"text-editor.default\">\n\t\t\t\t<div class=\"elementor-widget-container\">\n\t\t\t\t\t\t\t\t\t<p><span data-sheets-root=\"1\">Sazinieties ar mums un m\u0113s padar\u012bsim j\u016bsu uzl\u0101des stacijas pieejamas vair\u0101k nek\u0101 75 000 vad\u012bt\u0101jiem.<\/span><\/p>\t\t\t\t\t\t\t\t<\/div>\n\t\t\t\t<\/div>\n\t\t\t\t<div class=\"elementor-element elementor-element-698731d animated-fast ripple elementor-invisible elementor-widget elementor-widget-button\" data-id=\"698731d\" data-element_type=\"widget\" data-settings=\"{&quot;_animation&quot;:&quot;fadeInUp&quot;,&quot;_animation_delay&quot;:250}\" data-widget_type=\"button.default\">\n\t\t\t\t<div class=\"elementor-widget-container\">\n\t\t\t\t\t\t\t\t\t<div class=\"elementor-button-wrapper\">\n\t\t\t\t\t<a class=\"elementor-button elementor-button-link elementor-size-sm\" href=\"https:\/\/snabb.xyz\/lv\/kontakti\/\">\n\t\t\t\t\t\t<span class=\"elementor-button-content-wrapper\">\n\t\t\t\t\t\t\t\t\t<span class=\"elementor-button-text\">Sazinieties ar mums<\/span>\n\t\t\t\t\t<\/span>\n\t\t\t\t\t<\/a>\n\t\t\t\t<\/div>\n\t\t\t\t\t\t\t\t<\/div>\n\t\t\t\t<\/div>\n\t\t\t\t<\/div>\n\t\t<div class=\"elementor-element elementor-element-4aa7440 e-con-full e-flex e-con e-child\" data-id=\"4aa7440\" data-element_type=\"container\">\n\t\t\t\t<div class=\"elementor-element elementor-element-912272b animated-fast elementor-invisible elementor-widget elementor-widget-image\" data-id=\"912272b\" data-element_type=\"widget\" data-settings=\"{&quot;_animation&quot;:&quot;fadeIn&quot;}\" data-widget_type=\"image.default\">\n\t\t\t\t<div class=\"elementor-widget-container\">\n\t\t\t\t\t\t\t\t\t\t\t\t\t\t\t<img loading=\"lazy\" decoding=\"async\" loading=\"lazy\" width=\"800\" height=\"500\" src=\"https:\/\/snabb.xyz\/wp-content\/uploads\/2024\/11\/Snabb_photos_16_large-1024x640.webp\" class=\"attachment-large size-large wp-image-4649\" alt=\"\" srcset=\"https:\/\/snabb.xyz\/wp-content\/uploads\/2024\/11\/Snabb_photos_16_large-1024x640.webp 1024w, https:\/\/snabb.xyz\/wp-content\/uploads\/2024\/11\/Snabb_photos_16_large-300x188.webp 300w, https:\/\/snabb.xyz\/wp-content\/uploads\/2024\/11\/Snabb_photos_16_large-768x480.webp 768w, https:\/\/snabb.xyz\/wp-content\/uploads\/2024\/11\/Snabb_photos_16_large.webp 1280w\" sizes=\"auto, (max-width: 800px) 100vw, 800px\" \/>\t\t\t\t\t\t\t\t\t\t\t\t\t\t\t<\/div>\n\t\t\t\t<\/div>\n\t\t\t\t<\/div>\n\t\t\t\t<\/div>\n\t\t\t\t\t<\/div>\n\t\t\t\t<\/section>\n\t\t\t\t<\/div>\n\t\t","protected":false},"excerpt":{"rendered":"<p>Elektroauto uzl\u0101de vis\u0101 Baltij\u0101 ar Snabb K\u0101 s\u0101kt uzl\u0101di ar Snabb lietotni? Izv\u0113lieties uzl\u0101des staciju Snabb lietotn\u0113 ir pla\u0161s uzl\u0101des staciju kl\u0101sts vis\u0101 Baltij\u0101. Izv\u0113lieties uzl\u0101des staciju un piem\u0113rotu spraudni Atz\u012bm\u0113jiet, kur\u0101 stacij\u0101 atrodaties un aktiviz\u0113jiet atbilsto\u0161o spraudni izmantojot lietotni. Ievietojiet spraudni automa\u0161\u012bn\u0101 Lietotn\u0113 spiediet \u201cS\u0101kt\u201d un uzl\u0101de tiks uzs\u0101kta. Snabb ir vienk\u0101r\u0161s un \u0101trs! [&hellip;]<\/p>\n","protected":false},"author":1,"featured_media":4576,"parent":4630,"menu_order":0,"comment_status":"closed","ping_status":"closed","template":"elementor_header_footer","meta":{"footnotes":""},"class_list":["post-4632","page","type-page","status-publish","has-post-thumbnail","hentry"],"_links":{"self":[{"href":"https:\/\/snabb.xyz\/lv\/wp-json\/wp\/v2\/pages\/4632","targetHints":{"allow":["GET"]}}],"collection":[{"href":"https:\/\/snabb.xyz\/lv\/wp-json\/wp\/v2\/pages"}],"about":[{"href":"https:\/\/snabb.xyz\/lv\/wp-json\/wp\/v2\/types\/page"}],"author":[{"embeddable":true,"href":"https:\/\/snabb.xyz\/lv\/wp-json\/wp\/v2\/users\/1"}],"replies":[{"embeddable":true,"href":"https:\/\/snabb.xyz\/lv\/wp-json\/wp\/v2\/comments?post=4632"}],"version-history":[{"count":17,"href":"https:\/\/snabb.xyz\/lv\/wp-json\/wp\/v2\/pages\/4632\/revisions"}],"predecessor-version":[{"id":5566,"href":"https:\/\/snabb.xyz\/lv\/wp-json\/wp\/v2\/pages\/4632\/revisions\/5566"}],"up":[{"embeddable":true,"href":"https:\/\/snabb.xyz\/lv\/wp-json\/wp\/v2\/pages\/4630"}],"wp:featuredmedia":[{"embeddable":true,"href":"https:\/\/snabb.xyz\/lv\/wp-json\/wp\/v2\/media\/4576"}],"wp:attachment":[{"href":"https:\/\/snabb.xyz\/lv\/wp-json\/wp\/v2\/media?parent=4632"}],"curies":[{"name":"wp","href":"https:\/\/api.w.org\/{rel}","templated":true}]}}