{"id":4621,"date":"2024-11-03T23:39:52","date_gmt":"2024-11-03T21:39:52","guid":{"rendered":"https:\/\/snabb.xyz\/soferim\/parkimise-kuukaart\/"},"modified":"2025-06-16T13:03:58","modified_gmt":"2025-06-16T11:03:58","slug":"ikmenesa-abonements","status":"publish","type":"page","link":"https:\/\/snabb.xyz\/lv\/autovaditajiem\/ikmenesa-abonements\/","title":{"rendered":"Ikm\u0113ne\u0161a abonements"},"content":{"rendered":"\t\t<div data-elementor-type=\"wp-page\" data-elementor-id=\"4621\" class=\"elementor elementor-4621 elementor-839\" data-elementor-post-type=\"page\">\n\t\t\t\t<section class=\"elementor-element elementor-element-4a7f8a3 e-con-full e-flex e-con e-parent\" data-id=\"4a7f8a3\" data-element_type=\"container\">\n\t\t<div class=\"elementor-element elementor-element-21f83d9 e-con-full e-flex e-con e-child\" data-id=\"21f83d9\" data-element_type=\"container\">\n\t\t<div class=\"elementor-element elementor-element-2f26088 e-flex e-con-boxed e-con e-child\" data-id=\"2f26088\" data-element_type=\"container\" data-settings=\"{&quot;background_background&quot;:&quot;classic&quot;}\">\n\t\t\t\t\t<div class=\"e-con-inner\">\n\t\t<div class=\"elementor-element elementor-element-9f19e72 e-flex e-con-boxed e-con e-child\" data-id=\"9f19e72\" data-element_type=\"container\">\n\t\t\t\t\t<div class=\"e-con-inner\">\n\t\t<div class=\"elementor-element elementor-element-887f307 e-con-full e-flex e-con e-child\" data-id=\"887f307\" data-element_type=\"container\">\n\t\t<div class=\"elementor-element elementor-element-667758e e-con-full animated-fast e-flex elementor-invisible e-con e-child\" data-id=\"667758e\" data-element_type=\"container\" data-settings=\"{&quot;animation&quot;:&quot;fadeInUp&quot;}\">\n\t\t\t\t<div class=\"elementor-element elementor-element-a0b6d49 elementor-widget elementor-widget-heading\" data-id=\"a0b6d49\" data-element_type=\"widget\" data-widget_type=\"heading.default\">\n\t\t\t\t<div class=\"elementor-widget-container\">\n\t\t\t\t\t<h1 class=\"elementor-heading-title elementor-size-default\">Izmantojot ikm\u0113ne\u0161a abonementu - neierobe\u017eotas st\u0101vvietas sesijas<\/h1>\t\t\t\t<\/div>\n\t\t\t\t<\/div>\n\t\t\t\t<div class=\"elementor-element elementor-element-7d4ab77 elementor-widget elementor-widget-text-editor\" data-id=\"7d4ab77\" data-element_type=\"widget\" data-widget_type=\"text-editor.default\">\n\t\t\t\t<div class=\"elementor-widget-container\">\n\t\t\t\t\t\t\t\t\t<p><span data-sheets-root=\"1\">Izmantojot Snabb lietotni, j\u016bs varat \u0113rti ieg\u0101d\u0101ties ikm\u0113ne\u0161a abonementu j\u016bsu izv\u0113l\u0113tajai autost\u0101vvietai.<\/span><\/p>\t\t\t\t\t\t\t\t<\/div>\n\t\t\t\t<\/div>\n\t\t\t\t<\/div>\n\t\t<div class=\"elementor-element elementor-element-e19cca7 e-con-full animated-fast e-flex elementor-invisible e-con e-child\" data-id=\"e19cca7\" data-element_type=\"container\" data-settings=\"{&quot;animation&quot;:&quot;fadeIn&quot;}\">\n\t\t\t\t<div class=\"elementor-element elementor-element-998ce20 elementor-widget elementor-widget-heading\" data-id=\"998ce20\" data-element_type=\"widget\" data-widget_type=\"heading.default\">\n\t\t\t\t<div class=\"elementor-widget-container\">\n\t\t\t\t\t<p class=\"elementor-heading-title elementor-size-default\">Lejupl\u0101d\u0113jiet Snabb\u200b<\/p>\t\t\t\t<\/div>\n\t\t\t\t<\/div>\n\t\t<div class=\"elementor-element elementor-element-e7e3c93 e-con-full e-flex e-con e-child\" data-id=\"e7e3c93\" data-element_type=\"container\">\n\t\t\t\t<div class=\"elementor-element elementor-element-8eecafe elementor-widget elementor-widget-image\" data-id=\"8eecafe\" data-element_type=\"widget\" data-widget_type=\"image.default\">\n\t\t\t\t<div class=\"elementor-widget-container\">\n\t\t\t\t\t\t\t\t\t\t\t\t\t\t\t\t<a href=\"https:\/\/apps.apple.com\/ee\/app\/barking\/id978315014\" target=\"_blank\">\n\t\t\t\t\t\t\t<img loading=\"lazy\" decoding=\"async\" loading=\"lazy\" width=\"493\" height=\"138\" src=\"https:\/\/snabb.xyz\/wp-content\/uploads\/2024\/10\/app-store-lv.png\" class=\"attachment-large size-large wp-image-4871\" alt=\"\" srcset=\"https:\/\/snabb.xyz\/wp-content\/uploads\/2024\/10\/app-store-lv.png 493w, https:\/\/snabb.xyz\/wp-content\/uploads\/2024\/10\/app-store-lv-300x84.png 300w\" sizes=\"auto, (max-width: 493px) 100vw, 493px\" \/>\t\t\t\t\t\t\t\t<\/a>\n\t\t\t\t\t\t\t\t\t\t\t\t\t\t\t<\/div>\n\t\t\t\t<\/div>\n\t\t\t\t<div class=\"elementor-element elementor-element-a8d3bf8 elementor-widget elementor-widget-image\" data-id=\"a8d3bf8\" data-element_type=\"widget\" data-widget_type=\"image.default\">\n\t\t\t\t<div class=\"elementor-widget-container\">\n\t\t\t\t\t\t\t\t\t\t\t\t\t\t\t\t<a href=\"https:\/\/play.google.com\/store\/apps\/details?id=ee.barking.app\" target=\"_blank\">\n\t\t\t\t\t\t\t<img loading=\"lazy\" decoding=\"async\" loading=\"lazy\" width=\"493\" height=\"138\" src=\"https:\/\/snabb.xyz\/wp-content\/uploads\/2024\/10\/google-play-lv.png\" class=\"attachment-large size-large wp-image-4878\" alt=\"\" srcset=\"https:\/\/snabb.xyz\/wp-content\/uploads\/2024\/10\/google-play-lv.png 493w, https:\/\/snabb.xyz\/wp-content\/uploads\/2024\/10\/google-play-lv-300x84.png 300w\" sizes=\"auto, (max-width: 493px) 100vw, 493px\" \/>\t\t\t\t\t\t\t\t<\/a>\n\t\t\t\t\t\t\t\t\t\t\t\t\t\t\t<\/div>\n\t\t\t\t<\/div>\n\t\t\t\t<\/div>\n\t\t\t\t<\/div>\n\t\t\t\t<\/div>\n\t\t<div class=\"elementor-element elementor-element-854a374 e-con-full e-flex e-con e-child\" data-id=\"854a374\" data-element_type=\"container\">\n\t\t\t\t<div class=\"elementor-element elementor-element-a0000b1 elementor-absolute hero_img scale_height animated-fast elementor-invisible elementor-widget elementor-widget-image\" data-id=\"a0000b1\" data-element_type=\"widget\" data-settings=\"{&quot;_animation&quot;:&quot;fadeInRight&quot;,&quot;_position&quot;:&quot;absolute&quot;}\" data-widget_type=\"image.default\">\n\t\t\t\t<div class=\"elementor-widget-container\">\n\t\t\t\t\t\t\t\t\t\t\t\t\t\t\t<img loading=\"lazy\" decoding=\"async\" loading=\"lazy\" width=\"642\" height=\"644\" src=\"https:\/\/snabb.xyz\/wp-content\/uploads\/2024\/11\/Group-299.webp\" class=\"attachment-full size-full wp-image-4622\" alt=\"\" srcset=\"https:\/\/snabb.xyz\/wp-content\/uploads\/2024\/11\/Group-299.webp 642w, https:\/\/snabb.xyz\/wp-content\/uploads\/2024\/11\/Group-299-300x300.webp 300w, https:\/\/snabb.xyz\/wp-content\/uploads\/2024\/11\/Group-299-150x150.webp 150w\" sizes=\"auto, (max-width: 642px) 100vw, 642px\" \/>\t\t\t\t\t\t\t\t\t\t\t\t\t\t\t<\/div>\n\t\t\t\t<\/div>\n\t\t\t\t<\/div>\n\t\t\t\t\t<\/div>\n\t\t\t\t<\/div>\n\t\t\t\t\t<\/div>\n\t\t\t\t<\/div>\n\t\t\t\t<\/div>\n\t\t\t\t<\/section>\n\t\t<section class=\"elementor-element elementor-element-f934149 e-flex e-con-boxed e-con e-parent\" data-id=\"f934149\" data-element_type=\"container\">\n\t\t\t\t\t<div class=\"e-con-inner\">\n\t\t<div class=\"elementor-element elementor-element-282b3b4 e-flex e-con-boxed e-con e-child\" data-id=\"282b3b4\" data-element_type=\"container\">\n\t\t\t\t\t<div class=\"e-con-inner\">\n\t\t<div class=\"elementor-element elementor-element-953eaa9 e-con-full animated-fast e-flex elementor-invisible e-con e-child\" data-id=\"953eaa9\" data-element_type=\"container\" data-settings=\"{&quot;animation&quot;:&quot;fadeInUp&quot;,&quot;animation_delay&quot;:300}\">\n\t\t\t\t<div class=\"elementor-element elementor-element-65cc7a3 animated-fast elementor-invisible elementor-widget elementor-widget-heading\" data-id=\"65cc7a3\" data-element_type=\"widget\" data-settings=\"{&quot;_animation&quot;:&quot;fadeInUp&quot;}\" data-widget_type=\"heading.default\">\n\t\t\t\t<div class=\"elementor-widget-container\">\n\t\t\t\t\t<h2 class=\"elementor-heading-title elementor-size-default\">K\u0101 ieg\u0101d\u0101ties ikm\u0113ne\u0161a abonementu Snabb autost\u0101vvietai?<\/h2>\t\t\t\t<\/div>\n\t\t\t\t<\/div>\n\t\t\t\t<div class=\"elementor-element elementor-element-455ec16 list_kollaste_tappidega elementor-widget elementor-widget-text-editor\" data-id=\"455ec16\" data-element_type=\"widget\" data-widget_type=\"text-editor.default\">\n\t\t\t\t<div class=\"elementor-widget-container\">\n\t\t\t\t\t\t\t\t\t<ul><li><span data-sheets-root=\"1\">\u00a0Lejupiel\u0101d\u0113jiet\/atveriet Snabb lietotni, lai ieg\u0101d\u0101tos ikm\u0113ne\u0161a abonementu<\/span><\/li><li><span data-sheets-root=\"1\">Atrodiet lietotn\u0113 autost\u0101vvietu, kur v\u0113laties ieg\u0101d\u0101ties ikm\u0113ne\u0161a abonementu<\/span><\/li><li><span data-sheets-root=\"1\">Kad izv\u0113laties autost\u0101vvietu, tiks par\u0101d\u012bta opcija \u201cIeg\u0101d\u0101ties ikm\u0113ne\u0161a abonementu\u201d (ja \u0161\u0101da opcija nav par\u0101d\u012bta skat\u0101, tad diem\u017e\u0113l \u0161ai autost\u0101vvietai tie nav pieejami).<\/span><\/li><li><span data-sheets-root=\"1\">Izv\u0113loties \u201cIeg\u0101d\u0101ties ikm\u0113ne\u0161a abonementu\u201d, tiks par\u0101d\u012bts ikm\u0113ne\u0161a abonementa izmaksu p\u0101rskats un detaliz\u0113t\u0101ka inform\u0101cija.<\/span><\/li><li><span data-sheets-root=\"1\">P\u0101rbaudiet, vai lietotn\u0113 esat ievad\u012bjis der\u012bgu maks\u0101juma metodi un vai t\u0101 ir akt\u012bva.<\/span><\/li><li><span data-sheets-root=\"1\">Nospiediet pogu \u201cTurpin\u0101t iepirk\u0161anos\u201d un apstipriniet ikm\u0113ne\u0161a abonementa ieg\u0101di.<\/span><\/li><li><span data-sheets-root=\"1\">Ikm\u0113ne\u0161a abonements st\u0101sies sp\u0113k\u0101, tikl\u012bdz tiks veikts maks\u0101jums<\/span><\/li><\/ul>\t\t\t\t\t\t\t\t<\/div>\n\t\t\t\t<\/div>\n\t\t\t\t<div class=\"elementor-element elementor-element-e94ad3e animated-fast elementor-invisible elementor-widget elementor-widget-image\" data-id=\"e94ad3e\" data-element_type=\"widget\" data-settings=\"{&quot;_animation&quot;:&quot;fadeIn&quot;}\" data-widget_type=\"image.default\">\n\t\t\t\t<div class=\"elementor-widget-container\">\n\t\t\t\t\t\t\t\t\t\t\t\t\t\t\t\t<a href=\"https:\/\/snabb.xyz\/wp-content\/uploads\/2024\/11\/kuukaardi-ostmine_huge.webp\" data-elementor-open-lightbox=\"yes\" data-elementor-lightbox-title=\"kuukaardi ostmine_huge\" data-e-action-hash=\"#elementor-action%3Aaction%3Dlightbox%26settings%3DeyJpZCI6NDYyMywidXJsIjoiaHR0cHM6XC9cL3NuYWJiLnh5elwvd3AtY29udGVudFwvdXBsb2Fkc1wvMjAyNFwvMTFcL2t1dWthYXJkaS1vc3RtaW5lX2h1Z2Uud2VicCJ9\">\n\t\t\t\t\t\t\t<img loading=\"lazy\" decoding=\"async\" loading=\"lazy\" width=\"1536\" height=\"774\" src=\"https:\/\/snabb.xyz\/wp-content\/uploads\/2024\/11\/kuukaardi-ostmine_huge-1536x774.webp\" class=\"attachment-1536x1536 size-1536x1536 wp-image-4623\" alt=\"\" srcset=\"https:\/\/snabb.xyz\/wp-content\/uploads\/2024\/11\/kuukaardi-ostmine_huge-1536x774.webp 1536w, https:\/\/snabb.xyz\/wp-content\/uploads\/2024\/11\/kuukaardi-ostmine_huge-300x151.webp 300w, https:\/\/snabb.xyz\/wp-content\/uploads\/2024\/11\/kuukaardi-ostmine_huge-1024x516.webp 1024w, https:\/\/snabb.xyz\/wp-content\/uploads\/2024\/11\/kuukaardi-ostmine_huge-768x387.webp 768w, https:\/\/snabb.xyz\/wp-content\/uploads\/2024\/11\/kuukaardi-ostmine_huge.webp 2048w\" sizes=\"auto, (max-width: 1536px) 100vw, 1536px\" \/>\t\t\t\t\t\t\t\t<\/a>\n\t\t\t\t\t\t\t\t\t\t\t\t\t\t\t<\/div>\n\t\t\t\t<\/div>\n\t\t\t\t<\/div>\n\t\t<div class=\"elementor-element elementor-element-e7070ed e-con-full animated-fast e-flex elementor-invisible e-con e-child\" data-id=\"e7070ed\" data-element_type=\"container\" data-settings=\"{&quot;animation&quot;:&quot;fadeInUp&quot;,&quot;animation_delay&quot;:300}\">\n\t\t\t\t<div class=\"elementor-element elementor-element-7468a84 animated-fast elementor-invisible elementor-widget elementor-widget-heading\" data-id=\"7468a84\" data-element_type=\"widget\" data-settings=\"{&quot;_animation&quot;:&quot;fadeInUp&quot;}\" data-widget_type=\"heading.default\">\n\t\t\t\t<div class=\"elementor-widget-container\">\n\t\t\t\t\t<h2 class=\"elementor-heading-title elementor-size-default\">Kas j\u0101\u0146em v\u0113r\u0101, p\u0113rkot ikm\u0113ne\u0161a abonementu?<\/h2>\t\t\t\t<\/div>\n\t\t\t\t<\/div>\n\t\t\t\t<div class=\"elementor-element elementor-element-c8b29cb list_kollaste_tappidega elementor-widget elementor-widget-text-editor\" data-id=\"c8b29cb\" data-element_type=\"widget\" data-widget_type=\"text-editor.default\">\n\t\t\t\t<div class=\"elementor-widget-container\">\n\t\t\t\t\t\t\t\t\t<ul><li><span data-sheets-root=\"1\">Lai ieg\u0101d\u0101tos ikm\u0113ne\u0161a abonementu, lietotn\u0113 j\u0101izmanto der\u012bga maks\u0101juma metode (<strong>Snabb <\/strong><b data-stringify-type=\"bold\">kred\u012bti<\/b>\u00a0nevar tikt izmantoti ikm\u0113ne\u0161a kartes ieg\u0101dei).<\/span><\/li><li><span data-sheets-root=\"1\">P\u0113rkot ikm\u0113ne\u0161a abonementu, tas der\u012bgs l\u012bdz m\u0113ne\u0161a beig\u0101m. Maksa par nepilnu m\u0113nesi tiek apr\u0113\u0137in\u0101ta proporcion\u0101li skatoties, cik dienas l\u012bdz m\u0113ne\u0161a beig\u0101m atliku\u0161as pirkuma br\u012bd\u012b. Piem\u0113ram, ja ikm\u0113ne\u0161a abonements tiek ieg\u0101d\u0101ta 20. datum\u0101, tas der\u012bgs l\u012bdz m\u0113ne\u0161a p\u0113d\u0113jai dienai, un ja abonementa cena ir 30\u20ac, pirmaj\u0101 reiz\u0113 b\u016bs j\u0101maks\u0101 par atliku\u0161aj\u0101m m\u0113ne\u0161a dien\u0101m, t.i., 10\u20ac.<\/span><\/li><li><span data-sheets-root=\"1\">Ikm\u0113ne\u0161a abonements tiek aktiviz\u0113ts, tikl\u012bdz tiek veikts pirmais maks\u0101jums.<\/span><\/li><li><span data-sheets-root=\"1\">Ikm\u0113ne\u0161a abonements tiks autom\u0101tiski atjaunots katra m\u0113ne\u0161a s\u0101kum\u0101, ar <strong>autom\u0101tisku maks\u0101jumu m\u0113ne\u0161a 5. datum\u0101<\/strong> (izmantojot to pa\u0161u maks\u0101juma metodi, ko izmantoj\u0101t abonementa ieg\u0101des br\u012bd\u012b). Ja pirmais maks\u0101jums neizdodas, to atk\u0101ros 7. datum\u0101. Ja ar\u012b tas neizdodas, ikm\u0113ne\u0161a abonements tiks atcelts.<\/span><\/li><li><span data-sheets-root=\"1\">J\u016bs varat atcelt savu abonementu lietotn\u0113, atverot sada\u013cu \u201cTransportl\u012bdzek\u013ci un at\u013caujas\u201d, noklik\u0161\u0137inot uz sava abonementa un izv\u0113loties \u201cAtcelt abonementu\u201d. P\u0113c atcel\u0161anas abonements paliek der\u012bgs l\u012bdz teko\u0161\u0101 nor\u0113\u0137inu perioda beig\u0101m (t.i., l\u012bdz k\u0101rt\u0113j\u0101 m\u0113ne\u0161a p\u0113d\u0113jai dienai). Lai izvair\u012btos no maks\u0101juma n\u0101kamajam m\u0113nesim, abonements ir j\u0101atce\u013c l\u012bdz teko\u0161\u0101 m\u0113ne\u0161a beig\u0101m, tad par n\u0101kamo m\u0113nesi apmaksa netiks ietur\u0113ta. L\u016bdzu, \u0146emiet v\u0113r\u0101, ka pie abonementa atcel\u0161anas teko\u0161aj\u0101 m\u0113nes\u012b, naudas atmaksu par atliku\u0161aj\u0101m dien\u0101m neveicam!<\/span><\/li><\/ul>\t\t\t\t\t\t\t\t<\/div>\n\t\t\t\t<\/div>\n\t\t\t\t<\/div>\n\t\t\t\t\t<\/div>\n\t\t\t\t<\/div>\n\t\t\t\t\t<\/div>\n\t\t\t\t<\/section>\n\t\t\t\t<\/div>\n\t\t","protected":false},"excerpt":{"rendered":"<p>Izmantojot ikm\u0113ne\u0161a abonementu &#8211; neierobe\u017eotas st\u0101vvietas sesijas Izmantojot Snabb lietotni, j\u016bs varat \u0113rti ieg\u0101d\u0101ties ikm\u0113ne\u0161a abonementu j\u016bsu izv\u0113l\u0113tajai autost\u0101vvietai. Lejupl\u0101d\u0113jiet Snabb\u200b K\u0101 ieg\u0101d\u0101ties ikm\u0113ne\u0161a abonementu Snabb autost\u0101vvietai? \u00a0Lejupiel\u0101d\u0113jiet\/atveriet Snabb lietotni, lai ieg\u0101d\u0101tos ikm\u0113ne\u0161a abonementu Atrodiet lietotn\u0113 autost\u0101vvietu, kur v\u0113laties ieg\u0101d\u0101ties ikm\u0113ne\u0161a abonementu Kad izv\u0113laties autost\u0101vvietu, tiks par\u0101d\u012bta opcija \u201cIeg\u0101d\u0101ties ikm\u0113ne\u0161a abonementu\u201d (ja \u0161\u0101da opcija nav [&hellip;]<\/p>\n","protected":false},"author":1,"featured_media":4576,"parent":4608,"menu_order":0,"comment_status":"closed","ping_status":"closed","template":"elementor_header_footer","meta":{"footnotes":""},"class_list":["post-4621","page","type-page","status-publish","has-post-thumbnail","hentry"],"_links":{"self":[{"href":"https:\/\/snabb.xyz\/lv\/wp-json\/wp\/v2\/pages\/4621","targetHints":{"allow":["GET"]}}],"collection":[{"href":"https:\/\/snabb.xyz\/lv\/wp-json\/wp\/v2\/pages"}],"about":[{"href":"https:\/\/snabb.xyz\/lv\/wp-json\/wp\/v2\/types\/page"}],"author":[{"embeddable":true,"href":"https:\/\/snabb.xyz\/lv\/wp-json\/wp\/v2\/users\/1"}],"replies":[{"embeddable":true,"href":"https:\/\/snabb.xyz\/lv\/wp-json\/wp\/v2\/comments?post=4621"}],"version-history":[{"count":20,"href":"https:\/\/snabb.xyz\/lv\/wp-json\/wp\/v2\/pages\/4621\/revisions"}],"predecessor-version":[{"id":5966,"href":"https:\/\/snabb.xyz\/lv\/wp-json\/wp\/v2\/pages\/4621\/revisions\/5966"}],"up":[{"embeddable":true,"href":"https:\/\/snabb.xyz\/lv\/wp-json\/wp\/v2\/pages\/4608"}],"wp:featuredmedia":[{"embeddable":true,"href":"https:\/\/snabb.xyz\/lv\/wp-json\/wp\/v2\/media\/4576"}],"wp:attachment":[{"href":"https:\/\/snabb.xyz\/lv\/wp-json\/wp\/v2\/media?parent=4621"}],"curies":[{"name":"wp","href":"https:\/\/api.w.org\/{rel}","templated":true}]}}