{"id":4606,"date":"2024-11-04T22:32:58","date_gmt":"2024-11-04T20:32:58","guid":{"rendered":"https:\/\/snabb.xyz\/noteikumi-un-nosacijumi\/"},"modified":"2025-04-21T10:30:38","modified_gmt":"2025-04-21T08:30:38","slug":"noteikumi-un-nosacijumi","status":"publish","type":"page","link":"https:\/\/snabb.xyz\/lv\/noteikumi-un-nosacijumi\/","title":{"rendered":"Noteikumi un nosac\u012bjumi"},"content":{"rendered":"\t\t<div data-elementor-type=\"wp-page\" data-elementor-id=\"4606\" class=\"elementor elementor-4606 elementor-939\" data-elementor-post-type=\"page\">\n\t\t\t\t<section class=\"elementor-element elementor-element-43889d4 e-flex e-con-boxed e-con e-parent\" data-id=\"43889d4\" data-element_type=\"container\">\n\t\t\t\t\t<div class=\"e-con-inner\">\n\t\t<div class=\"elementor-element elementor-element-2d5db8f e-flex e-con-boxed e-con e-child\" data-id=\"2d5db8f\" data-element_type=\"container\">\n\t\t\t\t\t<div class=\"e-con-inner\">\n\t\t\t\t<div class=\"elementor-element elementor-element-ec1b590 animated-fast elementor-invisible elementor-widget elementor-widget-heading\" data-id=\"ec1b590\" data-element_type=\"widget\" data-settings=\"{&quot;_animation&quot;:&quot;fadeInUp&quot;}\" data-widget_type=\"heading.default\">\n\t\t\t\t<div class=\"elementor-widget-container\">\n\t\t\t\t\t<h1 class=\"elementor-heading-title elementor-size-default\">Noteikumi un nosac\u012bjumi<\/h1>\t\t\t\t<\/div>\n\t\t\t\t<\/div>\n\t\t<div class=\"elementor-element elementor-element-ae062c1 e-con-full e-grid e-con e-child\" data-id=\"ae062c1\" data-element_type=\"container\">\n\t\t\t\t<div class=\"elementor-element elementor-element-3ec4608 elementor-align-justify button_with_yellow_dot animated-fast elementor-invisible elementor-widget elementor-widget-button\" data-id=\"3ec4608\" data-element_type=\"widget\" data-settings=\"{&quot;_animation&quot;:&quot;fadeIn&quot;,&quot;_animation_delay&quot;:100}\" data-widget_type=\"button.default\">\n\t\t\t\t<div class=\"elementor-widget-container\">\n\t\t\t\t\t\t\t\t\t<div class=\"elementor-button-wrapper\">\n\t\t\t\t\t<a class=\"elementor-button elementor-button-link elementor-size-sm\" href=\"https:\/\/snabb.xyz\/lv\/noteikumi-un-nosacijumi\/autostavvietas-lietosanas-noteikumi\/\">\n\t\t\t\t\t\t<span class=\"elementor-button-content-wrapper\">\n\t\t\t\t\t\t\t\t\t<span class=\"elementor-button-text\">Autost\u0101vvietas lieto\u0161anas noteikumi<\/span>\n\t\t\t\t\t<\/span>\n\t\t\t\t\t<\/a>\n\t\t\t\t<\/div>\n\t\t\t\t\t\t\t\t<\/div>\n\t\t\t\t<\/div>\n\t\t\t\t<div class=\"elementor-element elementor-element-e618c44 elementor-align-justify button_with_yellow_dot animated-fast elementor-invisible elementor-widget elementor-widget-button\" data-id=\"e618c44\" data-element_type=\"widget\" data-settings=\"{&quot;_animation&quot;:&quot;fadeIn&quot;,&quot;_animation_delay&quot;:300}\" data-widget_type=\"button.default\">\n\t\t\t\t<div class=\"elementor-widget-container\">\n\t\t\t\t\t\t\t\t\t<div class=\"elementor-button-wrapper\">\n\t\t\t\t\t<a class=\"elementor-button elementor-button-link elementor-size-sm\" href=\"https:\/\/snabb.xyz\/lv\/noteikumi-un-nosacijumi\/terms-and-conditions-of-use-of-the-parking-lot-in-latvia\/\">\n\t\t\t\t\t\t<span class=\"elementor-button-content-wrapper\">\n\t\t\t\t\t\t\t\t\t<span class=\"elementor-button-text\">Terms and Conditions of Use of the Parking Lot in Latvia<\/span>\n\t\t\t\t\t<\/span>\n\t\t\t\t\t<\/a>\n\t\t\t\t<\/div>\n\t\t\t\t\t\t\t\t<\/div>\n\t\t\t\t<\/div>\n\t\t\t\t<div class=\"elementor-element elementor-element-15f2c02 elementor-align-justify button_with_yellow_dot animated-fast elementor-invisible elementor-widget elementor-widget-button\" data-id=\"15f2c02\" data-element_type=\"widget\" data-settings=\"{&quot;_animation&quot;:&quot;fadeIn&quot;,&quot;_animation_delay&quot;:200}\" data-widget_type=\"button.default\">\n\t\t\t\t<div class=\"elementor-widget-container\">\n\t\t\t\t\t\t\t\t\t<div class=\"elementor-button-wrapper\">\n\t\t\t\t\t<a class=\"elementor-button elementor-button-link elementor-size-sm\" href=\"https:\/\/snabb.xyz\/en\/terms-of-use\/privacy-policy-for-snabb-platform\/\">\n\t\t\t\t\t\t<span class=\"elementor-button-content-wrapper\">\n\t\t\t\t\t\t\t\t\t<span class=\"elementor-button-text\">Privacy Policy for Snabb Platform<\/span>\n\t\t\t\t\t<\/span>\n\t\t\t\t\t<\/a>\n\t\t\t\t<\/div>\n\t\t\t\t\t\t\t\t<\/div>\n\t\t\t\t<\/div>\n\t\t\t\t<div class=\"elementor-element elementor-element-f48a41c elementor-align-justify button_with_yellow_dot animated-fast elementor-invisible elementor-widget elementor-widget-button\" data-id=\"f48a41c\" data-element_type=\"widget\" data-settings=\"{&quot;_animation&quot;:&quot;fadeIn&quot;}\" data-widget_type=\"button.default\">\n\t\t\t\t<div class=\"elementor-widget-container\">\n\t\t\t\t\t\t\t\t\t<div class=\"elementor-button-wrapper\">\n\t\t\t\t\t<a class=\"elementor-button elementor-button-link elementor-size-sm\" href=\"https:\/\/snabb.xyz\/en\/terms-of-use\/general-terms-for-service-providers\/\">\n\t\t\t\t\t\t<span class=\"elementor-button-content-wrapper\">\n\t\t\t\t\t\t\t\t\t<span class=\"elementor-button-text\">General Terms for Service Providers<\/span>\n\t\t\t\t\t<\/span>\n\t\t\t\t\t<\/a>\n\t\t\t\t<\/div>\n\t\t\t\t\t\t\t\t<\/div>\n\t\t\t\t<\/div>\n\t\t\t\t<\/div>\n\t\t\t\t\t<\/div>\n\t\t\t\t<\/div>\n\t\t\t\t\t<\/div>\n\t\t\t\t<\/section>\n\t\t\t\t<\/div>\n\t\t","protected":false},"excerpt":{"rendered":"<p>Noteikumi un nosac\u012bjumi Autost\u0101vvietas lieto\u0161anas noteikumi Terms and Conditions of Use of the Parking Lot in Latvia Privacy Policy for Snabb Platform General Terms for Service Providers<\/p>\n","protected":false},"author":1,"featured_media":4576,"parent":0,"menu_order":0,"comment_status":"closed","ping_status":"closed","template":"elementor_header_footer","meta":{"footnotes":""},"class_list":["post-4606","page","type-page","status-publish","has-post-thumbnail","hentry"],"_links":{"self":[{"href":"https:\/\/snabb.xyz\/lv\/wp-json\/wp\/v2\/pages\/4606","targetHints":{"allow":["GET"]}}],"collection":[{"href":"https:\/\/snabb.xyz\/lv\/wp-json\/wp\/v2\/pages"}],"about":[{"href":"https:\/\/snabb.xyz\/lv\/wp-json\/wp\/v2\/types\/page"}],"author":[{"embeddable":true,"href":"https:\/\/snabb.xyz\/lv\/wp-json\/wp\/v2\/users\/1"}],"replies":[{"embeddable":true,"href":"https:\/\/snabb.xyz\/lv\/wp-json\/wp\/v2\/comments?post=4606"}],"version-history":[{"count":21,"href":"https:\/\/snabb.xyz\/lv\/wp-json\/wp\/v2\/pages\/4606\/revisions"}],"predecessor-version":[{"id":5648,"href":"https:\/\/snabb.xyz\/lv\/wp-json\/wp\/v2\/pages\/4606\/revisions\/5648"}],"wp:featuredmedia":[{"embeddable":true,"href":"https:\/\/snabb.xyz\/lv\/wp-json\/wp\/v2\/media\/4576"}],"wp:attachment":[{"href":"https:\/\/snabb.xyz\/lv\/wp-json\/wp\/v2\/media?parent=4606"}],"curies":[{"name":"wp","href":"https:\/\/api.w.org\/{rel}","templated":true}]}}