{"id":3302,"date":"2024-12-18T00:24:48","date_gmt":"2024-12-17T22:24:48","guid":{"rendered":"https:\/\/snabb.xyz\/grazinimas-lietuvoje\/"},"modified":"2025-11-26T15:05:58","modified_gmt":"2025-11-26T13:05:58","slug":"grazinti-pinigus","status":"publish","type":"page","link":"https:\/\/snabb.xyz\/lt\/grazinti-pinigus\/","title":{"rendered":"Gr\u0105\u017einti pinigus"},"content":{"rendered":"\t\t<div data-elementor-type=\"wp-page\" data-elementor-id=\"3302\" class=\"elementor elementor-3302 elementor-3297\" data-elementor-post-type=\"page\">\n\t\t\t\t<div class=\"elementor-element elementor-element-bc798b1 e-flex e-con-boxed e-con e-parent\" data-id=\"bc798b1\" data-element_type=\"container\">\n\t\t\t\t\t<div class=\"e-con-inner\">\n\t\t<div class=\"elementor-element elementor-element-566057f e-flex e-con-boxed e-con e-child\" data-id=\"566057f\" data-element_type=\"container\">\n\t\t\t\t\t<div class=\"e-con-inner\">\n\t\t<div class=\"elementor-element elementor-element-7ad1b72 e-con-full e-flex e-con e-child\" data-id=\"7ad1b72\" data-element_type=\"container\">\n\t\t\t\t<div class=\"elementor-element elementor-element-77f33eb elementor-widget elementor-widget-heading\" data-id=\"77f33eb\" data-element_type=\"widget\" data-widget_type=\"heading.default\">\n\t\t\t\t<div class=\"elementor-widget-container\">\n\t\t\t\t\t<h1 class=\"elementor-heading-title elementor-size-default\">U\u017epildykite trump\u0105 pinig\u0173 gr\u0105\u017einimo u\u017eklausos form\u0105<\/h1>\t\t\t\t<\/div>\n\t\t\t\t<\/div>\n\t\t\t\t<div class=\"elementor-element elementor-element-d3c806f elementor-widget elementor-widget-text-editor\" data-id=\"d3c806f\" data-element_type=\"widget\" data-widget_type=\"text-editor.default\">\n\t\t\t\t<div class=\"elementor-widget-container\">\n\t\t\t\t\t\t\t\t\t<p>Atkreipkite d\u0117mes\u012f, kad \u0161i forma skirta paslaugoms, naudotoms Lietuvoje.<br \/>Visais kitais atvejais ra\u0161ykite mums el. pa\u0161tu <a href=\"mailto:ask@snabb.xyz\" rel=\"noopener\">info@snabb.ee<\/a>.<\/p>\t\t\t\t\t\t\t\t<\/div>\n\t\t\t\t<\/div>\n\t\t\t\t<div class=\"elementor-element elementor-element-67af78d elementor-widget elementor-widget-text-editor\" data-id=\"67af78d\" data-element_type=\"widget\" data-widget_type=\"text-editor.default\">\n\t\t\t\t<div class=\"elementor-widget-container\">\n\t\t\t\t\t\t\t\t\t<p><a href=\"\/en\/refund-in-lithuania\/\" target=\"_self\">Switch to English<\/a><\/p>\t\t\t\t\t\t\t\t<\/div>\n\t\t\t\t<\/div>\n\t\t\t\t<div class=\"elementor-element elementor-element-ca734bb elementor-widget elementor-widget-html\" data-id=\"ca734bb\" data-element_type=\"widget\" data-widget_type=\"html.default\">\n\t\t\t\t<div class=\"elementor-widget-container\">\n\t\t\t\t\t<iframe src=\"https:\/\/snabb.typeform.com\/to\/uJR8soQZ?typeform-embed-id=5444964335639997&amp;typeform-embed=embed-widget&amp;typeform-source=snabb.xyz&amp;typeform-medium=snippet&amp;typeform-medium-version=next&amp;embed-opacity=100&amp;typeform-embed-handles-redirect=1\" data-testid=\"iframe\" allow=\"microphone; camera\" title=\"File an appeal\" style=\"border: 0px; transform: translateZ(0px);\" height=\"500\"><\/iframe>\t\t\t\t<\/div>\n\t\t\t\t<\/div>\n\t\t\t\t<\/div>\n\t\t\t\t\t<\/div>\n\t\t\t\t<\/div>\n\t\t\t\t\t<\/div>\n\t\t\t\t<\/div>\n\t\t\t\t<\/div>\n\t\t","protected":false},"excerpt":{"rendered":"<p>U\u017epildykite trump\u0105 pinig\u0173 gr\u0105\u017einimo u\u017eklausos form\u0105 Atkreipkite d\u0117mes\u012f, kad \u0161i forma skirta paslaugoms, naudotoms Lietuvoje.Visais kitais atvejais ra\u0161ykite mums el. pa\u0161tu info@snabb.ee. Switch to English<\/p>\n","protected":false},"author":1,"featured_media":1870,"parent":0,"menu_order":0,"comment_status":"closed","ping_status":"closed","template":"","meta":{"footnotes":""},"class_list":["post-3302","page","type-page","status-publish","has-post-thumbnail","hentry"],"_links":{"self":[{"href":"https:\/\/snabb.xyz\/lt\/wp-json\/wp\/v2\/pages\/3302","targetHints":{"allow":["GET"]}}],"collection":[{"href":"https:\/\/snabb.xyz\/lt\/wp-json\/wp\/v2\/pages"}],"about":[{"href":"https:\/\/snabb.xyz\/lt\/wp-json\/wp\/v2\/types\/page"}],"author":[{"embeddable":true,"href":"https:\/\/snabb.xyz\/lt\/wp-json\/wp\/v2\/users\/1"}],"replies":[{"embeddable":true,"href":"https:\/\/snabb.xyz\/lt\/wp-json\/wp\/v2\/comments?post=3302"}],"version-history":[{"count":15,"href":"https:\/\/snabb.xyz\/lt\/wp-json\/wp\/v2\/pages\/3302\/revisions"}],"predecessor-version":[{"id":6746,"href":"https:\/\/snabb.xyz\/lt\/wp-json\/wp\/v2\/pages\/3302\/revisions\/6746"}],"wp:featuredmedia":[{"embeddable":true,"href":"https:\/\/snabb.xyz\/lt\/wp-json\/wp\/v2\/media\/1870"}],"wp:attachment":[{"href":"https:\/\/snabb.xyz\/lt\/wp-json\/wp\/v2\/media?parent=3302"}],"curies":[{"name":"wp","href":"https:\/\/api.w.org\/{rel}","templated":true}]}}