{"id":2710,"date":"2024-11-04T23:24:49","date_gmt":"2024-11-04T21:24:49","guid":{"rendered":"https:\/\/snabb.xyz\/terminai-ir-salygos\/asmens-duomenu-tvarkymas\/"},"modified":"2024-12-10T19:44:46","modified_gmt":"2024-12-10T17:44:46","slug":"asmens-duomenu-tvarkymas","status":"publish","type":"page","link":"https:\/\/snabb.xyz\/lt\/terminai-ir-salygos\/asmens-duomenu-tvarkymas\/","title":{"rendered":"Asmens duomen\u0173 tvarkymas"},"content":{"rendered":"\t\t<div data-elementor-type=\"wp-page\" data-elementor-id=\"2710\" class=\"elementor elementor-2710 elementor-996\" data-elementor-post-type=\"page\">\n\t\t\t\t<section class=\"elementor-element elementor-element-43889d4 e-flex e-con-boxed e-con e-parent\" data-id=\"43889d4\" data-element_type=\"container\">\n\t\t\t\t\t<div class=\"e-con-inner\">\n\t\t<div class=\"elementor-element elementor-element-2d5db8f e-flex e-con-boxed e-con e-child\" data-id=\"2d5db8f\" data-element_type=\"container\">\n\t\t\t\t\t<div class=\"e-con-inner\">\n\t\t<div class=\"elementor-element elementor-element-ae062c1 e-con-full e-flex e-con e-child\" data-id=\"ae062c1\" data-element_type=\"container\">\n\t\t\t\t<div class=\"elementor-element elementor-element-ec1b590 animated-fast elementor-invisible elementor-widget elementor-widget-heading\" data-id=\"ec1b590\" data-element_type=\"widget\" data-settings=\"{&quot;_animation&quot;:&quot;fadeInUp&quot;}\" data-widget_type=\"heading.default\">\n\t\t\t\t<div class=\"elementor-widget-container\">\n\t\t\t\t\t<h1 class=\"elementor-heading-title elementor-size-default\">Asmens duomen\u0173 tvarkymas\n<\/h1>\t\t\t\t<\/div>\n\t\t\t\t<\/div>\n\t\t<div class=\"elementor-element elementor-element-5d5b62b e-con-full e-flex e-con e-child\" data-id=\"5d5b62b\" data-element_type=\"container\">\n\t\t\t\t<div class=\"elementor-element elementor-element-741c1a9 tingimused_textbox animated-fast elementor-invisible elementor-widget elementor-widget-text-editor\" data-id=\"741c1a9\" data-element_type=\"widget\" data-settings=\"{&quot;_animation&quot;:&quot;fadeInUp&quot;,&quot;_animation_delay&quot;:200}\" data-widget_type=\"text-editor.default\">\n\t\t\t\t<div class=\"elementor-widget-container\">\n\t\t\t\t\t\t\t\t\t<ol>\n<li><strong>Apibr\u0117\u017eimai<\/strong>. \u0160iose Taisykl\u0117se ir s\u0105lygose &#8222;asmens duomenys&#8221; &#8211; tai fizinio asmens vardas ir pavard\u0117 bei duomenys, leid\u017eiantys j\u012f identifikuoti (vardas, pavard\u0117, asmens kodas, gimimo data), asmens tapatyb\u0117s dokumento duomenys, kontaktiniai duomenys (adresas, el. pa\u0161to adresas, telefono numeris), banko s\u0105skaita ir kiti asmeniniai duomenys, kurie tapo \u017einomi Snabb O\u00dc. Jei \u0161iose s\u0105lygose neapibr\u0117\u017eta kitaip, kitos i\u0161 did\u017eiosios raid\u0117s ra\u0161omos s\u0105vokos turi tokias reik\u0161mes, kokios joms suteiktos &#8222;Snabb O\u00dc&#8221; bendrosiose s\u0105lygose.  <\/li>\n<li><strong>Asmens duomen\u0173 tvarkymas<\/strong>. Asmens duomen\u0173 tvarkymas &#8211; tai bet kokia su asmens duomenimis atliekama operacija, \u012fskaitant rinkim\u0105, \u012fra\u0161ym\u0105, tvarkym\u0105, saugojim\u0105, keitim\u0105 ir atskleidim\u0105, prieig\u0105, susipa\u017einim\u0105 ir paie\u0161k\u0105, naudojim\u0105, atskleidim\u0105, kry\u017emin\u012f naudojim\u0105, sujungim\u0105, blokavim\u0105, i\u0161trynim\u0105 ar sunaikinim\u0105 arba bet kok\u012f pirmiau min\u0117t\u0173 veiksm\u0173 derin\u012f, neatsi\u017evelgiant \u012f naudojamas priemones ar b\u016bdus; <\/li>\n<li><strong>Tikslai<\/strong>. Pagrindiniai Asmens duomen\u0173 tvarkymo tikslai yra nustatyti Automobili\u0173 stov\u0117jimo viet\u0173 tur\u0117tojus ir Naudotojus, bendrauti su Automobili\u0173 stov\u0117jimo viet\u0173 tur\u0117tojais ir Naudotojais, vykdyti &#8222;Snabb O\u00dc&#8221; Bendrosiose s\u0105lygose prisiimtus \u012fsipareigojimus ir teikti Paslaug\u0105, teikti &#8222;Snabb O\u00dc&#8221; produkt\u0173 ir paslaug\u0173 pasi\u016blymus, valdyti ir analizuoti klient\u0173 baz\u0119, siekiant pagerinti paslaug\u0173 ir produkt\u0173 prieinamum\u0105, pasirinkim\u0105, kokyb\u0119 ir t. t., vykdyti mok\u0117jimo \u012fsipareigojimus, teikti pasi\u016blymus, organizuoti kampanijas ir klient\u0173 pasitenkinimo tyrimus bei vykdyti mok\u0117jimo \u012fsipareigojimus. <\/li>\n<li><strong>Naudojimasis kitais \u0161altiniais<\/strong>. Be Parkavimo vietos savininko ir Naudotojo atskleist\u0173 Asmens duomen\u0173, &#8222;Snabb O\u00dc&#8221; turi teis\u0119 patikrinti ir papildyti Parkavimo vietos savininko ir (arba) Naudotojo Asmens duomenis duomenimis i\u0161 vie\u0161\u0173 \u0161altini\u0173 ir kit\u0173 teis\u0117tai prieinam\u0173 \u0161altini\u0173. <\/li>\n<li>Snabb O\u00dc bendradarbiauja su asmenimis, kuriems gali perduoti (ir pra\u0161yti, gauti) duomenis, \u012fskaitant Asmens duomenis, susijusius su Parkavimo vietos tur\u0117toju arba Naudotoju, tokio bendradarbiavimo ir jo tikslais. Tokios \u0161alys gali b\u016bti klient\u0173 pasitenkinimo tyrim\u0173 bendrov\u0117s, skol\u0173 i\u0161ie\u0161kojimo paslaug\u0173 teik\u0117jai, mok\u0117jimo \u012fsipareigojim\u0173 nevykdymo registrai, IT partneriai, asmenys, tarpininkaujantys ar teikiantys s\u0105skait\u0173 i\u0161ra\u0161ymo paslaugas, pa\u0161to paslaugas ar kitas paslaugas ir produktus, ir pana\u0161ios \u012fstaigos ir organizacijos. Snabb O\u00dc neperduoda, nenuomoja ar kitaip nesuteikia tretiesiems asmenims joki\u0173 duomen\u0173, susijusi\u0173 su Parkavimo vietos tur\u0117toju ar Naudotoju, ir nesuteikia galimyb\u0117s jais naudotis.  <\/li>\n<li><strong>Duomen\u0173 subjekto teis\u0117s<\/strong>. Tvarkydami asmens duomenis, automobili\u0173 stov\u0117jimo vietos savininkas ir naudotojas turi visas Asmens duomen\u0173 apsaugos \u012fstatyme numatytas teises. <\/li>\n<li><strong>Saugojimas<\/strong>. Snabb O\u00dc turi teis\u0119 \u012fra\u0161yti visus prane\u0161imus ir u\u017esakymus, taip pat informacij\u0105 ir kitus veiksmus, pateiktus ry\u0161io priemon\u0117mis (el. pa\u0161tu, telefonu ir kt.), ir prireikus naudoti \u0161iuos \u012fra\u0161us kaip u\u017esakym\u0173 ar kit\u0173 veiksm\u0173 \u012frodymus. <\/li>\n<li><strong>Asmens duomen\u0173 tvarkymas<\/strong>. Parkavimo vietos tur\u0117tojas ir Naudotojas turi teis\u0119 bet kuriuo metu pateikti skund\u0105 d\u0117l j\u0173 Asmens duomen\u0173 tvarkymo, \u012fskaitant reikalavim\u0105 nutraukti j\u0173 Asmens duomen\u0173 tvarkym\u0105, nutraukti Asmens duomen\u0173 atskleidim\u0105 ar prieig\u0105 prie Asmens duomen\u0173 ir (arba) i\u0161trinti ar sunaikinti surinktus duomenis, jei tokia teis\u0117 kyla i\u0161 Asmens duomen\u0173 apsaugos \u012fstatymo ar kit\u0173 teis\u0117s akt\u0173. Jei stov\u0117jimo vietos tur\u0117tojas arba naudotojas mano, kad &#8222;Snabb O\u00dc&#8221; pa\u017eeid\u0117 jo teises tvarkydama Asmens duomenis, jis turi teis\u0119 kreiptis \u012f &#8222;Snabb O\u00dc&#8221; d\u0117l pa\u017eeidimo nutraukimo. Parkavimo vietos tur\u0117tojas arba Naudotojas turi teis\u0119 bet kuriuo metu imtis teisini\u0173 veiksm\u0173 prie\u0161 &#8222;Snabb O\u00dc&#8221;, kad apgint\u0173 savo teises, kylan\u010dias i\u0161 Asmens duomen\u0173, Duomen\u0173 apsaugos inspekcijoje arba teisme.   <\/li>\n<\/ol>\n\t\t\t\t\t\t\t\t<\/div>\n\t\t\t\t<\/div>\n\t\t\t\t<\/div>\n\t\t\t\t<\/div>\n\t\t\t\t\t<\/div>\n\t\t\t\t<\/div>\n\t\t\t\t\t<\/div>\n\t\t\t\t<\/section>\n\t\t\t\t<\/div>\n\t\t","protected":false},"excerpt":{"rendered":"<p>Asmens duomen\u0173 tvarkymas Apibr\u0117\u017eimai. \u0160iose Taisykl\u0117se ir s\u0105lygose &#8222;asmens duomenys&#8221; &#8211; tai fizinio asmens vardas ir pavard\u0117 bei duomenys, leid\u017eiantys j\u012f identifikuoti (vardas, pavard\u0117, asmens kodas, gimimo data), asmens tapatyb\u0117s dokumento duomenys, kontaktiniai duomenys (adresas, el. pa\u0161to adresas, telefono numeris), banko s\u0105skaita ir kiti asmeniniai duomenys, kurie tapo \u017einomi Snabb O\u00dc. Jei \u0161iose s\u0105lygose neapibr\u0117\u017eta [&hellip;]<\/p>\n","protected":false},"author":1,"featured_media":1570,"parent":2585,"menu_order":0,"comment_status":"closed","ping_status":"closed","template":"elementor_header_footer","meta":{"footnotes":""},"class_list":["post-2710","page","type-page","status-publish","has-post-thumbnail","hentry"],"_links":{"self":[{"href":"https:\/\/snabb.xyz\/lt\/wp-json\/wp\/v2\/pages\/2710","targetHints":{"allow":["GET"]}}],"collection":[{"href":"https:\/\/snabb.xyz\/lt\/wp-json\/wp\/v2\/pages"}],"about":[{"href":"https:\/\/snabb.xyz\/lt\/wp-json\/wp\/v2\/types\/page"}],"author":[{"embeddable":true,"href":"https:\/\/snabb.xyz\/lt\/wp-json\/wp\/v2\/users\/1"}],"replies":[{"embeddable":true,"href":"https:\/\/snabb.xyz\/lt\/wp-json\/wp\/v2\/comments?post=2710"}],"version-history":[{"count":1,"href":"https:\/\/snabb.xyz\/lt\/wp-json\/wp\/v2\/pages\/2710\/revisions"}],"predecessor-version":[{"id":2711,"href":"https:\/\/snabb.xyz\/lt\/wp-json\/wp\/v2\/pages\/2710\/revisions\/2711"}],"up":[{"embeddable":true,"href":"https:\/\/snabb.xyz\/lt\/wp-json\/wp\/v2\/pages\/2585"}],"wp:featuredmedia":[{"embeddable":true,"href":"https:\/\/snabb.xyz\/lt\/wp-json\/wp\/v2\/media\/1570"}],"wp:attachment":[{"href":"https:\/\/snabb.xyz\/lt\/wp-json\/wp\/v2\/media?parent=2710"}],"curies":[{"name":"wp","href":"https:\/\/api.w.org\/{rel}","templated":true}]}}