{"id":2707,"date":"2024-11-03T13:48:26","date_gmt":"2024-11-03T11:48:26","guid":{"rendered":"https:\/\/snabb.xyz\/automobiliu-vairuotojams\/automobiliu-stovejimo-aikstele-tartu-mieste\/"},"modified":"2025-01-07T14:45:07","modified_gmt":"2025-01-07T12:45:07","slug":"automobiliu-stovejimo-aikstele-tartu-mieste","status":"publish","type":"page","link":"https:\/\/snabb.xyz\/lt\/automobiliu-vairuotojams\/automobiliu-stovejimo-aikstele-tartu-mieste\/","title":{"rendered":"Automobili\u0173 stov\u0117jimo aik\u0161tel\u0117 Tartu mieste"},"content":{"rendered":"\t\t<div data-elementor-type=\"wp-page\" data-elementor-id=\"2707\" class=\"elementor elementor-2707 elementor-794\" data-elementor-post-type=\"page\">\n\t\t\t\t<section class=\"elementor-element elementor-element-4a7f8a3 e-con-full e-flex e-con e-parent\" data-id=\"4a7f8a3\" data-element_type=\"container\">\n\t\t<div class=\"elementor-element elementor-element-21f83d9 e-con-full e-flex e-con e-child\" data-id=\"21f83d9\" data-element_type=\"container\">\n\t\t<div class=\"elementor-element elementor-element-2f26088 e-flex e-con-boxed e-con e-child\" data-id=\"2f26088\" data-element_type=\"container\" data-settings=\"{&quot;background_background&quot;:&quot;classic&quot;}\">\n\t\t\t\t\t<div class=\"e-con-inner\">\n\t\t<div class=\"elementor-element elementor-element-9f19e72 e-flex e-con-boxed e-con e-child\" data-id=\"9f19e72\" data-element_type=\"container\">\n\t\t\t\t\t<div class=\"e-con-inner\">\n\t\t<div class=\"elementor-element elementor-element-887f307 e-con-full e-flex e-con e-child\" data-id=\"887f307\" data-element_type=\"container\">\n\t\t<div class=\"elementor-element elementor-element-667758e e-con-full animated-fast e-flex elementor-invisible e-con e-child\" data-id=\"667758e\" data-element_type=\"container\" data-settings=\"{&quot;animation&quot;:&quot;fadeInUp&quot;}\">\n\t\t\t\t<div class=\"elementor-element elementor-element-a0b6d49 elementor-widget elementor-widget-heading\" data-id=\"a0b6d49\" data-element_type=\"widget\" data-widget_type=\"heading.default\">\n\t\t\t\t<div class=\"elementor-widget-container\">\n\t\t\t\t\t<h1 class=\"elementor-heading-title elementor-size-default\">Parkas Tartu su Snabb<\/h1>\t\t\t\t<\/div>\n\t\t\t\t<\/div>\n\t\t\t\t<div class=\"elementor-element elementor-element-7d4ab77 elementor-widget elementor-widget-text-editor\" data-id=\"7d4ab77\" data-element_type=\"widget\" data-widget_type=\"text-editor.default\">\n\t\t\t\t<div class=\"elementor-widget-container\">\n\t\t\t\t\t\t\t\t\t<p>Tartu miesto automobili\u0173 stov\u0117jimo aik\u0161teles nuo \u0161iol galima rasti ir &#8222;Snabb&#8221; program\u0117l\u0117je. Ma\u017eiausias paslaugos mokestis, patogiausia program\u0117l\u0117 ir visa svarbi informacija apie automobili\u0173 stov\u0117jim\u0105 vienoje vietoje. <\/p>\n<p>Ilgalaik\u012f Tartu automobili\u0173 stov\u0117jimo leidim\u0105 galite gauti \u0161iame puslapyje <a href=\"https:\/\/tartuparkimine.ee\/\" target=\"_self\"><b>tartuparkimine.ee<\/b><\/a><\/p>\n\t\t\t\t\t\t\t\t<\/div>\n\t\t\t\t<\/div>\n\t\t\t\t<\/div>\n\t\t<div class=\"elementor-element elementor-element-e19cca7 e-con-full animated-fast e-flex elementor-invisible e-con e-child\" data-id=\"e19cca7\" data-element_type=\"container\" data-settings=\"{&quot;animation&quot;:&quot;fadeIn&quot;}\">\n\t\t\t\t<div class=\"elementor-element elementor-element-998ce20 elementor-widget elementor-widget-heading\" data-id=\"998ce20\" data-element_type=\"widget\" data-widget_type=\"heading.default\">\n\t\t\t\t<div class=\"elementor-widget-container\">\n\t\t\t\t\t<p class=\"elementor-heading-title elementor-size-default\">Griebk Snabb\n\n<\/p>\t\t\t\t<\/div>\n\t\t\t\t<\/div>\n\t\t<div class=\"elementor-element elementor-element-e7e3c93 e-con-full e-flex e-con e-child\" data-id=\"e7e3c93\" data-element_type=\"container\">\n\t\t\t\t<div class=\"elementor-element elementor-element-8eecafe elementor-widget elementor-widget-image\" data-id=\"8eecafe\" data-element_type=\"widget\" data-widget_type=\"image.default\">\n\t\t\t\t<div class=\"elementor-widget-container\">\n\t\t\t\t\t\t\t\t\t\t\t\t\t\t\t\t<a href=\"https:\/\/apps.apple.com\/ee\/app\/barking\/id978315014\" target=\"_blank\">\n\t\t\t\t\t\t\t<img loading=\"lazy\" decoding=\"async\" loading=\"lazy\" width=\"133\" height=\"46\" src=\"https:\/\/snabb.xyz\/wp-content\/uploads\/2024\/10\/apple_store_lt.svg\" class=\"attachment-large size-large wp-image-3043\" alt=\"\" \/>\t\t\t\t\t\t\t\t<\/a>\n\t\t\t\t\t\t\t\t\t\t\t\t\t\t\t<\/div>\n\t\t\t\t<\/div>\n\t\t\t\t<div class=\"elementor-element elementor-element-a8d3bf8 elementor-widget elementor-widget-image\" data-id=\"a8d3bf8\" data-element_type=\"widget\" data-widget_type=\"image.default\">\n\t\t\t\t<div class=\"elementor-widget-container\">\n\t\t\t\t\t\t\t\t\t\t\t\t\t\t\t\t<a href=\"https:\/\/play.google.com\/store\/apps\/details?id=ee.barking.app\" target=\"_blank\">\n\t\t\t\t\t\t\t<img loading=\"lazy\" decoding=\"async\" loading=\"lazy\" width=\"158\" height=\"46\" src=\"https:\/\/snabb.xyz\/wp-content\/uploads\/2024\/10\/play_store_lt.svg\" class=\"attachment-large size-large wp-image-3049\" alt=\"\" \/>\t\t\t\t\t\t\t\t<\/a>\n\t\t\t\t\t\t\t\t\t\t\t\t\t\t\t<\/div>\n\t\t\t\t<\/div>\n\t\t\t\t<\/div>\n\t\t\t\t<\/div>\n\t\t\t\t<\/div>\n\t\t<div class=\"elementor-element elementor-element-854a374 e-con-full e-flex e-con e-child\" data-id=\"854a374\" data-element_type=\"container\">\n\t\t\t\t<div class=\"elementor-element elementor-element-a0000b1 elementor-absolute hero_img scale_height animated-fast elementor-invisible elementor-widget elementor-widget-image\" data-id=\"a0000b1\" data-element_type=\"widget\" data-settings=\"{&quot;_animation&quot;:&quot;fadeInRight&quot;,&quot;_position&quot;:&quot;absolute&quot;}\" data-widget_type=\"image.default\">\n\t\t\t\t<div class=\"elementor-widget-container\">\n\t\t\t\t\t\t\t\t\t\t\t\t\t\t\t<img loading=\"lazy\" decoding=\"async\" loading=\"lazy\" width=\"1557\" height=\"1800\" src=\"https:\/\/snabb.xyz\/wp-content\/uploads\/2024\/10\/SnabbxTartu-1_huge.webp\" class=\"attachment-full size-full wp-image-1435\" alt=\"\" srcset=\"https:\/\/snabb.xyz\/wp-content\/uploads\/2024\/10\/SnabbxTartu-1_huge.webp 1557w, https:\/\/snabb.xyz\/wp-content\/uploads\/2024\/10\/SnabbxTartu-1_huge-260x300.webp 260w, https:\/\/snabb.xyz\/wp-content\/uploads\/2024\/10\/SnabbxTartu-1_huge-886x1024.webp 886w, https:\/\/snabb.xyz\/wp-content\/uploads\/2024\/10\/SnabbxTartu-1_huge-768x888.webp 768w, https:\/\/snabb.xyz\/wp-content\/uploads\/2024\/10\/SnabbxTartu-1_huge-1329x1536.webp 1329w\" sizes=\"auto, (max-width: 1557px) 100vw, 1557px\" \/>\t\t\t\t\t\t\t\t\t\t\t\t\t\t\t<\/div>\n\t\t\t\t<\/div>\n\t\t\t\t<\/div>\n\t\t\t\t\t<\/div>\n\t\t\t\t<\/div>\n\t\t\t\t\t<\/div>\n\t\t\t\t<\/div>\n\t\t\t\t<\/div>\n\t\t\t\t<\/section>\n\t\t<section class=\"elementor-element elementor-element-f934149 e-flex e-con-boxed e-con e-parent\" data-id=\"f934149\" data-element_type=\"container\">\n\t\t\t\t\t<div class=\"e-con-inner\">\n\t\t<div class=\"elementor-element elementor-element-282b3b4 e-con-full e-flex e-con e-child\" data-id=\"282b3b4\" data-element_type=\"container\">\n\t\t<div class=\"elementor-element elementor-element-33c27bc e-con-full e-flex e-con e-child\" data-id=\"33c27bc\" data-element_type=\"container\">\n\t\t\t\t<div class=\"elementor-element elementor-element-e94ad3e animated-fast elementor-invisible elementor-widget elementor-widget-image\" data-id=\"e94ad3e\" data-element_type=\"widget\" data-settings=\"{&quot;_animation&quot;:&quot;fadeIn&quot;}\" data-widget_type=\"image.default\">\n\t\t\t\t<div class=\"elementor-widget-container\">\n\t\t\t\t\t\t\t\t\t\t\t\t\t\t\t<img loading=\"lazy\" decoding=\"async\" loading=\"lazy\" width=\"800\" height=\"527\" src=\"https:\/\/snabb.xyz\/wp-content\/uploads\/2024\/11\/Tartu-Town-Hall-and-cafes_Riina-Varol_large-1024x675.webp\" class=\"attachment-large size-large wp-image-1800\" alt=\"\" srcset=\"https:\/\/snabb.xyz\/wp-content\/uploads\/2024\/11\/Tartu-Town-Hall-and-cafes_Riina-Varol_large-1024x675.webp 1024w, https:\/\/snabb.xyz\/wp-content\/uploads\/2024\/11\/Tartu-Town-Hall-and-cafes_Riina-Varol_large-300x198.webp 300w, https:\/\/snabb.xyz\/wp-content\/uploads\/2024\/11\/Tartu-Town-Hall-and-cafes_Riina-Varol_large-768x506.webp 768w, https:\/\/snabb.xyz\/wp-content\/uploads\/2024\/11\/Tartu-Town-Hall-and-cafes_Riina-Varol_large.webp 1280w\" sizes=\"auto, (max-width: 800px) 100vw, 800px\" \/>\t\t\t\t\t\t\t\t\t\t\t\t\t\t\t<\/div>\n\t\t\t\t<\/div>\n\t\t\t\t<\/div>\n\t\t<div class=\"elementor-element elementor-element-953eaa9 e-con-full animated-fast e-flex elementor-invisible e-con e-child\" data-id=\"953eaa9\" data-element_type=\"container\" data-settings=\"{&quot;animation&quot;:&quot;fadeInUp&quot;,&quot;animation_delay&quot;:300}\">\n\t\t\t\t<div class=\"elementor-element elementor-element-65cc7a3 animated-fast elementor-invisible elementor-widget elementor-widget-heading\" data-id=\"65cc7a3\" data-element_type=\"widget\" data-settings=\"{&quot;_animation&quot;:&quot;fadeInUp&quot;}\" data-widget_type=\"heading.default\">\n\t\t\t\t<div class=\"elementor-widget-container\">\n\t\t\t\t\t<h2 class=\"elementor-heading-title elementor-size-default\">Automobili\u0173 statymas Tartu miesto gatv\u0117se  <\/h2>\t\t\t\t<\/div>\n\t\t\t\t<\/div>\n\t\t\t\t<div class=\"elementor-element elementor-element-455ec16 list_kollaste_tappidega elementor-widget elementor-widget-text-editor\" data-id=\"455ec16\" data-element_type=\"widget\" data-widget_type=\"text-editor.default\">\n\t\t\t\t<div class=\"elementor-widget-container\">\n\t\t\t\t\t\t\t\t\t<p>Tartu mieste yra 3 automobili\u0173 stov\u0117jimo gatv\u0117je zonos ir kelios nemokamos vietos. Geriausias b\u016bdas rasti zon\u0173 viet\u0105 ir i\u0161samesn\u0119 informacij\u0105 &#8211; <a href=\"https:\/\/app.barking.city\/e2pyAe13wqb\" target=\"_self\">naudotis program\u0117le Snabb<\/a>. <\/p>\n<ul>\n<li><b><a href=\"https:\/\/app.barking.city\/rnsyOKAuoEb\" target=\"_self\">A-tsoon<\/a><br \/><\/b>Kaina 3 \u20ac\/h.<br \/>Mokama automobili\u0173 stov\u0117jimo aik\u0161tel\u0117 pirmadieniais-penktadieniais 8.00-19.00, \u0161e\u0161tadieniais 11.00-17.00, penktadieniais ir valstybini\u0173 \u0161ven\u010di\u0173 dienomis &#8211; nemokamai. <b>15<\/b> <b>pirm\u0173j\u0173<\/b> stov\u0117jimo<b>minu\u010di\u0173 &#8211; nemokamai<\/b>. <\/li>\n<li><b><a href=\"https:\/\/app.barking.city\/brBMzzDuoEb\" target=\"_self\">B-tsoon<\/a><br \/><\/b>Kaina 1,5 \u20ac\/val.<br \/>Mokama stov\u0117jimo aik\u0161tel\u0117 pirmadieniais-penktadieniais 8.00-19.00, \u0161e\u0161tadieniais-penktadieniais &#8211; nemokamai. <b>90<\/b> <b>pirm\u0173j\u0173<\/b><b>minu\u010di\u0173 nemokamai,<\/b> kai pradedate stov\u0117ti su Snabb. <\/li>\n<li><b><a href=\"https:\/\/app.barking.city\/DVX7ShFuoEb\" target=\"_self\">C-tsoon<\/a><br \/><\/b>Kaina 0,2 \u20ac\/val.<br \/>Automobili\u0173 stov\u0117jimo vietos adresu M\u00f5isavahe 34-39. Mokama automobili\u0173 stov\u0117jimo aik\u0161tel\u0117 veikia vis\u0105 par\u0105. <\/li>\n<\/ul>\n<p>Be to, &#8222;Snabb&#8221; program\u0117l\u0117je taip pat bus rodomos visos <a href=\"https:\/\/app.barking.city\/z6g5lHHuoEb\" target=\"_self\">nemokamos automobili\u0173 stov\u0117jimo aik\u0161t<\/a> el\u0117s ir pateikiami i\u0161samesni nurodymai, jei nemokam\u0173 automobili\u0173 stov\u0117jimo viet\u0173 skai\u010dius ribotas.<\/p>\n\t\t\t\t\t\t\t\t<\/div>\n\t\t\t\t<\/div>\n\t\t\t\t<\/div>\n\t\t\t\t<\/div>\n\t\t\t\t\t<\/div>\n\t\t\t\t<\/section>\n\t\t<section class=\"elementor-element elementor-element-cdb9296 e-flex e-con-boxed e-con e-parent\" data-id=\"cdb9296\" data-element_type=\"container\">\n\t\t\t\t\t<div class=\"e-con-inner\">\n\t\t<div class=\"elementor-element elementor-element-868d326 e-con-full e-flex e-con e-child\" data-id=\"868d326\" data-element_type=\"container\">\n\t\t<div class=\"elementor-element elementor-element-93169a9 e-con-full animated-fast e-flex elementor-invisible e-con e-child\" data-id=\"93169a9\" data-element_type=\"container\" data-settings=\"{&quot;animation&quot;:&quot;fadeInUp&quot;,&quot;animation_delay&quot;:300}\">\n\t\t\t\t<div class=\"elementor-element elementor-element-1e009c3 animated-fast elementor-invisible elementor-widget elementor-widget-heading\" data-id=\"1e009c3\" data-element_type=\"widget\" data-settings=\"{&quot;_animation&quot;:&quot;fadeInUp&quot;}\" data-widget_type=\"heading.default\">\n\t\t\t\t<div class=\"elementor-widget-container\">\n\t\t\t\t\t<h2 class=\"elementor-heading-title elementor-size-default\">Ilgalaiki\u0173 parkavimo leidim\u0173 pirkimas  <\/h2>\t\t\t\t<\/div>\n\t\t\t\t<\/div>\n\t\t\t\t<div class=\"elementor-element elementor-element-9001ee3 list_kollaste_tappidega elementor-widget elementor-widget-text-editor\" data-id=\"9001ee3\" data-element_type=\"widget\" data-widget_type=\"text-editor.default\">\n\t\t\t\t<div class=\"elementor-widget-container\">\n\t\t\t\t\t\t\t\t\t<p>Tartu mokamos automobili\u0173 stov\u0117jimo aik\u0161tel\u0117s leidimus galima \u012fsigyti interneto svetain\u0117je <a href=\"https:\/\/tartuparkimine.ee\/\" target=\"_self\">tartuparkimine.ee<\/a> arba rotu\u0161\u0117s informacijos centre (Tartu rotu\u0161\u0117, 1 auk\u0161tas, tel. 1789, infokeskus@tartu.ee).<\/p>\n<ul>\n<li>A <b>zona<\/b> 30 dien\u0173 = 120 \u20ac | 90 dien\u0173 = 300 \u20ac | 365 dien\u0173 = 1200 \u20ac<\/li>\n<li>B <b>zona<\/b> 30 dien\u0173 = 60 \u20ac | 90 dien\u0173 = 150 \u20ac | 365 dienos = 600 \u20ac<\/li>\n<li>C <b>zona<\/b> 30 dien\u0173 = 15 \u20ac | 90 dien\u0173 = 30 \u20ac | 365 dienos = 100 \u20ac<\/li>\n<\/ul>\n\t\t\t\t\t\t\t\t<\/div>\n\t\t\t\t<\/div>\n\t\t\t\t<div class=\"elementor-element elementor-element-698731d animated-fast ripple elementor-invisible elementor-widget elementor-widget-button\" data-id=\"698731d\" data-element_type=\"widget\" data-settings=\"{&quot;_animation&quot;:&quot;fadeInUp&quot;,&quot;_animation_delay&quot;:250}\" data-widget_type=\"button.default\">\n\t\t\t\t<div class=\"elementor-widget-container\">\n\t\t\t\t\t\t\t\t\t<div class=\"elementor-button-wrapper\">\n\t\t\t\t\t<a class=\"elementor-button elementor-button-link elementor-size-sm\" href=\"https:\/\/tartuparkimine.ee\/\" target=\"_blank\">\n\t\t\t\t\t\t<span class=\"elementor-button-content-wrapper\">\n\t\t\t\t\t\t\t\t\t<span class=\"elementor-button-text\">\u012esigykite nuolatin\u0119 licencij\u0105<\/span>\n\t\t\t\t\t<\/span>\n\t\t\t\t\t<\/a>\n\t\t\t\t<\/div>\n\t\t\t\t\t\t\t\t<\/div>\n\t\t\t\t<\/div>\n\t\t\t\t<\/div>\n\t\t<div class=\"elementor-element elementor-element-4aa7440 e-con-full e-flex e-con e-child\" data-id=\"4aa7440\" data-element_type=\"container\">\n\t\t\t\t<div class=\"elementor-element elementor-element-912272b animated-fast elementor-invisible elementor-widget elementor-widget-image\" data-id=\"912272b\" data-element_type=\"widget\" data-settings=\"{&quot;_animation&quot;:&quot;fadeIn&quot;}\" data-widget_type=\"image.default\">\n\t\t\t\t<div class=\"elementor-widget-container\">\n\t\t\t\t\t\t\t\t\t\t\t\t\t\t\t<img loading=\"lazy\" decoding=\"async\" loading=\"lazy\" width=\"800\" height=\"534\" src=\"https:\/\/snabb.xyz\/wp-content\/uploads\/2024\/10\/tartu-raekoda-tarmo-haud-1024x683.webp\" class=\"attachment-large size-large wp-image-1575\" alt=\"\" srcset=\"https:\/\/snabb.xyz\/wp-content\/uploads\/2024\/10\/tartu-raekoda-tarmo-haud-1024x683.webp 1024w, https:\/\/snabb.xyz\/wp-content\/uploads\/2024\/10\/tartu-raekoda-tarmo-haud-300x200.webp 300w, https:\/\/snabb.xyz\/wp-content\/uploads\/2024\/10\/tartu-raekoda-tarmo-haud-768x512.webp 768w, https:\/\/snabb.xyz\/wp-content\/uploads\/2024\/10\/tartu-raekoda-tarmo-haud-1536x1024.webp 1536w, https:\/\/snabb.xyz\/wp-content\/uploads\/2024\/10\/tartu-raekoda-tarmo-haud.webp 1557w\" sizes=\"auto, (max-width: 800px) 100vw, 800px\" \/>\t\t\t\t\t\t\t\t\t\t\t\t\t\t\t<\/div>\n\t\t\t\t<\/div>\n\t\t\t\t<\/div>\n\t\t\t\t<\/div>\n\t\t\t\t\t<\/div>\n\t\t\t\t<\/section>\n\t\t<section class=\"elementor-element elementor-element-8350cfb e-flex e-con-boxed e-con e-parent\" data-id=\"8350cfb\" data-element_type=\"container\">\n\t\t\t\t\t<div class=\"e-con-inner\">\n\t\t<div class=\"elementor-element elementor-element-5b30dab e-con-full e-flex e-con e-child\" data-id=\"5b30dab\" data-element_type=\"container\">\n\t\t<div class=\"elementor-element elementor-element-ef7ce06 e-con-full e-flex e-con e-child\" data-id=\"ef7ce06\" data-element_type=\"container\">\n\t\t\t\t<div class=\"elementor-element elementor-element-11982f4 animated-fast elementor-invisible elementor-widget elementor-widget-image\" data-id=\"11982f4\" data-element_type=\"widget\" data-settings=\"{&quot;_animation&quot;:&quot;fadeIn&quot;}\" data-widget_type=\"image.default\">\n\t\t\t\t<div class=\"elementor-widget-container\">\n\t\t\t\t\t\t\t\t\t\t\t\t\t\t\t<img loading=\"lazy\" decoding=\"async\" loading=\"lazy\" width=\"800\" height=\"600\" src=\"https:\/\/snabb.xyz\/wp-content\/uploads\/2024\/11\/FullSizeRender_large-1024x768.webp\" class=\"attachment-large size-large wp-image-1805\" alt=\"\" srcset=\"https:\/\/snabb.xyz\/wp-content\/uploads\/2024\/11\/FullSizeRender_large-1024x768.webp 1024w, https:\/\/snabb.xyz\/wp-content\/uploads\/2024\/11\/FullSizeRender_large-300x225.webp 300w, https:\/\/snabb.xyz\/wp-content\/uploads\/2024\/11\/FullSizeRender_large-768x576.webp 768w, https:\/\/snabb.xyz\/wp-content\/uploads\/2024\/11\/FullSizeRender_large.webp 1280w\" sizes=\"auto, (max-width: 800px) 100vw, 800px\" \/>\t\t\t\t\t\t\t\t\t\t\t\t\t\t\t<\/div>\n\t\t\t\t<\/div>\n\t\t\t\t<\/div>\n\t\t<div class=\"elementor-element elementor-element-31d0b79 e-con-full animated-fast e-flex elementor-invisible e-con e-child\" data-id=\"31d0b79\" data-element_type=\"container\" data-settings=\"{&quot;animation&quot;:&quot;fadeInUp&quot;,&quot;animation_delay&quot;:300}\">\n\t\t\t\t<div class=\"elementor-element elementor-element-be27293 animated-fast elementor-invisible elementor-widget elementor-widget-heading\" data-id=\"be27293\" data-element_type=\"widget\" data-settings=\"{&quot;_animation&quot;:&quot;fadeInUp&quot;}\" data-widget_type=\"heading.default\">\n\t\t\t\t<div class=\"elementor-widget-container\">\n\t\t\t\t\t<h2 class=\"elementor-heading-title elementor-size-default\">Automobili\u0173 stov\u0117jimo aik\u0161tel\u0117 priva\u010dioje automobili\u0173 stov\u0117jimo aik\u0161tel\u0117je  <\/h2>\t\t\t\t<\/div>\n\t\t\t\t<\/div>\n\t\t\t\t<div class=\"elementor-element elementor-element-7b6087e list_kollaste_tappidega elementor-widget elementor-widget-text-editor\" data-id=\"7b6087e\" data-element_type=\"widget\" data-widget_type=\"text-editor.default\">\n\t\t\t\t<div class=\"elementor-widget-container\">\n\t\t\t\t\t\t\t\t\t<p>Naudodamiesi &#8222;Snabb&#8221; program\u0117le taip pat galite statyti automobilius keliose priva\u010diose automobili\u0173 stov\u0117jimo aik\u0161tel\u0117se Tartu mieste.<\/p>\n<ul>\n<li>X20 Tartu universiteto sporto sal\u0117<\/li>\n<li>X57 NET Sporto sal\u0117<\/li>\n<li>SB100 Tartu universalin\u0117 parduotuv\u0117<\/li>\n<li>SB43 Tartu student\u0173 namai<\/li>\n<li>SB53 Tigutorn<\/li>\n<\/ul>\n\t\t\t\t\t\t\t\t<\/div>\n\t\t\t\t<\/div>\n\t\t\t\t<div class=\"elementor-element elementor-element-af8b16c animated-fast ripple elementor-invisible elementor-widget elementor-widget-button\" data-id=\"af8b16c\" data-element_type=\"widget\" data-settings=\"{&quot;_animation&quot;:&quot;fadeInUp&quot;,&quot;_animation_delay&quot;:250}\" data-widget_type=\"button.default\">\n\t\t\t\t<div class=\"elementor-widget-container\">\n\t\t\t\t\t\t\t\t\t<div class=\"elementor-button-wrapper\">\n\t\t\t\t\t<a class=\"elementor-button elementor-button-link elementor-size-sm\" href=\"https:\/\/tartuparkimine.ee\/\" target=\"_blank\">\n\t\t\t\t\t\t<span class=\"elementor-button-content-wrapper\">\n\t\t\t\t\t\t\t\t\t<span class=\"elementor-button-text\">Daugiau informacijos<\/span>\n\t\t\t\t\t<\/span>\n\t\t\t\t\t<\/a>\n\t\t\t\t<\/div>\n\t\t\t\t\t\t\t\t<\/div>\n\t\t\t\t<\/div>\n\t\t\t\t<\/div>\n\t\t\t\t<\/div>\n\t\t\t\t\t<\/div>\n\t\t\t\t<\/section>\n\t\t<section class=\"elementor-element elementor-element-2fa4e2d map_container e-flex e-con-boxed e-con e-parent\" data-id=\"2fa4e2d\" data-element_type=\"container\">\n\t\t\t\t\t<div class=\"e-con-inner\">\n\t\t\t\t<div class=\"elementor-element elementor-element-11e5a25 animated-fast elementor-widget__width-initial elementor-invisible elementor-widget elementor-widget-heading\" data-id=\"11e5a25\" data-element_type=\"widget\" data-settings=\"{&quot;_animation&quot;:&quot;fadeInUp&quot;}\" data-widget_type=\"heading.default\">\n\t\t\t\t<div class=\"elementor-widget-container\">\n\t\t\t\t\t<h2 class=\"elementor-heading-title elementor-size-default\">Raskite Tartu miesto zonas ir priva\u010dias automobili\u0173 stov\u0117jimo aik\u0161teles m\u016bs\u0173 \u017eem\u0117lapyje  <\/h2>\t\t\t\t<\/div>\n\t\t\t\t<\/div>\n\t\t\t\t<div class=\"elementor-element elementor-element-86f35f5 elementor-invisible elementor-widget elementor-widget-html\" data-id=\"86f35f5\" data-element_type=\"widget\" data-settings=\"{&quot;_animation&quot;:&quot;fadeIn&quot;}\" data-widget_type=\"html.default\">\n\t\t\t\t<div class=\"elementor-widget-container\">\n\t\t\t\t\t<iframe src=\"https:\/\/admin.barking.ee\/static\/map-snabb-style.html?type=PARKING&amp;zoomCoodrinates=58.37712856686748,26.725947295609362&amp;zoomLevel=15&amp;language=lt\" frameborder=\"0\" allow=\"accelerometer; autoplay; clipboard-write; encrypted-media; gyroscope; picture-in-picture\" allowfullscreen=\"allowfullscreen\" class=\"absolute-cover\" height=\"860\"><\/iframe>\t\t\t\t<\/div>\n\t\t\t\t<\/div>\n\t\t\t\t\t<\/div>\n\t\t\t\t<\/section>\n\t\t\t\t<\/div>\n\t\t","protected":false},"excerpt":{"rendered":"<p>Parkas Tartu su Snabb Tartu miesto automobili\u0173 stov\u0117jimo aik\u0161teles nuo \u0161iol galima rasti ir &#8222;Snabb&#8221; program\u0117l\u0117je. Ma\u017eiausias paslaugos mokestis, patogiausia program\u0117l\u0117 ir visa svarbi informacija apie automobili\u0173 stov\u0117jim\u0105 vienoje vietoje. Ilgalaik\u012f Tartu automobili\u0173 stov\u0117jimo leidim\u0105 galite gauti \u0161iame puslapyje tartuparkimine.ee Griebk Snabb Automobili\u0173 statymas Tartu miesto gatv\u0117se Tartu mieste yra 3 automobili\u0173 stov\u0117jimo gatv\u0117je zonos [&hellip;]<\/p>\n","protected":false},"author":1,"featured_media":1570,"parent":2538,"menu_order":0,"comment_status":"closed","ping_status":"closed","template":"elementor_header_footer","meta":{"footnotes":""},"class_list":["post-2707","page","type-page","status-publish","has-post-thumbnail","hentry"],"_links":{"self":[{"href":"https:\/\/snabb.xyz\/lt\/wp-json\/wp\/v2\/pages\/2707","targetHints":{"allow":["GET"]}}],"collection":[{"href":"https:\/\/snabb.xyz\/lt\/wp-json\/wp\/v2\/pages"}],"about":[{"href":"https:\/\/snabb.xyz\/lt\/wp-json\/wp\/v2\/types\/page"}],"author":[{"embeddable":true,"href":"https:\/\/snabb.xyz\/lt\/wp-json\/wp\/v2\/users\/1"}],"replies":[{"embeddable":true,"href":"https:\/\/snabb.xyz\/lt\/wp-json\/wp\/v2\/comments?post=2707"}],"version-history":[{"count":7,"href":"https:\/\/snabb.xyz\/lt\/wp-json\/wp\/v2\/pages\/2707\/revisions"}],"predecessor-version":[{"id":3320,"href":"https:\/\/snabb.xyz\/lt\/wp-json\/wp\/v2\/pages\/2707\/revisions\/3320"}],"up":[{"embeddable":true,"href":"https:\/\/snabb.xyz\/lt\/wp-json\/wp\/v2\/pages\/2538"}],"wp:featuredmedia":[{"embeddable":true,"href":"https:\/\/snabb.xyz\/lt\/wp-json\/wp\/v2\/media\/1570"}],"wp:attachment":[{"href":"https:\/\/snabb.xyz\/lt\/wp-json\/wp\/v2\/media?parent=2707"}],"curies":[{"name":"wp","href":"https:\/\/api.w.org\/{rel}","templated":true}]}}