{"id":2698,"date":"2024-11-03T23:39:52","date_gmt":"2024-11-03T21:39:52","guid":{"rendered":"https:\/\/snabb.xyz\/automobiliu-vairuotojams\/menesine-stovejimo-aiksteles-kortele\/"},"modified":"2025-01-15T15:37:54","modified_gmt":"2025-01-15T13:37:54","slug":"menesinis-bilietas","status":"publish","type":"page","link":"https:\/\/snabb.xyz\/lt\/automobiliu-vairuotojams\/menesinis-bilietas\/","title":{"rendered":"M\u0117nesinis bilietas"},"content":{"rendered":"\t\t<div data-elementor-type=\"wp-page\" data-elementor-id=\"2698\" class=\"elementor elementor-2698 elementor-839\" data-elementor-post-type=\"page\">\n\t\t\t\t<section class=\"elementor-element elementor-element-4a7f8a3 e-con-full e-flex e-con e-parent\" data-id=\"4a7f8a3\" data-element_type=\"container\">\n\t\t<div class=\"elementor-element elementor-element-21f83d9 e-con-full e-flex e-con e-child\" data-id=\"21f83d9\" data-element_type=\"container\">\n\t\t<div class=\"elementor-element elementor-element-2f26088 e-flex e-con-boxed e-con e-child\" data-id=\"2f26088\" data-element_type=\"container\" data-settings=\"{&quot;background_background&quot;:&quot;classic&quot;}\">\n\t\t\t\t\t<div class=\"e-con-inner\">\n\t\t<div class=\"elementor-element elementor-element-9f19e72 e-flex e-con-boxed e-con e-child\" data-id=\"9f19e72\" data-element_type=\"container\">\n\t\t\t\t\t<div class=\"e-con-inner\">\n\t\t<div class=\"elementor-element elementor-element-887f307 e-con-full e-flex e-con e-child\" data-id=\"887f307\" data-element_type=\"container\">\n\t\t<div class=\"elementor-element elementor-element-667758e e-con-full animated-fast e-flex elementor-invisible e-con e-child\" data-id=\"667758e\" data-element_type=\"container\" data-settings=\"{&quot;animation&quot;:&quot;fadeInUp&quot;}\">\n\t\t\t\t<div class=\"elementor-element elementor-element-a0b6d49 elementor-widget elementor-widget-heading\" data-id=\"a0b6d49\" data-element_type=\"widget\" data-widget_type=\"heading.default\">\n\t\t\t\t<div class=\"elementor-widget-container\">\n\t\t\t\t\t<h1 class=\"elementor-heading-title elementor-size-default\">Stov\u0117kite tiek, kiek norite, su m\u0117nesiniu abonementu<\/h1>\t\t\t\t<\/div>\n\t\t\t\t<\/div>\n\t\t\t\t<div class=\"elementor-element elementor-element-7d4ab77 elementor-widget elementor-widget-text-editor\" data-id=\"7d4ab77\" data-element_type=\"widget\" data-widget_type=\"text-editor.default\">\n\t\t\t\t<div class=\"elementor-widget-container\">\n\t\t\t\t\t\t\t\t\t<p>Program\u0117l\u0117je Snabb galite patogiai \u012fsigyti m\u0117nesin\u012f biliet\u0105 \u012f pasirinkt\u0105 automobili\u0173 stov\u0117jimo aik\u0161tel\u0119.<\/p>\t\t\t\t\t\t\t\t<\/div>\n\t\t\t\t<\/div>\n\t\t\t\t<\/div>\n\t\t<div class=\"elementor-element elementor-element-2de8d12 e-con-full animated-fast e-flex elementor-invisible e-con e-child\" data-id=\"2de8d12\" data-element_type=\"container\" data-settings=\"{&quot;animation&quot;:&quot;fadeIn&quot;}\">\n\t\t\t\t<div class=\"elementor-element elementor-element-69d3171 elementor-widget elementor-widget-heading\" data-id=\"69d3171\" data-element_type=\"widget\" data-widget_type=\"heading.default\">\n\t\t\t\t<div class=\"elementor-widget-container\">\n\t\t\t\t\t<p class=\"elementor-heading-title elementor-size-default\">Griebk Snabb\u200b<\/p>\t\t\t\t<\/div>\n\t\t\t\t<\/div>\n\t\t<div class=\"elementor-element elementor-element-a59bd3c e-con-full e-flex e-con e-child\" data-id=\"a59bd3c\" data-element_type=\"container\">\n\t\t\t\t<div class=\"elementor-element elementor-element-34eafff elementor-widget elementor-widget-image\" data-id=\"34eafff\" data-element_type=\"widget\" data-widget_type=\"image.default\">\n\t\t\t\t<div class=\"elementor-widget-container\">\n\t\t\t\t\t\t\t\t\t\t\t\t\t\t\t\t<a href=\"https:\/\/apps.apple.com\/ee\/app\/barking\/id978315014\" target=\"_blank\">\n\t\t\t\t\t\t\t<img loading=\"lazy\" decoding=\"async\" loading=\"lazy\" width=\"133\" height=\"46\" src=\"https:\/\/snabb.xyz\/wp-content\/uploads\/2025\/01\/apple_store_lt.svg\" class=\"attachment-large size-large wp-image-3872\" alt=\"\" \/>\t\t\t\t\t\t\t\t<\/a>\n\t\t\t\t\t\t\t\t\t\t\t\t\t\t\t<\/div>\n\t\t\t\t<\/div>\n\t\t\t\t<div class=\"elementor-element elementor-element-b67c304 elementor-widget elementor-widget-image\" data-id=\"b67c304\" data-element_type=\"widget\" data-widget_type=\"image.default\">\n\t\t\t\t<div class=\"elementor-widget-container\">\n\t\t\t\t\t\t\t\t\t\t\t\t\t\t\t\t<a href=\"https:\/\/play.google.com\/store\/apps\/details?id=ee.barking.app\" target=\"_blank\">\n\t\t\t\t\t\t\t<img loading=\"lazy\" decoding=\"async\" loading=\"lazy\" width=\"158\" height=\"46\" src=\"https:\/\/snabb.xyz\/wp-content\/uploads\/2025\/01\/play_store_lt.svg\" class=\"attachment-large size-large wp-image-3878\" alt=\"\" \/>\t\t\t\t\t\t\t\t<\/a>\n\t\t\t\t\t\t\t\t\t\t\t\t\t\t\t<\/div>\n\t\t\t\t<\/div>\n\t\t\t\t<\/div>\n\t\t\t\t<\/div>\n\t\t\t\t<\/div>\n\t\t<div class=\"elementor-element elementor-element-854a374 e-con-full e-flex e-con e-child\" data-id=\"854a374\" data-element_type=\"container\">\n\t\t\t\t<div class=\"elementor-element elementor-element-a0000b1 elementor-absolute hero_img scale_height animated-fast elementor-invisible elementor-widget elementor-widget-image\" data-id=\"a0000b1\" data-element_type=\"widget\" data-settings=\"{&quot;_animation&quot;:&quot;fadeInRight&quot;,&quot;_position&quot;:&quot;absolute&quot;}\" data-widget_type=\"image.default\">\n\t\t\t\t<div class=\"elementor-widget-container\">\n\t\t\t\t\t\t\t\t\t\t\t\t\t\t\t<img loading=\"lazy\" decoding=\"async\" loading=\"lazy\" width=\"642\" height=\"644\" src=\"https:\/\/snabb.xyz\/wp-content\/uploads\/2024\/11\/Group-299.webp\" class=\"attachment-full size-full wp-image-1810\" alt=\"\" srcset=\"https:\/\/snabb.xyz\/wp-content\/uploads\/2024\/11\/Group-299.webp 642w, https:\/\/snabb.xyz\/wp-content\/uploads\/2024\/11\/Group-299-300x300.webp 300w, https:\/\/snabb.xyz\/wp-content\/uploads\/2024\/11\/Group-299-150x150.webp 150w\" sizes=\"auto, (max-width: 642px) 100vw, 642px\" \/>\t\t\t\t\t\t\t\t\t\t\t\t\t\t\t<\/div>\n\t\t\t\t<\/div>\n\t\t\t\t<\/div>\n\t\t\t\t\t<\/div>\n\t\t\t\t<\/div>\n\t\t\t\t\t<\/div>\n\t\t\t\t<\/div>\n\t\t\t\t<\/div>\n\t\t\t\t<\/section>\n\t\t<div class=\"elementor-element elementor-element-24824e8 e-flex e-con-boxed e-con e-parent\" data-id=\"24824e8\" data-element_type=\"container\">\n\t\t\t\t\t<div class=\"e-con-inner\">\n\t\t<div class=\"elementor-element elementor-element-6eb1ce8 imageSwitcherWrapper e-con-full e-flex e-con e-child\" data-id=\"6eb1ce8\" data-element_type=\"container\">\n\t\t<div class=\"elementor-element elementor-element-2fa43e0 e-con-full e-flex e-con e-child\" data-id=\"2fa43e0\" data-element_type=\"container\">\n\t\t\t\t<div class=\"elementor-element elementor-element-4f2ef8e animated-fast elementor-invisible elementor-widget elementor-widget-heading\" data-id=\"4f2ef8e\" data-element_type=\"widget\" data-settings=\"{&quot;_animation&quot;:&quot;fadeInUp&quot;}\" data-widget_type=\"heading.default\">\n\t\t\t\t<div class=\"elementor-widget-container\">\n\t\t\t\t\t<h3 class=\"elementor-heading-title elementor-size-default\">M\u0117nesio bilietas Snabb program\u0117l\u0117je<\/h3>\t\t\t\t<\/div>\n\t\t\t\t<\/div>\n\t\t<div class=\"elementor-element elementor-element-830873c e-con-full e-flex e-con e-child\" data-id=\"830873c\" data-element_type=\"container\">\n\t\t<div class=\"elementor-element elementor-element-8b109c8 e-con-full image_switcher_tab e-flex e-con e-child\" data-id=\"8b109c8\" data-element_type=\"container\">\n\t\t\t\t<div class=\"elementor-element elementor-element-ff0d15e elementor-widget elementor-widget-heading\" data-id=\"ff0d15e\" data-element_type=\"widget\" data-widget_type=\"heading.default\">\n\t\t\t\t<div class=\"elementor-widget-container\">\n\t\t\t\t\t<h4 class=\"elementor-heading-title elementor-size-default\">Prid\u0117kite kortel\u0119<\/h4>\t\t\t\t<\/div>\n\t\t\t\t<\/div>\n\t\t\t\t<div class=\"elementor-element elementor-element-21d90aa elementor-widget elementor-widget-text-editor\" data-id=\"21d90aa\" data-element_type=\"widget\" data-widget_type=\"text-editor.default\">\n\t\t\t\t<div class=\"elementor-widget-container\">\n\t\t\t\t\t\t\t\t\t<p>\u012eveskite kortel\u0117s duomenis.<\/p>\t\t\t\t\t\t\t\t<\/div>\n\t\t\t\t<\/div>\n\t\t\t\t<\/div>\n\t\t<div class=\"elementor-element elementor-element-2392dff e-con-full image_switcher_tab e-flex e-con e-child\" data-id=\"2392dff\" data-element_type=\"container\">\n\t\t\t\t<div class=\"elementor-element elementor-element-516846a elementor-widget elementor-widget-heading\" data-id=\"516846a\" data-element_type=\"widget\" data-widget_type=\"heading.default\">\n\t\t\t\t<div class=\"elementor-widget-container\">\n\t\t\t\t\t<h4 class=\"elementor-heading-title elementor-size-default\">Pasirinkite aik\u0161tel\u0119<\/h4>\t\t\t\t<\/div>\n\t\t\t\t<\/div>\n\t\t\t\t<div class=\"elementor-element elementor-element-39e6d89 elementor-widget elementor-widget-text-editor\" data-id=\"39e6d89\" data-element_type=\"widget\" data-widget_type=\"text-editor.default\">\n\t\t\t\t<div class=\"elementor-widget-container\">\n\t\t\t\t\t\t\t\t\t<p>Raskite tinkam\u0105 viet\u0105 \u017eem\u0117lapyje.<\/p>\t\t\t\t\t\t\t\t<\/div>\n\t\t\t\t<\/div>\n\t\t\t\t<\/div>\n\t\t<div class=\"elementor-element elementor-element-cbf5c54 e-con-full image_switcher_tab e-flex e-con e-child\" data-id=\"cbf5c54\" data-element_type=\"container\">\n\t\t\t\t<div class=\"elementor-element elementor-element-6db7713 elementor-widget elementor-widget-heading\" data-id=\"6db7713\" data-element_type=\"widget\" data-widget_type=\"heading.default\">\n\t\t\t\t<div class=\"elementor-widget-container\">\n\t\t\t\t\t<h4 class=\"elementor-heading-title elementor-size-default\">Patvirtinkite u\u017esakym\u0105\n<\/h4>\t\t\t\t<\/div>\n\t\t\t\t<\/div>\n\t\t\t\t<div class=\"elementor-element elementor-element-15c1636 elementor-widget elementor-widget-text-editor\" data-id=\"15c1636\" data-element_type=\"widget\" data-widget_type=\"text-editor.default\">\n\t\t\t\t<div class=\"elementor-widget-container\">\n\t\t\t\t\t\t\t\t\t<p>Spauskite &#8222;M\u0117nesio bilietas&#8221; ir patvirtinkite.<\/p>\t\t\t\t\t\t\t\t<\/div>\n\t\t\t\t<\/div>\n\t\t\t\t<\/div>\n\t\t\t\t<\/div>\n\t\t\t\t<\/div>\n\t\t<div class=\"elementor-element elementor-element-c6013ca e-con-full animated-fast e-flex elementor-invisible e-con e-child\" data-id=\"c6013ca\" data-element_type=\"container\" data-settings=\"{&quot;animation&quot;:&quot;fadeIn&quot;}\">\n\t\t\t\t<div class=\"elementor-element elementor-element-4d1c0af imageSwitcherImage elementor-widget elementor-widget-image\" data-id=\"4d1c0af\" data-element_type=\"widget\" data-widget_type=\"image.default\">\n\t\t\t\t<div class=\"elementor-widget-container\">\n\t\t\t\t\t\t\t\t\t\t\t\t\t\t\t<img loading=\"lazy\" decoding=\"async\" loading=\"lazy\" width=\"1301\" height=\"1337\" src=\"https:\/\/snabb.xyz\/wp-content\/uploads\/2025\/01\/frame-270.png\" class=\"attachment-full size-full wp-image-3928\" alt=\"\" srcset=\"https:\/\/snabb.xyz\/wp-content\/uploads\/2025\/01\/frame-270.png 1301w, https:\/\/snabb.xyz\/wp-content\/uploads\/2025\/01\/frame-270-292x300.png 292w, https:\/\/snabb.xyz\/wp-content\/uploads\/2025\/01\/frame-270-996x1024.png 996w, https:\/\/snabb.xyz\/wp-content\/uploads\/2025\/01\/frame-270-768x789.png 768w\" sizes=\"auto, (max-width: 1301px) 100vw, 1301px\" \/>\t\t\t\t\t\t\t\t\t\t\t\t\t\t\t<\/div>\n\t\t\t\t<\/div>\n\t\t\t\t<div class=\"elementor-element elementor-element-3c2bc76 imageSwitcherImage elementor-widget elementor-widget-image\" data-id=\"3c2bc76\" data-element_type=\"widget\" data-widget_type=\"image.default\">\n\t\t\t\t<div class=\"elementor-widget-container\">\n\t\t\t\t\t\t\t\t\t\t\t\t\t\t\t<img loading=\"lazy\" decoding=\"async\" loading=\"lazy\" width=\"1301\" height=\"1337\" src=\"https:\/\/snabb.xyz\/wp-content\/uploads\/2025\/01\/frame-271.png\" class=\"attachment-full size-full wp-image-3934\" alt=\"\" srcset=\"https:\/\/snabb.xyz\/wp-content\/uploads\/2025\/01\/frame-271.png 1301w, https:\/\/snabb.xyz\/wp-content\/uploads\/2025\/01\/frame-271-292x300.png 292w, https:\/\/snabb.xyz\/wp-content\/uploads\/2025\/01\/frame-271-996x1024.png 996w, https:\/\/snabb.xyz\/wp-content\/uploads\/2025\/01\/frame-271-768x789.png 768w\" sizes=\"auto, (max-width: 1301px) 100vw, 1301px\" \/>\t\t\t\t\t\t\t\t\t\t\t\t\t\t\t<\/div>\n\t\t\t\t<\/div>\n\t\t\t\t<div class=\"elementor-element elementor-element-112b26c imageSwitcherImage elementor-widget elementor-widget-image\" data-id=\"112b26c\" data-element_type=\"widget\" data-widget_type=\"image.default\">\n\t\t\t\t<div class=\"elementor-widget-container\">\n\t\t\t\t\t\t\t\t\t\t\t\t\t\t\t<img loading=\"lazy\" decoding=\"async\" loading=\"lazy\" width=\"1301\" height=\"1337\" src=\"https:\/\/snabb.xyz\/wp-content\/uploads\/2025\/01\/frame-272.png\" class=\"attachment-full size-full wp-image-3940\" alt=\"\" srcset=\"https:\/\/snabb.xyz\/wp-content\/uploads\/2025\/01\/frame-272.png 1301w, https:\/\/snabb.xyz\/wp-content\/uploads\/2025\/01\/frame-272-292x300.png 292w, https:\/\/snabb.xyz\/wp-content\/uploads\/2025\/01\/frame-272-996x1024.png 996w, https:\/\/snabb.xyz\/wp-content\/uploads\/2025\/01\/frame-272-768x789.png 768w\" sizes=\"auto, (max-width: 1301px) 100vw, 1301px\" \/>\t\t\t\t\t\t\t\t\t\t\t\t\t\t\t<\/div>\n\t\t\t\t<\/div>\n\t\t\t\t<\/div>\n\t\t\t\t<\/div>\n\t\t\t\t\t<\/div>\n\t\t\t\t<\/div>\n\t\t\t\t<\/div>\n\t\t","protected":false},"excerpt":{"rendered":"<p>Stov\u0117kite tiek, kiek norite, su m\u0117nesiniu abonementu Program\u0117l\u0117je Snabb galite patogiai \u012fsigyti m\u0117nesin\u012f biliet\u0105 \u012f pasirinkt\u0105 automobili\u0173 stov\u0117jimo aik\u0161tel\u0119. Griebk Snabb\u200b M\u0117nesio bilietas Snabb program\u0117l\u0117je Prid\u0117kite kortel\u0119 \u012eveskite kortel\u0117s duomenis. Pasirinkite aik\u0161tel\u0119 Raskite tinkam\u0105 viet\u0105 \u017eem\u0117lapyje. Patvirtinkite u\u017esakym\u0105 Spauskite &#8222;M\u0117nesio bilietas&#8221; ir patvirtinkite.<\/p>\n","protected":false},"author":1,"featured_media":1570,"parent":2538,"menu_order":0,"comment_status":"closed","ping_status":"closed","template":"elementor_header_footer","meta":{"footnotes":""},"class_list":["post-2698","page","type-page","status-publish","has-post-thumbnail","hentry"],"_links":{"self":[{"href":"https:\/\/snabb.xyz\/lt\/wp-json\/wp\/v2\/pages\/2698","targetHints":{"allow":["GET"]}}],"collection":[{"href":"https:\/\/snabb.xyz\/lt\/wp-json\/wp\/v2\/pages"}],"about":[{"href":"https:\/\/snabb.xyz\/lt\/wp-json\/wp\/v2\/types\/page"}],"author":[{"embeddable":true,"href":"https:\/\/snabb.xyz\/lt\/wp-json\/wp\/v2\/users\/1"}],"replies":[{"embeddable":true,"href":"https:\/\/snabb.xyz\/lt\/wp-json\/wp\/v2\/comments?post=2698"}],"version-history":[{"count":20,"href":"https:\/\/snabb.xyz\/lt\/wp-json\/wp\/v2\/pages\/2698\/revisions"}],"predecessor-version":[{"id":3948,"href":"https:\/\/snabb.xyz\/lt\/wp-json\/wp\/v2\/pages\/2698\/revisions\/3948"}],"up":[{"embeddable":true,"href":"https:\/\/snabb.xyz\/lt\/wp-json\/wp\/v2\/pages\/2538"}],"wp:featuredmedia":[{"embeddable":true,"href":"https:\/\/snabb.xyz\/lt\/wp-json\/wp\/v2\/media\/1570"}],"wp:attachment":[{"href":"https:\/\/snabb.xyz\/lt\/wp-json\/wp\/v2\/media?parent=2698"}],"curies":[{"name":"wp","href":"https:\/\/api.w.org\/{rel}","templated":true}]}}