{"id":2691,"date":"2024-11-02T22:42:41","date_gmt":"2024-11-02T20:42:41","guid":{"rendered":"https:\/\/snabb.xyz\/automobiliu-vairuotojams\/ivadas-i-paslaugas\/automobiliu-stovejimo-aikstele\/"},"modified":"2025-01-15T14:02:12","modified_gmt":"2025-01-15T12:02:12","slug":"parkavimas","status":"publish","type":"page","link":"https:\/\/snabb.xyz\/lt\/automobiliu-vairuotojams\/ivadas-i-paslaugas\/parkavimas\/","title":{"rendered":"Parkavimas"},"content":{"rendered":"\t\t<div data-elementor-type=\"wp-page\" data-elementor-id=\"2691\" class=\"elementor elementor-2691 elementor-639\" data-elementor-post-type=\"page\">\n\t\t\t\t<section class=\"elementor-element elementor-element-fe3d64e e-flex e-con-boxed e-con e-parent\" data-id=\"fe3d64e\" data-element_type=\"container\">\n\t\t\t\t\t<div class=\"e-con-inner\">\n\t\t<div class=\"elementor-element elementor-element-d803c60 e-flex e-con-boxed e-con e-child\" data-id=\"d803c60\" data-element_type=\"container\">\n\t\t\t\t\t<div class=\"e-con-inner\">\n\t\t\t\t<div class=\"elementor-element elementor-element-e8341a7 elementor-widget__width-initial animated-fast elementor-invisible elementor-widget elementor-widget-heading\" data-id=\"e8341a7\" data-element_type=\"widget\" data-settings=\"{&quot;_animation&quot;:&quot;fadeInUp&quot;}\" data-widget_type=\"heading.default\">\n\t\t\t\t<div class=\"elementor-widget-container\">\n\t\t\t\t\t<h1 class=\"elementor-heading-title elementor-size-default\">Va\u017eiuok be r\u016bpes\u010di\u0173  <\/h1>\t\t\t\t<\/div>\n\t\t\t\t<\/div>\n\t\t\t\t<div class=\"elementor-element elementor-element-dd50b08 elementor-widget elementor-widget-text-editor\" data-id=\"dd50b08\" data-element_type=\"widget\" data-widget_type=\"text-editor.default\">\n\t\t\t\t<div class=\"elementor-widget-container\">\n\t\t\t\t\t\t\t\t\t<p><strong>Viena program\u0117l\u0117 ir vienas mygtuko spustel\u0117jimas<\/strong> \u2013 tiek Jums tereikia, kad pasiektum\u0117te \u0161imtus stov\u0117jimo aik\u0161teli\u0173. Paprasta. Patogu. Greita.<\/p>\t\t\t\t\t\t\t\t<\/div>\n\t\t\t\t<\/div>\n\t\t\t\t\t<\/div>\n\t\t\t\t<\/div>\n\t\t\t\t\t<\/div>\n\t\t\t\t<\/section>\n\t\t<section class=\"elementor-element elementor-element-2fa4e2d map_container e-flex e-con-boxed e-con e-parent\" data-id=\"2fa4e2d\" data-element_type=\"container\">\n\t\t\t\t\t<div class=\"e-con-inner\">\n\t\t\t\t<div class=\"elementor-element elementor-element-86f35f5 elementor-invisible elementor-widget elementor-widget-html\" data-id=\"86f35f5\" data-element_type=\"widget\" data-settings=\"{&quot;_animation&quot;:&quot;fadeIn&quot;}\" data-widget_type=\"html.default\">\n\t\t\t\t<div class=\"elementor-widget-container\">\n\t\t\t\t\t<iframe src=\"https:\/\/admin.barking.ee\/static\/map-snabb-style.html?type=PARKING&amp;oneType=true&amp;region=est&amp;language=en\" frameborder=\"0\" allow=\"accelerometer; autoplay; clipboard-write; encrypted-media; gyroscope; picture-in-picture\" allowfullscreen=\"allowfullscreen\" class=\"absolute-cover\" height=\"860\"><\/iframe>\t\t\t\t<\/div>\n\t\t\t\t<\/div>\n\t\t\t\t\t<\/div>\n\t\t\t\t<\/section>\n\t\t<div class=\"elementor-element elementor-element-216339b imageSwitcherWrapper e-flex e-con-boxed e-con e-parent\" data-id=\"216339b\" data-element_type=\"container\">\n\t\t\t\t\t<div class=\"e-con-inner\">\n\t\t<div class=\"elementor-element elementor-element-51a9dfa e-con-full animated-fast e-flex elementor-invisible e-con e-child\" data-id=\"51a9dfa\" data-element_type=\"container\" data-settings=\"{&quot;animation&quot;:&quot;fadeIn&quot;}\">\n\t\t\t\t<div class=\"elementor-element elementor-element-068818e imageSwitcherImage elementor-widget elementor-widget-image\" data-id=\"068818e\" data-element_type=\"widget\" data-widget_type=\"image.default\">\n\t\t\t\t<div class=\"elementor-widget-container\">\n\t\t\t\t\t\t\t\t\t\t\t\t\t\t\t<img loading=\"lazy\" decoding=\"async\" loading=\"lazy\" width=\"1301\" height=\"1337\" src=\"https:\/\/snabb.xyz\/wp-content\/uploads\/2024\/11\/mapview.webp\" class=\"attachment-full size-full wp-image-1785\" alt=\"\" srcset=\"https:\/\/snabb.xyz\/wp-content\/uploads\/2024\/11\/mapview.webp 1301w, https:\/\/snabb.xyz\/wp-content\/uploads\/2024\/11\/mapview-292x300.webp 292w, https:\/\/snabb.xyz\/wp-content\/uploads\/2024\/11\/mapview-996x1024.webp 996w, https:\/\/snabb.xyz\/wp-content\/uploads\/2024\/11\/mapview-768x789.webp 768w\" sizes=\"auto, (max-width: 1301px) 100vw, 1301px\" \/>\t\t\t\t\t\t\t\t\t\t\t\t\t\t\t<\/div>\n\t\t\t\t<\/div>\n\t\t\t\t<div class=\"elementor-element elementor-element-0fe6cab imageSwitcherImage elementor-widget elementor-widget-image\" data-id=\"0fe6cab\" data-element_type=\"widget\" data-widget_type=\"image.default\">\n\t\t\t\t<div class=\"elementor-widget-container\">\n\t\t\t\t\t\t\t\t\t\t\t\t\t\t\t<img loading=\"lazy\" decoding=\"async\" loading=\"lazy\" width=\"1301\" height=\"1337\" src=\"https:\/\/snabb.xyz\/wp-content\/uploads\/2024\/11\/parklavaade.webp\" class=\"attachment-full size-full wp-image-1790\" alt=\"\" srcset=\"https:\/\/snabb.xyz\/wp-content\/uploads\/2024\/11\/parklavaade.webp 1301w, https:\/\/snabb.xyz\/wp-content\/uploads\/2024\/11\/parklavaade-292x300.webp 292w, https:\/\/snabb.xyz\/wp-content\/uploads\/2024\/11\/parklavaade-996x1024.webp 996w, https:\/\/snabb.xyz\/wp-content\/uploads\/2024\/11\/parklavaade-768x789.webp 768w\" sizes=\"auto, (max-width: 1301px) 100vw, 1301px\" \/>\t\t\t\t\t\t\t\t\t\t\t\t\t\t\t<\/div>\n\t\t\t\t<\/div>\n\t\t\t\t<div class=\"elementor-element elementor-element-977cd53 imageSwitcherImage elementor-widget elementor-widget-image\" data-id=\"977cd53\" data-element_type=\"widget\" data-widget_type=\"image.default\">\n\t\t\t\t<div class=\"elementor-widget-container\">\n\t\t\t\t\t\t\t\t\t\t\t\t\t\t\t<img loading=\"lazy\" decoding=\"async\" loading=\"lazy\" width=\"1301\" height=\"1337\" src=\"https:\/\/snabb.xyz\/wp-content\/uploads\/2024\/11\/aktiivne-parkimine.webp\" class=\"attachment-full size-full wp-image-1795\" alt=\"\" srcset=\"https:\/\/snabb.xyz\/wp-content\/uploads\/2024\/11\/aktiivne-parkimine.webp 1301w, https:\/\/snabb.xyz\/wp-content\/uploads\/2024\/11\/aktiivne-parkimine-292x300.webp 292w, https:\/\/snabb.xyz\/wp-content\/uploads\/2024\/11\/aktiivne-parkimine-996x1024.webp 996w, https:\/\/snabb.xyz\/wp-content\/uploads\/2024\/11\/aktiivne-parkimine-768x789.webp 768w\" sizes=\"auto, (max-width: 1301px) 100vw, 1301px\" \/>\t\t\t\t\t\t\t\t\t\t\t\t\t\t\t<\/div>\n\t\t\t\t<\/div>\n\t\t\t\t<\/div>\n\t\t<div class=\"elementor-element elementor-element-4c2a95a e-con-full e-flex e-con e-child\" data-id=\"4c2a95a\" data-element_type=\"container\">\n\t\t\t\t<div class=\"elementor-element elementor-element-406089e animated-fast elementor-invisible elementor-widget elementor-widget-heading\" data-id=\"406089e\" data-element_type=\"widget\" data-settings=\"{&quot;_animation&quot;:&quot;fadeInUp&quot;}\" data-widget_type=\"heading.default\">\n\t\t\t\t<div class=\"elementor-widget-container\">\n\t\t\t\t\t<h3 class=\"elementor-heading-title elementor-size-default\">Kaip prad\u0117ti naudotis Snabb automobili\u0173 stov\u0117jimo aik\u0161tele?<\/h3>\t\t\t\t<\/div>\n\t\t\t\t<\/div>\n\t\t<div class=\"elementor-element elementor-element-40043b9 e-con-full e-flex e-con e-child\" data-id=\"40043b9\" data-element_type=\"container\">\n\t\t<div class=\"elementor-element elementor-element-51088f7 e-con-full image_switcher_tab e-flex e-con e-child\" data-id=\"51088f7\" data-element_type=\"container\">\n\t\t\t\t<div class=\"elementor-element elementor-element-c667ebb elementor-widget elementor-widget-heading\" data-id=\"c667ebb\" data-element_type=\"widget\" data-widget_type=\"heading.default\">\n\t\t\t\t<div class=\"elementor-widget-container\">\n\t\t\t\t\t<h4 class=\"elementor-heading-title elementor-size-default\">Pasirinkite automobili\u0173 stov\u0117jimo aik\u0161tel\u0119<\/h4>\t\t\t\t<\/div>\n\t\t\t\t<\/div>\n\t\t\t\t<div class=\"elementor-element elementor-element-b2ca048 elementor-widget elementor-widget-text-editor\" data-id=\"b2ca048\" data-element_type=\"widget\" data-widget_type=\"text-editor.default\">\n\t\t\t\t<div class=\"elementor-widget-container\">\n\t\t\t\t\t\t\t\t\t<p>Program\u0117l\u0117je rasite ar\u010diausiai j\u016bs\u0173 ar j\u016bs\u0173 adreso esan\u010dias bei pigiausias automobili\u0173 stov\u0117jimo vietas.<\/p>\t\t\t\t\t\t\t\t<\/div>\n\t\t\t\t<\/div>\n\t\t\t\t<\/div>\n\t\t<div class=\"elementor-element elementor-element-99a3fb0 e-con-full image_switcher_tab e-flex e-con e-child\" data-id=\"99a3fb0\" data-element_type=\"container\">\n\t\t\t\t<div class=\"elementor-element elementor-element-b60633d elementor-widget elementor-widget-heading\" data-id=\"b60633d\" data-element_type=\"widget\" data-widget_type=\"heading.default\">\n\t\t\t\t<div class=\"elementor-widget-container\">\n\t\t\t\t\t<h4 class=\"elementor-heading-title elementor-size-default\">Prad\u0117kite stov\u0117ti automobili\u0173 stov\u0117jimo aik\u0161tel\u0117je<\/h4>\t\t\t\t<\/div>\n\t\t\t\t<\/div>\n\t\t\t\t<div class=\"elementor-element elementor-element-1b3c1e6 elementor-widget elementor-widget-text-editor\" data-id=\"1b3c1e6\" data-element_type=\"widget\" data-widget_type=\"text-editor.default\">\n\t\t\t\t<div class=\"elementor-widget-container\">\n\t\t\t\t\t\t\t\t\t<p>\u012esitikinkite, kad automobilio numeris yra teisingas ir kad nurodytas mok\u0117jimo b\u016bdas. Nor\u0117dami prad\u0117ti stov\u0117jim\u0105, braukite ekrano apa\u010dioje esant\u012f mygtuk\u0105 i\u0161 kair\u0117s \u012f de\u0161in\u0119. Kai i\u0161va\u017eiuosite, sustabdykite stov\u0117jim\u0105 dar kart\u0105 braukdami t\u0105 pat\u012f mygtuk\u0105, ir parkavimo mokestis bus automati\u0161kai nuskai\u010diuotas nuo j\u016bs\u0173 mok\u0117jimo b\u016bdo. Automobili\u0173 stov\u0117jimo aik\u0161tel\u0117se, kuriose veikia numeri\u0173 atpa\u017einimo sistema, stov\u0117jimas baigiasi automati\u0161kai, kai i\u0161va\u017eiuojate.<\/p>\t\t\t\t\t\t\t\t<\/div>\n\t\t\t\t<\/div>\n\t\t\t\t<\/div>\n\t\t<div class=\"elementor-element elementor-element-15733f1 e-con-full image_switcher_tab e-flex e-con e-child\" data-id=\"15733f1\" data-element_type=\"container\">\n\t\t\t\t<div class=\"elementor-element elementor-element-b436251 elementor-widget elementor-widget-heading\" data-id=\"b436251\" data-element_type=\"widget\" data-widget_type=\"heading.default\">\n\t\t\t\t<div class=\"elementor-widget-container\">\n\t\t\t\t\t<h4 class=\"elementor-heading-title elementor-size-default\">Aktyvus parkavimas<\/h4>\t\t\t\t<\/div>\n\t\t\t\t<\/div>\n\t\t\t\t<div class=\"elementor-element elementor-element-dcbc5cf elementor-widget elementor-widget-text-editor\" data-id=\"dcbc5cf\" data-element_type=\"widget\" data-widget_type=\"text-editor.default\">\n\t\t\t\t<div class=\"elementor-widget-container\">\n\t\t\t\t\t\t\t\t\t<p>Aktyvaus parkavimo metu galite matyti parkavimo laik\u0105 ir mokest\u012f. Taip pat apatiniame ekrano kra\u0161te galite pakeisti transporto priemon\u0117s numer\u012f aktyvaus parkavimo metu.<\/p>\t\t\t\t\t\t\t\t<\/div>\n\t\t\t\t<\/div>\n\t\t\t\t<\/div>\n\t\t\t\t<\/div>\n\t\t\t\t<\/div>\n\t\t\t\t\t<\/div>\n\t\t\t\t<\/div>\n\t\t<section class=\"elementor-element elementor-element-e1a8692 e-flex e-con-boxed e-con e-parent\" data-id=\"e1a8692\" data-element_type=\"container\">\n\t\t\t\t\t<div class=\"e-con-inner\">\n\t\t<div class=\"elementor-element elementor-element-6185c30 e-con-full e-flex e-con e-child\" data-id=\"6185c30\" data-element_type=\"container\">\n\t\t\t\t<div class=\"elementor-element elementor-element-32e03b6 elementor-invisible elementor-widget elementor-widget-heading\" data-id=\"32e03b6\" data-element_type=\"widget\" data-settings=\"{&quot;_animation&quot;:&quot;fadeInUp&quot;}\" data-widget_type=\"heading.default\">\n\t\t\t\t<div class=\"elementor-widget-container\">\n\t\t\t\t\t<h2 class=\"elementor-heading-title elementor-size-default\">Su Snabb viskas paprasta<\/h2>\t\t\t\t<\/div>\n\t\t\t\t<\/div>\n\t\t\t\t<\/div>\n\t\t<div class=\"elementor-element elementor-element-fd9efd5 e-con-full e-flex e-con e-child\" data-id=\"fd9efd5\" data-element_type=\"container\">\n\t\t<div class=\"elementor-element elementor-element-29f8adc e-con-full animated-fast e-flex elementor-invisible e-con e-child\" data-id=\"29f8adc\" data-element_type=\"container\" data-settings=\"{&quot;animation&quot;:&quot;fadeInUp&quot;}\">\n\t\t\t\t<div class=\"elementor-element elementor-element-1646658 elementor-widget elementor-widget-image\" data-id=\"1646658\" data-element_type=\"widget\" data-widget_type=\"image.default\">\n\t\t\t\t<div class=\"elementor-widget-container\">\n\t\t\t\t\t\t\t\t\t\t\t\t\t\t\t<img loading=\"lazy\" decoding=\"async\" loading=\"lazy\" width=\"280\" height=\"280\" src=\"https:\/\/snabb.xyz\/wp-content\/uploads\/2024\/10\/Snabb_numbers_1.png\" class=\"attachment-large size-large wp-image-1460\" alt=\"\" srcset=\"https:\/\/snabb.xyz\/wp-content\/uploads\/2024\/10\/Snabb_numbers_1.png 280w, https:\/\/snabb.xyz\/wp-content\/uploads\/2024\/10\/Snabb_numbers_1-150x150.png 150w\" sizes=\"auto, (max-width: 280px) 100vw, 280px\" \/>\t\t\t\t\t\t\t\t\t\t\t\t\t\t\t<\/div>\n\t\t\t\t<\/div>\n\t\t\t\t<div class=\"elementor-element elementor-element-74b8ec9 elementor-widget elementor-widget-heading\" data-id=\"74b8ec9\" data-element_type=\"widget\" data-widget_type=\"heading.default\">\n\t\t\t\t<div class=\"elementor-widget-container\">\n\t\t\t\t\t<h3 class=\"elementor-heading-title elementor-size-default\">Pasirinkite stov\u0117jimo aik\u0161tel\u0119<\/h3>\t\t\t\t<\/div>\n\t\t\t\t<\/div>\n\t\t\t\t<div class=\"elementor-element elementor-element-8069ddc elementor-widget elementor-widget-text-editor\" data-id=\"8069ddc\" data-element_type=\"widget\" data-widget_type=\"text-editor.default\">\n\t\t\t\t<div class=\"elementor-widget-container\">\n\t\t\t\t\t\t\t\t\t<p>Snabb pad\u0117s surasti artimiausi\u0105 ir kainos at\u017evilgiu patraukliausi\u0105 stov\u0117jimo aik\u0161tel\u0119.<\/p>\t\t\t\t\t\t\t\t<\/div>\n\t\t\t\t<\/div>\n\t\t\t\t<\/div>\n\t\t<div class=\"elementor-element elementor-element-8eb0a8f e-con-full animated-fast e-flex elementor-invisible e-con e-child\" data-id=\"8eb0a8f\" data-element_type=\"container\" data-settings=\"{&quot;animation&quot;:&quot;fadeInUp&quot;,&quot;animation_delay&quot;:200}\">\n\t\t\t\t<div class=\"elementor-element elementor-element-4ccd3e8 elementor-widget elementor-widget-image\" data-id=\"4ccd3e8\" data-element_type=\"widget\" data-widget_type=\"image.default\">\n\t\t\t\t<div class=\"elementor-widget-container\">\n\t\t\t\t\t\t\t\t\t\t\t\t\t\t\t<img loading=\"lazy\" decoding=\"async\" loading=\"lazy\" width=\"280\" height=\"280\" src=\"https:\/\/snabb.xyz\/wp-content\/uploads\/2024\/10\/Snabb_numbers_2.png\" class=\"attachment-large size-large wp-image-1465\" alt=\"\" srcset=\"https:\/\/snabb.xyz\/wp-content\/uploads\/2024\/10\/Snabb_numbers_2.png 280w, https:\/\/snabb.xyz\/wp-content\/uploads\/2024\/10\/Snabb_numbers_2-150x150.png 150w\" sizes=\"auto, (max-width: 280px) 100vw, 280px\" \/>\t\t\t\t\t\t\t\t\t\t\t\t\t\t\t<\/div>\n\t\t\t\t<\/div>\n\t\t\t\t<div class=\"elementor-element elementor-element-aa1e68d elementor-widget elementor-widget-heading\" data-id=\"aa1e68d\" data-element_type=\"widget\" data-widget_type=\"heading.default\">\n\t\t\t\t<div class=\"elementor-widget-container\">\n\t\t\t\t\t<h3 class=\"elementor-heading-title elementor-size-default\"><h3 style=\"margin: 0px;padding: var(--nwy-font-h3-spacing);font-size: 30px;line-height: 34px\">Parkavimas vienu paspaudimu<span style=\"color: var( --e-global-color-primary );font-size: calc(20.6667px + 0.694444vw);text-align: var(--text-align)\"><\/span><\/h3><\/h3>\t\t\t\t<\/div>\n\t\t\t\t<\/div>\n\t\t\t\t<div class=\"elementor-element elementor-element-a4eefe8 elementor-widget elementor-widget-text-editor\" data-id=\"a4eefe8\" data-element_type=\"widget\" data-widget_type=\"text-editor.default\">\n\t\t\t\t<div class=\"elementor-widget-container\">\n\t\t\t\t\t\t\t\t\t<p><span style=\"font-size: 18.9809px;\">U\u017etenka vos vieno spustel\u0117jimo norint pastatyti automobil\u012f naudojant Snabb program\u0117l\u0119. Tai taip paprasta.\u00a0<\/span><\/p>\t\t\t\t\t\t\t\t<\/div>\n\t\t\t\t<\/div>\n\t\t\t\t<\/div>\n\t\t<div class=\"elementor-element elementor-element-d2948bb e-con-full animated-fast e-flex elementor-invisible e-con e-child\" data-id=\"d2948bb\" data-element_type=\"container\" data-settings=\"{&quot;animation&quot;:&quot;fadeInUp&quot;,&quot;animation_delay&quot;:400}\">\n\t\t\t\t<div class=\"elementor-element elementor-element-e61a132 elementor-widget elementor-widget-image\" data-id=\"e61a132\" data-element_type=\"widget\" data-widget_type=\"image.default\">\n\t\t\t\t<div class=\"elementor-widget-container\">\n\t\t\t\t\t\t\t\t\t\t\t\t\t\t\t<img loading=\"lazy\" decoding=\"async\" loading=\"lazy\" width=\"280\" height=\"280\" src=\"https:\/\/snabb.xyz\/wp-content\/uploads\/2024\/10\/Snabb_numbers_3.png\" class=\"attachment-large size-large wp-image-1470\" alt=\"\" srcset=\"https:\/\/snabb.xyz\/wp-content\/uploads\/2024\/10\/Snabb_numbers_3.png 280w, https:\/\/snabb.xyz\/wp-content\/uploads\/2024\/10\/Snabb_numbers_3-150x150.png 150w\" sizes=\"auto, (max-width: 280px) 100vw, 280px\" \/>\t\t\t\t\t\t\t\t\t\t\t\t\t\t\t<\/div>\n\t\t\t\t<\/div>\n\t\t\t\t<div class=\"elementor-element elementor-element-78717e9 elementor-widget elementor-widget-heading\" data-id=\"78717e9\" data-element_type=\"widget\" data-widget_type=\"heading.default\">\n\t\t\t\t<div class=\"elementor-widget-container\">\n\t\t\t\t\t<h3 class=\"elementor-heading-title elementor-size-default\">Priminimai apie akytvi\u0105 sesij\u0105<\/h3>\t\t\t\t<\/div>\n\t\t\t\t<\/div>\n\t\t\t\t<div class=\"elementor-element elementor-element-dd87888 elementor-widget elementor-widget-text-editor\" data-id=\"dd87888\" data-element_type=\"widget\" data-widget_type=\"text-editor.default\">\n\t\t\t\t<div class=\"elementor-widget-container\">\n\t\t\t\t\t\t\t\t\t<p>Patys nuspr\u0119skite, kas kiek laiko norite gauti prane\u0161imus apie \u012fjungt\u0105 stov\u0117jimo sesij\u0105. Mes pasir\u016bpinsime, kad J\u016bs niekada nepamir\u0161tum\u0117te apie stovint\u012f automobil\u012f.<\/p>\t\t\t\t\t\t\t\t<\/div>\n\t\t\t\t<\/div>\n\t\t\t\t<\/div>\n\t\t\t\t<\/div>\n\t\t\t\t\t<\/div>\n\t\t\t\t<\/section>\n\t\t<section class=\"elementor-element elementor-element-f934149 e-flex e-con-boxed e-con e-parent\" data-id=\"f934149\" data-element_type=\"container\">\n\t\t\t\t\t<div class=\"e-con-inner\">\n\t\t<div class=\"elementor-element elementor-element-282b3b4 e-con-full e-flex e-con e-child\" data-id=\"282b3b4\" data-element_type=\"container\">\n\t\t<div class=\"elementor-element elementor-element-33c27bc e-con-full e-flex e-con e-child\" data-id=\"33c27bc\" data-element_type=\"container\">\n\t\t\t\t<div class=\"elementor-element elementor-element-e94ad3e animated-fast elementor-invisible elementor-widget elementor-widget-image\" data-id=\"e94ad3e\" data-element_type=\"widget\" data-settings=\"{&quot;_animation&quot;:&quot;fadeIn&quot;}\" data-widget_type=\"image.default\">\n\t\t\t\t<div class=\"elementor-widget-container\">\n\t\t\t\t\t\t\t\t\t\t\t\t\t\t\t<img loading=\"lazy\" decoding=\"async\" loading=\"lazy\" width=\"800\" height=\"500\" src=\"https:\/\/snabb.xyz\/wp-content\/uploads\/2024\/11\/Snabb_photos_13_large-1024x640.webp\" class=\"attachment-large size-large wp-image-1775\" alt=\"\" srcset=\"https:\/\/snabb.xyz\/wp-content\/uploads\/2024\/11\/Snabb_photos_13_large-1024x640.webp 1024w, https:\/\/snabb.xyz\/wp-content\/uploads\/2024\/11\/Snabb_photos_13_large-300x188.webp 300w, https:\/\/snabb.xyz\/wp-content\/uploads\/2024\/11\/Snabb_photos_13_large-768x480.webp 768w, https:\/\/snabb.xyz\/wp-content\/uploads\/2024\/11\/Snabb_photos_13_large.webp 1280w\" sizes=\"auto, (max-width: 800px) 100vw, 800px\" \/>\t\t\t\t\t\t\t\t\t\t\t\t\t\t\t<\/div>\n\t\t\t\t<\/div>\n\t\t\t\t<\/div>\n\t\t<div class=\"elementor-element elementor-element-953eaa9 e-con-full animated-fast e-flex elementor-invisible e-con e-child\" data-id=\"953eaa9\" data-element_type=\"container\" data-settings=\"{&quot;animation&quot;:&quot;fadeInUp&quot;,&quot;animation_delay&quot;:300}\">\n\t\t\t\t<div class=\"elementor-element elementor-element-65cc7a3 animated-fast elementor-invisible elementor-widget elementor-widget-heading\" data-id=\"65cc7a3\" data-element_type=\"widget\" data-settings=\"{&quot;_animation&quot;:&quot;fadeInUp&quot;}\" data-widget_type=\"heading.default\">\n\t\t\t\t<div class=\"elementor-widget-container\">\n\t\t\t\t\t<h3 class=\"elementor-heading-title elementor-size-default\">Kod\u0117l verta parkuoti su Snabb?<\/h3>\t\t\t\t<\/div>\n\t\t\t\t<\/div>\n\t\t\t\t<div class=\"elementor-element elementor-element-455ec16 list_kollaste_tappidega elementor-widget elementor-widget-text-editor\" data-id=\"455ec16\" data-element_type=\"widget\" data-widget_type=\"text-editor.default\">\n\t\t\t\t<div class=\"elementor-widget-container\">\n\t\t\t\t\t\t\t\t\t<p>Dalykai, kuri\u0173 daugiau nepatirsite naudojantis Snabb: Baudos u\u017e stov\u0117jim\u0105 ir bla\u0161kymasis gatv\u0117mis ie\u0161kant laisvos stov\u0117jimo vietos. Vietoj to galite m\u0117gautis:<\/p><ul><li>vietos rezervacija<\/li><li>\u012fvairiais mok\u0117jimo b\u016bdais tokiais kaip Google Play ar Apple Pay<\/li><li>1 s\u0105skaita per m\u0117nes\u012f (galima verslo paskyra)<\/li><li>navigacija iki aik\u0161tel\u0117s per Waze ar Google Maps<\/li><li>Itin \u017eemomis kainomis<\/li><li>Galimyb\u0119 amok\u0117ti automobilio plovim\u0105 daugelyje plovykl\u0173<\/li><\/ul>\t\t\t\t\t\t\t\t<\/div>\n\t\t\t\t<\/div>\n\t\t\t\t<\/div>\n\t\t\t\t<\/div>\n\t\t\t\t\t<\/div>\n\t\t\t\t<\/section>\n\t\t<section class=\"elementor-element elementor-element-cdb9296 e-flex e-con-boxed e-con e-parent\" data-id=\"cdb9296\" data-element_type=\"container\">\n\t\t\t\t\t<div class=\"e-con-inner\">\n\t\t<div class=\"elementor-element elementor-element-868d326 e-con-full e-flex e-con e-child\" data-id=\"868d326\" data-element_type=\"container\">\n\t\t<div class=\"elementor-element elementor-element-93169a9 e-con-full animated-fast e-flex elementor-invisible e-con e-child\" data-id=\"93169a9\" data-element_type=\"container\" data-settings=\"{&quot;animation&quot;:&quot;fadeInUp&quot;,&quot;animation_delay&quot;:300}\">\n\t\t\t\t<div class=\"elementor-element elementor-element-1e009c3 animated-fast elementor-invisible elementor-widget elementor-widget-heading\" data-id=\"1e009c3\" data-element_type=\"widget\" data-settings=\"{&quot;_animation&quot;:&quot;fadeInUp&quot;}\" data-widget_type=\"heading.default\">\n\t\t\t\t<div class=\"elementor-widget-container\">\n\t\t\t\t\t<h3 class=\"elementor-heading-title elementor-size-default\">\u012ekelkite savo aik\u0161tel\u0119 \u012f Snabb program\u0117l\u0119<\/h3>\t\t\t\t<\/div>\n\t\t\t\t<\/div>\n\t\t\t\t<div class=\"elementor-element elementor-element-9001ee3 elementor-widget elementor-widget-text-editor\" data-id=\"9001ee3\" data-element_type=\"widget\" data-widget_type=\"text-editor.default\">\n\t\t\t\t<div class=\"elementor-widget-container\">\n\t\t\t\t\t\t\t\t\t<p>Susisiekite su mumis ir mes mielai Jus pakonsultuosime ir pristatysime J\u016bs\u0173 poreikius atitinkant\u012f sprendim\u0105.<\/p>\t\t\t\t\t\t\t\t<\/div>\n\t\t\t\t<\/div>\n\t\t\t\t<div class=\"elementor-element elementor-element-698731d animated-fast ripple elementor-invisible elementor-widget elementor-widget-button\" data-id=\"698731d\" data-element_type=\"widget\" data-settings=\"{&quot;_animation&quot;:&quot;fadeInUp&quot;,&quot;_animation_delay&quot;:250}\" data-widget_type=\"button.default\">\n\t\t\t\t<div class=\"elementor-widget-container\">\n\t\t\t\t\t\t\t\t\t<div class=\"elementor-button-wrapper\">\n\t\t\t\t\t<a class=\"elementor-button elementor-button-link elementor-size-sm\" href=\"https:\/\/snabb.xyz\/lt\/kontaktai\/\">\n\t\t\t\t\t\t<span class=\"elementor-button-content-wrapper\">\n\t\t\t\t\t\t\t\t\t<span class=\"elementor-button-text\">Pasikalb\u0117kime<\/span>\n\t\t\t\t\t<\/span>\n\t\t\t\t\t<\/a>\n\t\t\t\t<\/div>\n\t\t\t\t\t\t\t\t<\/div>\n\t\t\t\t<\/div>\n\t\t\t\t<\/div>\n\t\t<div class=\"elementor-element elementor-element-4aa7440 e-con-full e-flex e-con e-child\" data-id=\"4aa7440\" data-element_type=\"container\">\n\t\t\t\t<div class=\"elementor-element elementor-element-912272b animated-fast elementor-invisible elementor-widget elementor-widget-image\" data-id=\"912272b\" data-element_type=\"widget\" data-settings=\"{&quot;_animation&quot;:&quot;fadeIn&quot;}\" data-widget_type=\"image.default\">\n\t\t\t\t<div class=\"elementor-widget-container\">\n\t\t\t\t\t\t\t\t\t\t\t\t\t\t\t<img loading=\"lazy\" decoding=\"async\" loading=\"lazy\" width=\"800\" height=\"500\" src=\"https:\/\/snabb.xyz\/wp-content\/uploads\/2024\/11\/Snabb_photos_16_large-1024x640.webp\" class=\"attachment-large size-large wp-image-1780\" alt=\"\" srcset=\"https:\/\/snabb.xyz\/wp-content\/uploads\/2024\/11\/Snabb_photos_16_large-1024x640.webp 1024w, https:\/\/snabb.xyz\/wp-content\/uploads\/2024\/11\/Snabb_photos_16_large-300x188.webp 300w, https:\/\/snabb.xyz\/wp-content\/uploads\/2024\/11\/Snabb_photos_16_large-768x480.webp 768w, https:\/\/snabb.xyz\/wp-content\/uploads\/2024\/11\/Snabb_photos_16_large.webp 1280w\" sizes=\"auto, (max-width: 800px) 100vw, 800px\" \/>\t\t\t\t\t\t\t\t\t\t\t\t\t\t\t<\/div>\n\t\t\t\t<\/div>\n\t\t\t\t<\/div>\n\t\t\t\t<\/div>\n\t\t\t\t\t<\/div>\n\t\t\t\t<\/section>\n\t\t\t\t<\/div>\n\t\t","protected":false},"excerpt":{"rendered":"<p>Va\u017eiuok be r\u016bpes\u010di\u0173 Viena program\u0117l\u0117 ir vienas mygtuko spustel\u0117jimas \u2013 tiek Jums tereikia, kad pasiektum\u0117te \u0161imtus stov\u0117jimo aik\u0161teli\u0173. Paprasta. Patogu. Greita. Kaip prad\u0117ti naudotis Snabb automobili\u0173 stov\u0117jimo aik\u0161tele? Pasirinkite automobili\u0173 stov\u0117jimo aik\u0161tel\u0119 Program\u0117l\u0117je rasite ar\u010diausiai j\u016bs\u0173 ar j\u016bs\u0173 adreso esan\u010dias bei pigiausias automobili\u0173 stov\u0117jimo vietas. Prad\u0117kite stov\u0117ti automobili\u0173 stov\u0117jimo aik\u0161tel\u0117je \u012esitikinkite, kad automobilio numeris yra [&hellip;]<\/p>\n","protected":false},"author":1,"featured_media":1570,"parent":2552,"menu_order":0,"comment_status":"closed","ping_status":"closed","template":"elementor_header_footer","meta":{"footnotes":""},"class_list":["post-2691","page","type-page","status-publish","has-post-thumbnail","hentry"],"_links":{"self":[{"href":"https:\/\/snabb.xyz\/lt\/wp-json\/wp\/v2\/pages\/2691","targetHints":{"allow":["GET"]}}],"collection":[{"href":"https:\/\/snabb.xyz\/lt\/wp-json\/wp\/v2\/pages"}],"about":[{"href":"https:\/\/snabb.xyz\/lt\/wp-json\/wp\/v2\/types\/page"}],"author":[{"embeddable":true,"href":"https:\/\/snabb.xyz\/lt\/wp-json\/wp\/v2\/users\/1"}],"replies":[{"embeddable":true,"href":"https:\/\/snabb.xyz\/lt\/wp-json\/wp\/v2\/comments?post=2691"}],"version-history":[{"count":38,"href":"https:\/\/snabb.xyz\/lt\/wp-json\/wp\/v2\/pages\/2691\/revisions"}],"predecessor-version":[{"id":3860,"href":"https:\/\/snabb.xyz\/lt\/wp-json\/wp\/v2\/pages\/2691\/revisions\/3860"}],"up":[{"embeddable":true,"href":"https:\/\/snabb.xyz\/lt\/wp-json\/wp\/v2\/pages\/2552"}],"wp:featuredmedia":[{"embeddable":true,"href":"https:\/\/snabb.xyz\/lt\/wp-json\/wp\/v2\/media\/1570"}],"wp:attachment":[{"href":"https:\/\/snabb.xyz\/lt\/wp-json\/wp\/v2\/media?parent=2691"}],"curies":[{"name":"wp","href":"https:\/\/api.w.org\/{rel}","templated":true}]}}