{"id":2650,"date":"2024-11-07T23:01:13","date_gmt":"2024-11-07T21:01:13","guid":{"rendered":"https:\/\/snabb.xyz\/automobiliu-vairuotojams\/ivadas-i-paslaugas\/dziazas-q-kaart\/"},"modified":"2024-12-10T19:44:14","modified_gmt":"2024-12-10T17:44:14","slug":"dziazas-q-kaart","status":"publish","type":"page","link":"https:\/\/snabb.xyz\/lt\/automobiliu-vairuotojams\/ivadas-i-paslaugas\/dziazas-q-kaart\/","title":{"rendered":"D\u017eiazas Q-Kaart"},"content":{"rendered":"\t\t<div data-elementor-type=\"wp-page\" data-elementor-id=\"2650\" class=\"elementor elementor-2650\" data-elementor-post-type=\"page\">\n\t\t\t\t<section class=\"elementor-element elementor-element-fe3d64e e-flex e-con-boxed e-con e-parent\" data-id=\"fe3d64e\" data-element_type=\"container\">\n\t\t\t\t\t<div class=\"e-con-inner\">\n\t\t<div class=\"elementor-element elementor-element-d803c60 e-con-full e-flex e-con e-child\" data-id=\"d803c60\" data-element_type=\"container\">\n\t\t\t\t<div class=\"elementor-element elementor-element-e8341a7 elementor-widget__width-initial animated-fast elementor-invisible elementor-widget elementor-widget-heading\" data-id=\"e8341a7\" data-element_type=\"widget\" data-settings=\"{&quot;_animation&quot;:&quot;fadeInUp&quot;}\" data-widget_type=\"heading.default\">\n\t\t\t\t<div class=\"elementor-widget-container\">\n\t\t\t\t\t<h1 class=\"elementor-heading-title elementor-size-default\">D\u017eiazas Q-Kaart<\/h1>\t\t\t\t<\/div>\n\t\t\t\t<\/div>\n\t\t\t\t<\/div>\n\t\t\t\t\t<\/div>\n\t\t\t\t<\/section>\n\t\t<div class=\"elementor-element elementor-element-216339b imageSwitcherWrapper e-flex e-con-boxed e-con e-parent\" data-id=\"216339b\" data-element_type=\"container\">\n\t\t\t\t\t<div class=\"e-con-inner\">\n\t\t<div class=\"elementor-element elementor-element-51a9dfa e-con-full animated-fast e-flex elementor-invisible e-con e-child\" data-id=\"51a9dfa\" data-element_type=\"container\" data-settings=\"{&quot;animation&quot;:&quot;fadeIn&quot;}\">\n\t\t\t\t<div class=\"elementor-element elementor-element-068818e imageSwitcherImage elementor-widget elementor-widget-image\" data-id=\"068818e\" data-element_type=\"widget\" data-widget_type=\"image.default\">\n\t\t\t\t<div class=\"elementor-widget-container\">\n\t\t\t\t\t\t\t\t\t\t\t\t\t\t\t<img loading=\"lazy\" decoding=\"async\" loading=\"lazy\" width=\"1088\" height=\"1154\" src=\"https:\/\/snabb.xyz\/wp-content\/uploads\/2024\/11\/jazz1.webp\" class=\"attachment-full size-full wp-image-2110\" alt=\"\" srcset=\"https:\/\/snabb.xyz\/wp-content\/uploads\/2024\/11\/jazz1.webp 1088w, https:\/\/snabb.xyz\/wp-content\/uploads\/2024\/11\/jazz1-283x300.webp 283w, https:\/\/snabb.xyz\/wp-content\/uploads\/2024\/11\/jazz1-965x1024.webp 965w, https:\/\/snabb.xyz\/wp-content\/uploads\/2024\/11\/jazz1-768x815.webp 768w\" sizes=\"auto, (max-width: 1088px) 100vw, 1088px\" \/>\t\t\t\t\t\t\t\t\t\t\t\t\t\t\t<\/div>\n\t\t\t\t<\/div>\n\t\t\t\t<div class=\"elementor-element elementor-element-0fe6cab imageSwitcherImage elementor-widget elementor-widget-image\" data-id=\"0fe6cab\" data-element_type=\"widget\" data-widget_type=\"image.default\">\n\t\t\t\t<div class=\"elementor-widget-container\">\n\t\t\t\t\t\t\t\t\t\t\t\t\t\t\t<img loading=\"lazy\" decoding=\"async\" loading=\"lazy\" width=\"1088\" height=\"1154\" src=\"https:\/\/snabb.xyz\/wp-content\/uploads\/2024\/11\/jazz2.webp\" class=\"attachment-full size-full wp-image-2115\" alt=\"\" srcset=\"https:\/\/snabb.xyz\/wp-content\/uploads\/2024\/11\/jazz2.webp 1088w, https:\/\/snabb.xyz\/wp-content\/uploads\/2024\/11\/jazz2-283x300.webp 283w, https:\/\/snabb.xyz\/wp-content\/uploads\/2024\/11\/jazz2-965x1024.webp 965w, https:\/\/snabb.xyz\/wp-content\/uploads\/2024\/11\/jazz2-768x815.webp 768w\" sizes=\"auto, (max-width: 1088px) 100vw, 1088px\" \/>\t\t\t\t\t\t\t\t\t\t\t\t\t\t\t<\/div>\n\t\t\t\t<\/div>\n\t\t\t\t<div class=\"elementor-element elementor-element-977cd53 imageSwitcherImage elementor-widget elementor-widget-image\" data-id=\"977cd53\" data-element_type=\"widget\" data-widget_type=\"image.default\">\n\t\t\t\t<div class=\"elementor-widget-container\">\n\t\t\t\t\t\t\t\t\t\t\t\t\t\t\t<img loading=\"lazy\" decoding=\"async\" loading=\"lazy\" width=\"1088\" height=\"1154\" src=\"https:\/\/snabb.xyz\/wp-content\/uploads\/2024\/11\/jazz3.webp\" class=\"attachment-full size-full wp-image-2120\" alt=\"\" srcset=\"https:\/\/snabb.xyz\/wp-content\/uploads\/2024\/11\/jazz3.webp 1088w, https:\/\/snabb.xyz\/wp-content\/uploads\/2024\/11\/jazz3-283x300.webp 283w, https:\/\/snabb.xyz\/wp-content\/uploads\/2024\/11\/jazz3-965x1024.webp 965w, https:\/\/snabb.xyz\/wp-content\/uploads\/2024\/11\/jazz3-768x815.webp 768w\" sizes=\"auto, (max-width: 1088px) 100vw, 1088px\" \/>\t\t\t\t\t\t\t\t\t\t\t\t\t\t\t<\/div>\n\t\t\t\t<\/div>\n\t\t\t\t<\/div>\n\t\t<div class=\"elementor-element elementor-element-4c2a95a e-con-full e-flex e-con e-child\" data-id=\"4c2a95a\" data-element_type=\"container\">\n\t\t\t\t<div class=\"elementor-element elementor-element-406089e animated-fast elementor-invisible elementor-widget elementor-widget-heading\" data-id=\"406089e\" data-element_type=\"widget\" data-settings=\"{&quot;_animation&quot;:&quot;fadeInUp&quot;}\" data-widget_type=\"heading.default\">\n\t\t\t\t<div class=\"elementor-widget-container\">\n\t\t\t\t\t<h3 class=\"elementor-heading-title elementor-size-default\">Kaip \u012fsigyti \"Q-Kart\" i\u0161 \"Snabb\" program\u0117l\u0117s?  <\/h3>\t\t\t\t<\/div>\n\t\t\t\t<\/div>\n\t\t<div class=\"elementor-element elementor-element-40043b9 e-con-full e-flex e-con e-child\" data-id=\"40043b9\" data-element_type=\"container\">\n\t\t<div class=\"elementor-element elementor-element-51088f7 e-con-full image_switcher_tab e-flex e-con e-child\" data-id=\"51088f7\" data-element_type=\"container\">\n\t\t\t\t<div class=\"elementor-element elementor-element-c667ebb elementor-widget elementor-widget-heading\" data-id=\"c667ebb\" data-element_type=\"widget\" data-widget_type=\"heading.default\">\n\t\t\t\t<div class=\"elementor-widget-container\">\n\t\t\t\t\t<h4 class=\"elementor-heading-title elementor-size-default\">Program\u0117l\u0117je raskite tinkam\u0105 \"Jazz\" skalbykl\u0105  <\/h4>\t\t\t\t<\/div>\n\t\t\t\t<\/div>\n\t\t\t\t<div class=\"elementor-element elementor-element-b2ca048 elementor-widget elementor-widget-text-editor\" data-id=\"b2ca048\" data-element_type=\"widget\" data-widget_type=\"text-editor.default\">\n\t\t\t\t<div class=\"elementor-widget-container\">\n\t\t\t\t\t\t\t\t\t<p>\u012ejunkite skalbini\u0173 filtr\u0105 ir pasirinkite jums tinkam\u0105 &#8222;Jazz Q-Quart Laundry Street&#8221; skalbykl\u0119. (Kadaka Jazz, Sankt Peterburgas Jazz arba Ring Road Jazz). <\/p>\n\t\t\t\t\t\t\t\t<\/div>\n\t\t\t\t<\/div>\n\t\t\t\t<\/div>\n\t\t<div class=\"elementor-element elementor-element-99a3fb0 e-con-full image_switcher_tab e-flex e-con e-child\" data-id=\"99a3fb0\" data-element_type=\"container\">\n\t\t\t\t<div class=\"elementor-element elementor-element-b60633d elementor-widget elementor-widget-heading\" data-id=\"b60633d\" data-element_type=\"widget\" data-widget_type=\"heading.default\">\n\t\t\t\t<div class=\"elementor-widget-container\">\n\t\t\t\t\t<h4 class=\"elementor-heading-title elementor-size-default\">Parengti u\u017esakym\u0105<\/h4>\t\t\t\t<\/div>\n\t\t\t\t<\/div>\n\t\t\t\t<div class=\"elementor-element elementor-element-1b3c1e6 elementor-widget elementor-widget-text-editor\" data-id=\"1b3c1e6\" data-element_type=\"widget\" data-widget_type=\"text-editor.default\">\n\t\t\t\t<div class=\"elementor-widget-container\">\n\t\t\t\t\t\t\t\t\t<p>\u012eveskite automobilio numer\u012f ir patvirtinkite u\u017esakym\u0105. Nuo tada mok\u0117jimas bus atliekamas kas 30 dien\u0173, kol program\u0117l\u0117je neat\u0161auksite u\u017esakymo. <\/p>\n\t\t\t\t\t\t\t\t<\/div>\n\t\t\t\t<\/div>\n\t\t\t\t<\/div>\n\t\t<div class=\"elementor-element elementor-element-15733f1 e-con-full image_switcher_tab e-flex e-con e-child\" data-id=\"15733f1\" data-element_type=\"container\">\n\t\t\t\t<div class=\"elementor-element elementor-element-b436251 elementor-widget elementor-widget-heading\" data-id=\"b436251\" data-element_type=\"widget\" data-widget_type=\"heading.default\">\n\t\t\t\t<div class=\"elementor-widget-container\">\n\t\t\t\t\t<h4 class=\"elementor-heading-title elementor-size-default\">M\u0117gaukit\u0117s patogiomis skalbimo paslaugomis  <\/h4>\t\t\t\t<\/div>\n\t\t\t\t<\/div>\n\t\t\t\t<div class=\"elementor-element elementor-element-dcbc5cf elementor-widget elementor-widget-text-editor\" data-id=\"dcbc5cf\" data-element_type=\"widget\" data-widget_type=\"text-editor.default\">\n\t\t\t\t<div class=\"elementor-widget-container\">\n\t\t\t\t\t\t\t\t\t<p>Priva\u017eiuokite prie skalbyklos dur\u0173, kamera nustato j\u016bs\u0173 automobilio numer\u012f ir skalbimas prasideda. Automobilio plovykla galite naudotis kas 3 dienas. <\/p>\n\t\t\t\t\t\t\t\t<\/div>\n\t\t\t\t<\/div>\n\t\t\t\t<\/div>\n\t\t\t\t<\/div>\n\t\t\t\t<\/div>\n\t\t\t\t\t<\/div>\n\t\t\t\t<\/div>\n\t\t<section class=\"elementor-element elementor-element-cdb9296 e-flex e-con-boxed e-con e-parent\" data-id=\"cdb9296\" data-element_type=\"container\">\n\t\t\t\t\t<div class=\"e-con-inner\">\n\t\t<div class=\"elementor-element elementor-element-868d326 e-con-full e-flex e-con e-child\" data-id=\"868d326\" data-element_type=\"container\">\n\t\t<div class=\"elementor-element elementor-element-93169a9 e-con-full animated-fast e-flex elementor-invisible e-con e-child\" data-id=\"93169a9\" data-element_type=\"container\" data-settings=\"{&quot;animation&quot;:&quot;fadeInUp&quot;,&quot;animation_delay&quot;:300}\">\n\t\t\t\t<div class=\"elementor-element elementor-element-1e009c3 animated-fast elementor-invisible elementor-widget elementor-widget-heading\" data-id=\"1e009c3\" data-element_type=\"widget\" data-settings=\"{&quot;_animation&quot;:&quot;fadeInUp&quot;}\" data-widget_type=\"heading.default\">\n\t\t\t\t<div class=\"elementor-widget-container\">\n\t\t\t\t\t<h2 class=\"elementor-heading-title elementor-size-default\">Bendrosios \"Q-Card\" s\u0105lygos  <\/h2>\t\t\t\t<\/div>\n\t\t\t\t<\/div>\n\t\t\t\t<div class=\"elementor-element elementor-element-9001ee3 elementor-widget elementor-widget-text-editor\" data-id=\"9001ee3\" data-element_type=\"widget\" data-widget_type=\"text-editor.default\">\n\t\t\t\t<div class=\"elementor-widget-container\">\n\t\t\t\t\t\t\t\t\t<p>Naudokit\u0117s &#8222;Jazz Q-Card&#8221; skalbimo paslaugomis <b>&#8222;Jazz Laundry Streets<\/b><\/p>\n<p>K<b>adaka Jazz Pesut\u00e4nav<\/b>, Kadaka tee 60, Talinas<b>Peterburi tee Jazz Pesut\u00e4nav<\/b>, Peterburi tee 77, Talinas<b>Ringtee Jazz Pesut\u00e4nav<\/b>, Ringtee 28a, Tartu<\/p>\n<p>&#8222;Jazz Q-Card&#8221; plovimo paslaug\u0105 sudaro: mirkymas, i\u0161ankstinis plovimas pagal poreik\u012f*, automatinis plovimas auk\u0161tu sl\u0117giu su dvigubais \u0161epe\u010diais, &#8222;SoftLine&#8221; plovimas su mink\u0161tais juostiniais \u0161epe\u010diais, d\u017eiovinimo va\u0161kas, d\u017eiovinimas, &#8222;AQUA Dry&#8221;. *Prie\u0161 plovim\u0105 poreik\u012f \u012fvertins &#8222;Jazz&#8221; skalbyklos darbuotojas. <\/p>\n<p><strong>Numatomas<\/strong> &#8222;Jazz Q-Card&#8221; kortel\u0117s naudojimo <strong>laikotarpis &#8211; 1 kalendorinis m\u0117nuo<\/strong> nuo paslaugos apmok\u0117jimo dienos.<\/p>\n<p>Naudojantis &#8222;Jazz Q-Kaart&#8221; paslauga ir jos registracija grind\u017eiama automobilio registracijos numeriu, kur\u012f nustato &#8222;Jazz Q-Kaart&#8221; plovyklos numerio atpa\u017einimo sistema.<\/p>\n<p>Su &#8222;Jazz Q-Card&#8221; kortele skalbimo paslaugomis galite naudotis <strong>kas tre\u010di\u0105 dien\u0105.<\/strong><\/p>\n<p>&gt; &gt; &gt; Galite atsisakyti prenumeratos tiesiai i\u0161 program\u0117l\u0117s (meniu Bilietai ir premijos Jazz Q-Card atsisakyti prenumeratos). Atsisakius prenumeratos, &#8222;Q-Card&#8221; kortel\u0117 galioja iki mokamo laikotarpio pabaigos.  <\/p>\n\t\t\t\t\t\t\t\t<\/div>\n\t\t\t\t<\/div>\n\t\t\t\t<\/div>\n\t\t\t\t<\/div>\n\t\t\t\t\t<\/div>\n\t\t\t\t<\/section>\n\t\t\t\t<\/div>\n\t\t","protected":false},"excerpt":{"rendered":"<p>D\u017eiazas Q-Kaart Kaip \u012fsigyti &#8222;Q-Kart&#8221; i\u0161 &#8222;Snabb&#8221; program\u0117l\u0117s? Program\u0117l\u0117je raskite tinkam\u0105 &#8222;Jazz&#8221; skalbykl\u0105 \u012ejunkite skalbini\u0173 filtr\u0105 ir pasirinkite jums tinkam\u0105 &#8222;Jazz Q-Quart Laundry Street&#8221; skalbykl\u0119. (Kadaka Jazz, Sankt Peterburgas Jazz arba Ring Road Jazz). Parengti u\u017esakym\u0105 \u012eveskite automobilio numer\u012f ir patvirtinkite u\u017esakym\u0105. Nuo tada mok\u0117jimas bus atliekamas kas 30 dien\u0173, kol program\u0117l\u0117je neat\u0161auksite u\u017esakymo. M\u0117gaukit\u0117s [&hellip;]<\/p>\n","protected":false},"author":1,"featured_media":1570,"parent":2552,"menu_order":0,"comment_status":"closed","ping_status":"closed","template":"elementor_header_footer","meta":{"footnotes":""},"class_list":["post-2650","page","type-page","status-publish","has-post-thumbnail","hentry"],"_links":{"self":[{"href":"https:\/\/snabb.xyz\/lt\/wp-json\/wp\/v2\/pages\/2650","targetHints":{"allow":["GET"]}}],"collection":[{"href":"https:\/\/snabb.xyz\/lt\/wp-json\/wp\/v2\/pages"}],"about":[{"href":"https:\/\/snabb.xyz\/lt\/wp-json\/wp\/v2\/types\/page"}],"author":[{"embeddable":true,"href":"https:\/\/snabb.xyz\/lt\/wp-json\/wp\/v2\/users\/1"}],"replies":[{"embeddable":true,"href":"https:\/\/snabb.xyz\/lt\/wp-json\/wp\/v2\/comments?post=2650"}],"version-history":[{"count":1,"href":"https:\/\/snabb.xyz\/lt\/wp-json\/wp\/v2\/pages\/2650\/revisions"}],"predecessor-version":[{"id":2652,"href":"https:\/\/snabb.xyz\/lt\/wp-json\/wp\/v2\/pages\/2650\/revisions\/2652"}],"up":[{"embeddable":true,"href":"https:\/\/snabb.xyz\/lt\/wp-json\/wp\/v2\/pages\/2552"}],"wp:featuredmedia":[{"embeddable":true,"href":"https:\/\/snabb.xyz\/lt\/wp-json\/wp\/v2\/media\/1570"}],"wp:attachment":[{"href":"https:\/\/snabb.xyz\/lt\/wp-json\/wp\/v2\/media?parent=2650"}],"curies":[{"name":"wp","href":"https:\/\/api.w.org\/{rel}","templated":true}]}}