{"id":2597,"date":"2024-11-04T23:19:32","date_gmt":"2024-11-04T21:19:32","guid":{"rendered":"https:\/\/snabb.xyz\/terminai-ir-salygos\/automobiliu-stovejimo-salygos\/"},"modified":"2024-12-10T19:44:01","modified_gmt":"2024-12-10T17:44:01","slug":"automobiliu-stovejimo-salygos","status":"publish","type":"page","link":"https:\/\/snabb.xyz\/lt\/terminai-ir-salygos\/automobiliu-stovejimo-salygos\/","title":{"rendered":"Automobili\u0173 stov\u0117jimo s\u0105lygos"},"content":{"rendered":"\t\t<div data-elementor-type=\"wp-page\" data-elementor-id=\"2597\" class=\"elementor elementor-2597 elementor-987\" data-elementor-post-type=\"page\">\n\t\t\t\t<section class=\"elementor-element elementor-element-43889d4 e-flex e-con-boxed e-con e-parent\" data-id=\"43889d4\" data-element_type=\"container\">\n\t\t\t\t\t<div class=\"e-con-inner\">\n\t\t<div class=\"elementor-element elementor-element-2d5db8f e-flex e-con-boxed e-con e-child\" data-id=\"2d5db8f\" data-element_type=\"container\">\n\t\t\t\t\t<div class=\"e-con-inner\">\n\t\t<div class=\"elementor-element elementor-element-ae062c1 e-con-full e-flex e-con e-child\" data-id=\"ae062c1\" data-element_type=\"container\">\n\t\t\t\t<div class=\"elementor-element elementor-element-ec1b590 animated-fast elementor-invisible elementor-widget elementor-widget-heading\" data-id=\"ec1b590\" data-element_type=\"widget\" data-settings=\"{&quot;_animation&quot;:&quot;fadeInUp&quot;}\" data-widget_type=\"heading.default\">\n\t\t\t\t<div class=\"elementor-widget-container\">\n\t\t\t\t\t<h1 class=\"elementor-heading-title elementor-size-default\">Automobili\u0173 stov\u0117jimo s\u0105lygos\n<\/h1>\t\t\t\t<\/div>\n\t\t\t\t<\/div>\n\t\t<div class=\"elementor-element elementor-element-5d5b62b e-con-full e-flex e-con e-child\" data-id=\"5d5b62b\" data-element_type=\"container\">\n\t\t\t\t<div class=\"elementor-element elementor-element-741c1a9 tingimused_textbox animated-fast elementor-invisible elementor-widget elementor-widget-text-editor\" data-id=\"741c1a9\" data-element_type=\"widget\" data-settings=\"{&quot;_animation&quot;:&quot;fadeInUp&quot;,&quot;_animation_delay&quot;:200}\" data-widget_type=\"text-editor.default\">\n\t\t\t\t<div class=\"elementor-widget-container\">\n\t\t\t\t\t\t\t\t\t<p>Paskutinis atnaujinimas: 01.04.2022<\/p>\n<p>&#8222;Snabb&#8221; platformos naudotojas, sudar\u0119s naudotojo sutart\u012f d\u0117l naudojimosi automobili\u0173 stov\u0117jimo aik\u0161tel\u0117s operatoriaus teikiamomis automobili\u0173 stov\u0117jimo paslaugomis, \u012fsipareigoja naudotis automobili\u0173 stov\u0117jimo aik\u0161tele laikydamasis toliau nurodyt\u0173 s\u0105lyg\u0173.<\/p>\n<p><b>Automobili\u0173 stov\u0117jimo aik\u0161tel\u0117s prad\u017eia.  <\/b>Parkavimo laikas pradedamas skai\u010diuoti nuo tos akimirkos, kai Naudotojas mobili\u0105ja program\u0117le prane\u0161a apie parkavimo prad\u017ei\u0105.<\/p>\n<p><b>Stov\u0117jimo laiko pabaiga.  <\/b>Naudotojo teis\u0117 naudotis stov\u0117jimo vieta baigiasi pasibaigus stov\u0117jimo laikotarpiui. Parkavimo laikotarpis t\u0119siasi iki to momento, kai Naudotojas mobili\u0105ja program\u0117le prane\u0161a apie parkavimo nutraukim\u0105 ir i\u0161va\u017eiuoja i\u0161 parkavimo vietos, priklausomai nuo to, kas \u012fvyksta v\u0117liau. Jei Naudotojas neprane\u0161a apie Stov\u0117jimo laikotarpio pabaig\u0105, laikoma, kad Stov\u0117jimo laikotarpis t\u0119siasi iki Stov\u0117jimo laikotarpio pabaigos. Snabb O\u00dc neprivalo suma\u017einti stov\u0117jimo mokes\u010dio ar kompensuoti bet koki\u0173 i\u0161laid\u0173 ar \u017ealos, atsiradusios d\u0117l to, kad Naudotojas, i\u0161va\u017eiuodamas i\u0161 stov\u0117jimo vietos, mobili\u0105ja program\u0117le neprane\u0161\u0117 apie stov\u0117jimo laikotarpio pabaig\u0105;   <\/p>\n<p><b><\/b><b>Atidarant barjer\u0105.  <\/b>Jei \u012fva\u017eiavimas \u012f stov\u0117jimo viet\u0105 arba i\u0161va\u017eiavimas i\u0161 jos ribojamas u\u017etvaru, pradedant ir baigiant stov\u0117ti u\u017etvaras bus pasiekiamas per mobili\u0105j\u0105 program\u0117l\u0119. Snabb O\u00dc turi teis\u0119 sukonfig\u016bruoti modem\u0105 taip, kad u\u017etvaras neb\u016bt\u0173 atidarytas tol, kol i\u0161 atsiskaitymo paslaug\u0173 teik\u0117jo nebus gautas patvirtinimas, kad sumok\u0117tas Parkavimo mokestis, Rezervacijos mokestis, kiti mokes\u010diai pagal Parkavimo sutart\u012f ir baudos mokestis. <\/p>\n<p><b><\/b><b>Transporto priemon\u0117s statymas.  <\/b><\/p>\n<ol>Naudotojas privalo:<\/p>\n<li style=\"list-style-type: none;\">\n<ol>\n<li>naudoti stov\u0117jimo viet\u0105 tik registruotam \u012fprast\u0173 matmen\u0173 lengvajam automobiliui, judan\u010diam savo j\u0117gomis, be priekabos ar motociklo, statyti;<\/li>\n<li>stov\u0117dami automobili\u0173 stov\u0117jimo aik\u0161tel\u0117je elkit\u0117s protingai, kad kuo ma\u017eiau trukdytum\u0117te kitiems asmenims;<\/li>\n<li>naudoti Stov\u0117jimo viet\u0105 tik transporto priemonei, kurios registracijos numer\u012f Vartotojas nurod\u0117 mobiliojoje program\u0117l\u0117je, statyti;<\/li>\n<li>Jei Stov\u0117jimo vieta yra u\u017eimta arba naudojimasis Stov\u0117jimo vieta yra kitaip fizi\u0161kai apsunkintas taip, kad Naudotojas negali pastatyti savo transporto priemon\u0117s Stov\u0117jimo vietoje:<\/li>\n<\/ol>\n<\/li>\n<li style=\"list-style-type: none;\">\n<ol>\n<li style=\"list-style-type: none;\">\n<ol>\n<li>Naudotojas \u012fsipareigoja mobiliojoje program\u0117l\u0117je nurodytais kontaktiniais duomenimis prane\u0161ti apie tai &#8222;Snabb O\u00dc&#8221;, kuri persi\u0173s prane\u0161im\u0105 stov\u0117jimo vietos savininkui;<\/li>\n<li>jei kli\u016btis nepa\u0161alinama (stov\u0117jimo vieta neatlaisvinama) per 15 minu\u010di\u0173, Vartotojas turi teis\u0119 atsisakyti stov\u0117jimo sutarties naudodamasis mobili\u0105ja program\u0117le; tokiu atveju Vartotojas neprivalo mok\u0117ti stov\u0117jimo ar rezervacijos mokes\u010dio.<\/li>\n<li>laikytis Parkavimo sutarties s\u0105lyg\u0173, Bendr\u0173j\u0173 s\u0105lyg\u0173 ir teisini\u0173 reikalavim\u0173, taip pat Parkavimo vietai taikom\u0173 vidaus taisykli\u0173 ir reglament\u0173 bei turto ar pastato savininko ad hoc nurodym\u0173.<\/li>\n<\/ol>\n<\/li>\n<\/ol>\n<\/li>\n<\/ol>\n<p><b>Automobili\u0173 stov\u0117jimo vietos atlaisvinimas<\/b>. Pasibaigus 2 punkte nurodytam stov\u0117jimo laikotarpiui, naudotojas privalo sumok\u0117ti Bendrosiose s\u0105lygose nustatytus mokes\u010dius ir atlaisvinti stov\u0117jimo viet\u0105. Jei Naudotojas neatlaisvina stov\u0117jimo vietos pasibaigus stov\u0117jimo laikotarpiui (t. y. jei Naudotojas sumok\u0117jo stov\u0117jimo mokest\u012f ir (arba) mobili\u0105ja program\u0117le atidar\u0117 u\u017etvar\u0105, ta\u010diau fakti\u0161kai toliau naudojasi stov\u0117jimo vieta), &#8222;Snabb O\u00dc&#8221; turi teis\u0119 koreguoti Naudotojo mok\u0117tin\u0105 stov\u0117jimo mokest\u012f pagal 6 punkt\u0105. Laikoma, kad Naudotojas \u012fvykd\u0117 savo \u012fsipareigojimus pagal Parkavimo sutart\u012f, jei jis sumok\u0117jo Bendrosiose s\u0105lygose nustatytus mokes\u010dius per mobili\u0105j\u0105 program\u0117l\u0119 ir paliko Parkavimo viet\u0105 su savo transporto priemone.   <\/p>\n<p><b>Mokes\u010di\u0173 u\u017e automobili\u0173 stov\u0117jim\u0105 koregavimas<\/b>. &#8222;Snabb O\u00dc&#8221; turi teis\u0119 i\u0161 Kliento imti stov\u0117jimo mokest\u012f u\u017e bet kur\u012f laikotarp\u012f, kuris patenka tarp keli\u0173 trumpalaiki\u0173 stov\u0117jimo sesij\u0173 t\u0105 pa\u010di\u0105 kalendorin\u0119 dien\u0105 toje pa\u010dioje Automobili\u0173 stov\u0117jimo aik\u0161tel\u0117je; tokiu atveju laikoma, kad Vartotojas naudojosi stov\u0117jimo vieta vis\u0105 laikotarp\u012f nuo pirmosios stov\u0117jimo sesijos min\u0117t\u0105 kalendorin\u0119 dien\u0105 prad\u017eios iki paskutin\u0117s stov\u0117jimo sesijos t\u0105 pa\u010di\u0105 kalendorin\u0119 dien\u0105 pabaigos. Jei tarp Trumpalaikio stov\u0117jimo laikotarpi\u0173 praeina daugiau nei viena kalendorin\u0117 diena, &#8222;Snabb O\u00dc&#8221; turi teis\u0119 imti Parkavimo mokest\u012f u\u017e bet kur\u012f laikotarp\u012f nuo Parkavimo laikotarpio prad\u017eios iki paskutinio Trumpalaikio stov\u0117jimo laikotarpio pabaigos.  <\/p>\n\t\t\t\t\t\t\t\t<\/div>\n\t\t\t\t<\/div>\n\t\t\t\t<\/div>\n\t\t\t\t<\/div>\n\t\t\t\t\t<\/div>\n\t\t\t\t<\/div>\n\t\t\t\t\t<\/div>\n\t\t\t\t<\/section>\n\t\t\t\t<\/div>\n\t\t","protected":false},"excerpt":{"rendered":"<p>Automobili\u0173 stov\u0117jimo s\u0105lygos Paskutinis atnaujinimas: 01.04.2022 &#8222;Snabb&#8221; platformos naudotojas, sudar\u0119s naudotojo sutart\u012f d\u0117l naudojimosi automobili\u0173 stov\u0117jimo aik\u0161tel\u0117s operatoriaus teikiamomis automobili\u0173 stov\u0117jimo paslaugomis, \u012fsipareigoja naudotis automobili\u0173 stov\u0117jimo aik\u0161tele laikydamasis toliau nurodyt\u0173 s\u0105lyg\u0173. Automobili\u0173 stov\u0117jimo aik\u0161tel\u0117s prad\u017eia. Parkavimo laikas pradedamas skai\u010diuoti nuo tos akimirkos, kai Naudotojas mobili\u0105ja program\u0117le prane\u0161a apie parkavimo prad\u017ei\u0105. Stov\u0117jimo laiko pabaiga. Naudotojo teis\u0117 [&hellip;]<\/p>\n","protected":false},"author":1,"featured_media":1570,"parent":2585,"menu_order":0,"comment_status":"closed","ping_status":"closed","template":"elementor_header_footer","meta":{"footnotes":""},"class_list":["post-2597","page","type-page","status-publish","has-post-thumbnail","hentry"],"_links":{"self":[{"href":"https:\/\/snabb.xyz\/lt\/wp-json\/wp\/v2\/pages\/2597","targetHints":{"allow":["GET"]}}],"collection":[{"href":"https:\/\/snabb.xyz\/lt\/wp-json\/wp\/v2\/pages"}],"about":[{"href":"https:\/\/snabb.xyz\/lt\/wp-json\/wp\/v2\/types\/page"}],"author":[{"embeddable":true,"href":"https:\/\/snabb.xyz\/lt\/wp-json\/wp\/v2\/users\/1"}],"replies":[{"embeddable":true,"href":"https:\/\/snabb.xyz\/lt\/wp-json\/wp\/v2\/comments?post=2597"}],"version-history":[{"count":1,"href":"https:\/\/snabb.xyz\/lt\/wp-json\/wp\/v2\/pages\/2597\/revisions"}],"predecessor-version":[{"id":2600,"href":"https:\/\/snabb.xyz\/lt\/wp-json\/wp\/v2\/pages\/2597\/revisions\/2600"}],"up":[{"embeddable":true,"href":"https:\/\/snabb.xyz\/lt\/wp-json\/wp\/v2\/pages\/2585"}],"wp:featuredmedia":[{"embeddable":true,"href":"https:\/\/snabb.xyz\/lt\/wp-json\/wp\/v2\/media\/1570"}],"wp:attachment":[{"href":"https:\/\/snabb.xyz\/lt\/wp-json\/wp\/v2\/media?parent=2597"}],"curies":[{"name":"wp","href":"https:\/\/api.w.org\/{rel}","templated":true}]}}