{"id":2562,"date":"2024-11-04T21:07:44","date_gmt":"2024-11-04T19:07:44","guid":{"rendered":"https:\/\/snabb.xyz\/automobiliu-vairuotojams\/ivadas-i-paslaugas\/skalbimas\/"},"modified":"2025-01-15T14:09:55","modified_gmt":"2025-01-15T12:09:55","slug":"plovimas","status":"publish","type":"page","link":"https:\/\/snabb.xyz\/lt\/automobiliu-vairuotojams\/ivadas-i-paslaugas\/plovimas\/","title":{"rendered":"Plovimas"},"content":{"rendered":"\t\t<div data-elementor-type=\"wp-page\" data-elementor-id=\"2562\" class=\"elementor elementor-2562 elementor-904\" data-elementor-post-type=\"page\">\n\t\t\t\t<section class=\"elementor-element elementor-element-fe3d64e e-flex e-con-boxed e-con e-parent\" data-id=\"fe3d64e\" data-element_type=\"container\">\n\t\t\t\t\t<div class=\"e-con-inner\">\n\t\t<div class=\"elementor-element elementor-element-d803c60 e-con-full e-flex e-con e-child\" data-id=\"d803c60\" data-element_type=\"container\">\n\t\t\t\t<div class=\"elementor-element elementor-element-e8341a7 elementor-widget__width-initial animated-fast elementor-invisible elementor-widget elementor-widget-heading\" data-id=\"e8341a7\" data-element_type=\"widget\" data-settings=\"{&quot;_animation&quot;:&quot;fadeInUp&quot;}\" data-widget_type=\"heading.default\">\n\t\t\t\t<div class=\"elementor-widget-container\">\n\t\t\t\t\t<h1 class=\"elementor-heading-title elementor-size-default\">Automobil\u012f plaukite patogiai naudodami Snabb program\u0117l\u0119<\/h1>\t\t\t\t<\/div>\n\t\t\t\t<\/div>\n\t\t\t\t<\/div>\n\t\t\t\t\t<\/div>\n\t\t\t\t<\/section>\n\t\t<section class=\"elementor-element elementor-element-2fa4e2d map_container e-flex e-con-boxed e-con e-parent\" data-id=\"2fa4e2d\" data-element_type=\"container\">\n\t\t\t\t\t<div class=\"e-con-inner\">\n\t\t\t\t<div class=\"elementor-element elementor-element-86f35f5 elementor-invisible elementor-widget elementor-widget-html\" data-id=\"86f35f5\" data-element_type=\"widget\" data-settings=\"{&quot;_animation&quot;:&quot;fadeIn&quot;}\" data-widget_type=\"html.default\">\n\t\t\t\t<div class=\"elementor-widget-container\">\n\t\t\t\t\t<iframe src=\"https:\/\/admin.barking.ee\/static\/map-snabb-style.html?type=CAR_WASH&amp;rentView=SELECTABLE,RANGE&amp;oneType=true&amp;region=est&amp;language=en\" frameborder=\"0\" allow=\"accelerometer; autoplay; clipboard-write; encrypted-media; gyroscope; picture-in-picture\" allowfullscreen=\"allowfullscreen\" class=\"absolute-cover\" height=\"860\"><\/iframe>\t\t\t\t<\/div>\n\t\t\t\t<\/div>\n\t\t\t\t\t<\/div>\n\t\t\t\t<\/section>\n\t\t<div class=\"elementor-element elementor-element-216339b imageSwitcherWrapper e-flex e-con-boxed e-con e-parent\" data-id=\"216339b\" data-element_type=\"container\">\n\t\t\t\t\t<div class=\"e-con-inner\">\n\t\t<div class=\"elementor-element elementor-element-51a9dfa e-con-full animated-fast e-flex elementor-invisible e-con e-child\" data-id=\"51a9dfa\" data-element_type=\"container\" data-settings=\"{&quot;animation&quot;:&quot;fadeIn&quot;}\">\n\t\t\t\t<div class=\"elementor-element elementor-element-068818e imageSwitcherImage elementor-widget elementor-widget-image\" data-id=\"068818e\" data-element_type=\"widget\" data-widget_type=\"image.default\">\n\t\t\t\t<div class=\"elementor-widget-container\">\n\t\t\t\t\t\t\t\t\t\t\t\t\t\t\t<img loading=\"lazy\" decoding=\"async\" loading=\"lazy\" width=\"1301\" height=\"1337\" src=\"https:\/\/snabb.xyz\/wp-content\/uploads\/2024\/11\/pesulakaart.webp\" class=\"attachment-full size-full wp-image-1820\" alt=\"\" srcset=\"https:\/\/snabb.xyz\/wp-content\/uploads\/2024\/11\/pesulakaart.webp 1301w, https:\/\/snabb.xyz\/wp-content\/uploads\/2024\/11\/pesulakaart-292x300.webp 292w, https:\/\/snabb.xyz\/wp-content\/uploads\/2024\/11\/pesulakaart-996x1024.webp 996w, https:\/\/snabb.xyz\/wp-content\/uploads\/2024\/11\/pesulakaart-768x789.webp 768w\" sizes=\"auto, (max-width: 1301px) 100vw, 1301px\" \/>\t\t\t\t\t\t\t\t\t\t\t\t\t\t\t<\/div>\n\t\t\t\t<\/div>\n\t\t\t\t<div class=\"elementor-element elementor-element-0fe6cab imageSwitcherImage elementor-widget elementor-widget-image\" data-id=\"0fe6cab\" data-element_type=\"widget\" data-widget_type=\"image.default\">\n\t\t\t\t<div class=\"elementor-widget-container\">\n\t\t\t\t\t\t\t\t\t\t\t\t\t\t\t<img loading=\"lazy\" decoding=\"async\" loading=\"lazy\" width=\"1301\" height=\"1337\" src=\"https:\/\/snabb.xyz\/wp-content\/uploads\/2024\/11\/pesulavaade.webp\" class=\"attachment-full size-full wp-image-1825\" alt=\"\" srcset=\"https:\/\/snabb.xyz\/wp-content\/uploads\/2024\/11\/pesulavaade.webp 1301w, https:\/\/snabb.xyz\/wp-content\/uploads\/2024\/11\/pesulavaade-292x300.webp 292w, https:\/\/snabb.xyz\/wp-content\/uploads\/2024\/11\/pesulavaade-996x1024.webp 996w, https:\/\/snabb.xyz\/wp-content\/uploads\/2024\/11\/pesulavaade-768x789.webp 768w\" sizes=\"auto, (max-width: 1301px) 100vw, 1301px\" \/>\t\t\t\t\t\t\t\t\t\t\t\t\t\t\t<\/div>\n\t\t\t\t<\/div>\n\t\t\t\t<div class=\"elementor-element elementor-element-977cd53 imageSwitcherImage elementor-widget elementor-widget-image\" data-id=\"977cd53\" data-element_type=\"widget\" data-widget_type=\"image.default\">\n\t\t\t\t<div class=\"elementor-widget-container\">\n\t\t\t\t\t\t\t\t\t\t\t\t\t\t\t<img loading=\"lazy\" decoding=\"async\" loading=\"lazy\" width=\"1301\" height=\"1337\" src=\"https:\/\/snabb.xyz\/wp-content\/uploads\/2024\/11\/alusta-pesu.webp\" class=\"attachment-full size-full wp-image-1830\" alt=\"\" srcset=\"https:\/\/snabb.xyz\/wp-content\/uploads\/2024\/11\/alusta-pesu.webp 1301w, https:\/\/snabb.xyz\/wp-content\/uploads\/2024\/11\/alusta-pesu-292x300.webp 292w, https:\/\/snabb.xyz\/wp-content\/uploads\/2024\/11\/alusta-pesu-996x1024.webp 996w, https:\/\/snabb.xyz\/wp-content\/uploads\/2024\/11\/alusta-pesu-768x789.webp 768w\" sizes=\"auto, (max-width: 1301px) 100vw, 1301px\" \/>\t\t\t\t\t\t\t\t\t\t\t\t\t\t\t<\/div>\n\t\t\t\t<\/div>\n\t\t\t\t<\/div>\n\t\t<div class=\"elementor-element elementor-element-4c2a95a e-con-full e-flex e-con e-child\" data-id=\"4c2a95a\" data-element_type=\"container\">\n\t\t\t\t<div class=\"elementor-element elementor-element-406089e animated-fast elementor-invisible elementor-widget elementor-widget-heading\" data-id=\"406089e\" data-element_type=\"widget\" data-settings=\"{&quot;_animation&quot;:&quot;fadeInUp&quot;}\" data-widget_type=\"heading.default\">\n\t\t\t\t<div class=\"elementor-widget-container\">\n\t\t\t\t\t<h3 class=\"elementor-heading-title elementor-size-default\">Kaip plauti automobil\u012f naudojant Snabb?\n<\/h3>\t\t\t\t<\/div>\n\t\t\t\t<\/div>\n\t\t<div class=\"elementor-element elementor-element-40043b9 e-con-full e-flex e-con e-child\" data-id=\"40043b9\" data-element_type=\"container\">\n\t\t<div class=\"elementor-element elementor-element-51088f7 e-con-full image_switcher_tab e-flex e-con e-child\" data-id=\"51088f7\" data-element_type=\"container\">\n\t\t\t\t<div class=\"elementor-element elementor-element-c667ebb elementor-widget elementor-widget-heading\" data-id=\"c667ebb\" data-element_type=\"widget\" data-widget_type=\"heading.default\">\n\t\t\t\t<div class=\"elementor-widget-container\">\n\t\t\t\t\t<h4 class=\"elementor-heading-title elementor-size-default\">Pasirinkite artimiausi\u0105 plovykl\u0105\n<\/h4>\t\t\t\t<\/div>\n\t\t\t\t<\/div>\n\t\t\t\t<div class=\"elementor-element elementor-element-b2ca048 elementor-widget elementor-widget-text-editor\" data-id=\"b2ca048\" data-element_type=\"widget\" data-widget_type=\"text-editor.default\">\n\t\t\t\t<div class=\"elementor-widget-container\">\n\t\t\t\t\t\t\t\t\t<p>Snabb program\u0117l\u0117je rasite daugiausiai savitarnos, automatini\u0173 ir tunelini\u0173 plovykl\u0173 Lietuvoje<\/p>\t\t\t\t\t\t\t\t<\/div>\n\t\t\t\t<\/div>\n\t\t\t\t<\/div>\n\t\t<div class=\"elementor-element elementor-element-99a3fb0 e-con-full image_switcher_tab e-flex e-con e-child\" data-id=\"99a3fb0\" data-element_type=\"container\">\n\t\t\t\t<div class=\"elementor-element elementor-element-b60633d elementor-widget elementor-widget-heading\" data-id=\"b60633d\" data-element_type=\"widget\" data-widget_type=\"heading.default\">\n\t\t\t\t<div class=\"elementor-widget-container\">\n\t\t\t\t\t<h4 class=\"elementor-heading-title elementor-size-default\">Pasirinkite plovimo viet\u0105<\/h4>\t\t\t\t<\/div>\n\t\t\t\t<\/div>\n\t\t\t\t<div class=\"elementor-element elementor-element-1b3c1e6 elementor-widget elementor-widget-text-editor\" data-id=\"1b3c1e6\" data-element_type=\"widget\" data-widget_type=\"text-editor.default\">\n\t\t\t\t<div class=\"elementor-widget-container\">\n\t\t\t\t\t\t\t\t\t<p>Prie\u0161 prad\u0117dami plauti, pasirinkite, kurioje plovykloje plausite.<\/p>\t\t\t\t\t\t\t\t<\/div>\n\t\t\t\t<\/div>\n\t\t\t\t<\/div>\n\t\t<div class=\"elementor-element elementor-element-15733f1 e-con-full image_switcher_tab e-flex e-con e-child\" data-id=\"15733f1\" data-element_type=\"container\">\n\t\t\t\t<div class=\"elementor-element elementor-element-b436251 elementor-widget elementor-widget-heading\" data-id=\"b436251\" data-element_type=\"widget\" data-widget_type=\"heading.default\">\n\t\t\t\t<div class=\"elementor-widget-container\">\n\t\t\t\t\t<h4 class=\"elementor-heading-title elementor-size-default\">Pasirinkite sum\u0105 ir prad\u0117kite plauti<\/h4>\t\t\t\t<\/div>\n\t\t\t\t<\/div>\n\t\t\t\t<div class=\"elementor-element elementor-element-dcbc5cf elementor-widget elementor-widget-text-editor\" data-id=\"dcbc5cf\" data-element_type=\"widget\" data-widget_type=\"text-editor.default\">\n\t\t\t\t<div class=\"elementor-widget-container\">\n\t\t\t\t\t\t\t\t\t<p>Pasirinkite sum\u0105, u\u017e kuri\u0105 norite plauti automobil\u012f. Taip pat galite patogiai papildyti pinigus plovimo metu.<\/p>\t\t\t\t\t\t\t\t<\/div>\n\t\t\t\t<\/div>\n\t\t\t\t<\/div>\n\t\t\t\t<\/div>\n\t\t\t\t<\/div>\n\t\t\t\t\t<\/div>\n\t\t\t\t<\/div>\n\t\t<section class=\"elementor-element elementor-element-e1a8692 e-flex e-con-boxed e-con e-parent\" data-id=\"e1a8692\" data-element_type=\"container\">\n\t\t\t\t\t<div class=\"e-con-inner\">\n\t\t<div class=\"elementor-element elementor-element-6185c30 e-con-full e-flex e-con e-child\" data-id=\"6185c30\" data-element_type=\"container\">\n\t\t\t\t<div class=\"elementor-element elementor-element-32e03b6 elementor-invisible elementor-widget elementor-widget-heading\" data-id=\"32e03b6\" data-element_type=\"widget\" data-settings=\"{&quot;_animation&quot;:&quot;fadeInUp&quot;}\" data-widget_type=\"heading.default\">\n\t\t\t\t<div class=\"elementor-widget-container\">\n\t\t\t\t\t<h2 class=\"elementor-heading-title elementor-size-default\"><h2 style=\"margin: 0px;padding-bottom: 0px !important\">Su Snabb paprasta<span style=\"color: var( --e-global-color-primary );font-size: calc(22.6667px + 1.21528vw)\"><\/span><\/h2><\/h2>\t\t\t\t<\/div>\n\t\t\t\t<\/div>\n\t\t\t\t<\/div>\n\t\t<div class=\"elementor-element elementor-element-fd9efd5 e-con-full e-flex e-con e-child\" data-id=\"fd9efd5\" data-element_type=\"container\">\n\t\t<div class=\"elementor-element elementor-element-29f8adc e-con-full animated-fast e-flex elementor-invisible e-con e-child\" data-id=\"29f8adc\" data-element_type=\"container\" data-settings=\"{&quot;animation&quot;:&quot;fadeInUp&quot;}\">\n\t\t\t\t<div class=\"elementor-element elementor-element-1646658 elementor-widget elementor-widget-image\" data-id=\"1646658\" data-element_type=\"widget\" data-widget_type=\"image.default\">\n\t\t\t\t<div class=\"elementor-widget-container\">\n\t\t\t\t\t\t\t\t\t\t\t\t\t\t\t<img loading=\"lazy\" decoding=\"async\" loading=\"lazy\" width=\"280\" height=\"280\" src=\"https:\/\/snabb.xyz\/wp-content\/uploads\/2024\/10\/Snabb_numbers_1.png\" class=\"attachment-large size-large wp-image-1460\" alt=\"\" srcset=\"https:\/\/snabb.xyz\/wp-content\/uploads\/2024\/10\/Snabb_numbers_1.png 280w, https:\/\/snabb.xyz\/wp-content\/uploads\/2024\/10\/Snabb_numbers_1-150x150.png 150w\" sizes=\"auto, (max-width: 280px) 100vw, 280px\" \/>\t\t\t\t\t\t\t\t\t\t\t\t\t\t\t<\/div>\n\t\t\t\t<\/div>\n\t\t\t\t<div class=\"elementor-element elementor-element-74b8ec9 elementor-widget elementor-widget-heading\" data-id=\"74b8ec9\" data-element_type=\"widget\" data-widget_type=\"heading.default\">\n\t\t\t\t<div class=\"elementor-widget-container\">\n\t\t\t\t\t<h3 class=\"elementor-heading-title elementor-size-default\">Savitarnos plovyklos<\/h3>\t\t\t\t<\/div>\n\t\t\t\t<\/div>\n\t\t\t\t<div class=\"elementor-element elementor-element-8069ddc elementor-widget elementor-widget-text-editor\" data-id=\"8069ddc\" data-element_type=\"widget\" data-widget_type=\"text-editor.default\">\n\t\t\t\t<div class=\"elementor-widget-container\">\n\t\t\t\t\t\t\t\t\t<p>Palikite savo pinigin\u0119 namie! Joki\u0173 \u017eeton\u0173, monet\u0173 ar korteli\u0173. Pasirinkite plovimo aik\u0161tel\u0119, sum\u0105 ir spauskite &#8222;prad\u0117ti&#8221;.<\/p>\t\t\t\t\t\t\t\t<\/div>\n\t\t\t\t<\/div>\n\t\t\t\t<\/div>\n\t\t<div class=\"elementor-element elementor-element-8eb0a8f e-con-full animated-fast e-flex elementor-invisible e-con e-child\" data-id=\"8eb0a8f\" data-element_type=\"container\" data-settings=\"{&quot;animation&quot;:&quot;fadeInUp&quot;,&quot;animation_delay&quot;:200}\">\n\t\t\t\t<div class=\"elementor-element elementor-element-4ccd3e8 elementor-widget elementor-widget-image\" data-id=\"4ccd3e8\" data-element_type=\"widget\" data-widget_type=\"image.default\">\n\t\t\t\t<div class=\"elementor-widget-container\">\n\t\t\t\t\t\t\t\t\t\t\t\t\t\t\t<img loading=\"lazy\" decoding=\"async\" loading=\"lazy\" width=\"280\" height=\"280\" src=\"https:\/\/snabb.xyz\/wp-content\/uploads\/2024\/10\/Snabb_numbers_2.png\" class=\"attachment-large size-large wp-image-1465\" alt=\"\" srcset=\"https:\/\/snabb.xyz\/wp-content\/uploads\/2024\/10\/Snabb_numbers_2.png 280w, https:\/\/snabb.xyz\/wp-content\/uploads\/2024\/10\/Snabb_numbers_2-150x150.png 150w\" sizes=\"auto, (max-width: 280px) 100vw, 280px\" \/>\t\t\t\t\t\t\t\t\t\t\t\t\t\t\t<\/div>\n\t\t\t\t<\/div>\n\t\t\t\t<div class=\"elementor-element elementor-element-aa1e68d elementor-widget elementor-widget-heading\" data-id=\"aa1e68d\" data-element_type=\"widget\" data-widget_type=\"heading.default\">\n\t\t\t\t<div class=\"elementor-widget-container\">\n\t\t\t\t\t<h3 class=\"elementor-heading-title elementor-size-default\">Automatin\u0117s <\/h3>\t\t\t\t<\/div>\n\t\t\t\t<\/div>\n\t\t\t\t<div class=\"elementor-element elementor-element-a4eefe8 elementor-widget elementor-widget-text-editor\" data-id=\"a4eefe8\" data-element_type=\"widget\" data-widget_type=\"text-editor.default\">\n\t\t\t\t<div class=\"elementor-widget-container\">\n\t\t\t\t\t\t\t\t\t<p>Visai neb\u016btina stov\u0117ti degalin\u0117s eil\u0117je su kitais klientais. Va\u017eiuokite tiesiai \u012f plovykl\u0105 ir pasirink\u0119 program\u0105 program\u0117l\u0117je prad\u0117kite plauti i\u0161kart.<\/p>\t\t\t\t\t\t\t\t<\/div>\n\t\t\t\t<\/div>\n\t\t\t\t<\/div>\n\t\t<div class=\"elementor-element elementor-element-d2948bb e-con-full animated-fast e-flex elementor-invisible e-con e-child\" data-id=\"d2948bb\" data-element_type=\"container\" data-settings=\"{&quot;animation&quot;:&quot;fadeInUp&quot;,&quot;animation_delay&quot;:400}\">\n\t\t\t\t<div class=\"elementor-element elementor-element-e61a132 elementor-widget elementor-widget-image\" data-id=\"e61a132\" data-element_type=\"widget\" data-widget_type=\"image.default\">\n\t\t\t\t<div class=\"elementor-widget-container\">\n\t\t\t\t\t\t\t\t\t\t\t\t\t\t\t<img loading=\"lazy\" decoding=\"async\" loading=\"lazy\" width=\"280\" height=\"280\" src=\"https:\/\/snabb.xyz\/wp-content\/uploads\/2024\/10\/Snabb_numbers_3.png\" class=\"attachment-large size-large wp-image-1470\" alt=\"\" srcset=\"https:\/\/snabb.xyz\/wp-content\/uploads\/2024\/10\/Snabb_numbers_3.png 280w, https:\/\/snabb.xyz\/wp-content\/uploads\/2024\/10\/Snabb_numbers_3-150x150.png 150w\" sizes=\"auto, (max-width: 280px) 100vw, 280px\" \/>\t\t\t\t\t\t\t\t\t\t\t\t\t\t\t<\/div>\n\t\t\t\t<\/div>\n\t\t\t\t<div class=\"elementor-element elementor-element-78717e9 elementor-widget elementor-widget-heading\" data-id=\"78717e9\" data-element_type=\"widget\" data-widget_type=\"heading.default\">\n\t\t\t\t<div class=\"elementor-widget-container\">\n\t\t\t\t\t<h3 class=\"elementor-heading-title elementor-size-default\">Tunelin\u0117s<\/h3>\t\t\t\t<\/div>\n\t\t\t\t<\/div>\n\t\t\t\t<div class=\"elementor-element elementor-element-dd87888 elementor-widget elementor-widget-text-editor\" data-id=\"dd87888\" data-element_type=\"widget\" data-widget_type=\"text-editor.default\">\n\t\t\t\t<div class=\"elementor-widget-container\">\n\t\t\t\t\t\t\t\t\t<p>\u012esigij\u0119 m\u0117nesin\u012f abonement\u0105 plaukite kiekvien\u0105 dien\u0105. Plovimo programa prasid\u0117s automati\u0161kai kamerai nuskenavus J\u016bs\u0173 automobilio numer\u012f!<\/p>\t\t\t\t\t\t\t\t<\/div>\n\t\t\t\t<\/div>\n\t\t\t\t<\/div>\n\t\t\t\t<\/div>\n\t\t\t\t\t<\/div>\n\t\t\t\t<\/section>\n\t\t<section class=\"elementor-element elementor-element-56bf4da e-flex e-con-boxed e-con e-parent\" data-id=\"56bf4da\" data-element_type=\"container\">\n\t\t\t\t\t<div class=\"e-con-inner\">\n\t\t<div class=\"elementor-element elementor-element-0fa18a9 e-con-full e-flex e-con e-child\" data-id=\"0fa18a9\" data-element_type=\"container\">\n\t\t<div class=\"elementor-element elementor-element-6cbf9a6 e-con-full e-flex e-con e-child\" data-id=\"6cbf9a6\" data-element_type=\"container\">\n\t\t\t\t<div class=\"elementor-element elementor-element-e2c4850 elementor-invisible elementor-widget elementor-widget-heading\" data-id=\"e2c4850\" data-element_type=\"widget\" data-settings=\"{&quot;_animation&quot;:&quot;fadeInUp&quot;}\" data-widget_type=\"heading.default\">\n\t\t\t\t<div class=\"elementor-widget-container\">\n\t\t\t\t\t<h2 class=\"elementor-heading-title elementor-size-default\">Did\u017eiausias plovykl\u0173 pasirinkimas vienoje program\u0117l\u0117je.<\/h2>\t\t\t\t<\/div>\n\t\t\t\t<\/div>\n\t\t\t\t<\/div>\n\t\t\t\t<\/div>\n\t\t\t\t\t<\/div>\n\t\t\t\t<\/section>\n\t\t<section class=\"elementor-element elementor-element-cdb9296 e-flex e-con-boxed e-con e-parent\" data-id=\"cdb9296\" data-element_type=\"container\">\n\t\t\t\t\t<div class=\"e-con-inner\">\n\t\t<div class=\"elementor-element elementor-element-868d326 e-con-full e-flex e-con e-child\" data-id=\"868d326\" data-element_type=\"container\">\n\t\t<div class=\"elementor-element elementor-element-93169a9 e-con-full animated-fast e-flex elementor-invisible e-con e-child\" data-id=\"93169a9\" data-element_type=\"container\" data-settings=\"{&quot;animation&quot;:&quot;fadeInUp&quot;,&quot;animation_delay&quot;:300}\">\n\t\t\t\t<div class=\"elementor-element elementor-element-1e009c3 animated-fast elementor-invisible elementor-widget elementor-widget-heading\" data-id=\"1e009c3\" data-element_type=\"widget\" data-settings=\"{&quot;_animation&quot;:&quot;fadeInUp&quot;}\" data-widget_type=\"heading.default\">\n\t\t\t\t<div class=\"elementor-widget-container\">\n\t\t\t\t\t<h3 class=\"elementor-heading-title elementor-size-default\">Turite plovykl\u0105 ir esate susidom\u0117j\u0119s bendradarbiavimu su Snabb?<\/h3>\t\t\t\t<\/div>\n\t\t\t\t<\/div>\n\t\t\t\t<div class=\"elementor-element elementor-element-9001ee3 elementor-widget elementor-widget-text-editor\" data-id=\"9001ee3\" data-element_type=\"widget\" data-widget_type=\"text-editor.default\">\n\t\t\t\t<div class=\"elementor-widget-container\">\n\t\t\t\t\t\t\t\t\t<p>Susisiekime ir paverskime J\u016bs\u0173 plovykl\u0105 matom\u0105 15,000 lietuvos vairuotoj\u0173.<\/p>\t\t\t\t\t\t\t\t<\/div>\n\t\t\t\t<\/div>\n\t\t\t\t<div class=\"elementor-element elementor-element-698731d animated-fast ripple elementor-invisible elementor-widget elementor-widget-button\" data-id=\"698731d\" data-element_type=\"widget\" data-settings=\"{&quot;_animation&quot;:&quot;fadeInUp&quot;,&quot;_animation_delay&quot;:250}\" data-widget_type=\"button.default\">\n\t\t\t\t<div class=\"elementor-widget-container\">\n\t\t\t\t\t\t\t\t\t<div class=\"elementor-button-wrapper\">\n\t\t\t\t\t<a class=\"elementor-button elementor-button-link elementor-size-sm\" href=\"https:\/\/snabb.xyz\/lt\/kontaktai\/\">\n\t\t\t\t\t\t<span class=\"elementor-button-content-wrapper\">\n\t\t\t\t\t\t\t\t\t<span class=\"elementor-button-text\">Susisiekite su mumis<\/span>\n\t\t\t\t\t<\/span>\n\t\t\t\t\t<\/a>\n\t\t\t\t<\/div>\n\t\t\t\t\t\t\t\t<\/div>\n\t\t\t\t<\/div>\n\t\t\t\t<\/div>\n\t\t<div class=\"elementor-element elementor-element-4aa7440 e-con-full e-flex e-con e-child\" data-id=\"4aa7440\" data-element_type=\"container\">\n\t\t\t\t<div class=\"elementor-element elementor-element-912272b animated-fast elementor-invisible elementor-widget elementor-widget-image\" data-id=\"912272b\" data-element_type=\"widget\" data-settings=\"{&quot;_animation&quot;:&quot;fadeIn&quot;}\" data-widget_type=\"image.default\">\n\t\t\t\t<div class=\"elementor-widget-container\">\n\t\t\t\t\t\t\t\t\t\t\t\t\t\t\t<img loading=\"lazy\" decoding=\"async\" loading=\"lazy\" width=\"800\" height=\"500\" src=\"https:\/\/snabb.xyz\/wp-content\/uploads\/2024\/11\/Snabb_photos_10_large-1024x640.webp\" class=\"attachment-large size-large wp-image-1840\" alt=\"\" srcset=\"https:\/\/snabb.xyz\/wp-content\/uploads\/2024\/11\/Snabb_photos_10_large-1024x640.webp 1024w, https:\/\/snabb.xyz\/wp-content\/uploads\/2024\/11\/Snabb_photos_10_large-300x188.webp 300w, https:\/\/snabb.xyz\/wp-content\/uploads\/2024\/11\/Snabb_photos_10_large-768x480.webp 768w, https:\/\/snabb.xyz\/wp-content\/uploads\/2024\/11\/Snabb_photos_10_large.webp 1280w\" sizes=\"auto, (max-width: 800px) 100vw, 800px\" \/>\t\t\t\t\t\t\t\t\t\t\t\t\t\t\t<\/div>\n\t\t\t\t<\/div>\n\t\t\t\t<\/div>\n\t\t\t\t<\/div>\n\t\t\t\t\t<\/div>\n\t\t\t\t<\/section>\n\t\t\t\t<\/div>\n\t\t","protected":false},"excerpt":{"rendered":"<p>Automobil\u012f plaukite patogiai naudodami Snabb program\u0117l\u0119 Kaip plauti automobil\u012f naudojant Snabb? Pasirinkite artimiausi\u0105 plovykl\u0105 Snabb program\u0117l\u0117je rasite daugiausiai savitarnos, automatini\u0173 ir tunelini\u0173 plovykl\u0173 Lietuvoje Pasirinkite plovimo viet\u0105 Prie\u0161 prad\u0117dami plauti, pasirinkite, kurioje plovykloje plausite. Pasirinkite sum\u0105 ir prad\u0117kite plauti Pasirinkite sum\u0105, u\u017e kuri\u0105 norite plauti automobil\u012f. Taip pat galite patogiai papildyti pinigus plovimo metu. Su [&hellip;]<\/p>\n","protected":false},"author":1,"featured_media":1570,"parent":2552,"menu_order":0,"comment_status":"closed","ping_status":"closed","template":"elementor_header_footer","meta":{"footnotes":""},"class_list":["post-2562","page","type-page","status-publish","has-post-thumbnail","hentry"],"_links":{"self":[{"href":"https:\/\/snabb.xyz\/lt\/wp-json\/wp\/v2\/pages\/2562","targetHints":{"allow":["GET"]}}],"collection":[{"href":"https:\/\/snabb.xyz\/lt\/wp-json\/wp\/v2\/pages"}],"about":[{"href":"https:\/\/snabb.xyz\/lt\/wp-json\/wp\/v2\/types\/page"}],"author":[{"embeddable":true,"href":"https:\/\/snabb.xyz\/lt\/wp-json\/wp\/v2\/users\/1"}],"replies":[{"embeddable":true,"href":"https:\/\/snabb.xyz\/lt\/wp-json\/wp\/v2\/comments?post=2562"}],"version-history":[{"count":14,"href":"https:\/\/snabb.xyz\/lt\/wp-json\/wp\/v2\/pages\/2562\/revisions"}],"predecessor-version":[{"id":3864,"href":"https:\/\/snabb.xyz\/lt\/wp-json\/wp\/v2\/pages\/2562\/revisions\/3864"}],"up":[{"embeddable":true,"href":"https:\/\/snabb.xyz\/lt\/wp-json\/wp\/v2\/pages\/2552"}],"wp:featuredmedia":[{"embeddable":true,"href":"https:\/\/snabb.xyz\/lt\/wp-json\/wp\/v2\/media\/1570"}],"wp:attachment":[{"href":"https:\/\/snabb.xyz\/lt\/wp-json\/wp\/v2\/media?parent=2562"}],"curies":[{"name":"wp","href":"https:\/\/api.w.org\/{rel}","templated":true}]}}