{"id":2557,"date":"2024-11-04T22:10:42","date_gmt":"2024-11-04T20:10:42","guid":{"rendered":"https:\/\/snabb.xyz\/automobiliu-vairuotojams\/ivadas-i-paslaugas\/elektromobiliu-ikrovimas\/"},"modified":"2025-01-15T14:20:29","modified_gmt":"2025-01-15T12:20:29","slug":"elektromobiliu-krovimas","status":"publish","type":"page","link":"https:\/\/snabb.xyz\/lt\/automobiliu-vairuotojams\/ivadas-i-paslaugas\/elektromobiliu-krovimas\/","title":{"rendered":"Elektromobili\u0173 krovimas"},"content":{"rendered":"\t\t<div data-elementor-type=\"wp-page\" data-elementor-id=\"2557\" class=\"elementor elementor-2557 elementor-926\" data-elementor-post-type=\"page\">\n\t\t\t\t<section class=\"elementor-element elementor-element-fe3d64e e-flex e-con-boxed e-con e-parent\" data-id=\"fe3d64e\" data-element_type=\"container\">\n\t\t\t\t\t<div class=\"e-con-inner\">\n\t\t<div class=\"elementor-element elementor-element-d803c60 e-con-full e-flex e-con e-child\" data-id=\"d803c60\" data-element_type=\"container\">\n\t\t\t\t<div class=\"elementor-element elementor-element-e8341a7 elementor-widget__width-initial animated-fast elementor-invisible elementor-widget elementor-widget-heading\" data-id=\"e8341a7\" data-element_type=\"widget\" data-settings=\"{&quot;_animation&quot;:&quot;fadeInUp&quot;}\" data-widget_type=\"heading.default\">\n\t\t\t\t<div class=\"elementor-widget-container\">\n\t\t\t\t\t<h1 class=\"elementor-heading-title elementor-size-default\">Elektros \u012fkrovikli\u0173 tinklas visose Baltijos \u0161alyse \u2013 vos u\u017e keli\u0173 \u017eingsni\u0173<\/h1>\t\t\t\t<\/div>\n\t\t\t\t<\/div>\n\t\t\t\t<\/div>\n\t\t\t\t\t<\/div>\n\t\t\t\t<\/section>\n\t\t<section class=\"elementor-element elementor-element-2fa4e2d map_container e-flex e-con-boxed e-con e-parent\" data-id=\"2fa4e2d\" data-element_type=\"container\">\n\t\t\t\t\t<div class=\"e-con-inner\">\n\t\t\t\t<div class=\"elementor-element elementor-element-86f35f5 elementor-invisible elementor-widget elementor-widget-html\" data-id=\"86f35f5\" data-element_type=\"widget\" data-settings=\"{&quot;_animation&quot;:&quot;fadeIn&quot;}\" data-widget_type=\"html.default\">\n\t\t\t\t<div class=\"elementor-widget-container\">\n\t\t\t\t\t<iframe src=\"https:\/\/admin.barking.ee\/static\/map-snabb-style.html?type=EV_CHARGING&amp;oneType=true&amp;region=est&amp;language=lt\" frameborder=\"0\" allow=\"accelerometer; autoplay; clipboard-write; encrypted-media; gyroscope; picture-in-picture\" allowfullscreen=\"allowfullscreen\" class=\"absolute-cover\" height=\"860\"><\/iframe>\t\t\t\t<\/div>\n\t\t\t\t<\/div>\n\t\t\t\t\t<\/div>\n\t\t\t\t<\/section>\n\t\t<div class=\"elementor-element elementor-element-216339b imageSwitcherWrapper e-flex e-con-boxed e-con e-parent\" data-id=\"216339b\" data-element_type=\"container\">\n\t\t\t\t\t<div class=\"e-con-inner\">\n\t\t<div class=\"elementor-element elementor-element-51a9dfa e-con-full animated-fast e-flex elementor-invisible e-con e-child\" data-id=\"51a9dfa\" data-element_type=\"container\" data-settings=\"{&quot;animation&quot;:&quot;fadeIn&quot;}\">\n\t\t\t\t<div class=\"elementor-element elementor-element-068818e imageSwitcherImage elementor-widget elementor-widget-image\" data-id=\"068818e\" data-element_type=\"widget\" data-widget_type=\"image.default\">\n\t\t\t\t<div class=\"elementor-widget-container\">\n\t\t\t\t\t\t\t\t\t\t\t\t\t\t\t<img loading=\"lazy\" decoding=\"async\" loading=\"lazy\" width=\"1301\" height=\"1337\" src=\"https:\/\/snabb.xyz\/wp-content\/uploads\/2024\/11\/laadimine-kaart.webp\" class=\"attachment-full size-full wp-image-1855\" alt=\"\" srcset=\"https:\/\/snabb.xyz\/wp-content\/uploads\/2024\/11\/laadimine-kaart.webp 1301w, https:\/\/snabb.xyz\/wp-content\/uploads\/2024\/11\/laadimine-kaart-292x300.webp 292w, https:\/\/snabb.xyz\/wp-content\/uploads\/2024\/11\/laadimine-kaart-996x1024.webp 996w, https:\/\/snabb.xyz\/wp-content\/uploads\/2024\/11\/laadimine-kaart-768x789.webp 768w\" sizes=\"auto, (max-width: 1301px) 100vw, 1301px\" \/>\t\t\t\t\t\t\t\t\t\t\t\t\t\t\t<\/div>\n\t\t\t\t<\/div>\n\t\t\t\t<div class=\"elementor-element elementor-element-0fe6cab imageSwitcherImage elementor-widget elementor-widget-image\" data-id=\"0fe6cab\" data-element_type=\"widget\" data-widget_type=\"image.default\">\n\t\t\t\t<div class=\"elementor-widget-container\">\n\t\t\t\t\t\t\t\t\t\t\t\t\t\t\t<img loading=\"lazy\" decoding=\"async\" loading=\"lazy\" width=\"1301\" height=\"1337\" src=\"https:\/\/snabb.xyz\/wp-content\/uploads\/2024\/11\/laaadimine-asukoht.webp\" class=\"attachment-full size-full wp-image-1860\" alt=\"\" srcset=\"https:\/\/snabb.xyz\/wp-content\/uploads\/2024\/11\/laaadimine-asukoht.webp 1301w, https:\/\/snabb.xyz\/wp-content\/uploads\/2024\/11\/laaadimine-asukoht-292x300.webp 292w, https:\/\/snabb.xyz\/wp-content\/uploads\/2024\/11\/laaadimine-asukoht-996x1024.webp 996w, https:\/\/snabb.xyz\/wp-content\/uploads\/2024\/11\/laaadimine-asukoht-768x789.webp 768w\" sizes=\"auto, (max-width: 1301px) 100vw, 1301px\" \/>\t\t\t\t\t\t\t\t\t\t\t\t\t\t\t<\/div>\n\t\t\t\t<\/div>\n\t\t\t\t<div class=\"elementor-element elementor-element-977cd53 imageSwitcherImage elementor-widget elementor-widget-image\" data-id=\"977cd53\" data-element_type=\"widget\" data-widget_type=\"image.default\">\n\t\t\t\t<div class=\"elementor-widget-container\">\n\t\t\t\t\t\t\t\t\t\t\t\t\t\t\t<img loading=\"lazy\" decoding=\"async\" loading=\"lazy\" width=\"1301\" height=\"1337\" src=\"https:\/\/snabb.xyz\/wp-content\/uploads\/2024\/11\/aktiivne-laadimine.webp\" class=\"attachment-full size-full wp-image-1865\" alt=\"\" srcset=\"https:\/\/snabb.xyz\/wp-content\/uploads\/2024\/11\/aktiivne-laadimine.webp 1301w, https:\/\/snabb.xyz\/wp-content\/uploads\/2024\/11\/aktiivne-laadimine-292x300.webp 292w, https:\/\/snabb.xyz\/wp-content\/uploads\/2024\/11\/aktiivne-laadimine-996x1024.webp 996w, https:\/\/snabb.xyz\/wp-content\/uploads\/2024\/11\/aktiivne-laadimine-768x789.webp 768w\" sizes=\"auto, (max-width: 1301px) 100vw, 1301px\" \/>\t\t\t\t\t\t\t\t\t\t\t\t\t\t\t<\/div>\n\t\t\t\t<\/div>\n\t\t\t\t<\/div>\n\t\t<div class=\"elementor-element elementor-element-4c2a95a e-con-full e-flex e-con e-child\" data-id=\"4c2a95a\" data-element_type=\"container\">\n\t\t\t\t<div class=\"elementor-element elementor-element-406089e animated-fast elementor-invisible elementor-widget elementor-widget-heading\" data-id=\"406089e\" data-element_type=\"widget\" data-settings=\"{&quot;_animation&quot;:&quot;fadeInUp&quot;}\" data-widget_type=\"heading.default\">\n\t\t\t\t<div class=\"elementor-widget-container\">\n\t\t\t\t\t<h3 class=\"elementor-heading-title elementor-size-default\">Kaip prad\u0117ti apmokestinti naudojant program\u0117l\u0119 Snabb?<\/h3>\t\t\t\t<\/div>\n\t\t\t\t<\/div>\n\t\t<div class=\"elementor-element elementor-element-40043b9 e-con-full e-flex e-con e-child\" data-id=\"40043b9\" data-element_type=\"container\">\n\t\t<div class=\"elementor-element elementor-element-51088f7 e-con-full image_switcher_tab e-flex e-con e-child\" data-id=\"51088f7\" data-element_type=\"container\">\n\t\t\t\t<div class=\"elementor-element elementor-element-c667ebb elementor-widget elementor-widget-heading\" data-id=\"c667ebb\" data-element_type=\"widget\" data-widget_type=\"heading.default\">\n\t\t\t\t<div class=\"elementor-widget-container\">\n\t\t\t\t\t<h4 class=\"elementor-heading-title elementor-size-default\">Pasirinkite \u012fkrovimo stotel\u0119<\/h4>\t\t\t\t<\/div>\n\t\t\t\t<\/div>\n\t\t\t\t<div class=\"elementor-element elementor-element-b2ca048 elementor-widget elementor-widget-text-editor\" data-id=\"b2ca048\" data-element_type=\"widget\" data-widget_type=\"text-editor.default\">\n\t\t\t\t<div class=\"elementor-widget-container\">\n\t\t\t\t\t\t\t\t\t<p>Snabb program\u0117l\u0117je rasite plat\u0173 \u012fkrovimo stoteli\u0173 pasirinkim\u0105 visame Baltijos regione.<\/p>\t\t\t\t\t\t\t\t<\/div>\n\t\t\t\t<\/div>\n\t\t\t\t<\/div>\n\t\t<div class=\"elementor-element elementor-element-99a3fb0 e-con-full image_switcher_tab e-flex e-con e-child\" data-id=\"99a3fb0\" data-element_type=\"container\">\n\t\t\t\t<div class=\"elementor-element elementor-element-b60633d elementor-widget elementor-widget-heading\" data-id=\"b60633d\" data-element_type=\"widget\" data-widget_type=\"heading.default\">\n\t\t\t\t<div class=\"elementor-widget-container\">\n\t\t\t\t\t<h4 class=\"elementor-heading-title elementor-size-default\">Pasirinkite \u012fkrovimo stotel\u0119 ir tinkam\u0105 ki\u0161tuk\u0105<\/h4>\t\t\t\t<\/div>\n\t\t\t\t<\/div>\n\t\t\t\t<div class=\"elementor-element elementor-element-1b3c1e6 elementor-widget elementor-widget-text-editor\" data-id=\"1b3c1e6\" data-element_type=\"widget\" data-widget_type=\"text-editor.default\">\n\t\t\t\t<div class=\"elementor-widget-container\">\n\t\t\t\t\t\t\t\t\t<p>Pasirinkite stotel\u0119, kurioje esate, ir program\u0117l\u0117je aktyvuokite atitinkam\u0105 ki\u0161tuk\u0105.<\/p>\t\t\t\t\t\t\t\t<\/div>\n\t\t\t\t<\/div>\n\t\t\t\t<\/div>\n\t\t<div class=\"elementor-element elementor-element-15733f1 e-con-full image_switcher_tab e-flex e-con e-child\" data-id=\"15733f1\" data-element_type=\"container\">\n\t\t\t\t<div class=\"elementor-element elementor-element-b436251 elementor-widget elementor-widget-heading\" data-id=\"b436251\" data-element_type=\"widget\" data-widget_type=\"heading.default\">\n\t\t\t\t<div class=\"elementor-widget-container\">\n\t\t\t\t\t<h4 class=\"elementor-heading-title elementor-size-default\">Prijunkite \u012fkrovikl\u012f prie transporto priemon\u0117s<\/h4>\t\t\t\t<\/div>\n\t\t\t\t<\/div>\n\t\t\t\t<div class=\"elementor-element elementor-element-dcbc5cf elementor-widget elementor-widget-text-editor\" data-id=\"dcbc5cf\" data-element_type=\"widget\" data-widget_type=\"text-editor.default\">\n\t\t\t\t<div class=\"elementor-widget-container\">\n\t\t\t\t\t\t\t\t\t<p>Program\u0117l\u0117je spustel\u0117kite \u201ePrad\u0117ti\u201c, ir \u012fkrovimas prasid\u0117s.<\/p>\t\t\t\t\t\t\t\t<\/div>\n\t\t\t\t<\/div>\n\t\t\t\t<\/div>\n\t\t\t\t<\/div>\n\t\t\t\t<\/div>\n\t\t\t\t\t<\/div>\n\t\t\t\t<\/div>\n\t\t<section class=\"elementor-element elementor-element-e1a8692 e-flex e-con-boxed e-con e-parent\" data-id=\"e1a8692\" data-element_type=\"container\">\n\t\t\t\t\t<div class=\"e-con-inner\">\n\t\t<div class=\"elementor-element elementor-element-6185c30 e-con-full e-flex e-con e-child\" data-id=\"6185c30\" data-element_type=\"container\">\n\t\t\t\t<div class=\"elementor-element elementor-element-32e03b6 elementor-invisible elementor-widget elementor-widget-heading\" data-id=\"32e03b6\" data-element_type=\"widget\" data-settings=\"{&quot;_animation&quot;:&quot;fadeInUp&quot;}\" data-widget_type=\"heading.default\">\n\t\t\t\t<div class=\"elementor-widget-container\">\n\t\t\t\t\t<h2 class=\"elementor-heading-title elementor-size-default\">Su Snabb paprasta<\/h2>\t\t\t\t<\/div>\n\t\t\t\t<\/div>\n\t\t\t\t<\/div>\n\t\t<div class=\"elementor-element elementor-element-fd9efd5 e-con-full e-flex e-con e-child\" data-id=\"fd9efd5\" data-element_type=\"container\">\n\t\t<div class=\"elementor-element elementor-element-29f8adc e-con-full animated-fast e-flex elementor-invisible e-con e-child\" data-id=\"29f8adc\" data-element_type=\"container\" data-settings=\"{&quot;animation&quot;:&quot;fadeInUp&quot;}\">\n\t\t\t\t<div class=\"elementor-element elementor-element-1646658 elementor-widget elementor-widget-image\" data-id=\"1646658\" data-element_type=\"widget\" data-widget_type=\"image.default\">\n\t\t\t\t<div class=\"elementor-widget-container\">\n\t\t\t\t\t\t\t\t\t\t\t\t\t\t\t<img loading=\"lazy\" decoding=\"async\" loading=\"lazy\" width=\"280\" height=\"280\" src=\"https:\/\/snabb.xyz\/wp-content\/uploads\/2024\/10\/Snabb_numbers_1.png\" class=\"attachment-large size-large wp-image-1460\" alt=\"\" srcset=\"https:\/\/snabb.xyz\/wp-content\/uploads\/2024\/10\/Snabb_numbers_1.png 280w, https:\/\/snabb.xyz\/wp-content\/uploads\/2024\/10\/Snabb_numbers_1-150x150.png 150w\" sizes=\"auto, (max-width: 280px) 100vw, 280px\" \/>\t\t\t\t\t\t\t\t\t\t\t\t\t\t\t<\/div>\n\t\t\t\t<\/div>\n\t\t\t\t<div class=\"elementor-element elementor-element-74b8ec9 elementor-widget elementor-widget-heading\" data-id=\"74b8ec9\" data-element_type=\"widget\" data-widget_type=\"heading.default\">\n\t\t\t\t<div class=\"elementor-widget-container\">\n\t\t\t\t\t<h3 class=\"elementor-heading-title elementor-size-default\">Pasirinkite \u012fkrovikl\u012f<\/h3>\t\t\t\t<\/div>\n\t\t\t\t<\/div>\n\t\t\t\t<div class=\"elementor-element elementor-element-8069ddc elementor-widget elementor-widget-text-editor\" data-id=\"8069ddc\" data-element_type=\"widget\" data-widget_type=\"text-editor.default\">\n\t\t\t\t<div class=\"elementor-widget-container\">\n\t\t\t\t\t\t\t\t\t<p>Paspauskite &#8222;\u012fkrovimo&#8221; ikon\u0117l\u0119 de\u0161iniajame program\u0117l\u0117s kampe ir pasirinkite artimiausi\u0105 stotel\u0119.<\/p>\t\t\t\t\t\t\t\t<\/div>\n\t\t\t\t<\/div>\n\t\t\t\t<\/div>\n\t\t<div class=\"elementor-element elementor-element-8eb0a8f e-con-full animated-fast e-flex elementor-invisible e-con e-child\" data-id=\"8eb0a8f\" data-element_type=\"container\" data-settings=\"{&quot;animation&quot;:&quot;fadeInUp&quot;,&quot;animation_delay&quot;:200}\">\n\t\t\t\t<div class=\"elementor-element elementor-element-4ccd3e8 elementor-widget elementor-widget-image\" data-id=\"4ccd3e8\" data-element_type=\"widget\" data-widget_type=\"image.default\">\n\t\t\t\t<div class=\"elementor-widget-container\">\n\t\t\t\t\t\t\t\t\t\t\t\t\t\t\t<img loading=\"lazy\" decoding=\"async\" loading=\"lazy\" width=\"280\" height=\"280\" src=\"https:\/\/snabb.xyz\/wp-content\/uploads\/2024\/10\/Snabb_numbers_2.png\" class=\"attachment-large size-large wp-image-1465\" alt=\"\" srcset=\"https:\/\/snabb.xyz\/wp-content\/uploads\/2024\/10\/Snabb_numbers_2.png 280w, https:\/\/snabb.xyz\/wp-content\/uploads\/2024\/10\/Snabb_numbers_2-150x150.png 150w\" sizes=\"auto, (max-width: 280px) 100vw, 280px\" \/>\t\t\t\t\t\t\t\t\t\t\t\t\t\t\t<\/div>\n\t\t\t\t<\/div>\n\t\t\t\t<div class=\"elementor-element elementor-element-aa1e68d elementor-widget elementor-widget-heading\" data-id=\"aa1e68d\" data-element_type=\"widget\" data-widget_type=\"heading.default\">\n\t\t\t\t<div class=\"elementor-widget-container\">\n\t\t\t\t\t<h3 class=\"elementor-heading-title elementor-size-default\">Prijunkite \u012fkrovikl\u012f prie savo automobilio<\/h3>\t\t\t\t<\/div>\n\t\t\t\t<\/div>\n\t\t\t\t<div class=\"elementor-element elementor-element-a4eefe8 elementor-widget elementor-widget-text-editor\" data-id=\"a4eefe8\" data-element_type=\"widget\" data-widget_type=\"text-editor.default\">\n\t\t\t\t<div class=\"elementor-widget-container\">\n\t\t\t\t\t\t\t\t\t<p>Paspauskite \u201cPrad\u0117ti\u201d Snabb program\u0117l\u0117je ir \u012fkrovimas prasid\u0117s.<\/p>\t\t\t\t\t\t\t\t<\/div>\n\t\t\t\t<\/div>\n\t\t\t\t<\/div>\n\t\t<div class=\"elementor-element elementor-element-d2948bb e-con-full animated-fast e-flex elementor-invisible e-con e-child\" data-id=\"d2948bb\" data-element_type=\"container\" data-settings=\"{&quot;animation&quot;:&quot;fadeInUp&quot;,&quot;animation_delay&quot;:400}\">\n\t\t\t\t<div class=\"elementor-element elementor-element-e61a132 elementor-widget elementor-widget-image\" data-id=\"e61a132\" data-element_type=\"widget\" data-widget_type=\"image.default\">\n\t\t\t\t<div class=\"elementor-widget-container\">\n\t\t\t\t\t\t\t\t\t\t\t\t\t\t\t<img loading=\"lazy\" decoding=\"async\" loading=\"lazy\" width=\"280\" height=\"280\" src=\"https:\/\/snabb.xyz\/wp-content\/uploads\/2024\/10\/Snabb_numbers_3.png\" class=\"attachment-large size-large wp-image-1470\" alt=\"\" srcset=\"https:\/\/snabb.xyz\/wp-content\/uploads\/2024\/10\/Snabb_numbers_3.png 280w, https:\/\/snabb.xyz\/wp-content\/uploads\/2024\/10\/Snabb_numbers_3-150x150.png 150w\" sizes=\"auto, (max-width: 280px) 100vw, 280px\" \/>\t\t\t\t\t\t\t\t\t\t\t\t\t\t\t<\/div>\n\t\t\t\t<\/div>\n\t\t\t\t<div class=\"elementor-element elementor-element-78717e9 elementor-widget elementor-widget-heading\" data-id=\"78717e9\" data-element_type=\"widget\" data-widget_type=\"heading.default\">\n\t\t\t\t<div class=\"elementor-widget-container\">\n\t\t\t\t\t<h3 class=\"elementor-heading-title elementor-size-default\">M\u0117gaukit\u0117s lengvu procesu<\/h3>\t\t\t\t<\/div>\n\t\t\t\t<\/div>\n\t\t\t\t<div class=\"elementor-element elementor-element-dd87888 elementor-widget elementor-widget-text-editor\" data-id=\"dd87888\" data-element_type=\"widget\" data-widget_type=\"text-editor.default\">\n\t\t\t\t<div class=\"elementor-widget-container\">\n\t\t\t\t\t\t\t\t\t<p>Grei\u010diausiais ir patogiausias b\u016bdas \u012fkrauti savo automobil\u012f. Ta pa\u010dia program\u0117le pasieksite stov\u0117jimo aik\u0161teles ir plovyklas.<\/p>\t\t\t\t\t\t\t\t<\/div>\n\t\t\t\t<\/div>\n\t\t\t\t<\/div>\n\t\t\t\t<\/div>\n\t\t\t\t\t<\/div>\n\t\t\t\t<\/section>\n\t\t<section class=\"elementor-element elementor-element-cdb9296 e-flex e-con-boxed e-con e-parent\" data-id=\"cdb9296\" data-element_type=\"container\">\n\t\t\t\t\t<div class=\"e-con-inner\">\n\t\t<div class=\"elementor-element elementor-element-868d326 e-con-full e-flex e-con e-child\" data-id=\"868d326\" data-element_type=\"container\">\n\t\t<div class=\"elementor-element elementor-element-93169a9 e-con-full animated-fast e-flex elementor-invisible e-con e-child\" data-id=\"93169a9\" data-element_type=\"container\" data-settings=\"{&quot;animation&quot;:&quot;fadeInUp&quot;,&quot;animation_delay&quot;:300}\">\n\t\t\t\t<div class=\"elementor-element elementor-element-1e009c3 animated-fast elementor-invisible elementor-widget elementor-widget-heading\" data-id=\"1e009c3\" data-element_type=\"widget\" data-settings=\"{&quot;_animation&quot;:&quot;fadeInUp&quot;}\" data-widget_type=\"heading.default\">\n\t\t\t\t<div class=\"elementor-widget-container\">\n\t\t\t\t\t<h3 class=\"elementor-heading-title elementor-size-default\">Ar valdote arba esate elektromobili\u0173 \u012fkrovimo stoteli\u0173 savininkas?<\/h3>\t\t\t\t<\/div>\n\t\t\t\t<\/div>\n\t\t\t\t<div class=\"elementor-element elementor-element-9001ee3 elementor-widget elementor-widget-text-editor\" data-id=\"9001ee3\" data-element_type=\"widget\" data-widget_type=\"text-editor.default\">\n\t\t\t\t<div class=\"elementor-widget-container\">\n\t\t\t\t\t\t\t\t\t<p>Susisiekite ir padarykite savo \u012fkrovimo stotis prieinamas Lietuvos vairuotojams.<\/p>\t\t\t\t\t\t\t\t<\/div>\n\t\t\t\t<\/div>\n\t\t\t\t<div class=\"elementor-element elementor-element-698731d animated-fast ripple elementor-invisible elementor-widget elementor-widget-button\" data-id=\"698731d\" data-element_type=\"widget\" data-settings=\"{&quot;_animation&quot;:&quot;fadeInUp&quot;,&quot;_animation_delay&quot;:250}\" data-widget_type=\"button.default\">\n\t\t\t\t<div class=\"elementor-widget-container\">\n\t\t\t\t\t\t\t\t\t<div class=\"elementor-button-wrapper\">\n\t\t\t\t\t<a class=\"elementor-button elementor-button-link elementor-size-sm\" href=\"https:\/\/snabb.xyz\/lt\/kontaktai\/\">\n\t\t\t\t\t\t<span class=\"elementor-button-content-wrapper\">\n\t\t\t\t\t\t\t\t\t<span class=\"elementor-button-text\">Pasikalb\u0117kime<\/span>\n\t\t\t\t\t<\/span>\n\t\t\t\t\t<\/a>\n\t\t\t\t<\/div>\n\t\t\t\t\t\t\t\t<\/div>\n\t\t\t\t<\/div>\n\t\t\t\t<\/div>\n\t\t<div class=\"elementor-element elementor-element-4aa7440 e-con-full e-flex e-con e-child\" data-id=\"4aa7440\" data-element_type=\"container\">\n\t\t\t\t<div class=\"elementor-element elementor-element-912272b animated-fast elementor-invisible elementor-widget elementor-widget-image\" data-id=\"912272b\" data-element_type=\"widget\" data-settings=\"{&quot;_animation&quot;:&quot;fadeIn&quot;}\" data-widget_type=\"image.default\">\n\t\t\t\t<div class=\"elementor-widget-container\">\n\t\t\t\t\t\t\t\t\t\t\t\t\t\t\t<img loading=\"lazy\" decoding=\"async\" loading=\"lazy\" width=\"800\" height=\"500\" src=\"https:\/\/snabb.xyz\/wp-content\/uploads\/2024\/11\/Snabb_photos_16_large-1024x640.webp\" class=\"attachment-large size-large wp-image-1780\" alt=\"\" srcset=\"https:\/\/snabb.xyz\/wp-content\/uploads\/2024\/11\/Snabb_photos_16_large-1024x640.webp 1024w, https:\/\/snabb.xyz\/wp-content\/uploads\/2024\/11\/Snabb_photos_16_large-300x188.webp 300w, https:\/\/snabb.xyz\/wp-content\/uploads\/2024\/11\/Snabb_photos_16_large-768x480.webp 768w, https:\/\/snabb.xyz\/wp-content\/uploads\/2024\/11\/Snabb_photos_16_large.webp 1280w\" sizes=\"auto, (max-width: 800px) 100vw, 800px\" \/>\t\t\t\t\t\t\t\t\t\t\t\t\t\t\t<\/div>\n\t\t\t\t<\/div>\n\t\t\t\t<\/div>\n\t\t\t\t<\/div>\n\t\t\t\t\t<\/div>\n\t\t\t\t<\/section>\n\t\t\t\t<\/div>\n\t\t","protected":false},"excerpt":{"rendered":"<p>Elektros \u012fkrovikli\u0173 tinklas visose Baltijos \u0161alyse \u2013 vos u\u017e keli\u0173 \u017eingsni\u0173 Kaip prad\u0117ti apmokestinti naudojant program\u0117l\u0119 Snabb? Pasirinkite \u012fkrovimo stotel\u0119 Snabb program\u0117l\u0117je rasite plat\u0173 \u012fkrovimo stoteli\u0173 pasirinkim\u0105 visame Baltijos regione. Pasirinkite \u012fkrovimo stotel\u0119 ir tinkam\u0105 ki\u0161tuk\u0105 Pasirinkite stotel\u0119, kurioje esate, ir program\u0117l\u0117je aktyvuokite atitinkam\u0105 ki\u0161tuk\u0105. Prijunkite \u012fkrovikl\u012f prie transporto priemon\u0117s Program\u0117l\u0117je spustel\u0117kite \u201ePrad\u0117ti\u201c, ir \u012fkrovimas [&hellip;]<\/p>\n","protected":false},"author":1,"featured_media":1570,"parent":2552,"menu_order":0,"comment_status":"closed","ping_status":"closed","template":"elementor_header_footer","meta":{"footnotes":""},"class_list":["post-2557","page","type-page","status-publish","has-post-thumbnail","hentry"],"_links":{"self":[{"href":"https:\/\/snabb.xyz\/lt\/wp-json\/wp\/v2\/pages\/2557","targetHints":{"allow":["GET"]}}],"collection":[{"href":"https:\/\/snabb.xyz\/lt\/wp-json\/wp\/v2\/pages"}],"about":[{"href":"https:\/\/snabb.xyz\/lt\/wp-json\/wp\/v2\/types\/page"}],"author":[{"embeddable":true,"href":"https:\/\/snabb.xyz\/lt\/wp-json\/wp\/v2\/users\/1"}],"replies":[{"embeddable":true,"href":"https:\/\/snabb.xyz\/lt\/wp-json\/wp\/v2\/comments?post=2557"}],"version-history":[{"count":11,"href":"https:\/\/snabb.xyz\/lt\/wp-json\/wp\/v2\/pages\/2557\/revisions"}],"predecessor-version":[{"id":3868,"href":"https:\/\/snabb.xyz\/lt\/wp-json\/wp\/v2\/pages\/2557\/revisions\/3868"}],"up":[{"embeddable":true,"href":"https:\/\/snabb.xyz\/lt\/wp-json\/wp\/v2\/pages\/2552"}],"wp:featuredmedia":[{"embeddable":true,"href":"https:\/\/snabb.xyz\/lt\/wp-json\/wp\/v2\/media\/1570"}],"wp:attachment":[{"href":"https:\/\/snabb.xyz\/lt\/wp-json\/wp\/v2\/media?parent=2557"}],"curies":[{"name":"wp","href":"https:\/\/api.w.org\/{rel}","templated":true}]}}