{"id":2552,"date":"2024-11-02T22:16:26","date_gmt":"2024-11-02T20:16:26","guid":{"rendered":"https:\/\/snabb.xyz\/automobiliu-vairuotojams\/ivadas-i-paslaugas\/"},"modified":"2024-12-17T23:10:41","modified_gmt":"2024-12-17T21:10:41","slug":"ivadas-i-paslaugas","status":"publish","type":"page","link":"https:\/\/snabb.xyz\/lt\/automobiliu-vairuotojams\/ivadas-i-paslaugas\/","title":{"rendered":"\u012evadas \u012f paslaugas"},"content":{"rendered":"\t\t<div data-elementor-type=\"wp-page\" data-elementor-id=\"2552\" class=\"elementor elementor-2552 elementor-627\" data-elementor-post-type=\"page\">\n\t\t\t\t<section class=\"elementor-element elementor-element-236c055 e-con-full e-flex e-con e-parent\" data-id=\"236c055\" data-element_type=\"container\">\n\t\t<div class=\"elementor-element elementor-element-4e705f5 e-con-full e-flex e-con e-child\" data-id=\"4e705f5\" data-element_type=\"container\">\n\t\t<div class=\"elementor-element elementor-element-6df7460 e-flex e-con-boxed e-con e-child\" data-id=\"6df7460\" data-element_type=\"container\" data-settings=\"{&quot;background_background&quot;:&quot;classic&quot;}\">\n\t\t\t\t\t<div class=\"e-con-inner\">\n\t\t<div class=\"elementor-element elementor-element-1730906 e-flex e-con-boxed e-con e-child\" data-id=\"1730906\" data-element_type=\"container\">\n\t\t\t\t\t<div class=\"e-con-inner\">\n\t\t<div class=\"elementor-element elementor-element-163bc8d e-con-full e-flex e-con e-child\" data-id=\"163bc8d\" data-element_type=\"container\">\n\t\t\t\t<div class=\"elementor-element elementor-element-b040fd7 elementor-widget__width-initial animated-fast elementor-invisible elementor-widget elementor-widget-heading\" data-id=\"b040fd7\" data-element_type=\"widget\" data-settings=\"{&quot;_animation&quot;:&quot;fadeInUp&quot;}\" data-widget_type=\"heading.default\">\n\t\t\t\t<div class=\"elementor-widget-container\">\n\t\t\t\t\t<h1 class=\"elementor-heading-title elementor-size-default\">Dr\u0105sus pa\u017eadas?\n<\/h1>\t\t\t\t<\/div>\n\t\t\t\t<\/div>\n\t\t\t\t<div class=\"elementor-element elementor-element-62c70a1 animated-fast elementor-widget__width-initial elementor-invisible elementor-widget elementor-widget-text-editor\" data-id=\"62c70a1\" data-element_type=\"widget\" data-settings=\"{&quot;_animation&quot;:&quot;fadeInUp&quot;,&quot;_animation_delay&quot;:200}\" data-widget_type=\"text-editor.default\">\n\t\t\t\t<div class=\"elementor-widget-container\">\n\t\t\t\t\t\t\t\t\t<p>Mes, 16 &#8222;Snabb&#8221; komandos nari\u0173, pa\u017eadame, kad kartais varginan\u010dias (bet galb\u016bt ir malonias) u\u017eduotis vairuojant automobil\u012f padarysime daug patogesnes!<\/p>\n\t\t\t\t\t\t\t\t<\/div>\n\t\t\t\t<\/div>\n\t\t\t\t<\/div>\n\t\t\t\t\t<\/div>\n\t\t\t\t<\/div>\n\t\t\t\t\t<\/div>\n\t\t\t\t<\/div>\n\t\t\t\t<\/div>\n\t\t\t\t<\/section>\n\t\t<section class=\"elementor-element elementor-element-2fa4e2d map_container e-flex e-con-boxed e-con e-parent\" data-id=\"2fa4e2d\" data-element_type=\"container\">\n\t\t\t\t\t<div class=\"e-con-inner\">\n\t\t\t\t<div class=\"elementor-element elementor-element-86f35f5 elementor-invisible elementor-widget elementor-widget-html\" data-id=\"86f35f5\" data-element_type=\"widget\" data-settings=\"{&quot;_animation&quot;:&quot;fadeIn&quot;}\" data-widget_type=\"html.default\">\n\t\t\t\t<div class=\"elementor-widget-container\">\n\t\t\t\t\t<iframe src=\"https:\/\/admin.barking.ee\/static\/map-snabb-style.html?type=PARKING&amp;region=est&amp;language=en\" frameborder=\"0\" allow=\"accelerometer; autoplay; clipboard-write; encrypted-media; gyroscope; picture-in-picture\" allowfullscreen=\"allowfullscreen\" class=\"absolute-cover\" height=\"860\"><\/iframe>\t\t\t\t<\/div>\n\t\t\t\t<\/div>\n\t\t\t\t\t<\/div>\n\t\t\t\t<\/section>\n\t\t\t\t<\/div>\n\t\t","protected":false},"excerpt":{"rendered":"<p>Dr\u0105sus pa\u017eadas? Mes, 16 &#8222;Snabb&#8221; komandos nari\u0173, pa\u017eadame, kad kartais varginan\u010dias (bet galb\u016bt ir malonias) u\u017eduotis vairuojant automobil\u012f padarysime daug patogesnes!<\/p>\n","protected":false},"author":1,"featured_media":1570,"parent":2538,"menu_order":0,"comment_status":"closed","ping_status":"closed","template":"elementor_header_footer","meta":{"footnotes":""},"class_list":["post-2552","page","type-page","status-publish","has-post-thumbnail","hentry"],"_links":{"self":[{"href":"https:\/\/snabb.xyz\/lt\/wp-json\/wp\/v2\/pages\/2552","targetHints":{"allow":["GET"]}}],"collection":[{"href":"https:\/\/snabb.xyz\/lt\/wp-json\/wp\/v2\/pages"}],"about":[{"href":"https:\/\/snabb.xyz\/lt\/wp-json\/wp\/v2\/types\/page"}],"author":[{"embeddable":true,"href":"https:\/\/snabb.xyz\/lt\/wp-json\/wp\/v2\/users\/1"}],"replies":[{"embeddable":true,"href":"https:\/\/snabb.xyz\/lt\/wp-json\/wp\/v2\/comments?post=2552"}],"version-history":[{"count":4,"href":"https:\/\/snabb.xyz\/lt\/wp-json\/wp\/v2\/pages\/2552\/revisions"}],"predecessor-version":[{"id":3174,"href":"https:\/\/snabb.xyz\/lt\/wp-json\/wp\/v2\/pages\/2552\/revisions\/3174"}],"up":[{"embeddable":true,"href":"https:\/\/snabb.xyz\/lt\/wp-json\/wp\/v2\/pages\/2538"}],"wp:featuredmedia":[{"embeddable":true,"href":"https:\/\/snabb.xyz\/lt\/wp-json\/wp\/v2\/media\/1570"}],"wp:attachment":[{"href":"https:\/\/snabb.xyz\/lt\/wp-json\/wp\/v2\/media?parent=2552"}],"curies":[{"name":"wp","href":"https:\/\/api.w.org\/{rel}","templated":true}]}}