{"id":2657,"date":"2024-11-07T23:01:13","date_gmt":"2024-11-07T21:01:13","guid":{"rendered":"https:\/\/snabb.xyz\/jazz-q-kaart\/"},"modified":"2024-12-10T19:44:38","modified_gmt":"2024-12-10T17:44:38","slug":"jazz-q-kaart","status":"publish","type":"page","link":"https:\/\/snabb.xyz\/de\/fuer-autofahrer\/einfuehrung-in-die-dienstleistungen\/jazz-q-kaart\/","title":{"rendered":"Jazz Q-Kaart"},"content":{"rendered":"\t\t<div data-elementor-type=\"wp-page\" data-elementor-id=\"2657\" class=\"elementor elementor-2657\" data-elementor-post-type=\"page\">\n\t\t\t\t<section class=\"elementor-element elementor-element-fe3d64e e-flex e-con-boxed e-con e-parent\" data-id=\"fe3d64e\" data-element_type=\"container\">\n\t\t\t\t\t<div class=\"e-con-inner\">\n\t\t<div class=\"elementor-element elementor-element-d803c60 e-con-full e-flex e-con e-child\" data-id=\"d803c60\" data-element_type=\"container\">\n\t\t\t\t<div class=\"elementor-element elementor-element-e8341a7 elementor-widget__width-initial animated-fast elementor-invisible elementor-widget elementor-widget-heading\" data-id=\"e8341a7\" data-element_type=\"widget\" data-settings=\"{&quot;_animation&quot;:&quot;fadeInUp&quot;}\" data-widget_type=\"heading.default\">\n\t\t\t\t<div class=\"elementor-widget-container\">\n\t\t\t\t\t<h1 class=\"elementor-heading-title elementor-size-default\">Jazz Q-Kaart<\/h1>\t\t\t\t<\/div>\n\t\t\t\t<\/div>\n\t\t\t\t<\/div>\n\t\t\t\t\t<\/div>\n\t\t\t\t<\/section>\n\t\t<div class=\"elementor-element elementor-element-216339b imageSwitcherWrapper e-flex e-con-boxed e-con e-parent\" data-id=\"216339b\" data-element_type=\"container\">\n\t\t\t\t\t<div class=\"e-con-inner\">\n\t\t<div class=\"elementor-element elementor-element-51a9dfa e-con-full animated-fast e-flex elementor-invisible e-con e-child\" data-id=\"51a9dfa\" data-element_type=\"container\" data-settings=\"{&quot;animation&quot;:&quot;fadeIn&quot;}\">\n\t\t\t\t<div class=\"elementor-element elementor-element-068818e imageSwitcherImage elementor-widget elementor-widget-image\" data-id=\"068818e\" data-element_type=\"widget\" data-widget_type=\"image.default\">\n\t\t\t\t<div class=\"elementor-widget-container\">\n\t\t\t\t\t\t\t\t\t\t\t\t\t\t\t<img loading=\"lazy\" decoding=\"async\" loading=\"lazy\" width=\"1088\" height=\"1154\" src=\"https:\/\/snabb.xyz\/wp-content\/uploads\/2024\/11\/jazz1.webp\" class=\"attachment-full size-full wp-image-2109\" alt=\"\" srcset=\"https:\/\/snabb.xyz\/wp-content\/uploads\/2024\/11\/jazz1.webp 1088w, https:\/\/snabb.xyz\/wp-content\/uploads\/2024\/11\/jazz1-283x300.webp 283w, https:\/\/snabb.xyz\/wp-content\/uploads\/2024\/11\/jazz1-965x1024.webp 965w, https:\/\/snabb.xyz\/wp-content\/uploads\/2024\/11\/jazz1-768x815.webp 768w\" sizes=\"auto, (max-width: 1088px) 100vw, 1088px\" \/>\t\t\t\t\t\t\t\t\t\t\t\t\t\t\t<\/div>\n\t\t\t\t<\/div>\n\t\t\t\t<div class=\"elementor-element elementor-element-0fe6cab imageSwitcherImage elementor-widget elementor-widget-image\" data-id=\"0fe6cab\" data-element_type=\"widget\" data-widget_type=\"image.default\">\n\t\t\t\t<div class=\"elementor-widget-container\">\n\t\t\t\t\t\t\t\t\t\t\t\t\t\t\t<img loading=\"lazy\" decoding=\"async\" loading=\"lazy\" width=\"1088\" height=\"1154\" src=\"https:\/\/snabb.xyz\/wp-content\/uploads\/2024\/11\/jazz2.webp\" class=\"attachment-full size-full wp-image-2114\" alt=\"\" srcset=\"https:\/\/snabb.xyz\/wp-content\/uploads\/2024\/11\/jazz2.webp 1088w, https:\/\/snabb.xyz\/wp-content\/uploads\/2024\/11\/jazz2-283x300.webp 283w, https:\/\/snabb.xyz\/wp-content\/uploads\/2024\/11\/jazz2-965x1024.webp 965w, https:\/\/snabb.xyz\/wp-content\/uploads\/2024\/11\/jazz2-768x815.webp 768w\" sizes=\"auto, (max-width: 1088px) 100vw, 1088px\" \/>\t\t\t\t\t\t\t\t\t\t\t\t\t\t\t<\/div>\n\t\t\t\t<\/div>\n\t\t\t\t<div class=\"elementor-element elementor-element-977cd53 imageSwitcherImage elementor-widget elementor-widget-image\" data-id=\"977cd53\" data-element_type=\"widget\" data-widget_type=\"image.default\">\n\t\t\t\t<div class=\"elementor-widget-container\">\n\t\t\t\t\t\t\t\t\t\t\t\t\t\t\t<img loading=\"lazy\" decoding=\"async\" loading=\"lazy\" width=\"1088\" height=\"1154\" src=\"https:\/\/snabb.xyz\/wp-content\/uploads\/2024\/11\/jazz3.webp\" class=\"attachment-full size-full wp-image-2119\" alt=\"\" srcset=\"https:\/\/snabb.xyz\/wp-content\/uploads\/2024\/11\/jazz3.webp 1088w, https:\/\/snabb.xyz\/wp-content\/uploads\/2024\/11\/jazz3-283x300.webp 283w, https:\/\/snabb.xyz\/wp-content\/uploads\/2024\/11\/jazz3-965x1024.webp 965w, https:\/\/snabb.xyz\/wp-content\/uploads\/2024\/11\/jazz3-768x815.webp 768w\" sizes=\"auto, (max-width: 1088px) 100vw, 1088px\" \/>\t\t\t\t\t\t\t\t\t\t\t\t\t\t\t<\/div>\n\t\t\t\t<\/div>\n\t\t\t\t<\/div>\n\t\t<div class=\"elementor-element elementor-element-4c2a95a e-con-full e-flex e-con e-child\" data-id=\"4c2a95a\" data-element_type=\"container\">\n\t\t\t\t<div class=\"elementor-element elementor-element-406089e animated-fast elementor-invisible elementor-widget elementor-widget-heading\" data-id=\"406089e\" data-element_type=\"widget\" data-settings=\"{&quot;_animation&quot;:&quot;fadeInUp&quot;}\" data-widget_type=\"heading.default\">\n\t\t\t\t<div class=\"elementor-widget-container\">\n\t\t\t\t\t<h3 class=\"elementor-heading-title elementor-size-default\">Wie kann ich Q-Kart \u00fcber die Snabb-App kaufen?  <\/h3>\t\t\t\t<\/div>\n\t\t\t\t<\/div>\n\t\t<div class=\"elementor-element elementor-element-40043b9 e-con-full e-flex e-con e-child\" data-id=\"40043b9\" data-element_type=\"container\">\n\t\t<div class=\"elementor-element elementor-element-51088f7 e-con-full image_switcher_tab e-flex e-con e-child\" data-id=\"51088f7\" data-element_type=\"container\">\n\t\t\t\t<div class=\"elementor-element elementor-element-c667ebb elementor-widget elementor-widget-heading\" data-id=\"c667ebb\" data-element_type=\"widget\" data-widget_type=\"heading.default\">\n\t\t\t\t<div class=\"elementor-widget-container\">\n\t\t\t\t\t<h4 class=\"elementor-heading-title elementor-size-default\">Finden Sie eine passende Jazz Laundry in der App  <\/h4>\t\t\t\t<\/div>\n\t\t\t\t<\/div>\n\t\t\t\t<div class=\"elementor-element elementor-element-b2ca048 elementor-widget elementor-widget-text-editor\" data-id=\"b2ca048\" data-element_type=\"widget\" data-widget_type=\"text-editor.default\">\n\t\t\t\t<div class=\"elementor-widget-container\">\n\t\t\t\t\t\t\t\t\t<p>Schalten Sie den W\u00e4schefilter ein und w\u00e4hlen Sie die Jazz Q-Quart Laundry Street, die zu Ihnen passt. (Kadaka Jazz, St. Petersburg Jazz oder Ring Road Jazz). <\/p>\n\t\t\t\t\t\t\t\t<\/div>\n\t\t\t\t<\/div>\n\t\t\t\t<\/div>\n\t\t<div class=\"elementor-element elementor-element-99a3fb0 e-con-full image_switcher_tab e-flex e-con e-child\" data-id=\"99a3fb0\" data-element_type=\"container\">\n\t\t\t\t<div class=\"elementor-element elementor-element-b60633d elementor-widget elementor-widget-heading\" data-id=\"b60633d\" data-element_type=\"widget\" data-widget_type=\"heading.default\">\n\t\t\t\t<div class=\"elementor-widget-container\">\n\t\t\t\t\t<h4 class=\"elementor-heading-title elementor-size-default\">Bereiten Sie Ihre Bestellung vor<\/h4>\t\t\t\t<\/div>\n\t\t\t\t<\/div>\n\t\t\t\t<div class=\"elementor-element elementor-element-1b3c1e6 elementor-widget elementor-widget-text-editor\" data-id=\"1b3c1e6\" data-element_type=\"widget\" data-widget_type=\"text-editor.default\">\n\t\t\t\t<div class=\"elementor-widget-container\">\n\t\t\t\t\t\t\t\t\t<p>Geben Sie die Fahrzeugnummer ein und best\u00e4tigen Sie die Bestellung. Von da an erfolgt die Zahlung alle 30 Tage, bis Sie die Bestellung in der App stornieren. <\/p>\n\t\t\t\t\t\t\t\t<\/div>\n\t\t\t\t<\/div>\n\t\t\t\t<\/div>\n\t\t<div class=\"elementor-element elementor-element-15733f1 e-con-full image_switcher_tab e-flex e-con e-child\" data-id=\"15733f1\" data-element_type=\"container\">\n\t\t\t\t<div class=\"elementor-element elementor-element-b436251 elementor-widget elementor-widget-heading\" data-id=\"b436251\" data-element_type=\"widget\" data-widget_type=\"heading.default\">\n\t\t\t\t<div class=\"elementor-widget-container\">\n\t\t\t\t\t<h4 class=\"elementor-heading-title elementor-size-default\">Genie\u00dfen Sie einen bequemen W\u00e4scheservice  <\/h4>\t\t\t\t<\/div>\n\t\t\t\t<\/div>\n\t\t\t\t<div class=\"elementor-element elementor-element-dcbc5cf elementor-widget elementor-widget-text-editor\" data-id=\"dcbc5cf\" data-element_type=\"widget\" data-widget_type=\"text-editor.default\">\n\t\t\t\t<div class=\"elementor-widget-container\">\n\t\t\t\t\t\t\t\t\t<p>Fahren Sie vor die T\u00fcr des Waschsalons, die Kamera erkennt Ihre Autonummer und der Waschvorgang beginnt. Sie k\u00f6nnen die Autow\u00e4sche alle 3 Tage nutzen. <\/p>\n\t\t\t\t\t\t\t\t<\/div>\n\t\t\t\t<\/div>\n\t\t\t\t<\/div>\n\t\t\t\t<\/div>\n\t\t\t\t<\/div>\n\t\t\t\t\t<\/div>\n\t\t\t\t<\/div>\n\t\t<section class=\"elementor-element elementor-element-cdb9296 e-flex e-con-boxed e-con e-parent\" data-id=\"cdb9296\" data-element_type=\"container\">\n\t\t\t\t\t<div class=\"e-con-inner\">\n\t\t<div class=\"elementor-element elementor-element-868d326 e-con-full e-flex e-con e-child\" data-id=\"868d326\" data-element_type=\"container\">\n\t\t<div class=\"elementor-element elementor-element-93169a9 e-con-full animated-fast e-flex elementor-invisible e-con e-child\" data-id=\"93169a9\" data-element_type=\"container\" data-settings=\"{&quot;animation&quot;:&quot;fadeInUp&quot;,&quot;animation_delay&quot;:300}\">\n\t\t\t\t<div class=\"elementor-element elementor-element-1e009c3 animated-fast elementor-invisible elementor-widget elementor-widget-heading\" data-id=\"1e009c3\" data-element_type=\"widget\" data-settings=\"{&quot;_animation&quot;:&quot;fadeInUp&quot;}\" data-widget_type=\"heading.default\">\n\t\t\t\t<div class=\"elementor-widget-container\">\n\t\t\t\t\t<h2 class=\"elementor-heading-title elementor-size-default\">Q-Card Allgemeine Gesch\u00e4ftsbedingungen  <\/h2>\t\t\t\t<\/div>\n\t\t\t\t<\/div>\n\t\t\t\t<div class=\"elementor-element elementor-element-9001ee3 elementor-widget elementor-widget-text-editor\" data-id=\"9001ee3\" data-element_type=\"widget\" data-widget_type=\"text-editor.default\">\n\t\t\t\t<div class=\"elementor-widget-container\">\n\t\t\t\t\t\t\t\t\t<p>Nutzen Sie den Jazz Q-Card W\u00e4scheservice <b>Jazz Laundry Streets<\/b><\/p>\n<p>K<b>adaka Jazz Pesut\u00e4nav<\/b>, Kadaka Abschlag 60, Tallinn<b>Peterburi Abschlag Jazz Pesut\u00e4nav<\/b>, Peterburi Abschlag 77, Tallinn<b>Ringtee Jazz Pesut\u00e4nav<\/b>, Ringtee 28a, Tartu<\/p>\n<p>Der Jazz Q-Card Waschservice umfasst: Einweichen, Vorw\u00e4sche nach Bedarf*, automatische Hochdruckw\u00e4sche mit Doppelb\u00fcrsten, SoftLine-W\u00e4sche mit weichen Streifenb\u00fcrsten, Trockenwachs, Trocknen, AQUA Dry. *Der Bedarf an Vorw\u00e4sche wird von einem Mitarbeiter von Jazz Laundry ermittelt. <\/p>\n<p><strong>Die voraussichtliche Nutzungs<\/strong> dauer der Jazz Q-Card <strong>betr\u00e4gt 1 Kalendermonat<\/strong> ab dem Datum der Zahlung f\u00fcr den Service.<\/p>\n<p>Bei Jazz Q-Kaart erfolgt die Nutzung und Registrierung des Dienstes anhand des Kennzeichens des Fahrzeugs, das durch das Jazz Q-Kaart Car Wash Nummernerkennungssystem identifiziert wird.<\/p>\n<p>Mit einer Jazz Q-Card k\u00f6nnen Sie <strong>jeden dritten Tag<\/strong> den W\u00e4scheservice nutzen <strong>.<\/strong><\/p>\n<p>&gt; &gt; &gt; Sie k\u00f6nnen die Q-Card direkt in der App abbestellen (Men\u00fc Tickets und Boni Jazz Q-Card abbestellen). Wenn Sie sich abmelden, bleibt die Q-Card bis zum Ende des bezahlten Zeitraums g\u00fcltig.  <\/p>\n\t\t\t\t\t\t\t\t<\/div>\n\t\t\t\t<\/div>\n\t\t\t\t<\/div>\n\t\t\t\t<\/div>\n\t\t\t\t\t<\/div>\n\t\t\t\t<\/section>\n\t\t\t\t<\/div>\n\t\t","protected":false},"excerpt":{"rendered":"<p>Jazz Q-Kaart Wie kann ich Q-Kart \u00fcber die Snabb-App kaufen? Finden Sie eine passende Jazz Laundry in der App Schalten Sie den W\u00e4schefilter ein und w\u00e4hlen Sie die Jazz Q-Quart Laundry Street, die zu Ihnen passt. (Kadaka Jazz, St. Petersburg Jazz oder Ring Road Jazz). Bereiten Sie Ihre Bestellung vor Geben Sie die Fahrzeugnummer ein [&hellip;]<\/p>\n","protected":false},"author":1,"featured_media":1569,"parent":2682,"menu_order":0,"comment_status":"closed","ping_status":"closed","template":"elementor_header_footer","meta":{"footnotes":""},"class_list":["post-2657","page","type-page","status-publish","has-post-thumbnail","hentry"],"_links":{"self":[{"href":"https:\/\/snabb.xyz\/de\/wp-json\/wp\/v2\/pages\/2657","targetHints":{"allow":["GET"]}}],"collection":[{"href":"https:\/\/snabb.xyz\/de\/wp-json\/wp\/v2\/pages"}],"about":[{"href":"https:\/\/snabb.xyz\/de\/wp-json\/wp\/v2\/types\/page"}],"author":[{"embeddable":true,"href":"https:\/\/snabb.xyz\/de\/wp-json\/wp\/v2\/users\/1"}],"replies":[{"embeddable":true,"href":"https:\/\/snabb.xyz\/de\/wp-json\/wp\/v2\/comments?post=2657"}],"version-history":[{"count":1,"href":"https:\/\/snabb.xyz\/de\/wp-json\/wp\/v2\/pages\/2657\/revisions"}],"predecessor-version":[{"id":2658,"href":"https:\/\/snabb.xyz\/de\/wp-json\/wp\/v2\/pages\/2657\/revisions\/2658"}],"up":[{"embeddable":true,"href":"https:\/\/snabb.xyz\/de\/wp-json\/wp\/v2\/pages\/2682"}],"wp:featuredmedia":[{"embeddable":true,"href":"https:\/\/snabb.xyz\/de\/wp-json\/wp\/v2\/media\/1569"}],"wp:attachment":[{"href":"https:\/\/snabb.xyz\/de\/wp-json\/wp\/v2\/media?parent=2657"}],"curies":[{"name":"wp","href":"https:\/\/api.w.org\/{rel}","templated":true}]}}