{"id":2613,"date":"2024-11-04T23:24:49","date_gmt":"2024-11-04T21:24:49","guid":{"rendered":"https:\/\/snabb.xyz\/bedingungen-und-konditionen\/verarbeitung-von-personenbezogenen-daten\/"},"modified":"2024-12-10T19:44:01","modified_gmt":"2024-12-10T17:44:01","slug":"verarbeitung-von-personenbezogenen-daten","status":"publish","type":"page","link":"https:\/\/snabb.xyz\/de\/bedingungen-und-konditionen\/verarbeitung-von-personenbezogenen-daten\/","title":{"rendered":"Verarbeitung von personenbezogenen Daten"},"content":{"rendered":"\t\t<div data-elementor-type=\"wp-page\" data-elementor-id=\"2613\" class=\"elementor elementor-2613 elementor-996\" data-elementor-post-type=\"page\">\n\t\t\t\t<section class=\"elementor-element elementor-element-43889d4 e-flex e-con-boxed e-con e-parent\" data-id=\"43889d4\" data-element_type=\"container\">\n\t\t\t\t\t<div class=\"e-con-inner\">\n\t\t<div class=\"elementor-element elementor-element-2d5db8f e-flex e-con-boxed e-con e-child\" data-id=\"2d5db8f\" data-element_type=\"container\">\n\t\t\t\t\t<div class=\"e-con-inner\">\n\t\t<div class=\"elementor-element elementor-element-ae062c1 e-con-full e-flex e-con e-child\" data-id=\"ae062c1\" data-element_type=\"container\">\n\t\t\t\t<div class=\"elementor-element elementor-element-ec1b590 animated-fast elementor-invisible elementor-widget elementor-widget-heading\" data-id=\"ec1b590\" data-element_type=\"widget\" data-settings=\"{&quot;_animation&quot;:&quot;fadeInUp&quot;}\" data-widget_type=\"heading.default\">\n\t\t\t\t<div class=\"elementor-widget-container\">\n\t\t\t\t\t<h1 class=\"elementor-heading-title elementor-size-default\">Verarbeitung von personenbezogenen Daten\n<\/h1>\t\t\t\t<\/div>\n\t\t\t\t<\/div>\n\t\t<div class=\"elementor-element elementor-element-5d5b62b e-con-full e-flex e-con e-child\" data-id=\"5d5b62b\" data-element_type=\"container\">\n\t\t\t\t<div class=\"elementor-element elementor-element-741c1a9 tingimused_textbox animated-fast elementor-invisible elementor-widget elementor-widget-text-editor\" data-id=\"741c1a9\" data-element_type=\"widget\" data-settings=\"{&quot;_animation&quot;:&quot;fadeInUp&quot;,&quot;_animation_delay&quot;:200}\" data-widget_type=\"text-editor.default\">\n\t\t\t\t<div class=\"elementor-widget-container\">\n\t\t\t\t\t\t\t\t\t<ol>\n<li><strong>Definitionen<\/strong>. Im Sinne dieser Allgemeinen Gesch\u00e4ftsbedingungen bezeichnet der Begriff &#8222;personenbezogene Daten&#8220; den Namen einer nat\u00fcrlichen Person und die Daten, die ihre Identifizierung erm\u00f6glichen (Name, pers\u00f6nlicher Identifikationscode, Geburtsdatum), die Daten eines Ausweises, Kontaktdaten (Adresse, E-Mail, Telefonnummer), Bankverbindung und andere pers\u00f6nliche Daten, die Snabb O\u00dc bekannt geworden sind. Sofern in diesen Allgemeinen Gesch\u00e4ftsbedingungen nicht anders definiert, haben andere gro\u00dfgeschriebene Begriffe die Bedeutung, die ihnen in den Allgemeinen Gesch\u00e4ftsbedingungen von Snabb LLC gegeben wird.  <\/li>\n<li><strong>Verarbeitung von personenbezogenen Daten<\/strong>. Die Verarbeitung personenbezogener Daten ist jeder Vorgang, der mit personenbezogenen Daten durchgef\u00fchrt wird, einschlie\u00dflich des Erfassens, Aufzeichnens, Organisierens, Speicherns, \u00c4nderns und Weitergebens, des Zugriffs, Abfragens und Abrufens, der Verwendung, Weitergabe, gegenseitigen Nutzung, Verkn\u00fcpfung, Sperrung, L\u00f6schung oder Vernichtung oder einer Kombination der vorgenannten Vorg\u00e4nge, unabh\u00e4ngig von den verwendeten Mitteln oder Methoden; <\/li>\n<li><strong>Zielsetzungen<\/strong>. Die Hauptzwecke der Verarbeitung personenbezogener Daten sind die Identifizierung von Parkplatzinhabern und -nutzern, die Kommunikation mit Parkplatzinhabern und -nutzern, die Erf\u00fcllung der von Snabb O\u00dc in den Allgemeinen Gesch\u00e4ftsbedingungen eingegangenen Verpflichtungen und die Bereitstellung des Dienstes, die Bereitstellung der Produkte und Dienstleistungsangebote von Snabb O\u00dc, die Verwaltung und Analyse des Kundenstamms zur Verbesserung der Verf\u00fcgbarkeit, Auswahl, Qualit\u00e4t usw. von Dienstleistungen und Produkten, die Erf\u00fcllung von Zahlungsverpflichtungen und die Erstellung von Angeboten, die Organisation von Kampagnen und Umfragen zur Kundenzufriedenheit sowie die Erf\u00fcllung von Zahlungsverpflichtungen. <\/li>\n<li><strong>Verwendung anderer Quellen<\/strong>. Zus\u00e4tzlich zu den pers\u00f6nlichen Daten, die der Parkplatzinhaber und der Nutzer angeben, hat Snabb O\u00dc das Recht, die pers\u00f6nlichen Daten des Parkplatzinhabers und\/oder des Nutzers mit Daten aus \u00f6ffentlichen Quellen und anderen rechtlich zug\u00e4nglichen Quellen zu \u00fcberpr\u00fcfen und zu erg\u00e4nzen. <\/li>\n<li>Snabb O\u00dc arbeitet mit Personen zusammen, an die sie im Rahmen dieser Zusammenarbeit und zu deren Zwecken Daten, einschlie\u00dflich personenbezogener Daten, in Bezug auf den Inhaber eines Parkplatzes oder den Nutzer \u00fcbermitteln (und auf Anfrage erhalten) kann. Zu diesen Parteien k\u00f6nnen Unternehmen geh\u00f6ren, die Umfragen zur Kundenzufriedenheit durchf\u00fchren, Inkassodienstleister, Zahlungsverzugsregister, IT-Partner, Personen, die Abrechnungsdienste, Postdienste oder andere Dienstleistungen und Produkte vermitteln oder bereitstellen, sowie \u00e4hnliche Institutionen und Organisationen. Snabb O\u00dc \u00fcbertr\u00e4gt, vermietet oder stellt Dritten keine Daten \u00fcber den Stellplatzinhaber oder den Nutzer zur Verf\u00fcgung oder macht sie Dritten zug\u00e4nglich.  <\/li>\n<li><strong>Rechte der betroffenen Person<\/strong>. Der Parkplatzbesitzer und der Nutzer haben bei der Verarbeitung personenbezogener Daten alle Rechte gem\u00e4\u00df dem Gesetz zum Schutz personenbezogener Daten. <\/li>\n<li><strong>Speicherung<\/strong>. Snabb O\u00dc hat das Recht, alle Mitteilungen und Auftr\u00e4ge sowie Informationen und andere Handlungen, die \u00fcber Kommunikationsmittel (E-Mail, Telefon usw.) erteilt werden, aufzuzeichnen und diese Aufzeichnungen gegebenenfalls als Beweis f\u00fcr Auftr\u00e4ge oder andere Handlungen zu verwenden. <\/li>\n<li><strong>Verarbeitung von personenbezogenen Daten<\/strong>. Der Inhaber des Parkplatzes und der Nutzer haben das Recht, jederzeit eine Beschwerde \u00fcber die Verarbeitung ihrer personenbezogenen Daten einzureichen, einschlie\u00dflich der Forderung nach Einstellung der Verarbeitung ihrer personenbezogenen Daten, der Einstellung der Weitergabe oder des Zugriffs auf die personenbezogenen Daten und\/oder der L\u00f6schung oder Vernichtung der gesammelten Daten, wenn sich dieses Recht aus dem Datenschutzgesetz oder anderen Rechtsvorschriften ergibt. Wenn ein Parkplatzinhaber oder Nutzer der Ansicht ist, dass Snabb O\u00dc seine Rechte bei der Verarbeitung personenbezogener Daten verletzt hat, hat er das Recht, bei Snabb O\u00dc die Beendigung der Verletzung zu beantragen. Der Parkplatzinhaber oder der Nutzer hat das Recht, jederzeit gegen Snabb O\u00dc gerichtlich vorzugehen, um seine Rechte aus den personenbezogenen Daten vor der Datenschutzaufsichtsbeh\u00f6rde oder einem Gericht zu sch\u00fctzen.   <\/li>\n<\/ol>\n\t\t\t\t\t\t\t\t<\/div>\n\t\t\t\t<\/div>\n\t\t\t\t<\/div>\n\t\t\t\t<\/div>\n\t\t\t\t\t<\/div>\n\t\t\t\t<\/div>\n\t\t\t\t\t<\/div>\n\t\t\t\t<\/section>\n\t\t\t\t<\/div>\n\t\t","protected":false},"excerpt":{"rendered":"<p>Verarbeitung von personenbezogenen Daten Definitionen. Im Sinne dieser Allgemeinen Gesch\u00e4ftsbedingungen bezeichnet der Begriff &#8222;personenbezogene Daten&#8220; den Namen einer nat\u00fcrlichen Person und die Daten, die ihre Identifizierung erm\u00f6glichen (Name, pers\u00f6nlicher Identifikationscode, Geburtsdatum), die Daten eines Ausweises, Kontaktdaten (Adresse, E-Mail, Telefonnummer), Bankverbindung und andere pers\u00f6nliche Daten, die Snabb O\u00dc bekannt geworden sind. Sofern in diesen Allgemeinen Gesch\u00e4ftsbedingungen [&hellip;]<\/p>\n","protected":false},"author":1,"featured_media":1569,"parent":2590,"menu_order":0,"comment_status":"closed","ping_status":"closed","template":"elementor_header_footer","meta":{"footnotes":""},"class_list":["post-2613","page","type-page","status-publish","has-post-thumbnail","hentry"],"_links":{"self":[{"href":"https:\/\/snabb.xyz\/de\/wp-json\/wp\/v2\/pages\/2613","targetHints":{"allow":["GET"]}}],"collection":[{"href":"https:\/\/snabb.xyz\/de\/wp-json\/wp\/v2\/pages"}],"about":[{"href":"https:\/\/snabb.xyz\/de\/wp-json\/wp\/v2\/types\/page"}],"author":[{"embeddable":true,"href":"https:\/\/snabb.xyz\/de\/wp-json\/wp\/v2\/users\/1"}],"replies":[{"embeddable":true,"href":"https:\/\/snabb.xyz\/de\/wp-json\/wp\/v2\/comments?post=2613"}],"version-history":[{"count":1,"href":"https:\/\/snabb.xyz\/de\/wp-json\/wp\/v2\/pages\/2613\/revisions"}],"predecessor-version":[{"id":2614,"href":"https:\/\/snabb.xyz\/de\/wp-json\/wp\/v2\/pages\/2613\/revisions\/2614"}],"up":[{"embeddable":true,"href":"https:\/\/snabb.xyz\/de\/wp-json\/wp\/v2\/pages\/2590"}],"wp:featuredmedia":[{"embeddable":true,"href":"https:\/\/snabb.xyz\/de\/wp-json\/wp\/v2\/media\/1569"}],"wp:attachment":[{"href":"https:\/\/snabb.xyz\/de\/wp-json\/wp\/v2\/media?parent=2613"}],"curies":[{"name":"wp","href":"https:\/\/api.w.org\/{rel}","templated":true}]}}