{"id":2587,"date":"2024-11-04T23:06:59","date_gmt":"2024-11-04T21:06:59","guid":{"rendered":"https:\/\/snabb.xyz\/bedingungen-fuer-die-nutzung\/"},"modified":"2024-12-10T19:43:57","modified_gmt":"2024-12-10T17:43:57","slug":"bedingungen-fuer-die-nutzung","status":"publish","type":"page","link":"https:\/\/snabb.xyz\/de\/bedingungen-und-konditionen\/bedingungen-fuer-die-nutzung\/","title":{"rendered":"Bedingungen f\u00fcr die Nutzung"},"content":{"rendered":"\t\t<div data-elementor-type=\"wp-page\" data-elementor-id=\"2587\" class=\"elementor elementor-2587 elementor-963\" data-elementor-post-type=\"page\">\n\t\t\t\t<section class=\"elementor-element elementor-element-43889d4 e-flex e-con-boxed e-con e-parent\" data-id=\"43889d4\" data-element_type=\"container\">\n\t\t\t\t\t<div class=\"e-con-inner\">\n\t\t<div class=\"elementor-element elementor-element-2d5db8f e-flex e-con-boxed e-con e-child\" data-id=\"2d5db8f\" data-element_type=\"container\">\n\t\t\t\t\t<div class=\"e-con-inner\">\n\t\t<div class=\"elementor-element elementor-element-ae062c1 e-con-full e-flex e-con e-child\" data-id=\"ae062c1\" data-element_type=\"container\">\n\t\t\t\t<div class=\"elementor-element elementor-element-ec1b590 animated-fast elementor-invisible elementor-widget elementor-widget-heading\" data-id=\"ec1b590\" data-element_type=\"widget\" data-settings=\"{&quot;_animation&quot;:&quot;fadeInUp&quot;}\" data-widget_type=\"heading.default\">\n\t\t\t\t<div class=\"elementor-widget-container\">\n\t\t\t\t\t<h1 class=\"elementor-heading-title elementor-size-default\">Bedingungen f\u00fcr die Nutzung\n<\/h1>\t\t\t\t<\/div>\n\t\t\t\t<\/div>\n\t\t<div class=\"elementor-element elementor-element-5d5b62b e-con-full e-flex e-con e-child\" data-id=\"5d5b62b\" data-element_type=\"container\">\n\t\t\t\t<div class=\"elementor-element elementor-element-741c1a9 tingimused_textbox animated-fast elementor-invisible elementor-widget elementor-widget-text-editor\" data-id=\"741c1a9\" data-element_type=\"widget\" data-settings=\"{&quot;_animation&quot;:&quot;fadeInUp&quot;,&quot;_animation_delay&quot;:200}\" data-widget_type=\"text-editor.default\">\n\t\t\t\t<div class=\"elementor-widget-container\">\n\t\t\t\t\t\t\t\t\t<p><b>Allgemeine Gesch\u00e4ftsbedingungen f\u00fcr die Nutzung der Snabb-Plattform<\/b><\/p>\n<p>Letzte Aktualisierung: 01.04.2022<\/p>\n<p>Die Allgemeinen Gesch\u00e4ftsbedingungen gelten f\u00fcr alle Beziehungen zwischen Snabb und dem Nutzer im Zusammenhang mit der Nutzung der Snabb-Plattform (unten definiert) und dem Abschluss von Nutzervertr\u00e4gen (unten definiert) \u00fcber die Snabb-Plattform. Mit der Anmeldung auf der Snabb-Plattform erkl\u00e4rt sich der Nutzer mit der Anwendung und dem Inhalt dieser Allgemeinen Gesch\u00e4ftsbedingungen einverstanden. <\/p>\n<p><b>DEFINITIONEN<\/b><\/p>\n<\/p>\n<div class=\"table-wrapper wrapper\">\n<table cellspacing=\"0\" cellpadding=\"0\">\n<tbody>\n<tr>\n<td valign=\"top\"><b>Snabb<\/b><\/td>\n<td valign=\"top\">ist Snabb O\u00dc, registriert 12801774, Adresse P\u00e4rnu mnt 148, Tallinn 11317 Estland.<\/td>\n<\/tr>\n<tr>\n<td valign=\"top\"><b>Snabb Plattform<\/b><\/td>\n<td valign=\"top\">ist eine mobile Anwendung und damit verbundene Plattformen, einschlie\u00dflich der Website <a href=\"https:\/\/www.snabb.ee\/\">https:\/\/www.snabb.ee, die<\/a> von Snabb als Dienst der Informationsgesellschaft und virtueller Marktplatz betrieben wird, der es (i) den teilnehmenden Dienstanbietern erm\u00f6glicht, den Nutzern Informationen \u00fcber die Dienste ihres Dienstanbieters zur Verf\u00fcgung zu stellen, so dass die Nutzer in der Lage sind, Dienste zu buchen und zu bestellen, Nutzungsvereinbarungen mit dem Dienstanbieter abzuschlie\u00dfen und f\u00fcr die Dienste zu bezahlen, und (ii) bestimmte andere Funktionen, die Snabb auf der Plattform zur Verf\u00fcgung stellt, wie z. B. den Zugang zu bewachten Parkpl\u00e4tzen.  <\/td>\n<\/tr>\n<tr>\n<td valign=\"top\"><b>Profil von<\/b><\/td>\n<td valign=\"top\">ist jede Person, die ein Benutzerkonto auf der Snabb-Plattform registriert hat und die Dienste der Snabb-Plattform \u00fcber dieses Konto nutzt.<\/td>\n<\/tr>\n<tr>\n<td valign=\"top\"><b>Nutzungsvertrag<\/b><\/td>\n<td valign=\"top\">ist ein Vertrag, der zwischen dem Kunden und dem Dienstanbieter \u00fcber die Snabb-Plattform f\u00fcr die Bereitstellung des vom Kunden bestellten Dienstes in \u00dcbereinstimmung mit den \u00fcber die Snabb-Plattform ver\u00f6ffentlichten und f\u00fcr den Dienst geltenden besonderen Bedingungen geschlossen wird.<\/td>\n<\/tr>\n<tr>\n<td valign=\"top\"><b>Kunde<\/b><\/td>\n<td valign=\"top\">bezeichnet jeden Nutzer der Snabb-Plattform, der eine Bestellung aufgegeben hat und \u00fcber die Plattform einen Nutzungsvertrag mit dem Anbieter abschlie\u00dft.<\/td>\n<\/tr>\n<tr>\n<td valign=\"top\"><b>Service<\/b><\/td>\n<td valign=\"top\">ist eine Dienstleistung, die von einem Dienstanbieter \u00fcber die Snabb-Plattform erbracht wird, einschlie\u00dflich (i) der Bereitstellung von Parkpl\u00e4tzen f\u00fcr den Benutzer eines Kraftfahrzeugs (einschlie\u00dflich Parkpl\u00e4tzen in Garagen, auf Parkpl\u00e4tzen und auf st\u00e4dtischen Stra\u00dfen), (ii) der Bereitstellung von Autowaschanlagen und damit verbundenen Dienstleistungen und (iii) anderer Dienstleistungen, die Dienstanbieter von Zeit zu Zeit \u00fcber die Snabb-Plattform anbieten k\u00f6nnen.   <\/td>\n<\/tr>\n<tr>\n<td valign=\"top\"><b>Dienstanbieter<\/b><\/td>\n<td valign=\"top\">bezeichnet jedes Unternehmen, das den Kunden \u00fcber die Snabb-Plattform Dienstleistungen anbietet.<\/td>\n<\/tr>\n<tr>\n<td valign=\"top\"><b>Servicegeb\u00fchr<\/b><\/td>\n<td valign=\"top\">ist der Preis und\/oder die Geb\u00fchr (ggf. zusammen mit anwendbaren Umsatz-, Einkommens- oder anderen Steuern), die der Kunde dem Anbieter f\u00fcr den bestellten Service zu zahlen bereit ist.<\/td>\n<\/tr>\n<tr>\n<td valign=\"top\"><b>Bestellformular<\/b><\/td>\n<td valign=\"top\">ist ein Auftrag, den der Kunde dem Dienstanbieter \u00fcber die Snabb-Plattform f\u00fcr die Buchung und Nutzung des Dienstes erteilt.<\/td>\n<\/tr>\n<tr>\n<td valign=\"top\"><b>Zus\u00e4tzliche Bedingungen und Konditionen<\/b><\/td>\n<td valign=\"top\">sind alle zus\u00e4tzlichen Bedingungen, die f\u00fcr einen bestimmten Dienst gelten, der \u00fcber die Snabb-Plattform angeboten wird, oder die vom Anbieter zum Zeitpunkt der Bereitstellung des Dienstes bereitgestellt werden.<\/td>\n<\/tr>\n<tr>\n<td valign=\"top\"><b>Allgemeine Gesch\u00e4ftsbedingungen (AGB)<\/b><\/td>\n<td valign=\"top\">sind die allgemeinen Gesch\u00e4ftsbedingungen, die f\u00fcr die Beziehung zwischen Snabb und dem Kunden in Bezug auf die Nutzung der Snabb-Plattform durch den Kunden gelten.<\/td>\n<\/tr>\n<\/tbody>\n<\/table>\n<\/div>\n<ol>\n<li><b>RECHTLICHER RAHMEN<\/b>\n<ol>\n<li>Die Snabb-Plattform erm\u00f6glicht es Nutzern, Dienste bei Dienstanbietern zu buchen und zu bestellen.<\/li>\n<li>F\u00fcr die Bereitstellung des Dienstes \u00fcber die Snabb-Plattform wird ein Nutzungsvertrag direkt zwischen dem Kunden und dem Dienstanbieter geschlossen. Der Nutzungsvertrag gilt ab dem Zeitpunkt der Best\u00e4tigung des Auftrags auf der Snabb-Plattform als abgeschlossen. <\/li>\n<li>Bei der Verwaltung der Snabb-Plattform handelt Snabb ausschlie\u00dflich als Dienstleister der Informationsgesellschaft und ist keine Partei der Nutzungsvereinbarung. Snabb ist kein Anbieter der Dienste und ist in keiner Weise f\u00fcr die Bereitstellung des Dienstes verantwortlich. <\/li>\n<li>Absatz 2.3 gilt nicht, soweit Snabb selbst als Parkservice-Anbieter f\u00fcr bestimmte Parkpl\u00e4tze auftritt. In diesem Fall handelt Snabb als Service-Anbieter und unterliegt den entsprechenden Rechten und Pflichten.<\/li>\n<li>Bei der Verwaltung der Snabb-Plattform handelt Snabb als Vermittler f\u00fcr die Dienstanbieter in Bezug auf die Vermittlung von Nutzervertr\u00e4gen zwischen den Dienstanbietern und den Kunden. Jeder Dienstanbieter hat Snabb als Vermittler erm\u00e4chtigt, Zahlungen von Kunden im Namen des jeweiligen Dienstanbieters entgegenzunehmen und die erhaltenen Gelder vorbehaltlich der vereinbarten Abz\u00fcge an die Dienstanbieter weiterzuleiten. <\/li>\n<li>Zus\u00e4tzlich zu diesen Allgemeinen Gesch\u00e4ftsbedingungen k\u00f6nnen f\u00fcr die Buchung, Bestellung und Bezahlung bestimmter Dienste zus\u00e4tzliche Bedingungen gelten, die f\u00fcr den jeweiligen Dienst spezifisch sind. Indem er den entsprechenden Service abonniert, best\u00e4tigt der Kunde, dass er die zus\u00e4tzlichen Bedingungen gelesen und verstanden hat und sich mit ihnen einverstanden erkl\u00e4rt. <\/li>\n<\/ol>\n<\/li>\n<li><b>SNABB PLATVORM<\/b>\n<ol>\n<li>Snabb unternimmt angemessene Anstrengungen, um die Verf\u00fcgbarkeit der Dienste 24 Stunden am Tag, sieben Tage die Woche zu gew\u00e4hrleisten, garantiert jedoch nicht die l\u00fcckenlose Verf\u00fcgbarkeit der Dienste. Der Zugang zu den Diensten kann unter anderem wegen routinem\u00e4\u00dfiger oder notfallm\u00e4\u00dfiger Wartungsarbeiten beeintr\u00e4chtigt werden. <\/li>\n<li>Snabb kann jederzeit und ohne Vorank\u00fcndigung Teile der Snabb-Plattform \u00e4ndern oder entfernen, die Merkmale und Funktionen der Snabb-Plattform \u00e4ndern und einzelne oder alle Dienstanbieter auf der Snabb-Plattform hinzuf\u00fcgen oder entfernen.<\/li>\n<li>Die Snabb-Plattform kann Links zu anderen Websites und Diensten oder Inhalten Dritter enthalten. Snabb billigt damit keine verlinkten Websites, Inhalte Dritter oder Informationen, Materialien, Produkte oder Dienstleistungen, die sich auf diesen Websites befinden oder \u00fcber diese Links zug\u00e4nglich sind. Der Zugang zu und die Nutzung von verlinkten Websites sowie die Nutzung von Informationen, Materialien, Produkten und Dienstleistungen, die auf diesen Websites enthalten oder \u00fcber diese verf\u00fcgbar sind, erfolgt auf eigenes Risiko des Kunden.  <\/li>\n<\/ol>\n<\/li>\n<li><b>BENUTZERKONTEN<\/b>\n<ol>\n<li>Um auf die Snabb-Plattform zuzugreifen, erstellt der Nutzer ein Benutzerkonto, meldet sich \u00fcber eine Schnittstelle eines Drittanbieters (wie z.B. Google, Facebook, Apple usw.), \u00fcber eine Mobilfunknummer oder eine andere \u00fcber die Snabb-Plattform aktivierte Methode bei der Snabb-Plattform an.<\/li>\n<li>Mit dem Anlegen eines Benutzerkontos oder dem Einloggen auf der Snabb-Plattform wird davon ausgegangen, dass der Benutzer diese Allgemeinen Gesch\u00e4ftsbedingungen akzeptiert hat.<\/li>\n<li>Der Benutzer garantiert, dass alle Informationen, die er bei der Erstellung eines Benutzerkontos oder bei der Anmeldung auf der Snabb-Plattform angibt, wahrheitsgem\u00e4\u00df, genau und vollst\u00e4ndig sind und dass alle Konten Dritter, die f\u00fcr die Anmeldung verwendet werden, dem Benutzer geh\u00f6ren.<\/li>\n<li>Der Benutzer behandelt die Details des Benutzerkontos vertraulich. Der Nutzer ist verpflichtet, Snabbit \u00fcber jede Verletzung der Sicherheit oder unbefugte Nutzung des Nutzerkontos unverz\u00fcglich zu informieren, sobald er von einer solchen Verletzung Kenntnis erlangt. <\/li>\n<li>Wenn der Nutzer den Verdacht hat, dass seine Kreditkarte oder ein anderes mit der Snabb-Plattform verbundenes Zahlungsinstrument gestohlen wurde und\/oder von einem Dritten zu Betrugszwecken verwendet wird, muss der Nutzer Snabb unverz\u00fcglich dar\u00fcber informieren. Solange diese Benachrichtigung nicht eingegangen ist, haftet Snabb nicht f\u00fcr die betr\u00fcgerische Verwendung der Kreditkarte des Nutzers durch Dritte auf dem Konto des Nutzers. <\/li>\n<li>Wenn die Handynummer eines Benutzers f\u00fcr die Anmeldung auf der Snabb-Plattform verwendet wird, wird die Handynummer des Benutzers mit einem bestimmten Benutzerkonto verkn\u00fcpft und der Snabb-Datenbank hinzugef\u00fcgt. Wenn der Benutzer diese Handynummer nicht mehr verwendet, muss er Snabb unverz\u00fcglich informieren, damit die Kontodaten des Benutzers anonymisiert werden k\u00f6nnen. Wenn der Benutzer Snabbit nicht \u00fcber \u00c4nderungen der Handynummer informiert, kann die Handynummer vom Mobilfunkbetreiber der n\u00e4chsten Person zugewiesen werden, die die Daten des Benutzers bei der Anmeldung auf der Snabb-Plattform sehen kann.  <\/li>\n<\/ol>\n<\/li>\n<li><b>AUFTR\u00c4GE ERTEILEN, BEZAHLEN UND ABWICKELN<\/b>\n<ol>\n<li>Der Kunde kann \u00fcber die Snabb-Plattform Dienste ausw\u00e4hlen und bestellen. Der Kunde hat nicht die M\u00f6glichkeit, das Abonnement zu k\u00fcndigen oder davon zur\u00fcckzutreten. <\/li>\n<li>Der Kunde ist verpflichtet, dem Anbieter die Servicegeb\u00fchr in der H\u00f6he zu zahlen, die zum Zeitpunkt der Auftragsbest\u00e4tigung auf der Snabb-Plattform angegeben ist, zuz\u00fcglich etwaiger Vertragsstrafen oder \u00c4nderungen des Betrags der Servicegeb\u00fchr, zu deren Zahlung der Kunde gem\u00e4\u00df diesen Allgemeinen Gesch\u00e4ftsbedingungen oder zus\u00e4tzlichen Bedingungen (einschlie\u00dflich, aber nicht beschr\u00e4nkt auf die Bedingungen f\u00fcr die Nutzung des Parkservice) verpflichtet ist. Die auf der Snabb-Plattform angezeigten Servicegeb\u00fchren k\u00f6nnen von den Preisen und Geb\u00fchren abweichen, die am Standort des Anbieters angezeigt werden. Die auf der Snabb-Plattform angegebenen Servicegeb\u00fchren k\u00f6nnen sich von Zeit zu Zeit vor der \u00dcbermittlung einer Bestellung \u00e4ndern.  <\/li>\n<li>Snabb ist berechtigt, am Ende des betreffenden Kalendermonats, in dem die Handlung oder Unterlassung des Kunden, die zu der Vertragsstrafe oder dem ge\u00e4nderten Betrag der Servicegeb\u00fchr gef\u00fchrt hat, stattgefunden hat, eine Vertragsstrafe und einen ge\u00e4nderten Betrag der Servicegeb\u00fchr vom Kunden zu verlangen.<\/li>\n<li>Snabb wird als Vertreter des Anbieters im Namen des Anbieters eine Rechnung oder einen informativen Scheck \u00fcber die Servicegeb\u00fchr an den Kunden ausstellen und die Zahlung der Rechnungen des Kunden im Namen des Anbieters annehmen. Snabb ist erm\u00e4chtigt, die Servicegeb\u00fchren im Namen des Anbieters beim Kunden einzuziehen und die Betr\u00e4ge (vorbehaltlich etwaiger vereinbarter Abz\u00fcge) an den entsprechenden Vertreter weiterzuleiten. <\/li>\n<li>Alle Zahlungen werden von der Bankkarte des Kunden oder einem anderen vom Nutzer auf der Snabb-Plattform eingegebenen Zahlungsinstrument abgewickelt. Die Zahlungen werden \u00fcber einen dritten Zahlungsvermittler abgewickelt. Mit der Best\u00e4tigung der Bestellung autorisiert der Kunde die Zahlung mit seiner Bankkarte oder einem anderen geeigneten Zahlungsinstrument in H\u00f6he der Servicegeb\u00fchr, woraufhin der entsprechende Betrag auf der Bankkarte des Kunden oder einem anderen Zahlungsinstrument reserviert wird. Die Zahlung im Zusammenhang mit der Bestellung erfolgt innerhalb von 72 Stunden nach Best\u00e4tigung der Bestellung und wird von der Bankkarte oder einem anderen Zahlungsmittel des Kunden abgebucht.   <\/li>\n<li>Bevor Sie den Service nutzen, wird eine Testzahlung von der Bankkarte des Kunden durchgef\u00fchrt, um die Richtigkeit der Zahlungsdaten und die Funktionalit\u00e4t der Karte zu \u00fcberpr\u00fcfen. Der Betrag der Testzahlung entspricht der t\u00e4glichen Parkgeb\u00fchr f\u00fcr Parkdienste und 5 \u20ac f\u00fcr Autovermietungsdienste. Die Testzahlung wird dem Kunden zur\u00fcckerstattet, sobald sie get\u00e4tigt wurde.  <\/li>\n<li>Die Zahlungsverpflichtungen des Kunden aus der Nutzungsvereinbarung gelten gegen\u00fcber dem Anbieter als erf\u00fcllt, wenn Snabb die Servicegeb\u00fchr auf der Kreditkarte des Kunden einbehalten und den entsprechenden Betrag von der Kreditkarte des Kunden abgebucht hat oder wenn die Zahlung mit einem anderen geeigneten Zahlungsmittel erfolgt ist. Wenn die Servicegeb\u00fchr nicht von der Kreditkarte des Kunden abgebucht werden kann, wird der Auftrag nicht an den Anbieter weitergeleitet. <\/li>\n<\/ol>\n<\/li>\n<li><b>REPLIES<\/b>\n<ol>\n<li>Wenn der Kunde Beschwerden bez\u00fcglich der Dienste hat, wird ihm empfohlen, sich direkt an den jeweiligen Dienstanbieter zu wenden, indem er die auf der Snabb-Plattform angegebenen Kontaktdaten verwendet.<\/li>\n<li>Der Kunde kann Snabbit jedoch auch zum fr\u00fchestm\u00f6glichen Zeitpunkt, sp\u00e4testens jedoch einen Monat nach Bereitstellung des betreffenden Dienstes, \u00fcber die Beschwerde informieren. In einem solchen Fall kann Snabb Beweise oder eine Kl\u00e4rung der Umst\u00e4nde der Beschwerde verlangen. Obwohl Snabb nicht der Anbieter des Dienstes ist und nicht f\u00fcr die Bereitstellung des Dienstes verantwortlich ist, kann Snabb versuchen, eine g\u00fctliche L\u00f6sung zwischen dem Kunden und dem Dienstanbieter zu vermitteln.  <\/li>\n<\/ol>\n<\/li>\n<li><b>STORNIERUNG UND AUSSETZUNG<\/b>\n<ol>\n<li>Snabb ist berechtigt, den Kunden sofort von der Snabb-Plattform zu entfernen und\/oder Bestellungen abzulehnen oder zu stornieren, wenn der Kunde die Snabb-Plattform missbraucht oder ihr Schaden zuf\u00fcgt, wenn Snabb berechtigten Grund zu der Annahme hat, dass der Kunde im Rahmen der Nutzung der Snabb-Plattform Betrug begangen hat oder wenn der Kunde anderweitig seinen Verpflichtungen aus den Allgemeinen Gesch\u00e4ftsbedingungen nicht nachkommt.<\/li>\n<\/ol>\n<\/li>\n<li><b>LIZENZIERUNG, GEISTIGE EIGENTUMSRECHTE UND DATENVERARBEITUNG<\/b>\n<ol>\n<li>Mit der Registrierung auf der Snabb-Plattform gew\u00e4hrt Snabb dem Nutzer eine widerrufliche, nicht exklusive, nicht \u00fcbertragbare, nicht unterlizenzierbare und nicht ausschlie\u00dfliche Lizenz zur Nutzung der Snabb-Plattform zum Zwecke der Bestellung und Bezahlung der Dienste.<\/li>\n<li>Alle Rechte am geistigen Eigentum an Software, Dokumenten oder Informationen, die von oder im Namen von Snabb im Rahmen der Bereitstellung der Dienste der Informationsgesellschaft gem\u00e4\u00df den Allgemeinen Gesch\u00e4ftsbedingungen verwendet oder entwickelt werden (einschlie\u00dflich der Snabb-Plattform und aller auf sie hochgeladenen Materialien), geh\u00f6ren Snabb. Es ist dem Nutzer nicht gestattet, den Quellcode der Snabb-Plattform oder anderer von Baring verwendeter Software zu kopieren, zu modifizieren, anzupassen, zur\u00fcckzuentwickeln, zu dekompilieren oder anderweitig zu identifizieren oder Daten der Snabb-Plattform f\u00fcr kommerzielle Zwecke oder f\u00fcr einen anderen Zweck als die beabsichtigte Nutzung der Snabb-Plattform zu verwenden. Der Nutzer darf die Snabb-Plattform nur f\u00fcr seine eigenen pers\u00f6nlichen, nicht-kommerziellen Zwecke nutzen.  <\/li>\n<li>Die Grunds\u00e4tze f\u00fcr die Verarbeitung personenbezogener Daten von Nutzern und Kunden sind in den Datenschutzrichtlinien auf der Snabb-Plattform dargelegt.<\/li>\n<\/ol>\n<\/li>\n<li><b>VERANTWORTUNG<\/b>\n<ol>\n<li>Der Anbieter tr\u00e4gt die alleinige Verantwortung f\u00fcr etwaige M\u00e4ngel oder Probleme, die in dem bestellten Dienst oder in Verbindung damit auftreten, sowie f\u00fcr etwaige andere Unzul\u00e4nglichkeiten bei der Erf\u00fcllung der Nutzungsvereinbarung, und Snabb \u00fcbernimmt daf\u00fcr keine Haftung.<\/li>\n<li>Die Snabb-Plattform wird dem Benutzer nur in der vorliegenden Form und nach Verf\u00fcgbarkeit zur Verf\u00fcgung gestellt. Snabb haftet nicht f\u00fcr Unterbrechungen, Verbindungsfehler, die Unm\u00f6glichkeit der Nutzung oder Ausf\u00e4lle der Snabb-Plattform. Snabb gibt keinerlei Zusicherungen, Garantien oder Versprechen in Bezug auf die Eigenschaften, Funktionen oder die Qualit\u00e4t der Snabb-Plattform, einschlie\u00dflich des Vorhandenseins offensichtlicher oder verborgener M\u00e4ngel und der Eignung f\u00fcr einen bestimmten Zweck.  <\/li>\n<li>Snabb und der Kunde haften gegen\u00fcber der jeweils anderen Partei nur f\u00fcr den direkten finanziellen Verlust, den die andere Partei auf welcher Grundlage auch immer (einschlie\u00dflich der Allgemeinen Gesch\u00e4ftsbedingungen oder anderweitig) erlitten hat. Keine der Parteien haftet f\u00fcr Einkommensverluste, entgangene Gesch\u00e4ftsm\u00f6glichkeiten, erwartete Einsparungen oder Gewinne oder andere indirekte Verluste. <\/li>\n<li>Die Gesamthaftung von Snabb gegen\u00fcber dem Kunden im Zusammenhang mit der Nutzung der Snabb-Plattform oder anderweitig ist auf einen Betrag begrenzt, der der H\u00f6he der vom Kunden in den letzten sechs Monaten vor dem Datum des Anspruchs gezahlten Geb\u00fchren entspricht.<\/li>\n<li>Die in diesen Allgemeinen Gesch\u00e4ftsbedingungen festgelegten Haftungsbeschr\u00e4nkungen gelten nicht, wenn der Schaden vors\u00e4tzlich oder grob fahrl\u00e4ssig verursacht wurde.<\/li>\n<\/ol>\n<\/li>\n<li><b>ANDERE ST\u00c4DTE<\/b>\n<ol>\n<li>Snabb beh\u00e4lt sich das Recht vor, jederzeit \u00c4nderungen an den Allgemeinen Gesch\u00e4ftsbedingungen vorzunehmen, indem es die ge\u00e4nderten Allgemeinen Gesch\u00e4ftsbedingungen auf die Snabb-Plattform hochl\u00e4dt und alle Nutzer \u00fcber die vom Nutzer bei der Anmeldung angegebene E-Mail-Adresse oder Telefonnummer dar\u00fcber informiert. Snabb ist ebenfalls berechtigt, \u00c4nderungen an den zus\u00e4tzlichen Bedingungen vorzunehmen, indem es die Kunden benachrichtigt (sofern eine solche Benachrichtigung angemessen ist). <\/li>\n<li>F\u00fcr die Nutzung der Snabb-Plattform und f\u00fcr alle auf dieser Grundlage begr\u00fcndeten Rechtsverh\u00e4ltnisse gilt das estnische materielle Recht. Dar\u00fcber hinaus kann der Verbraucherkunde die Rechte aus\u00fcben, die nach dem geltenden Recht zwingend erforderlich sind. <\/li>\n<li>Falls eine Streitigkeit, die sich aus den Allgemeinen Gesch\u00e4ftsbedingungen ergibt, nicht durch Verhandlungen beigelegt werden kann, wird die Streitigkeit endg\u00fcltig vor dem Amtsgericht Harju, Tallinn, Estland, entschieden. Im Falle eines Verbraucherkunden bestimmt sich die Zust\u00e4ndigkeit nach den Bestimmungen, die von Rechts wegen auf den Verbraucher anwendbar sind. <\/li>\n<li>Wenn die Allgemeinen Gesch\u00e4ftsbedingungen in einer anderen Sprache abgefasst sind, ist die englische Version ma\u00dfgebend.<\/li>\n<\/ol>\n<\/li>\n<\/ol>\n\t\t\t\t\t\t\t\t<\/div>\n\t\t\t\t<\/div>\n\t\t\t\t<\/div>\n\t\t\t\t<\/div>\n\t\t\t\t\t<\/div>\n\t\t\t\t<\/div>\n\t\t\t\t\t<\/div>\n\t\t\t\t<\/section>\n\t\t\t\t<\/div>\n\t\t","protected":false},"excerpt":{"rendered":"<p>Bedingungen f\u00fcr die Nutzung Allgemeine Gesch\u00e4ftsbedingungen f\u00fcr die Nutzung der Snabb-Plattform Letzte Aktualisierung: 01.04.2022 Die Allgemeinen Gesch\u00e4ftsbedingungen gelten f\u00fcr alle Beziehungen zwischen Snabb und dem Nutzer im Zusammenhang mit der Nutzung der Snabb-Plattform (unten definiert) und dem Abschluss von Nutzervertr\u00e4gen (unten definiert) \u00fcber die Snabb-Plattform. Mit der Anmeldung auf der Snabb-Plattform erkl\u00e4rt sich der Nutzer [&hellip;]<\/p>\n","protected":false},"author":1,"featured_media":1569,"parent":2590,"menu_order":0,"comment_status":"closed","ping_status":"closed","template":"elementor_header_footer","meta":{"footnotes":""},"class_list":["post-2587","page","type-page","status-publish","has-post-thumbnail","hentry"],"_links":{"self":[{"href":"https:\/\/snabb.xyz\/de\/wp-json\/wp\/v2\/pages\/2587","targetHints":{"allow":["GET"]}}],"collection":[{"href":"https:\/\/snabb.xyz\/de\/wp-json\/wp\/v2\/pages"}],"about":[{"href":"https:\/\/snabb.xyz\/de\/wp-json\/wp\/v2\/types\/page"}],"author":[{"embeddable":true,"href":"https:\/\/snabb.xyz\/de\/wp-json\/wp\/v2\/users\/1"}],"replies":[{"embeddable":true,"href":"https:\/\/snabb.xyz\/de\/wp-json\/wp\/v2\/comments?post=2587"}],"version-history":[{"count":1,"href":"https:\/\/snabb.xyz\/de\/wp-json\/wp\/v2\/pages\/2587\/revisions"}],"predecessor-version":[{"id":2588,"href":"https:\/\/snabb.xyz\/de\/wp-json\/wp\/v2\/pages\/2587\/revisions\/2588"}],"up":[{"embeddable":true,"href":"https:\/\/snabb.xyz\/de\/wp-json\/wp\/v2\/pages\/2590"}],"wp:featuredmedia":[{"embeddable":true,"href":"https:\/\/snabb.xyz\/de\/wp-json\/wp\/v2\/media\/1569"}],"wp:attachment":[{"href":"https:\/\/snabb.xyz\/de\/wp-json\/wp\/v2\/media?parent=2587"}],"curies":[{"name":"wp","href":"https:\/\/api.w.org\/{rel}","templated":true}]}}