{"id":2547,"date":"2024-11-03T02:03:48","date_gmt":"2024-11-03T00:03:48","guid":{"rendered":"https:\/\/snabb.xyz\/parkhaus-manager\/"},"modified":"2025-05-28T11:39:29","modified_gmt":"2025-05-28T09:39:29","slug":"parkhaus-manager","status":"publish","type":"page","link":"https:\/\/snabb.xyz\/de\/kontakt\/stellenangebote\/parkhaus-manager\/","title":{"rendered":"Parkhaus Manager"},"content":{"rendered":"\t\t<div data-elementor-type=\"wp-page\" data-elementor-id=\"2547\" class=\"elementor elementor-2547 elementor-770\" data-elementor-post-type=\"page\">\n\t\t\t\t<section class=\"elementor-element elementor-element-236c055 e-con-full e-flex e-con e-parent\" data-id=\"236c055\" data-element_type=\"container\">\n\t\t<div class=\"elementor-element elementor-element-4e705f5 e-con-full e-flex e-con e-child\" data-id=\"4e705f5\" data-element_type=\"container\">\n\t\t<div class=\"elementor-element elementor-element-6df7460 e-flex e-con-boxed e-con e-child\" data-id=\"6df7460\" data-element_type=\"container\" data-settings=\"{&quot;background_background&quot;:&quot;classic&quot;}\">\n\t\t\t\t\t<div class=\"e-con-inner\">\n\t\t<div class=\"elementor-element elementor-element-1730906 e-flex e-con-boxed e-con e-child\" data-id=\"1730906\" data-element_type=\"container\">\n\t\t\t\t\t<div class=\"e-con-inner\">\n\t\t<div class=\"elementor-element elementor-element-163bc8d e-con-full e-flex e-con e-child\" data-id=\"163bc8d\" data-element_type=\"container\">\n\t\t<div class=\"elementor-element elementor-element-f895d8e e-con-full e-flex e-con e-child\" data-id=\"f895d8e\" data-element_type=\"container\" data-settings=\"{&quot;sticky&quot;:&quot;top&quot;,&quot;sticky_on&quot;:[&quot;desktop&quot;,&quot;tablet&quot;],&quot;sticky_offset&quot;:140,&quot;sticky_offset_tablet&quot;:80,&quot;sticky_parent&quot;:&quot;yes&quot;,&quot;sticky_effects_offset&quot;:0,&quot;sticky_anchor_link_offset&quot;:0}\">\n\t\t\t\t<div class=\"elementor-element elementor-element-b040fd7 animated-fast elementor-invisible elementor-widget elementor-widget-heading\" data-id=\"b040fd7\" data-element_type=\"widget\" data-settings=\"{&quot;_animation&quot;:&quot;fadeInUp&quot;}\" data-widget_type=\"heading.default\">\n\t\t\t\t<div class=\"elementor-widget-container\">\n\t\t\t\t\t<h3 class=\"elementor-heading-title elementor-size-default\">Mitmachen<\/h3>\t\t\t\t<\/div>\n\t\t\t\t<\/div>\n\t\t\t\t<div class=\"elementor-element elementor-element-883d75b animated-fast elementor-invisible elementor-widget elementor-widget-heading\" data-id=\"883d75b\" data-element_type=\"widget\" data-settings=\"{&quot;_animation&quot;:&quot;fadeInUp&quot;}\" data-widget_type=\"heading.default\">\n\t\t\t\t<div class=\"elementor-widget-container\">\n\t\t\t\t\t<h1 class=\"elementor-heading-title elementor-size-default\">Parkhaus Manager<\/h1>\t\t\t\t<\/div>\n\t\t\t\t<\/div>\n\t\t\t\t<div class=\"elementor-element elementor-element-1e664cb animated-fast elementor-invisible elementor-widget elementor-widget-heading\" data-id=\"1e664cb\" data-element_type=\"widget\" data-settings=\"{&quot;_animation&quot;:&quot;fadeInUp&quot;}\" data-widget_type=\"heading.default\">\n\t\t\t\t<div class=\"elementor-widget-container\">\n\t\t\t\t\t<p class=\"elementor-heading-title elementor-size-default\">Standort:Tallinn, Tartu, P\u00e4rnu  <\/p>\t\t\t\t<\/div>\n\t\t\t\t<\/div>\n\t\t<div class=\"elementor-element elementor-element-6234d6f e-con-full animated-fast e-flex elementor-invisible e-con e-child\" data-id=\"6234d6f\" data-element_type=\"container\" data-settings=\"{&quot;animation&quot;:&quot;fadeIn&quot;}\">\n\t\t\t\t<div class=\"elementor-element elementor-element-d37c251 elementor-widget elementor-widget-heading\" data-id=\"d37c251\" data-element_type=\"widget\" data-widget_type=\"heading.default\">\n\t\t\t\t<div class=\"elementor-widget-container\">\n\t\t\t\t\t<span class=\"elementor-heading-title elementor-size-default\">Teilen Sie eine Stellenanzeige:  <\/span>\t\t\t\t<\/div>\n\t\t\t\t<\/div>\n\t\t<div class=\"elementor-element elementor-element-9a654a5 e-con-full e-flex e-con e-child\" data-id=\"9a654a5\" data-element_type=\"container\">\n\t\t\t\t<div class=\"elementor-element elementor-element-72c3c95 elementor-share-buttons--skin-minimal elementor-share-buttons--shape-rounded elementor-share-buttons--color-custom custom_social_share elementor-share-buttons--view-icon-text elementor-grid-0 elementor-widget elementor-widget-share-buttons\" data-id=\"72c3c95\" data-element_type=\"widget\" data-widget_type=\"share-buttons.default\">\n\t\t\t\t<div class=\"elementor-widget-container\">\n\t\t\t\t\t\t\t<div class=\"elementor-grid\">\n\t\t\t\t\t\t\t\t<div class=\"elementor-grid-item\">\n\t\t\t\t\t\t<div\n\t\t\t\t\t\t\tclass=\"elementor-share-btn elementor-share-btn_facebook\"\n\t\t\t\t\t\t\trole=\"button\"\n\t\t\t\t\t\t\ttabindex=\"0\"\n\t\t\t\t\t\t\taria-label=\"Teilen auf facebook\"\n\t\t\t\t\t\t>\n\t\t\t\t\t\t\t\t\t\t\t\t\t\t\t<span class=\"elementor-share-btn__icon\">\n\t\t\t\t\t\t\t\t<svg class=\"e-font-icon-svg e-fab-facebook\" viewBox=\"0 0 512 512\" xmlns=\"http:\/\/www.w3.org\/2000\/svg\"><path d=\"M504 256C504 119 393 8 256 8S8 119 8 256c0 123.78 90.69 226.38 209.25 245V327.69h-63V256h63v-54.64c0-62.15 37-96.48 93.67-96.48 27.14 0 55.52 4.84 55.52 4.84v61h-31.28c-30.8 0-40.41 19.12-40.41 38.73V256h68.78l-11 71.69h-57.78V501C413.31 482.38 504 379.78 504 256z\"><\/path><\/svg>\t\t\t\t\t\t\t<\/span>\n\t\t\t\t\t\t\t\t\t\t\t\t\t\t\t\t\t\t\t\t\t\t<div class=\"elementor-share-btn__text\">\n\t\t\t\t\t\t\t\t\t\t\t\t\t\t\t\t\t\t\t<span class=\"elementor-share-btn__title\">\n\t\t\t\t\t\t\t\t\t\tFacebook\t\t\t\t\t\t\t\t\t<\/span>\n\t\t\t\t\t\t\t\t\t\t\t\t\t\t\t\t\t<\/div>\n\t\t\t\t\t\t\t\t\t\t\t\t\t<\/div>\n\t\t\t\t\t<\/div>\n\t\t\t\t\t\t\t\t\t<div class=\"elementor-grid-item\">\n\t\t\t\t\t\t<div\n\t\t\t\t\t\t\tclass=\"elementor-share-btn elementor-share-btn_linkedin\"\n\t\t\t\t\t\t\trole=\"button\"\n\t\t\t\t\t\t\ttabindex=\"0\"\n\t\t\t\t\t\t\taria-label=\"Teilen auf linkedin\"\n\t\t\t\t\t\t>\n\t\t\t\t\t\t\t\t\t\t\t\t\t\t\t<span class=\"elementor-share-btn__icon\">\n\t\t\t\t\t\t\t\t<svg class=\"e-font-icon-svg e-fab-linkedin\" viewBox=\"0 0 448 512\" xmlns=\"http:\/\/www.w3.org\/2000\/svg\"><path d=\"M416 32H31.9C14.3 32 0 46.5 0 64.3v383.4C0 465.5 14.3 480 31.9 480H416c17.6 0 32-14.5 32-32.3V64.3c0-17.8-14.4-32.3-32-32.3zM135.4 416H69V202.2h66.5V416zm-33.2-243c-21.3 0-38.5-17.3-38.5-38.5S80.9 96 102.2 96c21.2 0 38.5 17.3 38.5 38.5 0 21.3-17.2 38.5-38.5 38.5zm282.1 243h-66.4V312c0-24.8-.5-56.7-34.5-56.7-34.6 0-39.9 27-39.9 54.9V416h-66.4V202.2h63.7v29.2h.9c8.9-16.8 30.6-34.5 62.9-34.5 67.2 0 79.7 44.3 79.7 101.9V416z\"><\/path><\/svg>\t\t\t\t\t\t\t<\/span>\n\t\t\t\t\t\t\t\t\t\t\t\t\t\t\t\t\t\t\t\t\t\t<div class=\"elementor-share-btn__text\">\n\t\t\t\t\t\t\t\t\t\t\t\t\t\t\t\t\t\t\t<span class=\"elementor-share-btn__title\">\n\t\t\t\t\t\t\t\t\t\tLinkedIn\t\t\t\t\t\t\t\t\t<\/span>\n\t\t\t\t\t\t\t\t\t\t\t\t\t\t\t\t\t<\/div>\n\t\t\t\t\t\t\t\t\t\t\t\t\t<\/div>\n\t\t\t\t\t<\/div>\n\t\t\t\t\t\t\t\t\t<div class=\"elementor-grid-item\">\n\t\t\t\t\t\t<div\n\t\t\t\t\t\t\tclass=\"elementor-share-btn elementor-share-btn_twitter\"\n\t\t\t\t\t\t\trole=\"button\"\n\t\t\t\t\t\t\ttabindex=\"0\"\n\t\t\t\t\t\t\taria-label=\"Teilen auf twitter\"\n\t\t\t\t\t\t>\n\t\t\t\t\t\t\t\t\t\t\t\t\t\t\t<span class=\"elementor-share-btn__icon\">\n\t\t\t\t\t\t\t\t<svg class=\"e-font-icon-svg e-fab-twitter\" viewBox=\"0 0 512 512\" xmlns=\"http:\/\/www.w3.org\/2000\/svg\"><path d=\"M459.37 151.716c.325 4.548.325 9.097.325 13.645 0 138.72-105.583 298.558-298.558 298.558-59.452 0-114.68-17.219-161.137-47.106 8.447.974 16.568 1.299 25.34 1.299 49.055 0 94.213-16.568 130.274-44.832-46.132-.975-84.792-31.188-98.112-72.772 6.498.974 12.995 1.624 19.818 1.624 9.421 0 18.843-1.3 27.614-3.573-48.081-9.747-84.143-51.98-84.143-102.985v-1.299c13.969 7.797 30.214 12.67 47.431 13.319-28.264-18.843-46.781-51.005-46.781-87.391 0-19.492 5.197-37.36 14.294-52.954 51.655 63.675 129.3 105.258 216.365 109.807-1.624-7.797-2.599-15.918-2.599-24.04 0-57.828 46.782-104.934 104.934-104.934 30.213 0 57.502 12.67 76.67 33.137 23.715-4.548 46.456-13.32 66.599-25.34-7.798 24.366-24.366 44.833-46.132 57.827 21.117-2.273 41.584-8.122 60.426-16.243-14.292 20.791-32.161 39.308-52.628 54.253z\"><\/path><\/svg>\t\t\t\t\t\t\t<\/span>\n\t\t\t\t\t\t\t\t\t\t\t\t\t\t\t\t\t\t\t\t\t\t<div class=\"elementor-share-btn__text\">\n\t\t\t\t\t\t\t\t\t\t\t\t\t\t\t\t\t\t\t<span class=\"elementor-share-btn__title\">\n\t\t\t\t\t\t\t\t\t\tTwitter\/X\t\t\t\t\t\t\t\t\t<\/span>\n\t\t\t\t\t\t\t\t\t\t\t\t\t\t\t\t\t<\/div>\n\t\t\t\t\t\t\t\t\t\t\t\t\t<\/div>\n\t\t\t\t\t<\/div>\n\t\t\t\t\t\t<\/div>\n\t\t\t\t\t\t<\/div>\n\t\t\t\t<\/div>\n\t\t\t\t<\/div>\n\t\t\t\t<\/div>\n\t\t\t\t<\/div>\n\t\t\t\t<\/div>\n\t\t<div class=\"elementor-element elementor-element-858b35f e-flex e-con-boxed e-con e-child\" data-id=\"858b35f\" data-element_type=\"container\">\n\t\t\t\t\t<div class=\"e-con-inner\">\n\t\t\t\t<div class=\"elementor-element elementor-element-6511fcf list_kollaste_tappidega animated-fast elementor-invisible elementor-widget elementor-widget-text-editor\" data-id=\"6511fcf\" data-element_type=\"widget\" data-settings=\"{&quot;_animation&quot;:&quot;fadeIn&quot;}\" data-widget_type=\"text-editor.default\">\n\t\t\t\t<div class=\"elementor-widget-container\">\n\t\t\t\t\t\t\t\t\t<p>Wir suchen einen Parkhausverwalter in Tallinn, Tartu und P\u00e4rnu. Ihre Hauptaufgabe wird es sein, die Snabb-Parkpl\u00e4tze t\u00e4glich zu besuchen und zu \u00fcberpr\u00fcfen, ob die Fahrzeuge korrekt geparkt und die Parkgeb\u00fchren bezahlt wurden. <\/p>\n<p><b>Stellenbeschreibung<\/b><\/p>\n<ul>\n<li>Sie fahren durch die Snabb-Parkpl\u00e4tze. Machen Sie bei Bedarf Fotos auf den Parkpl\u00e4tzen; <\/li>\n<li>Sie f\u00fchren bei Bedarf einfache Wartungs- und Reinigungsarbeiten durch;<\/li>\n<li>Vergewissern Sie sich, dass die Fahrzeuge korrekt geparkt sind und die Parkgeb\u00fchren bezahlt werden.<\/li>\n<li>Im Falle eines Versto\u00dfes gegen die Parkbedingungen werden Sie eine Vertragsstrafe ausstellen.<\/li>\n<\/ul>\n<p><b>Erwartungen an den Kandidaten<br \/><\/b><\/p>\n<ul>\n<li>Sie verf\u00fcgen \u00fcber gute Kommunikationsf\u00e4higkeiten, sind h\u00f6flich und respektieren unser gr\u00f6\u00dftes Kapital &#8211; unsere Kunden;<\/li>\n<li>Sie sind proaktiv und denken unabh\u00e4ngig;<\/li>\n<li>Technisches Geschick und Liebe zum Detail w\u00e4ren von Vorteil;<\/li>\n<li>F\u00fchrerschein der Klasse B<\/li>\n<li>Bereitschaft zur Arbeit im Freien<\/li>\n<\/ul>\n<p><b>Das Unternehmen bietet<br \/><\/b><\/p>\n<ul>\n<li>Ausbildung am Arbeitsplatz und ein flexibler Zeitplan;<\/li>\n<li>Freundliches Team und Teamveranstaltungen;<\/li>\n<li>Faire Bezahlung;<\/li>\n<li>Snabb Kredit f\u00fcr Parken\/Autow\u00e4sche;<\/li>\n<li>Dienstwagen, Diensttelefon.<\/li>\n<\/ul>\n<p><b>Um sich zu bewerben, senden Sie Ihren Lebenslauf an <a href=\"mailto:marliis@snabb.ee\" target=\"_self\">marliis@snabb.ee<\/a><\/b><\/p>\n\t\t\t\t\t\t\t\t<\/div>\n\t\t\t\t<\/div>\n\t\t\t\t\t<\/div>\n\t\t\t\t<\/div>\n\t\t\t\t\t<\/div>\n\t\t\t\t<\/div>\n\t\t\t\t\t<\/div>\n\t\t\t\t<\/div>\n\t\t\t\t<\/div>\n\t\t\t\t<\/section>\n\t\t\t\t<\/div>\n\t\t","protected":false},"excerpt":{"rendered":"<p>Mitmachen Standort:Tallinn, Tartu, P\u00e4rnu Teilen Sie eine Stellenanzeige: Facebook LinkedIn Twitter\/X Wir suchen einen Parkhausverwalter in Tallinn, Tartu und P\u00e4rnu. Ihre Hauptaufgabe wird es sein, die Snabb-Parkpl\u00e4tze t\u00e4glich zu besuchen und zu \u00fcberpr\u00fcfen, ob die Fahrzeuge korrekt geparkt und die Parkgeb\u00fchren bezahlt wurden. Stellenbeschreibung Sie fahren durch die Snabb-Parkpl\u00e4tze. Machen Sie bei Bedarf Fotos auf [&hellip;]<\/p>\n","protected":false},"author":1,"featured_media":1569,"parent":2683,"menu_order":0,"comment_status":"closed","ping_status":"closed","template":"elementor_header_footer","meta":{"footnotes":""},"class_list":["post-2547","page","type-page","status-publish","has-post-thumbnail","hentry"],"_links":{"self":[{"href":"https:\/\/snabb.xyz\/de\/wp-json\/wp\/v2\/pages\/2547","targetHints":{"allow":["GET"]}}],"collection":[{"href":"https:\/\/snabb.xyz\/de\/wp-json\/wp\/v2\/pages"}],"about":[{"href":"https:\/\/snabb.xyz\/de\/wp-json\/wp\/v2\/types\/page"}],"author":[{"embeddable":true,"href":"https:\/\/snabb.xyz\/de\/wp-json\/wp\/v2\/users\/1"}],"replies":[{"embeddable":true,"href":"https:\/\/snabb.xyz\/de\/wp-json\/wp\/v2\/comments?post=2547"}],"version-history":[{"count":2,"href":"https:\/\/snabb.xyz\/de\/wp-json\/wp\/v2\/pages\/2547\/revisions"}],"predecessor-version":[{"id":5778,"href":"https:\/\/snabb.xyz\/de\/wp-json\/wp\/v2\/pages\/2547\/revisions\/5778"}],"up":[{"embeddable":true,"href":"https:\/\/snabb.xyz\/de\/wp-json\/wp\/v2\/pages\/2683"}],"wp:featuredmedia":[{"embeddable":true,"href":"https:\/\/snabb.xyz\/de\/wp-json\/wp\/v2\/media\/1569"}],"wp:attachment":[{"href":"https:\/\/snabb.xyz\/de\/wp-json\/wp\/v2\/media?parent=2547"}],"curies":[{"name":"wp","href":"https:\/\/api.w.org\/{rel}","templated":true}]}}